{"id":31,"date":"2018-06-21T20:47:54","date_gmt":"2018-06-21T17:47:54","guid":{"rendered":"http:\/\/localhost\/wp\/?page_id=31"},"modified":"2024-06-07T05:33:45","modified_gmt":"2024-06-07T02:33:45","slug":"iletisim-formu","status":"publish","type":"page","link":"https:\/\/www.alsestelekom.com\/index.php\/iletisim-formu\/","title":{"rendered":"\u0130leti\u015fim"},"content":{"rendered":"\n<p><strong><a href=\"http:\/\/localhost\/wp\/\">Alses Telekom<\/a><\/strong> olarak sizlere kurumsal ileti&#351;im &ccedil;&ouml;z&uuml;mleri sunmaktan mutluluk duyar&#305;z. Profesyonel ekiplerimiz ile  <strong><a href=\"http:\/\/localhost\/wp\/index.php\/urun-kategori\/urunlerimiz\/\">&Uuml;r&uuml;nlerimizi<\/a><\/strong> kurulumunu, montaj&#305;n&#305;, teknik hizmetlerini  tam yerinde ve zaman&#305;nda ger&ccedil;ekle&#351;tiriyoruz.<\/p>\n\n\n\n\n<p><\/p>\n","protected":false},"excerpt":{"rendered":"<p>Alses Telekom olarak sizlere kurumsal ileti\u015fim \u00e7\u00f6z\u00fcmleri sunmaktan mutluluk duyar\u0131z. Profesyonel ekiplerimiz ile \u00dcr\u00fcnlerimizi kurulumunu, montaj\u0131n\u0131, teknik hizmetlerini tam yerinde ve zaman\u0131nda ger\u00e7ekle\u015ftiriyoruz.<\/p>\n","protected":false},"author":1,"featured_media":0,"parent":0,"menu_order":0,"comment_status":"closed","ping_status":"closed","template":"","meta":{"footnotes":""},"class_list":["post-31","page","type-page","status-publish","hentry"],"yoast_head":"<!-- This site is optimized with the Yoast SEO plugin v26.6 - https:\/\/yoast.com\/wordpress\/plugins\/seo\/ -->\n<title>\u0130leti\u015fim - ALSES TELEKOM<\/title>\n<meta name=\"description\" content=\"Alses Telekom olarak sizlere kurumsal ileti\u015fim \u00e7\u00f6z\u00fcmleri sunmaktan mutluluk duyar\u0131z. Profesyonel ekiplerimiz ile \u00dcr\u00fcnlerimizi kurulumunu, montaj\u0131n\u0131, teknik hizmetlerini tam yerinde ve zaman\u0131nda ger\u00e7ekle\u015ftiriyoruz.\" \/>\n<meta name=\"robots\" content=\"index, follow, max-snippet:-1, max-image-preview:large, max-video-preview:-1\" \/>\n<link rel=\"canonical\" href=\"https:\/\/www.alsestelekom.com\/index.php\/iletisim-formu\/\" \/>\n<meta property=\"og:locale\" content=\"tr_TR\" \/>\n<meta property=\"og:type\" content=\"article\" \/>\n<meta property=\"og:title\" content=\"\u0130leti\u015fim - ALSES TELEKOM\" \/>\n<meta property=\"og:description\" content=\"Alses Telekom olarak sizlere kurumsal ileti\u015fim \u00e7\u00f6z\u00fcmleri sunmaktan mutluluk duyar\u0131z. Profesyonel ekiplerimiz ile \u00dcr\u00fcnlerimizi kurulumunu, montaj\u0131n\u0131, teknik hizmetlerini tam yerinde ve zaman\u0131nda ger\u00e7ekle\u015ftiriyoruz.\" \/>\n<meta property=\"og:url\" content=\"https:\/\/www.alsestelekom.com\/index.php\/iletisim-formu\/\" \/>\n<meta property=\"og:site_name\" content=\"ALSES TELEKOM\" \/>\n<meta property=\"article:publisher\" content=\"https:\/\/www.facebook.com\/alsestelekomhaberlesme\/\" \/>\n<meta property=\"article:modified_time\" content=\"2024-06-07T02:33:45+00:00\" \/>\n<meta name=\"twitter:card\" content=\"summary_large_image\" \/>\n<meta name=\"twitter:label1\" content=\"Tahmini okuma s\u00fcresi\" \/>\n\t<meta name=\"twitter:data1\" content=\"1 dakika\" \/>\n<script type=\"application\/ld+json\" class=\"yoast-schema-graph\">{\"@context\":\"https:\/\/schema.org\",\"@graph\":[{\"@type\":\"WebPage\",\"@id\":\"https:\/\/www.alsestelekom.com\/index.php\/iletisim-formu\/\",\"url\":\"https:\/\/www.alsestelekom.com\/index.php\/iletisim-formu\/\",\"name\":\"\u0130leti\u015fim - ALSES TELEKOM\",\"isPartOf\":{\"@id\":\"https:\/\/www.alsestelekom.com\/#website\"},\"datePublished\":\"2018-06-21T17:47:54+00:00\",\"dateModified\":\"2024-06-07T02:33:45+00:00\",\"description\":\"Alses Telekom olarak sizlere kurumsal ileti\u015fim \u00e7\u00f6z\u00fcmleri sunmaktan mutluluk duyar\u0131z. Profesyonel ekiplerimiz ile \u00dcr\u00fcnlerimizi kurulumunu, montaj\u0131n\u0131, teknik hizmetlerini tam yerinde ve zaman\u0131nda ger\u00e7ekle\u015ftiriyoruz.\",\"breadcrumb\":{\"@id\":\"https:\/\/www.alsestelekom.com\/index.php\/iletisim-formu\/#breadcrumb\"},\"inLanguage\":\"tr\",\"potentialAction\":[{\"@type\":\"ReadAction\",\"target\":[\"https:\/\/www.alsestelekom.com\/index.php\/iletisim-formu\/\"]}]},{\"@type\":\"BreadcrumbList\",\"@id\":\"https:\/\/www.alsestelekom.com\/index.php\/iletisim-formu\/#breadcrumb\",\"itemListElement\":[{\"@type\":\"ListItem\",\"position\":1,\"name\":\"Ana sayfa\",\"item\":\"https:\/\/www.alsestelekom.com\/\"},{\"@type\":\"ListItem\",\"position\":2,\"name\":\"\u0130leti\u015fim\"}]},{\"@type\":\"WebSite\",\"@id\":\"https:\/\/www.alsestelekom.com\/#website\",\"url\":\"https:\/\/www.alsestelekom.com\/\",\"name\":\"ALSES TELEKOM\",\"description\":\"Telesis Karel Kurumsal \u00c7\u00f6z\u00fcmler Destek Ortakl\u0131\u011f\u0131\",\"publisher\":{\"@id\":\"https:\/\/www.alsestelekom.com\/#organization\"},\"potentialAction\":[{\"@type\":\"SearchAction\",\"target\":{\"@type\":\"EntryPoint\",\"urlTemplate\":\"https:\/\/www.alsestelekom.com\/?s={search_term_string}\"},\"query-input\":{\"@type\":\"PropertyValueSpecification\",\"valueRequired\":true,\"valueName\":\"search_term_string\"}}],\"inLanguage\":\"tr\"},{\"@type\":\"Organization\",\"@id\":\"https:\/\/www.alsestelekom.com\/#organization\",\"name\":\"Alses Telekom\",\"url\":\"https:\/\/www.alsestelekom.com\/\",\"logo\":{\"@type\":\"ImageObject\",\"inLanguage\":\"tr\",\"@id\":\"https:\/\/www.alsestelekom.com\/#\/schema\/logo\/image\/\",\"url\":\"http:\/\/localhost\/wp\/wp-content\/uploads\/2019\/07\/logos.png\",\"contentUrl\":\"http:\/\/localhost\/wp\/wp-content\/uploads\/2019\/07\/logos.png\",\"width\":475,\"height\":133,\"caption\":\"Alses Telekom\"},\"image\":{\"@id\":\"https:\/\/www.alsestelekom.com\/#\/schema\/logo\/image\/\"},\"sameAs\":[\"https:\/\/www.facebook.com\/alsestelekomhaberlesme\/\",\"https:\/\/www.instagram.com\/alsestelekom\/\"]}]}<\/script>\n<!-- \/ Yoast SEO plugin. -->","yoast_head_json":{"title":"\u0130leti\u015fim - ALSES TELEKOM","description":"Alses Telekom olarak sizlere kurumsal ileti\u015fim \u00e7\u00f6z\u00fcmleri sunmaktan mutluluk duyar\u0131z. Profesyonel ekiplerimiz ile \u00dcr\u00fcnlerimizi kurulumunu, montaj\u0131n\u0131, teknik hizmetlerini tam yerinde ve zaman\u0131nda ger\u00e7ekle\u015ftiriyoruz.","robots":{"index":"index","follow":"follow","max-snippet":"max-snippet:-1","max-image-preview":"max-image-preview:large","max-video-preview":"max-video-preview:-1"},"canonical":"https:\/\/www.alsestelekom.com\/index.php\/iletisim-formu\/","og_locale":"tr_TR","og_type":"article","og_title":"\u0130leti\u015fim - ALSES TELEKOM","og_description":"Alses Telekom olarak sizlere kurumsal ileti\u015fim \u00e7\u00f6z\u00fcmleri sunmaktan mutluluk duyar\u0131z. Profesyonel ekiplerimiz ile \u00dcr\u00fcnlerimizi kurulumunu, montaj\u0131n\u0131, teknik hizmetlerini tam yerinde ve zaman\u0131nda ger\u00e7ekle\u015ftiriyoruz.","og_url":"https:\/\/www.alsestelekom.com\/index.php\/iletisim-formu\/","og_site_name":"ALSES TELEKOM","article_publisher":"https:\/\/www.facebook.com\/alsestelekomhaberlesme\/","article_modified_time":"2024-06-07T02:33:45+00:00","twitter_card":"summary_large_image","twitter_misc":{"Tahmini okuma s\u00fcresi":"1 dakika"},"schema":{"@context":"https:\/\/schema.org","@graph":[{"@type":"WebPage","@id":"https:\/\/www.alsestelekom.com\/index.php\/iletisim-formu\/","url":"https:\/\/www.alsestelekom.com\/index.php\/iletisim-formu\/","name":"\u0130leti\u015fim - ALSES TELEKOM","isPartOf":{"@id":"https:\/\/www.alsestelekom.com\/#website"},"datePublished":"2018-06-21T17:47:54+00:00","dateModified":"2024-06-07T02:33:45+00:00","description":"Alses Telekom olarak sizlere kurumsal ileti\u015fim \u00e7\u00f6z\u00fcmleri sunmaktan mutluluk duyar\u0131z. Profesyonel ekiplerimiz ile \u00dcr\u00fcnlerimizi kurulumunu, montaj\u0131n\u0131, teknik hizmetlerini tam yerinde ve zaman\u0131nda ger\u00e7ekle\u015ftiriyoruz.","breadcrumb":{"@id":"https:\/\/www.alsestelekom.com\/index.php\/iletisim-formu\/#breadcrumb"},"inLanguage":"tr","potentialAction":[{"@type":"ReadAction","target":["https:\/\/www.alsestelekom.com\/index.php\/iletisim-formu\/"]}]},{"@type":"BreadcrumbList","@id":"https:\/\/www.alsestelekom.com\/index.php\/iletisim-formu\/#breadcrumb","itemListElement":[{"@type":"ListItem","position":1,"name":"Ana sayfa","item":"https:\/\/www.alsestelekom.com\/"},{"@type":"ListItem","position":2,"name":"\u0130leti\u015fim"}]},{"@type":"WebSite","@id":"https:\/\/www.alsestelekom.com\/#website","url":"https:\/\/www.alsestelekom.com\/","name":"ALSES TELEKOM","description":"Telesis Karel Kurumsal \u00c7\u00f6z\u00fcmler Destek Ortakl\u0131\u011f\u0131","publisher":{"@id":"https:\/\/www.alsestelekom.com\/#organization"},"potentialAction":[{"@type":"SearchAction","target":{"@type":"EntryPoint","urlTemplate":"https:\/\/www.alsestelekom.com\/?s={search_term_string}"},"query-input":{"@type":"PropertyValueSpecification","valueRequired":true,"valueName":"search_term_string"}}],"inLanguage":"tr"},{"@type":"Organization","@id":"https:\/\/www.alsestelekom.com\/#organization","name":"Alses Telekom","url":"https:\/\/www.alsestelekom.com\/","logo":{"@type":"ImageObject","inLanguage":"tr","@id":"https:\/\/www.alsestelekom.com\/#\/schema\/logo\/image\/","url":"http:\/\/localhost\/wp\/wp-content\/uploads\/2019\/07\/logos.png","contentUrl":"http:\/\/localhost\/wp\/wp-content\/uploads\/2019\/07\/logos.png","width":475,"height":133,"caption":"Alses Telekom"},"image":{"@id":"https:\/\/www.alsestelekom.com\/#\/schema\/logo\/image\/"},"sameAs":["https:\/\/www.facebook.com\/alsestelekomhaberlesme\/","https:\/\/www.instagram.com\/alsestelekom\/"]}]}},"_links":{"self":[{"href":"https:\/\/www.alsestelekom.com\/index.php\/wp-json\/wp\/v2\/pages\/31","targetHints":{"allow":["GET"]}}],"collection":[{"href":"https:\/\/www.alsestelekom.com\/index.php\/wp-json\/wp\/v2\/pages"}],"about":[{"href":"https:\/\/www.alsestelekom.com\/index.php\/wp-json\/wp\/v2\/types\/page"}],"author":[{"embeddable":true,"href":"https:\/\/www.alsestelekom.com\/index.php\/wp-json\/wp\/v2\/users\/1"}],"replies":[{"embeddable":true,"href":"https:\/\/www.alsestelekom.com\/index.php\/wp-json\/wp\/v2\/comments?post=31"}],"version-history":[{"count":7,"href":"https:\/\/www.alsestelekom.com\/index.php\/wp-json\/wp\/v2\/pages\/31\/revisions"}],"predecessor-version":[{"id":932,"href":"https:\/\/www.alsestelekom.com\/index.php\/wp-json\/wp\/v2\/pages\/31\/revisions\/932"}],"wp:attachment":[{"href":"https:\/\/www.alsestelekom.com\/index.php\/wp-json\/wp\/v2\/media?parent=31"}],"curies":[{"name":"wp","href":"https:\/\/api.w.org\/{rel}","templated":true}]}}