{"id":49,"date":"2018-06-21T21:32:31","date_gmt":"2018-06-21T18:32:31","guid":{"rendered":"http:\/\/localhost\/wp\/?page_id=49"},"modified":"2018-07-01T15:02:39","modified_gmt":"2018-07-01T12:02:39","slug":"destek","status":"publish","type":"page","link":"https:\/\/www.alsestelekom.com\/index.php\/destek\/","title":{"rendered":"Destek"},"content":{"rendered":"<p><img loading=\"lazy\" decoding=\"async\" class=\"alignnone size-full wp-image-211\" src=\"http:\/\/localhost\/wp\/wp-content\/uploads\/2018\/07\/images.jpg\" alt=\"\" width=\"294\" height=\"91\"><\/p>\n<p>AKBANK &#304;STO&Ccedil; &#350;ubesi<\/p>\n<p>&#350;ube Kodu : 640<br>\nHesap No : 0045931<br>\nIBAN : TR81 0004 6006 4088 8000 0459 31<\/p>\n<p>Can YILMAZ &ndash; Alses Telekom<\/p>\n<p style=\"text-align: center;\">\n<\/p>","protected":false},"excerpt":{"rendered":"<p>AKBANK \u0130STO\u00c7 \u015eubesi \u015eube Kodu : 640 Hesap No : 0045931 IBAN : TR81 0004 6006 4088 8000 0459 31 Can YILMAZ \u2013 Alses Telekom<\/p>\n","protected":false},"author":1,"featured_media":0,"parent":0,"menu_order":0,"comment_status":"closed","ping_status":"closed","template":"","meta":{"footnotes":""},"class_list":["post-49","page","type-page","status-publish","hentry"],"yoast_head":"<!-- This site is optimized with the Yoast SEO plugin v26.6 - https:\/\/yoast.com\/wordpress\/plugins\/seo\/ -->\n<title>Destek - ALSES TELEKOM<\/title>\n<meta name=\"robots\" content=\"index, follow, max-snippet:-1, max-image-preview:large, max-video-preview:-1\" \/>\n<link rel=\"canonical\" href=\"https:\/\/www.alsestelekom.com\/index.php\/destek\/\" \/>\n<meta property=\"og:locale\" content=\"tr_TR\" \/>\n<meta property=\"og:type\" content=\"article\" \/>\n<meta property=\"og:title\" content=\"Destek - ALSES TELEKOM\" \/>\n<meta property=\"og:description\" content=\"AKBANK \u0130STO\u00c7 \u015eubesi \u015eube Kodu : 640 Hesap No : 0045931 IBAN : TR81 0004 6006 4088 8000 0459 31 Can YILMAZ \u2013 Alses Telekom\" \/>\n<meta property=\"og:url\" content=\"https:\/\/www.alsestelekom.com\/index.php\/destek\/\" \/>\n<meta property=\"og:site_name\" content=\"ALSES TELEKOM\" \/>\n<meta property=\"article:publisher\" content=\"https:\/\/www.facebook.com\/alsestelekomhaberlesme\/\" \/>\n<meta property=\"article:modified_time\" content=\"2018-07-01T12:02:39+00:00\" \/>\n<meta property=\"og:image\" content=\"http:\/\/localhost\/wp\/wp-content\/uploads\/2018\/07\/images.jpg\" \/>\n<meta name=\"twitter:card\" content=\"summary_large_image\" \/>\n<script type=\"application\/ld+json\" class=\"yoast-schema-graph\">{\"@context\":\"https:\/\/schema.org\",\"@graph\":[{\"@type\":\"WebPage\",\"@id\":\"https:\/\/www.alsestelekom.com\/index.php\/destek\/\",\"url\":\"https:\/\/www.alsestelekom.com\/index.php\/destek\/\",\"name\":\"Destek - ALSES TELEKOM\",\"isPartOf\":{\"@id\":\"https:\/\/www.alsestelekom.com\/#website\"},\"primaryImageOfPage\":{\"@id\":\"https:\/\/www.alsestelekom.com\/index.php\/destek\/#primaryimage\"},\"image\":{\"@id\":\"https:\/\/www.alsestelekom.com\/index.php\/destek\/#primaryimage\"},\"thumbnailUrl\":\"http:\/\/localhost\/wp\/wp-content\/uploads\/2018\/07\/images.jpg\",\"datePublished\":\"2018-06-21T18:32:31+00:00\",\"dateModified\":\"2018-07-01T12:02:39+00:00\",\"breadcrumb\":{\"@id\":\"https:\/\/www.alsestelekom.com\/index.php\/destek\/#breadcrumb\"},\"inLanguage\":\"tr\",\"potentialAction\":[{\"@type\":\"ReadAction\",\"target\":[\"https:\/\/www.alsestelekom.com\/index.php\/destek\/\"]}]},{\"@type\":\"ImageObject\",\"inLanguage\":\"tr\",\"@id\":\"https:\/\/www.alsestelekom.com\/index.php\/destek\/#primaryimage\",\"url\":\"http:\/\/localhost\/wp\/wp-content\/uploads\/2018\/07\/images.jpg\",\"contentUrl\":\"http:\/\/localhost\/wp\/wp-content\/uploads\/2018\/07\/images.jpg\"},{\"@type\":\"BreadcrumbList\",\"@id\":\"https:\/\/www.alsestelekom.com\/index.php\/destek\/#breadcrumb\",\"itemListElement\":[{\"@type\":\"ListItem\",\"position\":1,\"name\":\"Ana sayfa\",\"item\":\"https:\/\/www.alsestelekom.com\/\"},{\"@type\":\"ListItem\",\"position\":2,\"name\":\"Destek\"}]},{\"@type\":\"WebSite\",\"@id\":\"https:\/\/www.alsestelekom.com\/#website\",\"url\":\"https:\/\/www.alsestelekom.com\/\",\"name\":\"ALSES TELEKOM\",\"description\":\"Telesis Karel Kurumsal \u00c7\u00f6z\u00fcmler Destek Ortakl\u0131\u011f\u0131\",\"publisher\":{\"@id\":\"https:\/\/www.alsestelekom.com\/#organization\"},\"potentialAction\":[{\"@type\":\"SearchAction\",\"target\":{\"@type\":\"EntryPoint\",\"urlTemplate\":\"https:\/\/www.alsestelekom.com\/?s={search_term_string}\"},\"query-input\":{\"@type\":\"PropertyValueSpecification\",\"valueRequired\":true,\"valueName\":\"search_term_string\"}}],\"inLanguage\":\"tr\"},{\"@type\":\"Organization\",\"@id\":\"https:\/\/www.alsestelekom.com\/#organization\",\"name\":\"Alses Telekom\",\"url\":\"https:\/\/www.alsestelekom.com\/\",\"logo\":{\"@type\":\"ImageObject\",\"inLanguage\":\"tr\",\"@id\":\"https:\/\/www.alsestelekom.com\/#\/schema\/logo\/image\/\",\"url\":\"http:\/\/localhost\/wp\/wp-content\/uploads\/2019\/07\/logos.png\",\"contentUrl\":\"http:\/\/localhost\/wp\/wp-content\/uploads\/2019\/07\/logos.png\",\"width\":475,\"height\":133,\"caption\":\"Alses Telekom\"},\"image\":{\"@id\":\"https:\/\/www.alsestelekom.com\/#\/schema\/logo\/image\/\"},\"sameAs\":[\"https:\/\/www.facebook.com\/alsestelekomhaberlesme\/\",\"https:\/\/www.instagram.com\/alsestelekom\/\"]}]}<\/script>\n<!-- \/ Yoast SEO plugin. -->","yoast_head_json":{"title":"Destek - ALSES TELEKOM","robots":{"index":"index","follow":"follow","max-snippet":"max-snippet:-1","max-image-preview":"max-image-preview:large","max-video-preview":"max-video-preview:-1"},"canonical":"https:\/\/www.alsestelekom.com\/index.php\/destek\/","og_locale":"tr_TR","og_type":"article","og_title":"Destek - ALSES TELEKOM","og_description":"AKBANK \u0130STO\u00c7 \u015eubesi \u015eube Kodu : 640 Hesap No : 0045931 IBAN : TR81 0004 6006 4088 8000 0459 31 Can YILMAZ \u2013 Alses Telekom","og_url":"https:\/\/www.alsestelekom.com\/index.php\/destek\/","og_site_name":"ALSES TELEKOM","article_publisher":"https:\/\/www.facebook.com\/alsestelekomhaberlesme\/","article_modified_time":"2018-07-01T12:02:39+00:00","og_image":[{"url":"http:\/\/localhost\/wp\/wp-content\/uploads\/2018\/07\/images.jpg","type":"","width":"","height":""}],"twitter_card":"summary_large_image","schema":{"@context":"https:\/\/schema.org","@graph":[{"@type":"WebPage","@id":"https:\/\/www.alsestelekom.com\/index.php\/destek\/","url":"https:\/\/www.alsestelekom.com\/index.php\/destek\/","name":"Destek - ALSES TELEKOM","isPartOf":{"@id":"https:\/\/www.alsestelekom.com\/#website"},"primaryImageOfPage":{"@id":"https:\/\/www.alsestelekom.com\/index.php\/destek\/#primaryimage"},"image":{"@id":"https:\/\/www.alsestelekom.com\/index.php\/destek\/#primaryimage"},"thumbnailUrl":"http:\/\/localhost\/wp\/wp-content\/uploads\/2018\/07\/images.jpg","datePublished":"2018-06-21T18:32:31+00:00","dateModified":"2018-07-01T12:02:39+00:00","breadcrumb":{"@id":"https:\/\/www.alsestelekom.com\/index.php\/destek\/#breadcrumb"},"inLanguage":"tr","potentialAction":[{"@type":"ReadAction","target":["https:\/\/www.alsestelekom.com\/index.php\/destek\/"]}]},{"@type":"ImageObject","inLanguage":"tr","@id":"https:\/\/www.alsestelekom.com\/index.php\/destek\/#primaryimage","url":"http:\/\/localhost\/wp\/wp-content\/uploads\/2018\/07\/images.jpg","contentUrl":"http:\/\/localhost\/wp\/wp-content\/uploads\/2018\/07\/images.jpg"},{"@type":"BreadcrumbList","@id":"https:\/\/www.alsestelekom.com\/index.php\/destek\/#breadcrumb","itemListElement":[{"@type":"ListItem","position":1,"name":"Ana sayfa","item":"https:\/\/www.alsestelekom.com\/"},{"@type":"ListItem","position":2,"name":"Destek"}]},{"@type":"WebSite","@id":"https:\/\/www.alsestelekom.com\/#website","url":"https:\/\/www.alsestelekom.com\/","name":"ALSES TELEKOM","description":"Telesis Karel Kurumsal \u00c7\u00f6z\u00fcmler Destek Ortakl\u0131\u011f\u0131","publisher":{"@id":"https:\/\/www.alsestelekom.com\/#organization"},"potentialAction":[{"@type":"SearchAction","target":{"@type":"EntryPoint","urlTemplate":"https:\/\/www.alsestelekom.com\/?s={search_term_string}"},"query-input":{"@type":"PropertyValueSpecification","valueRequired":true,"valueName":"search_term_string"}}],"inLanguage":"tr"},{"@type":"Organization","@id":"https:\/\/www.alsestelekom.com\/#organization","name":"Alses Telekom","url":"https:\/\/www.alsestelekom.com\/","logo":{"@type":"ImageObject","inLanguage":"tr","@id":"https:\/\/www.alsestelekom.com\/#\/schema\/logo\/image\/","url":"http:\/\/localhost\/wp\/wp-content\/uploads\/2019\/07\/logos.png","contentUrl":"http:\/\/localhost\/wp\/wp-content\/uploads\/2019\/07\/logos.png","width":475,"height":133,"caption":"Alses Telekom"},"image":{"@id":"https:\/\/www.alsestelekom.com\/#\/schema\/logo\/image\/"},"sameAs":["https:\/\/www.facebook.com\/alsestelekomhaberlesme\/","https:\/\/www.instagram.com\/alsestelekom\/"]}]}},"_links":{"self":[{"href":"https:\/\/www.alsestelekom.com\/index.php\/wp-json\/wp\/v2\/pages\/49","targetHints":{"allow":["GET"]}}],"collection":[{"href":"https:\/\/www.alsestelekom.com\/index.php\/wp-json\/wp\/v2\/pages"}],"about":[{"href":"https:\/\/www.alsestelekom.com\/index.php\/wp-json\/wp\/v2\/types\/page"}],"author":[{"embeddable":true,"href":"https:\/\/www.alsestelekom.com\/index.php\/wp-json\/wp\/v2\/users\/1"}],"replies":[{"embeddable":true,"href":"https:\/\/www.alsestelekom.com\/index.php\/wp-json\/wp\/v2\/comments?post=49"}],"version-history":[{"count":4,"href":"https:\/\/www.alsestelekom.com\/index.php\/wp-json\/wp\/v2\/pages\/49\/revisions"}],"predecessor-version":[{"id":215,"href":"https:\/\/www.alsestelekom.com\/index.php\/wp-json\/wp\/v2\/pages\/49\/revisions\/215"}],"wp:attachment":[{"href":"https:\/\/www.alsestelekom.com\/index.php\/wp-json\/wp\/v2\/media?parent=49"}],"curies":[{"name":"wp","href":"https:\/\/api.w.org\/{rel}","templated":true}]}}