{"id":51,"date":"2018-06-21T21:36:06","date_gmt":"2018-06-21T18:36:06","guid":{"rendered":"http:\/\/localhost\/wp\/?page_id=51"},"modified":"2018-07-01T14:30:03","modified_gmt":"2018-07-01T11:30:03","slug":"bekletme-muzikleri","status":"publish","type":"page","link":"https:\/\/www.alsestelekom.com\/index.php\/bekletme-muzikleri\/","title":{"rendered":"Bekletme M\u00fczikleri"},"content":{"rendered":"<p style=\"text-align: center;\"><strong>1<\/strong><\/p>\n<audio class=\"wp-audio-shortcode\" id=\"audio-51-1\" preload=\"none\" style=\"width: 100%;\" controls=\"controls\"><source type=\"audio\/mpeg\" src=\"http:\/\/localhost\/wp\/wp-content\/uploads\/2018\/06\/1.mp3?_=1\"><\/source><a href=\"http:\/\/localhost\/wp\/wp-content\/uploads\/2018\/06\/1.mp3\">http:\/\/localhost\/wp\/wp-content\/uploads\/2018\/06\/1.mp3<\/a><\/audio>\n<p style=\"text-align: center;\"><strong>2<\/strong><\/p>\n<audio class=\"wp-audio-shortcode\" id=\"audio-51-2\" preload=\"none\" style=\"width: 100%;\" controls=\"controls\"><source type=\"audio\/mpeg\" src=\"http:\/\/localhost\/wp\/wp-content\/uploads\/2018\/06\/2.mp3?_=2\"><\/source><a href=\"http:\/\/localhost\/wp\/wp-content\/uploads\/2018\/06\/2.mp3\">http:\/\/localhost\/wp\/wp-content\/uploads\/2018\/06\/2.mp3<\/a><\/audio>\n<p style=\"text-align: center;\"><strong>3<\/strong><\/p>\n<audio class=\"wp-audio-shortcode\" id=\"audio-51-3\" preload=\"none\" style=\"width: 100%;\" controls=\"controls\"><source type=\"audio\/mpeg\" src=\"http:\/\/localhost\/wp\/wp-content\/uploads\/2018\/06\/3.mp3?_=3\"><\/source><a href=\"http:\/\/localhost\/wp\/wp-content\/uploads\/2018\/06\/3.mp3\">http:\/\/localhost\/wp\/wp-content\/uploads\/2018\/06\/3.mp3<\/a><\/audio>\n<p style=\"text-align: center;\"><strong>4<\/strong><\/p>\n<audio class=\"wp-audio-shortcode\" id=\"audio-51-4\" preload=\"none\" style=\"width: 100%;\" controls=\"controls\"><source type=\"audio\/mpeg\" src=\"http:\/\/localhost\/wp\/wp-content\/uploads\/2018\/06\/4.mp3?_=4\"><\/source><a href=\"http:\/\/localhost\/wp\/wp-content\/uploads\/2018\/06\/4.mp3\">http:\/\/localhost\/wp\/wp-content\/uploads\/2018\/06\/4.mp3<\/a><\/audio>\n<p style=\"text-align: center;\"><strong>5<\/strong><\/p>\n<audio class=\"wp-audio-shortcode\" id=\"audio-51-5\" preload=\"none\" style=\"width: 100%;\" controls=\"controls\"><source type=\"audio\/mpeg\" src=\"http:\/\/localhost\/wp\/wp-content\/uploads\/2018\/06\/5.mp3?_=5\"><\/source><a href=\"http:\/\/localhost\/wp\/wp-content\/uploads\/2018\/06\/5.mp3\">http:\/\/localhost\/wp\/wp-content\/uploads\/2018\/06\/5.mp3<\/a><\/audio>\n<p style=\"text-align: center;\"><strong>6<\/strong><\/p>\n<audio class=\"wp-audio-shortcode\" id=\"audio-51-6\" preload=\"none\" style=\"width: 100%;\" controls=\"controls\"><source type=\"audio\/mpeg\" src=\"http:\/\/localhost\/wp\/wp-content\/uploads\/2018\/06\/6.mp3?_=6\"><\/source><a href=\"http:\/\/localhost\/wp\/wp-content\/uploads\/2018\/06\/6.mp3\">http:\/\/localhost\/wp\/wp-content\/uploads\/2018\/06\/6.mp3<\/a><\/audio>\n<p style=\"text-align: center;\"><strong>7<\/strong><\/p>\n<audio class=\"wp-audio-shortcode\" id=\"audio-51-7\" preload=\"none\" style=\"width: 100%;\" controls=\"controls\"><source type=\"audio\/mpeg\" src=\"http:\/\/localhost\/wp\/wp-content\/uploads\/2018\/06\/7.mp3?_=7\"><\/source><a href=\"http:\/\/localhost\/wp\/wp-content\/uploads\/2018\/06\/7.mp3\">http:\/\/localhost\/wp\/wp-content\/uploads\/2018\/06\/7.mp3<\/a><\/audio>\n<p style=\"text-align: center;\"><strong>8<\/strong><\/p>\n<audio class=\"wp-audio-shortcode\" id=\"audio-51-8\" preload=\"none\" style=\"width: 100%;\" controls=\"controls\"><source type=\"audio\/mpeg\" src=\"http:\/\/localhost\/wp\/wp-content\/uploads\/2018\/06\/8.mp3?_=8\"><\/source><a href=\"http:\/\/localhost\/wp\/wp-content\/uploads\/2018\/06\/8.mp3\">http:\/\/localhost\/wp\/wp-content\/uploads\/2018\/06\/8.mp3<\/a><\/audio>\n<p style=\"text-align: center;\"><strong>9<\/strong><\/p>\n<audio class=\"wp-audio-shortcode\" id=\"audio-51-9\" preload=\"none\" style=\"width: 100%;\" controls=\"controls\"><source type=\"audio\/mpeg\" src=\"http:\/\/localhost\/wp\/wp-content\/uploads\/2018\/06\/9.mp3?_=9\"><\/source><a href=\"http:\/\/localhost\/wp\/wp-content\/uploads\/2018\/06\/9.mp3\">http:\/\/localhost\/wp\/wp-content\/uploads\/2018\/06\/9.mp3<\/a><\/audio>\n<p style=\"text-align: center;\"><strong>10<\/strong><\/p>\n<audio class=\"wp-audio-shortcode\" id=\"audio-51-10\" preload=\"none\" style=\"width: 100%;\" controls=\"controls\"><source type=\"audio\/mpeg\" src=\"http:\/\/localhost\/wp\/wp-content\/uploads\/2018\/06\/10.mp3?_=10\"><\/source><a href=\"http:\/\/localhost\/wp\/wp-content\/uploads\/2018\/06\/10.mp3\">http:\/\/localhost\/wp\/wp-content\/uploads\/2018\/06\/10.mp3<\/a><\/audio>\n<p style=\"text-align: center;\"><strong>11<\/strong><\/p>\n<audio class=\"wp-audio-shortcode\" id=\"audio-51-11\" preload=\"none\" style=\"width: 100%;\" controls=\"controls\"><source type=\"audio\/mpeg\" src=\"http:\/\/localhost\/wp\/wp-content\/uploads\/2018\/06\/11.mp3?_=11\"><\/source><a href=\"http:\/\/localhost\/wp\/wp-content\/uploads\/2018\/06\/11.mp3\">http:\/\/localhost\/wp\/wp-content\/uploads\/2018\/06\/11.mp3<\/a><\/audio>\n<p style=\"text-align: center;\"><strong>12<\/strong><\/p>\n<audio class=\"wp-audio-shortcode\" id=\"audio-51-12\" preload=\"none\" style=\"width: 100%;\" controls=\"controls\"><source type=\"audio\/mpeg\" src=\"http:\/\/localhost\/wp\/wp-content\/uploads\/2018\/06\/12.mp3?_=12\"><\/source><a href=\"http:\/\/localhost\/wp\/wp-content\/uploads\/2018\/06\/12.mp3\">http:\/\/localhost\/wp\/wp-content\/uploads\/2018\/06\/12.mp3<\/a><\/audio>\n<p style=\"text-align: center;\"><strong>13<\/strong><\/p>\n<audio class=\"wp-audio-shortcode\" id=\"audio-51-13\" preload=\"none\" style=\"width: 100%;\" controls=\"controls\"><source type=\"audio\/mpeg\" src=\"http:\/\/localhost\/wp\/wp-content\/uploads\/2018\/06\/13.mp3?_=13\"><\/source><a href=\"http:\/\/localhost\/wp\/wp-content\/uploads\/2018\/06\/13.mp3\">http:\/\/localhost\/wp\/wp-content\/uploads\/2018\/06\/13.mp3<\/a><\/audio>\n<p style=\"text-align: center;\"><strong>14<\/strong><\/p>\n<audio class=\"wp-audio-shortcode\" id=\"audio-51-14\" preload=\"none\" style=\"width: 100%;\" controls=\"controls\"><source type=\"audio\/mpeg\" src=\"http:\/\/localhost\/wp\/wp-content\/uploads\/2018\/06\/14.mp3?_=14\"><\/source><a href=\"http:\/\/localhost\/wp\/wp-content\/uploads\/2018\/06\/14.mp3\">http:\/\/localhost\/wp\/wp-content\/uploads\/2018\/06\/14.mp3<\/a><\/audio>\n<p style=\"text-align: center;\"><strong>15<\/strong><\/p>\n<audio class=\"wp-audio-shortcode\" id=\"audio-51-15\" preload=\"none\" style=\"width: 100%;\" controls=\"controls\"><source type=\"audio\/mpeg\" src=\"http:\/\/localhost\/wp\/wp-content\/uploads\/2018\/06\/15.mp3?_=15\"><\/source><a href=\"http:\/\/localhost\/wp\/wp-content\/uploads\/2018\/06\/15.mp3\">http:\/\/localhost\/wp\/wp-content\/uploads\/2018\/06\/15.mp3<\/a><\/audio>\n<p style=\"text-align: center;\"><strong>16<\/strong><\/p>\n<audio class=\"wp-audio-shortcode\" id=\"audio-51-16\" preload=\"none\" style=\"width: 100%;\" controls=\"controls\"><source type=\"audio\/mpeg\" src=\"http:\/\/localhost\/wp\/wp-content\/uploads\/2018\/06\/16.mp3?_=16\"><\/source><a href=\"http:\/\/localhost\/wp\/wp-content\/uploads\/2018\/06\/16.mp3\">http:\/\/localhost\/wp\/wp-content\/uploads\/2018\/06\/16.mp3<\/a><\/audio>\n<p style=\"text-align: center;\"><strong>17<\/strong><\/p>\n<audio class=\"wp-audio-shortcode\" id=\"audio-51-17\" preload=\"none\" style=\"width: 100%;\" controls=\"controls\"><source type=\"audio\/mpeg\" src=\"http:\/\/localhost\/wp\/wp-content\/uploads\/2018\/06\/17.mp3?_=17\"><\/source><a href=\"http:\/\/localhost\/wp\/wp-content\/uploads\/2018\/06\/17.mp3\">http:\/\/localhost\/wp\/wp-content\/uploads\/2018\/06\/17.mp3<\/a><\/audio>\n<p style=\"text-align: center;\"><strong>18<\/strong><\/p>\n<audio class=\"wp-audio-shortcode\" id=\"audio-51-18\" preload=\"none\" style=\"width: 100%;\" controls=\"controls\"><source type=\"audio\/mpeg\" src=\"http:\/\/localhost\/wp\/wp-content\/uploads\/2018\/06\/18.mp3?_=18\"><\/source><a href=\"http:\/\/localhost\/wp\/wp-content\/uploads\/2018\/06\/18.mp3\">http:\/\/localhost\/wp\/wp-content\/uploads\/2018\/06\/18.mp3<\/a><\/audio>\n<p style=\"text-align: center;\"><strong>19<\/strong><\/p>\n<audio class=\"wp-audio-shortcode\" id=\"audio-51-19\" preload=\"none\" style=\"width: 100%;\" controls=\"controls\"><source type=\"audio\/mpeg\" src=\"http:\/\/localhost\/wp\/wp-content\/uploads\/2018\/06\/19.mp3?_=19\"><\/source><a href=\"http:\/\/localhost\/wp\/wp-content\/uploads\/2018\/06\/19.mp3\">http:\/\/localhost\/wp\/wp-content\/uploads\/2018\/06\/19.mp3<\/a><\/audio>\n<p style=\"text-align: center;\"><strong>20<\/strong><\/p>\n<audio class=\"wp-audio-shortcode\" id=\"audio-51-20\" preload=\"none\" style=\"width: 100%;\" controls=\"controls\"><source type=\"audio\/mpeg\" src=\"http:\/\/localhost\/wp\/wp-content\/uploads\/2018\/06\/20.mp3?_=20\"><\/source><a href=\"http:\/\/localhost\/wp\/wp-content\/uploads\/2018\/06\/20.mp3\">http:\/\/localhost\/wp\/wp-content\/uploads\/2018\/06\/20.mp3<\/a><\/audio>\n<p style=\"text-align: center;\"><strong>21<\/strong><\/p>\n<audio class=\"wp-audio-shortcode\" id=\"audio-51-21\" preload=\"none\" style=\"width: 100%;\" controls=\"controls\"><source type=\"audio\/mpeg\" src=\"http:\/\/localhost\/wp\/wp-content\/uploads\/2018\/06\/21.mp3?_=21\"><\/source><a href=\"http:\/\/localhost\/wp\/wp-content\/uploads\/2018\/06\/21.mp3\">http:\/\/localhost\/wp\/wp-content\/uploads\/2018\/06\/21.mp3<\/a><\/audio>\n<p style=\"text-align: center;\"><strong>22<\/strong><\/p>\n<audio class=\"wp-audio-shortcode\" id=\"audio-51-22\" preload=\"none\" style=\"width: 100%;\" controls=\"controls\"><source type=\"audio\/mpeg\" src=\"http:\/\/localhost\/wp\/wp-content\/uploads\/2018\/06\/22.mp3?_=22\"><\/source><a href=\"http:\/\/localhost\/wp\/wp-content\/uploads\/2018\/06\/22.mp3\">http:\/\/localhost\/wp\/wp-content\/uploads\/2018\/06\/22.mp3<\/a><\/audio>\n<p style=\"text-align: center;\"><strong>23<\/strong><\/p>\n<audio class=\"wp-audio-shortcode\" id=\"audio-51-23\" preload=\"none\" style=\"width: 100%;\" controls=\"controls\"><source type=\"audio\/mpeg\" src=\"http:\/\/localhost\/wp\/wp-content\/uploads\/2018\/06\/23.mp3?_=23\"><\/source><a href=\"http:\/\/localhost\/wp\/wp-content\/uploads\/2018\/06\/23.mp3\">http:\/\/localhost\/wp\/wp-content\/uploads\/2018\/06\/23.mp3<\/a><\/audio>\n<p style=\"text-align: center;\"><strong>24<\/strong><\/p>\n<audio class=\"wp-audio-shortcode\" id=\"audio-51-24\" preload=\"none\" style=\"width: 100%;\" controls=\"controls\"><source type=\"audio\/mpeg\" src=\"http:\/\/localhost\/wp\/wp-content\/uploads\/2018\/06\/24.mp3?_=24\"><\/source><a href=\"http:\/\/localhost\/wp\/wp-content\/uploads\/2018\/06\/24.mp3\">http:\/\/localhost\/wp\/wp-content\/uploads\/2018\/06\/24.mp3<\/a><\/audio>\n","protected":false},"excerpt":{"rendered":"<p>1 2 3 4 5 6 7 8 9 10 11 12 13 14 15 16 17 18 19 20 21 22 23 24<\/p>\n","protected":false},"author":1,"featured_media":0,"parent":0,"menu_order":0,"comment_status":"closed","ping_status":"closed","template":"","meta":{"footnotes":""},"class_list":["post-51","page","type-page","status-publish","hentry"],"yoast_head":"<!-- This site is optimized with the Yoast SEO plugin v26.6 - https:\/\/yoast.com\/wordpress\/plugins\/seo\/ -->\n<title>Bekletme M\u00fczikleri<\/title>\n<meta name=\"robots\" content=\"index, follow, max-snippet:-1, max-image-preview:large, max-video-preview:-1\" \/>\n<link rel=\"canonical\" href=\"https:\/\/www.alsestelekom.com\/index.php\/bekletme-muzikleri\/\" \/>\n<meta property=\"og:locale\" content=\"tr_TR\" \/>\n<meta property=\"og:type\" content=\"article\" \/>\n<meta property=\"og:title\" content=\"Bekletme M\u00fczikleri\" \/>\n<meta property=\"og:description\" content=\"1 2 3 4 5 6 7 8 9 10 11 12 13 14 15 16 17 18 19 20 21 22 23 24\" \/>\n<meta property=\"og:url\" content=\"https:\/\/www.alsestelekom.com\/index.php\/bekletme-muzikleri\/\" \/>\n<meta property=\"og:site_name\" content=\"ALSES TELEKOM\" \/>\n<meta property=\"article:publisher\" content=\"https:\/\/www.facebook.com\/alsestelekomhaberlesme\/\" \/>\n<meta property=\"article:modified_time\" content=\"2018-07-01T11:30:03+00:00\" \/>\n<meta name=\"twitter:card\" content=\"summary_large_image\" \/>\n<meta name=\"twitter:label1\" content=\"Tahmini okuma s\u00fcresi\" \/>\n\t<meta name=\"twitter:data1\" content=\"1 dakika\" \/>\n<script type=\"application\/ld+json\" class=\"yoast-schema-graph\">{\"@context\":\"https:\/\/schema.org\",\"@graph\":[{\"@type\":\"WebPage\",\"@id\":\"https:\/\/www.alsestelekom.com\/index.php\/bekletme-muzikleri\/\",\"url\":\"https:\/\/www.alsestelekom.com\/index.php\/bekletme-muzikleri\/\",\"name\":\"Bekletme M\u00fczikleri\",\"isPartOf\":{\"@id\":\"https:\/\/www.alsestelekom.com\/#website\"},\"datePublished\":\"2018-06-21T18:36:06+00:00\",\"dateModified\":\"2018-07-01T11:30:03+00:00\",\"breadcrumb\":{\"@id\":\"https:\/\/www.alsestelekom.com\/index.php\/bekletme-muzikleri\/#breadcrumb\"},\"inLanguage\":\"tr\",\"potentialAction\":[{\"@type\":\"ReadAction\",\"target\":[\"https:\/\/www.alsestelekom.com\/index.php\/bekletme-muzikleri\/\"]}]},{\"@type\":\"BreadcrumbList\",\"@id\":\"https:\/\/www.alsestelekom.com\/index.php\/bekletme-muzikleri\/#breadcrumb\",\"itemListElement\":[{\"@type\":\"ListItem\",\"position\":1,\"name\":\"Ana sayfa\",\"item\":\"https:\/\/www.alsestelekom.com\/\"},{\"@type\":\"ListItem\",\"position\":2,\"name\":\"Bekletme M\u00fczikleri\"}]},{\"@type\":\"WebSite\",\"@id\":\"https:\/\/www.alsestelekom.com\/#website\",\"url\":\"https:\/\/www.alsestelekom.com\/\",\"name\":\"ALSES TELEKOM\",\"description\":\"Telesis Karel Kurumsal \u00c7\u00f6z\u00fcmler Destek Ortakl\u0131\u011f\u0131\",\"publisher\":{\"@id\":\"https:\/\/www.alsestelekom.com\/#organization\"},\"potentialAction\":[{\"@type\":\"SearchAction\",\"target\":{\"@type\":\"EntryPoint\",\"urlTemplate\":\"https:\/\/www.alsestelekom.com\/?s={search_term_string}\"},\"query-input\":{\"@type\":\"PropertyValueSpecification\",\"valueRequired\":true,\"valueName\":\"search_term_string\"}}],\"inLanguage\":\"tr\"},{\"@type\":\"Organization\",\"@id\":\"https:\/\/www.alsestelekom.com\/#organization\",\"name\":\"Alses Telekom\",\"url\":\"https:\/\/www.alsestelekom.com\/\",\"logo\":{\"@type\":\"ImageObject\",\"inLanguage\":\"tr\",\"@id\":\"https:\/\/www.alsestelekom.com\/#\/schema\/logo\/image\/\",\"url\":\"http:\/\/localhost\/wp\/wp-content\/uploads\/2019\/07\/logos.png\",\"contentUrl\":\"http:\/\/localhost\/wp\/wp-content\/uploads\/2019\/07\/logos.png\",\"width\":475,\"height\":133,\"caption\":\"Alses Telekom\"},\"image\":{\"@id\":\"https:\/\/www.alsestelekom.com\/#\/schema\/logo\/image\/\"},\"sameAs\":[\"https:\/\/www.facebook.com\/alsestelekomhaberlesme\/\",\"https:\/\/www.instagram.com\/alsestelekom\/\"]}]}<\/script>\n<!-- \/ Yoast SEO plugin. -->","yoast_head_json":{"title":"Bekletme M\u00fczikleri","robots":{"index":"index","follow":"follow","max-snippet":"max-snippet:-1","max-image-preview":"max-image-preview:large","max-video-preview":"max-video-preview:-1"},"canonical":"https:\/\/www.alsestelekom.com\/index.php\/bekletme-muzikleri\/","og_locale":"tr_TR","og_type":"article","og_title":"Bekletme M\u00fczikleri","og_description":"1 2 3 4 5 6 7 8 9 10 11 12 13 14 15 16 17 18 19 20 21 22 23 24","og_url":"https:\/\/www.alsestelekom.com\/index.php\/bekletme-muzikleri\/","og_site_name":"ALSES TELEKOM","article_publisher":"https:\/\/www.facebook.com\/alsestelekomhaberlesme\/","article_modified_time":"2018-07-01T11:30:03+00:00","twitter_card":"summary_large_image","twitter_misc":{"Tahmini okuma s\u00fcresi":"1 dakika"},"schema":{"@context":"https:\/\/schema.org","@graph":[{"@type":"WebPage","@id":"https:\/\/www.alsestelekom.com\/index.php\/bekletme-muzikleri\/","url":"https:\/\/www.alsestelekom.com\/index.php\/bekletme-muzikleri\/","name":"Bekletme M\u00fczikleri","isPartOf":{"@id":"https:\/\/www.alsestelekom.com\/#website"},"datePublished":"2018-06-21T18:36:06+00:00","dateModified":"2018-07-01T11:30:03+00:00","breadcrumb":{"@id":"https:\/\/www.alsestelekom.com\/index.php\/bekletme-muzikleri\/#breadcrumb"},"inLanguage":"tr","potentialAction":[{"@type":"ReadAction","target":["https:\/\/www.alsestelekom.com\/index.php\/bekletme-muzikleri\/"]}]},{"@type":"BreadcrumbList","@id":"https:\/\/www.alsestelekom.com\/index.php\/bekletme-muzikleri\/#breadcrumb","itemListElement":[{"@type":"ListItem","position":1,"name":"Ana sayfa","item":"https:\/\/www.alsestelekom.com\/"},{"@type":"ListItem","position":2,"name":"Bekletme M\u00fczikleri"}]},{"@type":"WebSite","@id":"https:\/\/www.alsestelekom.com\/#website","url":"https:\/\/www.alsestelekom.com\/","name":"ALSES TELEKOM","description":"Telesis Karel Kurumsal \u00c7\u00f6z\u00fcmler Destek Ortakl\u0131\u011f\u0131","publisher":{"@id":"https:\/\/www.alsestelekom.com\/#organization"},"potentialAction":[{"@type":"SearchAction","target":{"@type":"EntryPoint","urlTemplate":"https:\/\/www.alsestelekom.com\/?s={search_term_string}"},"query-input":{"@type":"PropertyValueSpecification","valueRequired":true,"valueName":"search_term_string"}}],"inLanguage":"tr"},{"@type":"Organization","@id":"https:\/\/www.alsestelekom.com\/#organization","name":"Alses Telekom","url":"https:\/\/www.alsestelekom.com\/","logo":{"@type":"ImageObject","inLanguage":"tr","@id":"https:\/\/www.alsestelekom.com\/#\/schema\/logo\/image\/","url":"http:\/\/localhost\/wp\/wp-content\/uploads\/2019\/07\/logos.png","contentUrl":"http:\/\/localhost\/wp\/wp-content\/uploads\/2019\/07\/logos.png","width":475,"height":133,"caption":"Alses Telekom"},"image":{"@id":"https:\/\/www.alsestelekom.com\/#\/schema\/logo\/image\/"},"sameAs":["https:\/\/www.facebook.com\/alsestelekomhaberlesme\/","https:\/\/www.instagram.com\/alsestelekom\/"]}]}},"_links":{"self":[{"href":"https:\/\/www.alsestelekom.com\/index.php\/wp-json\/wp\/v2\/pages\/51","targetHints":{"allow":["GET"]}}],"collection":[{"href":"https:\/\/www.alsestelekom.com\/index.php\/wp-json\/wp\/v2\/pages"}],"about":[{"href":"https:\/\/www.alsestelekom.com\/index.php\/wp-json\/wp\/v2\/types\/page"}],"author":[{"embeddable":true,"href":"https:\/\/www.alsestelekom.com\/index.php\/wp-json\/wp\/v2\/users\/1"}],"replies":[{"embeddable":true,"href":"https:\/\/www.alsestelekom.com\/index.php\/wp-json\/wp\/v2\/comments?post=51"}],"version-history":[{"count":10,"href":"https:\/\/www.alsestelekom.com\/index.php\/wp-json\/wp\/v2\/pages\/51\/revisions"}],"predecessor-version":[{"id":90,"href":"https:\/\/www.alsestelekom.com\/index.php\/wp-json\/wp\/v2\/pages\/51\/revisions\/90"}],"wp:attachment":[{"href":"https:\/\/www.alsestelekom.com\/index.php\/wp-json\/wp\/v2\/media?parent=51"}],"curies":[{"name":"wp","href":"https:\/\/api.w.org\/{rel}","templated":true}]}}