{"id":119,"date":"2018-06-23T17:28:50","date_gmt":"2018-06-23T14:28:50","guid":{"rendered":"http:\/\/localhost\/wp\/?post_type=product&#038;p=119"},"modified":"2018-06-29T20:33:57","modified_gmt":"2018-06-29T17:33:57","slug":"telesis-px24-nr7-nano-ip-sayisal-hibrit-telefon-santrali","status":"publish","type":"product","link":"https:\/\/www.alsestelekom.com\/index.php\/urun\/telesis-px24-nr7-nano-ip-sayisal-hibrit-telefon-santrali\/","title":{"rendered":"Telesis PX24 nr7 Nano IP Say\u0131sal Hibrit Telefon Santrali"},"content":{"rendered":"<p>Telesis PX24 nr7 Nano IP Say&#305;sal Hibrit Telefon Santral&#305;, <strong>4 d&#305;&#351;, 8 analog i&ccedil;, 1 say&#305;sal i&ccedil;, 2 kanal VoIP, 1 kanal WebPhone, 1 adet r&ouml;le standart kapasitesine ilave 32 adet SIP IP port<\/strong> deste&#287;i, terminaller, gateway`ler, gatekeeper`lar, VoIP &ccedil;a&#287;r&#305;lar&#305; i&ccedil;in registrar`lar, analog telefonlar ve fakslar, Telesis xSIP protokol deste&#287;i ile T&uuml;rkiye&rsquo;nin ve d&uuml;nyan&#305;n pek &ccedil;ok kurulu&#351;unun bir numaral&#305; tercihi olmu&#351;tur.<\/p>\n<p>PX24 nr7 Nano, DTS7 say&#305;sal setin i&ccedil;ine gizlenmi&#351;, entegre &uuml;st&uuml;n yetenekli IP Say&#305;sal Hibrit Telefon Santral&#305;d&#305;r. Bu sayede masan&#305;zda <a href=\"http:\/\/telesis.com.tr\/dts7-dokunmatik-sayisal-set\/\">DTS7<\/a> say&#305;sal setin t&uuml;m geli&#351;mi&#351; yeteneklerini kullan&#305;rken ayn&#305; zamanda ofisinizin t&uuml;m abonelerine telefon hizmeti verebilirsiniz.<\/p>\n<p>K&uuml;&ccedil;&uuml;k ofis veya ev ofis santral&#305;na ihtiyac&#305; olan pek &ccedil;ok kurulu&#351; Telesis PX24 nr7`yi tercih ederek, &uuml;st&uuml;n hibrit teknolojisi ve entegre donan&#305;mlar&#305; sayesinde ileti&#351;imde <strong>kesintisiz konfor, kalite, tasarruf ve ileti&#351;im teknolojisini bir arada<\/strong> bulabilmektedirler.<\/p>\n<p><img loading=\"lazy\" decoding=\"async\" src=\"http:\/\/telesis.com.tr\/wp-content\/uploads\/kok5.jpg\" alt=\"\" width=\"18\" height=\"19\"> Kapasite : <strong>4 D&#305;&#351;, 1 Say&#305;sal &#304;&ccedil;, 8 &#304;&ccedil; Hat, 32 IP <\/strong>Abone (SIP), <strong>2 kanal VoIP<\/strong>, <strong>1 r&ouml;le<\/strong><br>\n<strong><img loading=\"lazy\" decoding=\"async\" src=\"http:\/\/telesis.com.tr\/wp-content\/uploads\/kok5.jpg\" alt=\"\" width=\"18\" height=\"19\"> Ses Kay&#305;t<\/strong> (Anl&#305;k ve Otomatik),<br>\n<img loading=\"lazy\" decoding=\"async\" src=\"http:\/\/telesis.com.tr\/wp-content\/uploads\/kok5.jpg\" alt=\"\" width=\"18\" height=\"19\"> T&uuml;m abonelerde <strong>Caller ID<\/strong> (Arayan Numaray&#305; G&ouml;sterme),<br>\n<img loading=\"lazy\" decoding=\"async\" src=\"http:\/\/telesis.com.tr\/wp-content\/uploads\/kok5.jpg\" alt=\"\" width=\"18\" height=\"19\"> Entegre Ethernet Donan&#305;m,Web Aray&uuml;z&uuml; (Uzaktan Eri&#351;im) ve <strong>VoIP<\/strong> deste&#287;i,<br>\n<strong><img loading=\"lazy\" decoding=\"async\" src=\"http:\/\/telesis.com.tr\/wp-content\/uploads\/kok5.jpg\" alt=\"\" width=\"18\" height=\"19\"> 4 Kanal DVR<\/strong> Donan&#305;m&#305; <strong>12.000<\/strong> dakika (Sesli Yan&#305;t, Ses Kay&#305;t, Sesli Mesaj) (artt&#305;r&#305;labilir),<br>\n<strong><img loading=\"lazy\" decoding=\"async\" src=\"http:\/\/telesis.com.tr\/wp-content\/uploads\/kok5.jpg\" alt=\"\" width=\"18\" height=\"19\"> Robot Operat&ouml;r<\/strong> (45 Alt Men&uuml;, 100 Farkl&#305; Senaryo, Zaman Kontrol&uuml;),<br>\n<img loading=\"lazy\" decoding=\"async\" src=\"http:\/\/telesis.com.tr\/wp-content\/uploads\/kok5.jpg\" alt=\"\" width=\"18\" height=\"19\"> Birden &ccedil;ok Lisanda ve Farkl&#305; Kar&#351;&#305;lama Mesajlar&#305; (Farkl&#305; D&#305;&#351; Hat Gruplar&#305; i&ccedil;in Farkl&#305; Kar&#351;&#305;lamalar),<br>\n<img loading=\"lazy\" decoding=\"async\" src=\"http:\/\/telesis.com.tr\/wp-content\/uploads\/kok5.jpg\" alt=\"\" width=\"18\" height=\"19\"> <strong>12.000<\/strong> Dakikadan ba&#351;layan <strong>Sesli Posta Kutusu<\/strong>,<br>\n<strong><img loading=\"lazy\" decoding=\"async\" src=\"http:\/\/telesis.com.tr\/wp-content\/uploads\/kok5.jpg\" alt=\"\" width=\"18\" height=\"19\"> IP v6 <\/strong>ve<strong> G&ouml;r&uuml;nt&uuml;l&uuml; g&ouml;r&uuml;&#351;me<\/strong> deste&#287;i,<br>\n<img loading=\"lazy\" decoding=\"async\" src=\"http:\/\/telesis.com.tr\/wp-content\/uploads\/kok5.jpg\" alt=\"\" width=\"18\" height=\"19\"> Entegre SIP Registrar \/ Proxy \/ Server,<br>\n<strong><img loading=\"lazy\" decoding=\"async\" src=\"http:\/\/telesis.com.tr\/wp-content\/uploads\/kok5.jpg\" alt=\"\" width=\"18\" height=\"19\"> WebPhone<\/strong> (Webden T&#305;kla Konu&#351;)<br>\n<img loading=\"lazy\" decoding=\"async\" src=\"http:\/\/telesis.com.tr\/wp-content\/uploads\/kok5.jpg\" alt=\"\" width=\"18\" height=\"19\"> Say&#305;sal ve Analog &#304;&ccedil; Hat Abonelere <strong>PC Konsol<\/strong> deste&#287;i (XCom),<br>\n<img loading=\"lazy\" decoding=\"async\" src=\"http:\/\/telesis.com.tr\/wp-content\/uploads\/kok5.jpg\" alt=\"\" width=\"18\" height=\"19\"> Softphone <strong>PC Telefon<\/strong> (XPhone) ve <strong>Mobil SIP Abone<\/strong> deste&#287;i,<br>\n<strong><img loading=\"lazy\" decoding=\"async\" src=\"http:\/\/telesis.com.tr\/wp-content\/uploads\/kok5.jpg\" alt=\"\" width=\"18\" height=\"19\"> Konferans<\/strong> deste&#287;i (Klasik ve Konferans Odas&#305;),<br>\n<img loading=\"lazy\" decoding=\"async\" src=\"http:\/\/telesis.com.tr\/wp-content\/uploads\/kok5.jpg\" alt=\"\" width=\"18\" height=\"19\"> &Ccedil;a&#287;r&#305; Kay&#305;t, &Uuml;cretlendirme ve <strong>Raporland&#305;rma Yaz&#305;l&#305;m&#305;<\/strong> (XTools),<br>\n<img loading=\"lazy\" decoding=\"async\" src=\"http:\/\/telesis.com.tr\/wp-content\/uploads\/kok5.jpg\" alt=\"\" width=\"18\" height=\"19\"> S&uuml;resiz D&#305;&#351; Hat &ndash; D&#305;&#351; Hat Ba&#287;lama ve &#304;&ccedil; Hatt&#305; Cep Telefonuna <strong>Y&ouml;nlendirme<\/strong>,<br>\n<img loading=\"lazy\" decoding=\"async\" src=\"http:\/\/telesis.com.tr\/wp-content\/uploads\/kok5.jpg\" alt=\"\" width=\"18\" height=\"19\"> D&#305;&#351; Hat Uygulamalar&#305;nda <strong>Geli&#351;mi&#351; S&uuml;re S&#305;n&#305;rland&#305;r&#305;lmas&#305;<\/strong> ve Y&ouml;nlendirmeler,<br>\n<img loading=\"lazy\" decoding=\"async\" src=\"http:\/\/telesis.com.tr\/wp-content\/uploads\/kok5.jpg\" alt=\"\" width=\"18\" height=\"19\"> <strong>LDAP sunucusu<\/strong>, <strong>SNMP ve<\/strong> <strong>TAPI<\/strong> Deste&#287;i vb. pek &ccedil;ok &ouml;zellik&hellip;<\/p>\n","protected":false},"excerpt":{"rendered":"<p>Telesis PX24 nr7 Nano IP Say\u0131sal Hibrit Telefon Santral\u0131, 4 d\u0131\u015f, 8 analog i\u00e7, 1 say\u0131sal i\u00e7, 2 kanal VoIP, 1 kanal WebPhone, 1 adet r\u00f6le standart kapasitesine ilave 32 adet SIP IP port deste\u011fi, terminaller, gateway`ler, gatekeeper`lar, VoIP \u00e7a\u011fr\u0131lar\u0131 i\u00e7in registrar`lar, analog telefonlar ve fakslar, Telesis xSIP protokol deste\u011fi ile T\u00fcrkiye\u2019nin ve d\u00fcnyan\u0131n pek [&hellip;]<\/p>\n","protected":false},"featured_media":110,"comment_status":"open","ping_status":"closed","template":"","meta":[],"product_brand":[],"product_cat":[18,25],"product_tag":[31,28,29,30,27,33,32],"class_list":{"0":"post-119","1":"product","2":"type-product","3":"status-publish","4":"has-post-thumbnail","6":"product_cat-ip-hybrid-santraller","7":"product_cat-telesis-santraller","8":"product_tag-alses-telekom","9":"product_tag-ip-santral","10":"product_tag-telesis-mr7","11":"product_tag-telesis-nano","12":"product_tag-telesis-santral","13":"product_tag-telesis-servisi","14":"product_tag-telesis-teknik-servis","16":"first","17":"instock","18":"taxable","19":"shipping-taxable","20":"product-type-simple"},"yoast_head":"<!-- This site is optimized with the Yoast SEO plugin v26.6 - https:\/\/yoast.com\/wordpress\/plugins\/seo\/ -->\n<title>Telesis PX24 nr7 Nano IP Say\u0131sal Hibrit Telefon Santrali - ALSES TELEKOM<\/title>\n<meta name=\"robots\" content=\"index, follow, max-snippet:-1, max-image-preview:large, max-video-preview:-1\" \/>\n<link rel=\"canonical\" href=\"https:\/\/www.alsestelekom.com\/index.php\/urun\/telesis-px24-nr7-nano-ip-sayisal-hibrit-telefon-santrali\/\" \/>\n<meta property=\"og:locale\" content=\"tr_TR\" \/>\n<meta property=\"og:type\" content=\"article\" \/>\n<meta property=\"og:title\" content=\"Telesis PX24 nr7 Nano IP Say\u0131sal Hibrit Telefon Santrali - ALSES TELEKOM\" \/>\n<meta property=\"og:description\" content=\"Telesis PX24 nr7 Nano IP Say\u0131sal Hibrit Telefon Santral\u0131, 4 d\u0131\u015f, 8 analog i\u00e7, 1 say\u0131sal i\u00e7, 2 kanal VoIP, 1 kanal WebPhone, 1 adet r\u00f6le standart kapasitesine ilave 32 adet SIP IP port deste\u011fi, terminaller, gateway`ler, gatekeeper`lar, VoIP \u00e7a\u011fr\u0131lar\u0131 i\u00e7in registrar`lar, analog telefonlar ve fakslar, Telesis xSIP protokol deste\u011fi ile T\u00fcrkiye\u2019nin ve d\u00fcnyan\u0131n pek [&hellip;]\" \/>\n<meta property=\"og:url\" content=\"https:\/\/www.alsestelekom.com\/index.php\/urun\/telesis-px24-nr7-nano-ip-sayisal-hibrit-telefon-santrali\/\" \/>\n<meta property=\"og:site_name\" content=\"ALSES TELEKOM\" \/>\n<meta property=\"article:publisher\" content=\"https:\/\/www.facebook.com\/alsestelekomhaberlesme\/\" \/>\n<meta property=\"article:modified_time\" content=\"2018-06-29T17:33:57+00:00\" \/>\n<meta property=\"og:image\" content=\"https:\/\/www.alsestelekom.com\/wp-content\/uploads\/2018\/06\/nano7_1.jpg\" \/>\n\t<meta property=\"og:image:width\" content=\"800\" \/>\n\t<meta property=\"og:image:height\" content=\"535\" \/>\n\t<meta property=\"og:image:type\" content=\"image\/jpeg\" \/>\n<meta name=\"twitter:card\" content=\"summary_large_image\" \/>\n<meta name=\"twitter:label1\" content=\"Tahmini okuma s\u00fcresi\" \/>\n\t<meta name=\"twitter:data1\" content=\"2 dakika\" \/>\n<script type=\"application\/ld+json\" class=\"yoast-schema-graph\">{\"@context\":\"https:\/\/schema.org\",\"@graph\":[{\"@type\":\"WebPage\",\"@id\":\"https:\/\/www.alsestelekom.com\/index.php\/urun\/telesis-px24-nr7-nano-ip-sayisal-hibrit-telefon-santrali\/\",\"url\":\"https:\/\/www.alsestelekom.com\/index.php\/urun\/telesis-px24-nr7-nano-ip-sayisal-hibrit-telefon-santrali\/\",\"name\":\"Telesis PX24 nr7 Nano IP Say\u0131sal Hibrit Telefon Santrali - ALSES TELEKOM\",\"isPartOf\":{\"@id\":\"https:\/\/www.alsestelekom.com\/#website\"},\"primaryImageOfPage\":{\"@id\":\"https:\/\/www.alsestelekom.com\/index.php\/urun\/telesis-px24-nr7-nano-ip-sayisal-hibrit-telefon-santrali\/#primaryimage\"},\"image\":{\"@id\":\"https:\/\/www.alsestelekom.com\/index.php\/urun\/telesis-px24-nr7-nano-ip-sayisal-hibrit-telefon-santrali\/#primaryimage\"},\"thumbnailUrl\":\"https:\/\/www.alsestelekom.com\/wp-content\/uploads\/2018\/06\/nano7_1.jpg\",\"datePublished\":\"2018-06-23T14:28:50+00:00\",\"dateModified\":\"2018-06-29T17:33:57+00:00\",\"breadcrumb\":{\"@id\":\"https:\/\/www.alsestelekom.com\/index.php\/urun\/telesis-px24-nr7-nano-ip-sayisal-hibrit-telefon-santrali\/#breadcrumb\"},\"inLanguage\":\"tr\",\"potentialAction\":[{\"@type\":\"ReadAction\",\"target\":[\"https:\/\/www.alsestelekom.com\/index.php\/urun\/telesis-px24-nr7-nano-ip-sayisal-hibrit-telefon-santrali\/\"]}]},{\"@type\":\"ImageObject\",\"inLanguage\":\"tr\",\"@id\":\"https:\/\/www.alsestelekom.com\/index.php\/urun\/telesis-px24-nr7-nano-ip-sayisal-hibrit-telefon-santrali\/#primaryimage\",\"url\":\"https:\/\/www.alsestelekom.com\/wp-content\/uploads\/2018\/06\/nano7_1.jpg\",\"contentUrl\":\"https:\/\/www.alsestelekom.com\/wp-content\/uploads\/2018\/06\/nano7_1.jpg\",\"width\":800,\"height\":535,\"caption\":\"Telesis nano nr7\"},{\"@type\":\"BreadcrumbList\",\"@id\":\"https:\/\/www.alsestelekom.com\/index.php\/urun\/telesis-px24-nr7-nano-ip-sayisal-hibrit-telefon-santrali\/#breadcrumb\",\"itemListElement\":[{\"@type\":\"ListItem\",\"position\":1,\"name\":\"Ana sayfa\",\"item\":\"https:\/\/www.alsestelekom.com\/\"},{\"@type\":\"ListItem\",\"position\":2,\"name\":\"Ma\u011faza\",\"item\":\"https:\/\/www.alsestelekom.com\/index.php\/magaza\/\"},{\"@type\":\"ListItem\",\"position\":3,\"name\":\"Telesis PX24 nr7 Nano IP Say\u0131sal Hibrit Telefon Santrali\"}]},{\"@type\":\"WebSite\",\"@id\":\"https:\/\/www.alsestelekom.com\/#website\",\"url\":\"https:\/\/www.alsestelekom.com\/\",\"name\":\"ALSES TELEKOM\",\"description\":\"Telesis Karel Kurumsal \u00c7\u00f6z\u00fcmler Destek Ortakl\u0131\u011f\u0131\",\"publisher\":{\"@id\":\"https:\/\/www.alsestelekom.com\/#organization\"},\"potentialAction\":[{\"@type\":\"SearchAction\",\"target\":{\"@type\":\"EntryPoint\",\"urlTemplate\":\"https:\/\/www.alsestelekom.com\/?s={search_term_string}\"},\"query-input\":{\"@type\":\"PropertyValueSpecification\",\"valueRequired\":true,\"valueName\":\"search_term_string\"}}],\"inLanguage\":\"tr\"},{\"@type\":\"Organization\",\"@id\":\"https:\/\/www.alsestelekom.com\/#organization\",\"name\":\"Alses Telekom\",\"url\":\"https:\/\/www.alsestelekom.com\/\",\"logo\":{\"@type\":\"ImageObject\",\"inLanguage\":\"tr\",\"@id\":\"https:\/\/www.alsestelekom.com\/#\/schema\/logo\/image\/\",\"url\":\"http:\/\/localhost\/wp\/wp-content\/uploads\/2019\/07\/logos.png\",\"contentUrl\":\"http:\/\/localhost\/wp\/wp-content\/uploads\/2019\/07\/logos.png\",\"width\":475,\"height\":133,\"caption\":\"Alses Telekom\"},\"image\":{\"@id\":\"https:\/\/www.alsestelekom.com\/#\/schema\/logo\/image\/\"},\"sameAs\":[\"https:\/\/www.facebook.com\/alsestelekomhaberlesme\/\",\"https:\/\/www.instagram.com\/alsestelekom\/\"]}]}<\/script>\n<!-- \/ Yoast SEO plugin. -->","yoast_head_json":{"title":"Telesis PX24 nr7 Nano IP Say\u0131sal Hibrit Telefon Santrali - ALSES TELEKOM","robots":{"index":"index","follow":"follow","max-snippet":"max-snippet:-1","max-image-preview":"max-image-preview:large","max-video-preview":"max-video-preview:-1"},"canonical":"https:\/\/www.alsestelekom.com\/index.php\/urun\/telesis-px24-nr7-nano-ip-sayisal-hibrit-telefon-santrali\/","og_locale":"tr_TR","og_type":"article","og_title":"Telesis PX24 nr7 Nano IP Say\u0131sal Hibrit Telefon Santrali - ALSES TELEKOM","og_description":"Telesis PX24 nr7 Nano IP Say\u0131sal Hibrit Telefon Santral\u0131, 4 d\u0131\u015f, 8 analog i\u00e7, 1 say\u0131sal i\u00e7, 2 kanal VoIP, 1 kanal WebPhone, 1 adet r\u00f6le standart kapasitesine ilave 32 adet SIP IP port deste\u011fi, terminaller, gateway`ler, gatekeeper`lar, VoIP \u00e7a\u011fr\u0131lar\u0131 i\u00e7in registrar`lar, analog telefonlar ve fakslar, Telesis xSIP protokol deste\u011fi ile T\u00fcrkiye\u2019nin ve d\u00fcnyan\u0131n pek [&hellip;]","og_url":"https:\/\/www.alsestelekom.com\/index.php\/urun\/telesis-px24-nr7-nano-ip-sayisal-hibrit-telefon-santrali\/","og_site_name":"ALSES TELEKOM","article_publisher":"https:\/\/www.facebook.com\/alsestelekomhaberlesme\/","article_modified_time":"2018-06-29T17:33:57+00:00","og_image":[{"width":800,"height":535,"url":"https:\/\/www.alsestelekom.com\/wp-content\/uploads\/2018\/06\/nano7_1.jpg","type":"image\/jpeg"}],"twitter_card":"summary_large_image","twitter_misc":{"Tahmini okuma s\u00fcresi":"2 dakika"},"schema":{"@context":"https:\/\/schema.org","@graph":[{"@type":"WebPage","@id":"https:\/\/www.alsestelekom.com\/index.php\/urun\/telesis-px24-nr7-nano-ip-sayisal-hibrit-telefon-santrali\/","url":"https:\/\/www.alsestelekom.com\/index.php\/urun\/telesis-px24-nr7-nano-ip-sayisal-hibrit-telefon-santrali\/","name":"Telesis PX24 nr7 Nano IP Say\u0131sal Hibrit Telefon Santrali - ALSES TELEKOM","isPartOf":{"@id":"https:\/\/www.alsestelekom.com\/#website"},"primaryImageOfPage":{"@id":"https:\/\/www.alsestelekom.com\/index.php\/urun\/telesis-px24-nr7-nano-ip-sayisal-hibrit-telefon-santrali\/#primaryimage"},"image":{"@id":"https:\/\/www.alsestelekom.com\/index.php\/urun\/telesis-px24-nr7-nano-ip-sayisal-hibrit-telefon-santrali\/#primaryimage"},"thumbnailUrl":"https:\/\/www.alsestelekom.com\/wp-content\/uploads\/2018\/06\/nano7_1.jpg","datePublished":"2018-06-23T14:28:50+00:00","dateModified":"2018-06-29T17:33:57+00:00","breadcrumb":{"@id":"https:\/\/www.alsestelekom.com\/index.php\/urun\/telesis-px24-nr7-nano-ip-sayisal-hibrit-telefon-santrali\/#breadcrumb"},"inLanguage":"tr","potentialAction":[{"@type":"ReadAction","target":["https:\/\/www.alsestelekom.com\/index.php\/urun\/telesis-px24-nr7-nano-ip-sayisal-hibrit-telefon-santrali\/"]}]},{"@type":"ImageObject","inLanguage":"tr","@id":"https:\/\/www.alsestelekom.com\/index.php\/urun\/telesis-px24-nr7-nano-ip-sayisal-hibrit-telefon-santrali\/#primaryimage","url":"https:\/\/www.alsestelekom.com\/wp-content\/uploads\/2018\/06\/nano7_1.jpg","contentUrl":"https:\/\/www.alsestelekom.com\/wp-content\/uploads\/2018\/06\/nano7_1.jpg","width":800,"height":535,"caption":"Telesis nano nr7"},{"@type":"BreadcrumbList","@id":"https:\/\/www.alsestelekom.com\/index.php\/urun\/telesis-px24-nr7-nano-ip-sayisal-hibrit-telefon-santrali\/#breadcrumb","itemListElement":[{"@type":"ListItem","position":1,"name":"Ana sayfa","item":"https:\/\/www.alsestelekom.com\/"},{"@type":"ListItem","position":2,"name":"Ma\u011faza","item":"https:\/\/www.alsestelekom.com\/index.php\/magaza\/"},{"@type":"ListItem","position":3,"name":"Telesis PX24 nr7 Nano IP Say\u0131sal Hibrit Telefon Santrali"}]},{"@type":"WebSite","@id":"https:\/\/www.alsestelekom.com\/#website","url":"https:\/\/www.alsestelekom.com\/","name":"ALSES TELEKOM","description":"Telesis Karel Kurumsal \u00c7\u00f6z\u00fcmler Destek Ortakl\u0131\u011f\u0131","publisher":{"@id":"https:\/\/www.alsestelekom.com\/#organization"},"potentialAction":[{"@type":"SearchAction","target":{"@type":"EntryPoint","urlTemplate":"https:\/\/www.alsestelekom.com\/?s={search_term_string}"},"query-input":{"@type":"PropertyValueSpecification","valueRequired":true,"valueName":"search_term_string"}}],"inLanguage":"tr"},{"@type":"Organization","@id":"https:\/\/www.alsestelekom.com\/#organization","name":"Alses Telekom","url":"https:\/\/www.alsestelekom.com\/","logo":{"@type":"ImageObject","inLanguage":"tr","@id":"https:\/\/www.alsestelekom.com\/#\/schema\/logo\/image\/","url":"http:\/\/localhost\/wp\/wp-content\/uploads\/2019\/07\/logos.png","contentUrl":"http:\/\/localhost\/wp\/wp-content\/uploads\/2019\/07\/logos.png","width":475,"height":133,"caption":"Alses Telekom"},"image":{"@id":"https:\/\/www.alsestelekom.com\/#\/schema\/logo\/image\/"},"sameAs":["https:\/\/www.facebook.com\/alsestelekomhaberlesme\/","https:\/\/www.instagram.com\/alsestelekom\/"]}]}},"_links":{"self":[{"href":"https:\/\/www.alsestelekom.com\/index.php\/wp-json\/wp\/v2\/product\/119","targetHints":{"allow":["GET"]}}],"collection":[{"href":"https:\/\/www.alsestelekom.com\/index.php\/wp-json\/wp\/v2\/product"}],"about":[{"href":"https:\/\/www.alsestelekom.com\/index.php\/wp-json\/wp\/v2\/types\/product"}],"replies":[{"embeddable":true,"href":"https:\/\/www.alsestelekom.com\/index.php\/wp-json\/wp\/v2\/comments?post=119"}],"wp:featuredmedia":[{"embeddable":true,"href":"https:\/\/www.alsestelekom.com\/index.php\/wp-json\/wp\/v2\/media\/110"}],"wp:attachment":[{"href":"https:\/\/www.alsestelekom.com\/index.php\/wp-json\/wp\/v2\/media?parent=119"}],"wp:term":[{"taxonomy":"product_brand","embeddable":true,"href":"https:\/\/www.alsestelekom.com\/index.php\/wp-json\/wp\/v2\/product_brand?post=119"},{"taxonomy":"product_cat","embeddable":true,"href":"https:\/\/www.alsestelekom.com\/index.php\/wp-json\/wp\/v2\/product_cat?post=119"},{"taxonomy":"product_tag","embeddable":true,"href":"https:\/\/www.alsestelekom.com\/index.php\/wp-json\/wp\/v2\/product_tag?post=119"}],"curies":[{"name":"wp","href":"https:\/\/api.w.org\/{rel}","templated":true}]}}