{"id":125,"date":"2018-06-23T18:19:06","date_gmt":"2018-06-23T15:19:06","guid":{"rendered":"http:\/\/localhost\/wp\/?post_type=product&#038;p=125"},"modified":"2018-06-23T18:25:47","modified_gmt":"2018-06-23T15:25:47","slug":"telesis-px24-mr7-ip-sayisal-hibrit-telefon-santrali","status":"publish","type":"product","link":"https:\/\/www.alsestelekom.com\/index.php\/urun\/telesis-px24-mr7-ip-sayisal-hibrit-telefon-santrali\/","title":{"rendered":"Telesis PX24 mr7 IP Say\u0131sal Hibrit Telefon Santrali"},"content":{"rendered":"<p style=\"text-align: left;\">Telesis PX24 mr7 IP Say&#305;sal Hibrit Telefon Santral&#305;, ba&#351;lang&#305;&ccedil; olarak <strong>4 d&#305;&#351;, 8 analog i&ccedil;, 2 say&#305;sal i&ccedil;, 1 kanal WebPhone kapasitesine ilave 160 adet SIP IP port deste&#287;i<\/strong>, <strong>2 adet harici kontrol r&ouml;lesi, <\/strong>terminaller, gateway`ler, gatekeeper`lar, VoIP &ccedil;a&#287;r&#305;lar&#305; i&ccedil;in registrar`lar, analog telefonlar ve fakslar, Telesis xSIP protokol deste&#287;i ile T&uuml;rkiye&rsquo;nin ve d&uuml;nyan&#305;n pek &ccedil;ok kurulu&#351;unun bir numaral&#305; tercihi olmu&#351;tur. PX24 mr7, analog ve say&#305;sal abone ile trank hatlar&#305;ndan olu&#351;an bloklarla, &uuml;zerinde bar&#305;nd&#305;rd&#305;&#287;&#305; <strong>ilave 3 adet geni&#351;leme yuvas&#305;<\/strong> ile toplam <strong>62 porta &ccedil;&#305;kart&#305;labilir<\/strong>.<\/p>\n<p style=\"text-align: left;\"><strong>PX24 mr7<\/strong> santrallarda &uuml;st&uuml;n kapasiteli, 2746 MFLOPS yada 3648 MIPS (saniyede milyon i&#351;lem) g&uuml;c&uuml;nde i&#351;lemci kullan&#305;lmaktad&#305;r. Bu sayede &ccedil;ok daha h&#305;zl&#305; ve performansl&#305; &ccedil;al&#305;&#351;maktad&#305;r.<\/p>\n<p>Orta kapasite b&uuml;y&uuml;kl&uuml;&#287;e sahip pek &ccedil;ok kurulu&#351; Telesis PX24 mr7`y&#305; tercih ederek, &uuml;st&uuml;n hibrit teknolojisi ve entegre donan&#305;mlar&#305; sayesinde ileti&#351;imde <strong>kesintisiz konfor, kalite, tasarruf ve ileti&#351;im teknolojisini bir arada<\/strong> bulabilmektedirler.<\/p>\n<p><img loading=\"lazy\" decoding=\"async\" src=\"http:\/\/telesis.com.tr\/wp-content\/uploads\/kok5.jpg\" alt=\"\" width=\"18\" height=\"19\"> Ba&#351;lang&#305;&ccedil; kapasitesi : <strong>4 D&#305;&#351;, 2 Say&#305;sal &#304;&ccedil;, 8 &#304;&ccedil; Hat, 160 IP<\/strong> Abone (SIP),<br>\n<strong><img loading=\"lazy\" decoding=\"async\" src=\"http:\/\/telesis.com.tr\/wp-content\/uploads\/kok5.jpg\" alt=\"\" width=\"18\" height=\"19\"> Ses Kay&#305;t<\/strong> (Anl&#305;k ve Otomatik),<br>\n<img loading=\"lazy\" decoding=\"async\" src=\"http:\/\/telesis.com.tr\/wp-content\/uploads\/kok5.jpg\" alt=\"\" width=\"18\" height=\"19\"> T&uuml;m abonelerde <strong>Caller ID<\/strong> (Arayan Numaray&#305; G&ouml;sterme),<br>\n<img loading=\"lazy\" decoding=\"async\" src=\"http:\/\/telesis.com.tr\/wp-content\/uploads\/kok5.jpg\" alt=\"\" width=\"18\" height=\"19\"> Entegre Ethernet Donan&#305;m,Web Aray&uuml;z&uuml; (Uzaktan Eri&#351;im) ve <strong>VoIP<\/strong> deste&#287;i,<br>\n<strong><img loading=\"lazy\" decoding=\"async\" src=\"http:\/\/telesis.com.tr\/wp-content\/uploads\/kok5.jpg\" alt=\"\" width=\"18\" height=\"19\"> 4 Kanal DVR<\/strong> Donan&#305;m&#305; (Sesli Yan&#305;t, Ses Kay&#305;t, Sesli Mesaj) (artt&#305;r&#305;labilir),<br>\n<strong><img loading=\"lazy\" decoding=\"async\" src=\"http:\/\/telesis.com.tr\/wp-content\/uploads\/kok5.jpg\" alt=\"\" width=\"18\" height=\"19\"> Robot Operat&ouml;r<\/strong> (45 Alt Men&uuml;, 100 Farkl&#305; Senaryo, Zaman Kontrol&uuml;),<br>\n<img loading=\"lazy\" decoding=\"async\" src=\"http:\/\/telesis.com.tr\/wp-content\/uploads\/kok5.jpg\" alt=\"\" width=\"18\" height=\"19\"> Birden &ccedil;ok Lisanda ve Farkl&#305; Kar&#351;&#305;lama Mesajlar&#305; (Farkl&#305; D&#305;&#351; Hat Gruplar&#305; i&ccedil;in Farkl&#305; Kar&#351;&#305;lamalar),<br>\n<img loading=\"lazy\" decoding=\"async\" src=\"http:\/\/telesis.com.tr\/wp-content\/uploads\/kok5.jpg\" alt=\"\" width=\"18\" height=\"19\"> 6000 Dakikadan ba&#351;layan <strong>Sesli Posta Kutusu<\/strong>,<br>\n<strong><img loading=\"lazy\" decoding=\"async\" src=\"http:\/\/telesis.com.tr\/wp-content\/uploads\/kok5.jpg\" alt=\"\" width=\"18\" height=\"19\"> IP v6<\/strong> ve <strong>G&ouml;r&uuml;nt&uuml;l&uuml; g&ouml;r&uuml;&#351;me<\/strong> deste&#287;i,<br>\n<img loading=\"lazy\" decoding=\"async\" src=\"http:\/\/telesis.com.tr\/wp-content\/uploads\/kok5.jpg\" alt=\"\" width=\"18\" height=\"19\"> Entegre SIP Registrar \/ Proxy \/ Server,<br>\n<strong><img loading=\"lazy\" decoding=\"async\" src=\"http:\/\/telesis.com.tr\/wp-content\/uploads\/kok5.jpg\" alt=\"\" width=\"18\" height=\"19\"> WebPhone<\/strong> (Webden T&#305;kla Konu&#351;)<br>\n<img loading=\"lazy\" decoding=\"async\" src=\"http:\/\/telesis.com.tr\/wp-content\/uploads\/kok5.jpg\" alt=\"\" width=\"18\" height=\"19\"> Say&#305;sal ve Aanalog &#304;&ccedil; Hat Abonelere <strong>PC Konsol<\/strong> deste&#287;i (XCom),<br>\n<img loading=\"lazy\" decoding=\"async\" src=\"http:\/\/telesis.com.tr\/wp-content\/uploads\/kok5.jpg\" alt=\"\" width=\"18\" height=\"19\"> Softphone <strong>PC Telefon<\/strong> (XPhone) ve <strong>Mobil SIP Abone<\/strong> deste&#287;i,<br>\n<strong><img loading=\"lazy\" decoding=\"async\" src=\"http:\/\/telesis.com.tr\/wp-content\/uploads\/kok5.jpg\" alt=\"\" width=\"18\" height=\"19\"> Konferans<\/strong> deste&#287;i (Klasik ve Konferans Odas&#305;),<br>\n<img loading=\"lazy\" decoding=\"async\" src=\"http:\/\/telesis.com.tr\/wp-content\/uploads\/kok5.jpg\" alt=\"\" width=\"18\" height=\"19\"> &Ccedil;a&#287;r&#305; Kay&#305;t, &Uuml;cretlendirme ve <strong>Raporland&#305;rma Yaz&#305;l&#305;m&#305;<\/strong> (XTools),<br>\n<img loading=\"lazy\" decoding=\"async\" src=\"http:\/\/telesis.com.tr\/wp-content\/uploads\/kok5.jpg\" alt=\"\" width=\"18\" height=\"19\"> S&uuml;resiz D&#305;&#351; Hat &ndash; D&#305;&#351; Hat Ba&#287;lama ve &#304;&ccedil; Hatt&#305; Cep Telefonuna <strong>Y&ouml;nlendirme<\/strong>,<br>\n<img loading=\"lazy\" decoding=\"async\" src=\"http:\/\/telesis.com.tr\/wp-content\/uploads\/kok5.jpg\" alt=\"\" width=\"18\" height=\"19\"> D&#305;&#351; Hat Uygulamalar&#305;nda <strong>Geli&#351;mi&#351; S&uuml;re S&#305;n&#305;rland&#305;r&#305;lmas&#305;<\/strong> ve Y&ouml;nlendirmeler,<br>\n<img loading=\"lazy\" decoding=\"async\" src=\"http:\/\/telesis.com.tr\/wp-content\/uploads\/kok5.jpg\" alt=\"\" width=\"18\" height=\"19\"> <strong>SNMP<\/strong> ve <strong>TAPI<\/strong> Deste&#287;i vb. pek &ccedil;ok &ouml;zellik&hellip;<\/p>\n","protected":false},"excerpt":{"rendered":"<p>Telesis PX24 mr7 IP Say\u0131sal Hibrit Telefon Santral\u0131, ba\u015flang\u0131\u00e7 olarak 4 d\u0131\u015f, 8 analog i\u00e7, 2 say\u0131sal i\u00e7, 1 kanal WebPhone kapasitesine ilave 160 adet SIP IP port deste\u011fi, 2 adet harici kontrol r\u00f6lesi, terminaller, gateway`ler, gatekeeper`lar, VoIP \u00e7a\u011fr\u0131lar\u0131 i\u00e7in registrar`lar, analog telefonlar ve fakslar, Telesis xSIP protokol deste\u011fi ile T\u00fcrkiye\u2019nin ve d\u00fcnyan\u0131n pek \u00e7ok [&hellip;]<\/p>\n","protected":false},"featured_media":126,"comment_status":"open","ping_status":"closed","template":"","meta":[],"product_brand":[],"product_cat":[18,25],"product_tag":[31,28,29,30,27,33,32],"class_list":{"0":"post-125","1":"product","2":"type-product","3":"status-publish","4":"has-post-thumbnail","6":"product_cat-ip-hybrid-santraller","7":"product_cat-telesis-santraller","8":"product_tag-alses-telekom","9":"product_tag-ip-santral","10":"product_tag-telesis-mr7","11":"product_tag-telesis-nano","12":"product_tag-telesis-santral","13":"product_tag-telesis-servisi","14":"product_tag-telesis-teknik-servis","16":"first","17":"instock","18":"taxable","19":"shipping-taxable","20":"product-type-simple"},"yoast_head":"<!-- This site is optimized with the Yoast SEO plugin v26.6 - https:\/\/yoast.com\/wordpress\/plugins\/seo\/ -->\n<title>Telesis PX24 mr7 IP Say\u0131sal Hibrit Telefon Santrali - ALSES TELEKOM<\/title>\n<meta name=\"robots\" content=\"index, follow, max-snippet:-1, max-image-preview:large, max-video-preview:-1\" \/>\n<link rel=\"canonical\" href=\"https:\/\/www.alsestelekom.com\/index.php\/urun\/telesis-px24-mr7-ip-sayisal-hibrit-telefon-santrali\/\" \/>\n<meta property=\"og:locale\" content=\"tr_TR\" \/>\n<meta property=\"og:type\" content=\"article\" \/>\n<meta property=\"og:title\" content=\"Telesis PX24 mr7 IP Say\u0131sal Hibrit Telefon Santrali - ALSES TELEKOM\" \/>\n<meta property=\"og:description\" content=\"Telesis PX24 mr7 IP Say\u0131sal Hibrit Telefon Santral\u0131, ba\u015flang\u0131\u00e7 olarak 4 d\u0131\u015f, 8 analog i\u00e7, 2 say\u0131sal i\u00e7, 1 kanal WebPhone kapasitesine ilave 160 adet SIP IP port deste\u011fi, 2 adet harici kontrol r\u00f6lesi, terminaller, gateway`ler, gatekeeper`lar, VoIP \u00e7a\u011fr\u0131lar\u0131 i\u00e7in registrar`lar, analog telefonlar ve fakslar, Telesis xSIP protokol deste\u011fi ile T\u00fcrkiye\u2019nin ve d\u00fcnyan\u0131n pek \u00e7ok [&hellip;]\" \/>\n<meta property=\"og:url\" content=\"https:\/\/www.alsestelekom.com\/index.php\/urun\/telesis-px24-mr7-ip-sayisal-hibrit-telefon-santrali\/\" \/>\n<meta property=\"og:site_name\" content=\"ALSES TELEKOM\" \/>\n<meta property=\"article:publisher\" content=\"https:\/\/www.facebook.com\/alsestelekomhaberlesme\/\" \/>\n<meta property=\"article:modified_time\" content=\"2018-06-23T15:25:47+00:00\" \/>\n<meta property=\"og:image\" content=\"https:\/\/www.alsestelekom.com\/wp-content\/uploads\/2018\/06\/PX24mr6-1.jpg\" \/>\n\t<meta property=\"og:image:width\" content=\"717\" \/>\n\t<meta property=\"og:image:height\" content=\"894\" \/>\n\t<meta property=\"og:image:type\" content=\"image\/jpeg\" \/>\n<meta name=\"twitter:card\" content=\"summary_large_image\" \/>\n<meta name=\"twitter:label1\" content=\"Tahmini okuma s\u00fcresi\" \/>\n\t<meta name=\"twitter:data1\" content=\"2 dakika\" \/>\n<script type=\"application\/ld+json\" class=\"yoast-schema-graph\">{\"@context\":\"https:\/\/schema.org\",\"@graph\":[{\"@type\":\"WebPage\",\"@id\":\"https:\/\/www.alsestelekom.com\/index.php\/urun\/telesis-px24-mr7-ip-sayisal-hibrit-telefon-santrali\/\",\"url\":\"https:\/\/www.alsestelekom.com\/index.php\/urun\/telesis-px24-mr7-ip-sayisal-hibrit-telefon-santrali\/\",\"name\":\"Telesis PX24 mr7 IP Say\u0131sal Hibrit Telefon Santrali - ALSES TELEKOM\",\"isPartOf\":{\"@id\":\"https:\/\/www.alsestelekom.com\/#website\"},\"primaryImageOfPage\":{\"@id\":\"https:\/\/www.alsestelekom.com\/index.php\/urun\/telesis-px24-mr7-ip-sayisal-hibrit-telefon-santrali\/#primaryimage\"},\"image\":{\"@id\":\"https:\/\/www.alsestelekom.com\/index.php\/urun\/telesis-px24-mr7-ip-sayisal-hibrit-telefon-santrali\/#primaryimage\"},\"thumbnailUrl\":\"https:\/\/www.alsestelekom.com\/wp-content\/uploads\/2018\/06\/PX24mr6-1.jpg\",\"datePublished\":\"2018-06-23T15:19:06+00:00\",\"dateModified\":\"2018-06-23T15:25:47+00:00\",\"breadcrumb\":{\"@id\":\"https:\/\/www.alsestelekom.com\/index.php\/urun\/telesis-px24-mr7-ip-sayisal-hibrit-telefon-santrali\/#breadcrumb\"},\"inLanguage\":\"tr\",\"potentialAction\":[{\"@type\":\"ReadAction\",\"target\":[\"https:\/\/www.alsestelekom.com\/index.php\/urun\/telesis-px24-mr7-ip-sayisal-hibrit-telefon-santrali\/\"]}]},{\"@type\":\"ImageObject\",\"inLanguage\":\"tr\",\"@id\":\"https:\/\/www.alsestelekom.com\/index.php\/urun\/telesis-px24-mr7-ip-sayisal-hibrit-telefon-santrali\/#primaryimage\",\"url\":\"https:\/\/www.alsestelekom.com\/wp-content\/uploads\/2018\/06\/PX24mr6-1.jpg\",\"contentUrl\":\"https:\/\/www.alsestelekom.com\/wp-content\/uploads\/2018\/06\/PX24mr6-1.jpg\",\"width\":717,\"height\":894},{\"@type\":\"BreadcrumbList\",\"@id\":\"https:\/\/www.alsestelekom.com\/index.php\/urun\/telesis-px24-mr7-ip-sayisal-hibrit-telefon-santrali\/#breadcrumb\",\"itemListElement\":[{\"@type\":\"ListItem\",\"position\":1,\"name\":\"Ana sayfa\",\"item\":\"https:\/\/www.alsestelekom.com\/\"},{\"@type\":\"ListItem\",\"position\":2,\"name\":\"Ma\u011faza\",\"item\":\"https:\/\/www.alsestelekom.com\/index.php\/magaza\/\"},{\"@type\":\"ListItem\",\"position\":3,\"name\":\"Telesis PX24 mr7 IP Say\u0131sal Hibrit Telefon Santrali\"}]},{\"@type\":\"WebSite\",\"@id\":\"https:\/\/www.alsestelekom.com\/#website\",\"url\":\"https:\/\/www.alsestelekom.com\/\",\"name\":\"ALSES TELEKOM\",\"description\":\"Telesis Karel Kurumsal \u00c7\u00f6z\u00fcmler Destek Ortakl\u0131\u011f\u0131\",\"publisher\":{\"@id\":\"https:\/\/www.alsestelekom.com\/#organization\"},\"potentialAction\":[{\"@type\":\"SearchAction\",\"target\":{\"@type\":\"EntryPoint\",\"urlTemplate\":\"https:\/\/www.alsestelekom.com\/?s={search_term_string}\"},\"query-input\":{\"@type\":\"PropertyValueSpecification\",\"valueRequired\":true,\"valueName\":\"search_term_string\"}}],\"inLanguage\":\"tr\"},{\"@type\":\"Organization\",\"@id\":\"https:\/\/www.alsestelekom.com\/#organization\",\"name\":\"Alses Telekom\",\"url\":\"https:\/\/www.alsestelekom.com\/\",\"logo\":{\"@type\":\"ImageObject\",\"inLanguage\":\"tr\",\"@id\":\"https:\/\/www.alsestelekom.com\/#\/schema\/logo\/image\/\",\"url\":\"http:\/\/localhost\/wp\/wp-content\/uploads\/2019\/07\/logos.png\",\"contentUrl\":\"http:\/\/localhost\/wp\/wp-content\/uploads\/2019\/07\/logos.png\",\"width\":475,\"height\":133,\"caption\":\"Alses Telekom\"},\"image\":{\"@id\":\"https:\/\/www.alsestelekom.com\/#\/schema\/logo\/image\/\"},\"sameAs\":[\"https:\/\/www.facebook.com\/alsestelekomhaberlesme\/\",\"https:\/\/www.instagram.com\/alsestelekom\/\"]}]}<\/script>\n<!-- \/ Yoast SEO plugin. -->","yoast_head_json":{"title":"Telesis PX24 mr7 IP Say\u0131sal Hibrit Telefon Santrali - ALSES TELEKOM","robots":{"index":"index","follow":"follow","max-snippet":"max-snippet:-1","max-image-preview":"max-image-preview:large","max-video-preview":"max-video-preview:-1"},"canonical":"https:\/\/www.alsestelekom.com\/index.php\/urun\/telesis-px24-mr7-ip-sayisal-hibrit-telefon-santrali\/","og_locale":"tr_TR","og_type":"article","og_title":"Telesis PX24 mr7 IP Say\u0131sal Hibrit Telefon Santrali - ALSES TELEKOM","og_description":"Telesis PX24 mr7 IP Say\u0131sal Hibrit Telefon Santral\u0131, ba\u015flang\u0131\u00e7 olarak 4 d\u0131\u015f, 8 analog i\u00e7, 2 say\u0131sal i\u00e7, 1 kanal WebPhone kapasitesine ilave 160 adet SIP IP port deste\u011fi, 2 adet harici kontrol r\u00f6lesi, terminaller, gateway`ler, gatekeeper`lar, VoIP \u00e7a\u011fr\u0131lar\u0131 i\u00e7in registrar`lar, analog telefonlar ve fakslar, Telesis xSIP protokol deste\u011fi ile T\u00fcrkiye\u2019nin ve d\u00fcnyan\u0131n pek \u00e7ok [&hellip;]","og_url":"https:\/\/www.alsestelekom.com\/index.php\/urun\/telesis-px24-mr7-ip-sayisal-hibrit-telefon-santrali\/","og_site_name":"ALSES TELEKOM","article_publisher":"https:\/\/www.facebook.com\/alsestelekomhaberlesme\/","article_modified_time":"2018-06-23T15:25:47+00:00","og_image":[{"width":717,"height":894,"url":"https:\/\/www.alsestelekom.com\/wp-content\/uploads\/2018\/06\/PX24mr6-1.jpg","type":"image\/jpeg"}],"twitter_card":"summary_large_image","twitter_misc":{"Tahmini okuma s\u00fcresi":"2 dakika"},"schema":{"@context":"https:\/\/schema.org","@graph":[{"@type":"WebPage","@id":"https:\/\/www.alsestelekom.com\/index.php\/urun\/telesis-px24-mr7-ip-sayisal-hibrit-telefon-santrali\/","url":"https:\/\/www.alsestelekom.com\/index.php\/urun\/telesis-px24-mr7-ip-sayisal-hibrit-telefon-santrali\/","name":"Telesis PX24 mr7 IP Say\u0131sal Hibrit Telefon Santrali - ALSES TELEKOM","isPartOf":{"@id":"https:\/\/www.alsestelekom.com\/#website"},"primaryImageOfPage":{"@id":"https:\/\/www.alsestelekom.com\/index.php\/urun\/telesis-px24-mr7-ip-sayisal-hibrit-telefon-santrali\/#primaryimage"},"image":{"@id":"https:\/\/www.alsestelekom.com\/index.php\/urun\/telesis-px24-mr7-ip-sayisal-hibrit-telefon-santrali\/#primaryimage"},"thumbnailUrl":"https:\/\/www.alsestelekom.com\/wp-content\/uploads\/2018\/06\/PX24mr6-1.jpg","datePublished":"2018-06-23T15:19:06+00:00","dateModified":"2018-06-23T15:25:47+00:00","breadcrumb":{"@id":"https:\/\/www.alsestelekom.com\/index.php\/urun\/telesis-px24-mr7-ip-sayisal-hibrit-telefon-santrali\/#breadcrumb"},"inLanguage":"tr","potentialAction":[{"@type":"ReadAction","target":["https:\/\/www.alsestelekom.com\/index.php\/urun\/telesis-px24-mr7-ip-sayisal-hibrit-telefon-santrali\/"]}]},{"@type":"ImageObject","inLanguage":"tr","@id":"https:\/\/www.alsestelekom.com\/index.php\/urun\/telesis-px24-mr7-ip-sayisal-hibrit-telefon-santrali\/#primaryimage","url":"https:\/\/www.alsestelekom.com\/wp-content\/uploads\/2018\/06\/PX24mr6-1.jpg","contentUrl":"https:\/\/www.alsestelekom.com\/wp-content\/uploads\/2018\/06\/PX24mr6-1.jpg","width":717,"height":894},{"@type":"BreadcrumbList","@id":"https:\/\/www.alsestelekom.com\/index.php\/urun\/telesis-px24-mr7-ip-sayisal-hibrit-telefon-santrali\/#breadcrumb","itemListElement":[{"@type":"ListItem","position":1,"name":"Ana sayfa","item":"https:\/\/www.alsestelekom.com\/"},{"@type":"ListItem","position":2,"name":"Ma\u011faza","item":"https:\/\/www.alsestelekom.com\/index.php\/magaza\/"},{"@type":"ListItem","position":3,"name":"Telesis PX24 mr7 IP Say\u0131sal Hibrit Telefon Santrali"}]},{"@type":"WebSite","@id":"https:\/\/www.alsestelekom.com\/#website","url":"https:\/\/www.alsestelekom.com\/","name":"ALSES TELEKOM","description":"Telesis Karel Kurumsal \u00c7\u00f6z\u00fcmler Destek Ortakl\u0131\u011f\u0131","publisher":{"@id":"https:\/\/www.alsestelekom.com\/#organization"},"potentialAction":[{"@type":"SearchAction","target":{"@type":"EntryPoint","urlTemplate":"https:\/\/www.alsestelekom.com\/?s={search_term_string}"},"query-input":{"@type":"PropertyValueSpecification","valueRequired":true,"valueName":"search_term_string"}}],"inLanguage":"tr"},{"@type":"Organization","@id":"https:\/\/www.alsestelekom.com\/#organization","name":"Alses Telekom","url":"https:\/\/www.alsestelekom.com\/","logo":{"@type":"ImageObject","inLanguage":"tr","@id":"https:\/\/www.alsestelekom.com\/#\/schema\/logo\/image\/","url":"http:\/\/localhost\/wp\/wp-content\/uploads\/2019\/07\/logos.png","contentUrl":"http:\/\/localhost\/wp\/wp-content\/uploads\/2019\/07\/logos.png","width":475,"height":133,"caption":"Alses Telekom"},"image":{"@id":"https:\/\/www.alsestelekom.com\/#\/schema\/logo\/image\/"},"sameAs":["https:\/\/www.facebook.com\/alsestelekomhaberlesme\/","https:\/\/www.instagram.com\/alsestelekom\/"]}]}},"_links":{"self":[{"href":"https:\/\/www.alsestelekom.com\/index.php\/wp-json\/wp\/v2\/product\/125","targetHints":{"allow":["GET"]}}],"collection":[{"href":"https:\/\/www.alsestelekom.com\/index.php\/wp-json\/wp\/v2\/product"}],"about":[{"href":"https:\/\/www.alsestelekom.com\/index.php\/wp-json\/wp\/v2\/types\/product"}],"replies":[{"embeddable":true,"href":"https:\/\/www.alsestelekom.com\/index.php\/wp-json\/wp\/v2\/comments?post=125"}],"wp:featuredmedia":[{"embeddable":true,"href":"https:\/\/www.alsestelekom.com\/index.php\/wp-json\/wp\/v2\/media\/126"}],"wp:attachment":[{"href":"https:\/\/www.alsestelekom.com\/index.php\/wp-json\/wp\/v2\/media?parent=125"}],"wp:term":[{"taxonomy":"product_brand","embeddable":true,"href":"https:\/\/www.alsestelekom.com\/index.php\/wp-json\/wp\/v2\/product_brand?post=125"},{"taxonomy":"product_cat","embeddable":true,"href":"https:\/\/www.alsestelekom.com\/index.php\/wp-json\/wp\/v2\/product_cat?post=125"},{"taxonomy":"product_tag","embeddable":true,"href":"https:\/\/www.alsestelekom.com\/index.php\/wp-json\/wp\/v2\/product_tag?post=125"}],"curies":[{"name":"wp","href":"https:\/\/api.w.org\/{rel}","templated":true}]}}