{"id":216,"date":"2018-07-01T15:16:41","date_gmt":"2018-07-01T12:16:41","guid":{"rendered":"http:\/\/localhost\/wp\/?post_type=product&#038;p=216"},"modified":"2018-07-01T15:18:09","modified_gmt":"2018-07-01T12:18:09","slug":"karel-ms48-serisi-telefon-santrallari","status":"publish","type":"product","link":"https:\/\/www.alsestelekom.com\/index.php\/urun\/karel-ms48-serisi-telefon-santrallari\/","title":{"rendered":"Karel MS48 Serisi Telefon Santrallar\u0131"},"content":{"rendered":"<p>MS48 telefon santral serisi, k&uuml;&ccedil;&uuml;k ve orta &ouml;l&ccedil;ekli, b&uuml;y&uuml;mekte olan &#351;irketler i&ccedil;in, farkl&#305; kapasite se&ccedil;enekleri ve modeller sunan, mod&uuml;ler telefon santral&#305;d&#305;r.&nbsp;IP modeli ile ihtiya&ccedil;lara cevap veren kapasite ve mobilite se&ccedil;enekleri sunar.<\/p>\n<p><u><strong>Modelleri:<\/strong><\/u><\/p>\n<p><strong>MS48S<\/strong><\/p>\n<ul>\n<li>100&rsquo;&uuml;n &uuml;zerinde programlanabilir kullan&#305;m &ouml;zelli&#287;i<\/li>\n<li>Mod&uuml;ler geni&#351;leme ve &ouml;zellik ekleyebilme<\/li>\n<li>Servis ve bak&#305;m hizmetlerinde uzaktan programlama kolayl&#305;&#287;&#305;<\/li>\n<li>Operat&ouml;r se&ccedil;enek arama (LCR) ile ekonomik ileti&#351;im<\/li>\n<li>&Ouml;zel telefon setleri ile standart telefonlar kullanabilme<\/li>\n<li>Otomatik faks y&ouml;nlendirme<\/li>\n<li>Kap&#305; a&ccedil;ma r&ouml;lesi ve diyafon ba&#287;lant&#305;s&#305;<\/li>\n<li>Ak&uuml; ba&#287;lant&#305;s&#305;<\/li>\n<li>Polarite de&#287;i&#351;ikli&#287;i ve &uuml;cretlendirme sinyali alg&#305;lama &ouml;zelli&#287;i<\/li>\n<\/ul>\n<p><strong>MS48C<\/strong><br>\nMS48S modelinin &ouml;zelliklerine ek olarak:<\/p>\n<ul>\n<li>T&uuml;rk Telekom&rsquo;un destekledi&#287;i hatlarda arayan&#305;n numaras&#305;n&#305; veya ismini &ccedil;a&#287;r&#305; tan&#305;y&#305;c&#305;l&#305; (CID) telefondan g&ouml;r&uuml;nt&uuml;leyebilme<\/li>\n<li>Sabit hattan, uyumlu telefonlarla k&#305;sa mesaj (SMS) g&ouml;nderme\/alma<\/li>\n<\/ul>\n<p><strong>MS48IP<\/strong><br>\nMS48S ve MS48C modellerinin &ouml;zelliklerine ek olarak:<\/p>\n<ul>\n<li>&#304;nternet olan her yerden her an santral abonesi olarak i&#351; telefonunu kullanabilme<\/li>\n<li>Ba&#351;lang&#305;&ccedil;ta 4 d&#305;&#351; hat &ndash; 12 dahili abone + 4 IP d&#305;&#351; hat\/8 IP abone destekleyen sistem, 4 -12 d&#305;&#351; hat; 12- 40 dahili abone + 12 IP d&#305;&#351; hat\/24 IP abone kapasite se&ccedil;ene&#287;i ile gereksinime g&ouml;re geni&#351;leyebilme<\/li>\n<li>G&ouml;r&uuml;nt&uuml;l&uuml; g&ouml;r&uuml;&#351;me deste&#287;i<\/li>\n<li>Multimedya ileti&#351;im<\/li>\n<li>&#304;leti&#351;imde tasarruf ve verimlilik<\/li>\n<li>IP telefon, yaz&#305;l&#305;m tabanl&#305; telefon, VoIP uyumlu GSM telefonlar kullanarak mobil ileti&#351;im<\/li>\n<li>Mekandan ba&#287;&#305;ms&#305;z haberle&#351;me deste&#287;i ile &ccedil;al&#305;&#351;ma hayat&#305;nda hareket &ouml;zg&uuml;rl&uuml;&#287;&uuml;<\/li>\n<li>Durum bilgisi, anl&#305;k mesajla&#351;ma deste&#287;i<\/li>\n<li>G&uuml;venlik duvar&#305; (Firewall) ile sistem g&uuml;venli&#287;i<\/li>\n<li>Konu&#351;ma g&uuml;venli&#287;i (sRTP\/TLS IP kriptolama) ile g&uuml;venli ses ileti&#351;imi<\/li>\n<li>QoS deste&#287;i ile IP g&ouml;r&uuml;&#351;melerde y&uuml;ksek ses kalitesi<\/li>\n<li>Sesli mesajlar&#305;n e-posta ile payla&#351;&#305;m&#305;<\/li>\n<li>Karelport FrEN &ccedil;&ouml;z&uuml;m&uuml; ile her t&uuml;rl&uuml; bili&#351;im sald&#305;r&#305;s&#305;na kar&#351;&#305; g&uuml;venli ileti&#351;im<\/li>\n<li>Karel Mobil uygulamas&#305; ile GSM telefonlardan santral abonesi olarak dahili numara ile g&ouml;r&uuml;&#351;ebilme<\/li>\n<li>Birden fazla MS48IP i&ccedil;in tek numara plan&#305;<\/li>\n<\/ul>\n","protected":false},"excerpt":{"rendered":"<p>Ba\u015flang\u0131\u00e7ta 4 d\u0131\u015f hat \/ 12 dahili kullan\u0131c\u0131 destekleyen sistem,<br \/>\n4 -12 d\u0131\u015f hat; 12- 40 dahili abone kapasite se\u00e7ene\u011fi ile\u00a0geni\u015fleyebilmektedir.<\/p>\n","protected":false},"featured_media":217,"comment_status":"closed","ping_status":"closed","template":"","meta":[],"product_brand":[],"product_cat":[17],"product_tag":[72,57,31,62,60,69,70,58,28,59,65,64,53,71,55,54,74,63,61,77,67,76,75,66,30,27,56,68,73],"class_list":{"0":"post-216","1":"product","2":"type-product","3":"status-publish","4":"has-post-thumbnail","6":"product_cat-analog-santraller","7":"product_tag-adsl-fiber","8":"product_tag-alcatel-santral-servisi","9":"product_tag-alses-telekom","10":"product_tag-bagcilar-santral-servisi","11":"product_tag-bulut-santral","12":"product_tag-gigaset-dect","13":"product_tag-gigaset-telsiz","14":"product_tag-ip-dect-sistemleri","15":"product_tag-ip-santral","16":"product_tag-ip-sistemler","17":"product_tag-ip-telefon","18":"product_tag-istanbul-santralci","19":"product_tag-istoc-santral-servisi","20":"product_tag-kablosuz-internet","21":"product_tag-karel-santral","22":"product_tag-karel-santral-servisi","23":"product_tag-kurumsal-cozumler","24":"product_tag-mahmutbey-santral-servisi","25":"product_tag-sanal-santral","26":"product_tag-santral-kurulumu","27":"product_tag-siemens-dect","28":"product_tag-teknik-servis","29":"product_tag-telesis-marmara-bolge-servisi","30":"product_tag-telesis-mr7-santral","31":"product_tag-telesis-nano","32":"product_tag-telesis-santral","33":"product_tag-telesis-santral-servisi","34":"product_tag-telsiz-telefon","35":"product_tag-yapisal-kablolama","37":"first","38":"instock","39":"taxable","40":"shipping-taxable","41":"product-type-simple"},"yoast_head":"<!-- This site is optimized with the Yoast SEO plugin v26.6 - https:\/\/yoast.com\/wordpress\/plugins\/seo\/ -->\n<title>Karel MS48 Serisi Telefon Santrallar\u0131 - ALSES TELEKOM<\/title>\n<meta name=\"robots\" content=\"index, follow, max-snippet:-1, max-image-preview:large, max-video-preview:-1\" \/>\n<link rel=\"canonical\" href=\"https:\/\/www.alsestelekom.com\/index.php\/urun\/karel-ms48-serisi-telefon-santrallari\/\" \/>\n<meta property=\"og:locale\" content=\"tr_TR\" \/>\n<meta property=\"og:type\" content=\"article\" \/>\n<meta property=\"og:title\" content=\"Karel MS48 Serisi Telefon Santrallar\u0131 - ALSES TELEKOM\" \/>\n<meta property=\"og:description\" content=\"Ba\u015flang\u0131\u00e7ta 4 d\u0131\u015f hat \/ 12 dahili kullan\u0131c\u0131 destekleyen sistem, 4 -12 d\u0131\u015f hat; 12- 40 dahili abone kapasite se\u00e7ene\u011fi ile\u00a0geni\u015fleyebilmektedir.\" \/>\n<meta property=\"og:url\" content=\"https:\/\/www.alsestelekom.com\/index.php\/urun\/karel-ms48-serisi-telefon-santrallari\/\" \/>\n<meta property=\"og:site_name\" content=\"ALSES TELEKOM\" \/>\n<meta property=\"article:publisher\" content=\"https:\/\/www.facebook.com\/alsestelekomhaberlesme\/\" \/>\n<meta property=\"article:modified_time\" content=\"2018-07-01T12:18:09+00:00\" \/>\n<meta property=\"og:image\" content=\"https:\/\/www.alsestelekom.com\/wp-content\/uploads\/2018\/07\/ms48ip_02_webopt_0.jpg\" \/>\n\t<meta property=\"og:image:width\" content=\"600\" \/>\n\t<meta property=\"og:image:height\" content=\"400\" \/>\n\t<meta property=\"og:image:type\" content=\"image\/jpeg\" \/>\n<meta name=\"twitter:card\" content=\"summary_large_image\" \/>\n<meta name=\"twitter:label1\" content=\"Tahmini okuma s\u00fcresi\" \/>\n\t<meta name=\"twitter:data1\" content=\"2 dakika\" \/>\n<script type=\"application\/ld+json\" class=\"yoast-schema-graph\">{\"@context\":\"https:\/\/schema.org\",\"@graph\":[{\"@type\":\"WebPage\",\"@id\":\"https:\/\/www.alsestelekom.com\/index.php\/urun\/karel-ms48-serisi-telefon-santrallari\/\",\"url\":\"https:\/\/www.alsestelekom.com\/index.php\/urun\/karel-ms48-serisi-telefon-santrallari\/\",\"name\":\"Karel MS48 Serisi Telefon Santrallar\u0131 - ALSES TELEKOM\",\"isPartOf\":{\"@id\":\"https:\/\/www.alsestelekom.com\/#website\"},\"primaryImageOfPage\":{\"@id\":\"https:\/\/www.alsestelekom.com\/index.php\/urun\/karel-ms48-serisi-telefon-santrallari\/#primaryimage\"},\"image\":{\"@id\":\"https:\/\/www.alsestelekom.com\/index.php\/urun\/karel-ms48-serisi-telefon-santrallari\/#primaryimage\"},\"thumbnailUrl\":\"https:\/\/www.alsestelekom.com\/wp-content\/uploads\/2018\/07\/ms48ip_02_webopt_0.jpg\",\"datePublished\":\"2018-07-01T12:16:41+00:00\",\"dateModified\":\"2018-07-01T12:18:09+00:00\",\"breadcrumb\":{\"@id\":\"https:\/\/www.alsestelekom.com\/index.php\/urun\/karel-ms48-serisi-telefon-santrallari\/#breadcrumb\"},\"inLanguage\":\"tr\",\"potentialAction\":[{\"@type\":\"ReadAction\",\"target\":[\"https:\/\/www.alsestelekom.com\/index.php\/urun\/karel-ms48-serisi-telefon-santrallari\/\"]}]},{\"@type\":\"ImageObject\",\"inLanguage\":\"tr\",\"@id\":\"https:\/\/www.alsestelekom.com\/index.php\/urun\/karel-ms48-serisi-telefon-santrallari\/#primaryimage\",\"url\":\"https:\/\/www.alsestelekom.com\/wp-content\/uploads\/2018\/07\/ms48ip_02_webopt_0.jpg\",\"contentUrl\":\"https:\/\/www.alsestelekom.com\/wp-content\/uploads\/2018\/07\/ms48ip_02_webopt_0.jpg\",\"width\":600,\"height\":400},{\"@type\":\"BreadcrumbList\",\"@id\":\"https:\/\/www.alsestelekom.com\/index.php\/urun\/karel-ms48-serisi-telefon-santrallari\/#breadcrumb\",\"itemListElement\":[{\"@type\":\"ListItem\",\"position\":1,\"name\":\"Ana sayfa\",\"item\":\"https:\/\/www.alsestelekom.com\/\"},{\"@type\":\"ListItem\",\"position\":2,\"name\":\"Ma\u011faza\",\"item\":\"https:\/\/www.alsestelekom.com\/index.php\/magaza\/\"},{\"@type\":\"ListItem\",\"position\":3,\"name\":\"Karel MS48 Serisi Telefon Santrallar\u0131\"}]},{\"@type\":\"WebSite\",\"@id\":\"https:\/\/www.alsestelekom.com\/#website\",\"url\":\"https:\/\/www.alsestelekom.com\/\",\"name\":\"ALSES TELEKOM\",\"description\":\"Telesis Karel Kurumsal \u00c7\u00f6z\u00fcmler Destek Ortakl\u0131\u011f\u0131\",\"publisher\":{\"@id\":\"https:\/\/www.alsestelekom.com\/#organization\"},\"potentialAction\":[{\"@type\":\"SearchAction\",\"target\":{\"@type\":\"EntryPoint\",\"urlTemplate\":\"https:\/\/www.alsestelekom.com\/?s={search_term_string}\"},\"query-input\":{\"@type\":\"PropertyValueSpecification\",\"valueRequired\":true,\"valueName\":\"search_term_string\"}}],\"inLanguage\":\"tr\"},{\"@type\":\"Organization\",\"@id\":\"https:\/\/www.alsestelekom.com\/#organization\",\"name\":\"Alses Telekom\",\"url\":\"https:\/\/www.alsestelekom.com\/\",\"logo\":{\"@type\":\"ImageObject\",\"inLanguage\":\"tr\",\"@id\":\"https:\/\/www.alsestelekom.com\/#\/schema\/logo\/image\/\",\"url\":\"http:\/\/localhost\/wp\/wp-content\/uploads\/2019\/07\/logos.png\",\"contentUrl\":\"http:\/\/localhost\/wp\/wp-content\/uploads\/2019\/07\/logos.png\",\"width\":475,\"height\":133,\"caption\":\"Alses Telekom\"},\"image\":{\"@id\":\"https:\/\/www.alsestelekom.com\/#\/schema\/logo\/image\/\"},\"sameAs\":[\"https:\/\/www.facebook.com\/alsestelekomhaberlesme\/\",\"https:\/\/www.instagram.com\/alsestelekom\/\"]}]}<\/script>\n<!-- \/ Yoast SEO plugin. -->","yoast_head_json":{"title":"Karel MS48 Serisi Telefon Santrallar\u0131 - ALSES TELEKOM","robots":{"index":"index","follow":"follow","max-snippet":"max-snippet:-1","max-image-preview":"max-image-preview:large","max-video-preview":"max-video-preview:-1"},"canonical":"https:\/\/www.alsestelekom.com\/index.php\/urun\/karel-ms48-serisi-telefon-santrallari\/","og_locale":"tr_TR","og_type":"article","og_title":"Karel MS48 Serisi Telefon Santrallar\u0131 - ALSES TELEKOM","og_description":"Ba\u015flang\u0131\u00e7ta 4 d\u0131\u015f hat \/ 12 dahili kullan\u0131c\u0131 destekleyen sistem, 4 -12 d\u0131\u015f hat; 12- 40 dahili abone kapasite se\u00e7ene\u011fi ile\u00a0geni\u015fleyebilmektedir.","og_url":"https:\/\/www.alsestelekom.com\/index.php\/urun\/karel-ms48-serisi-telefon-santrallari\/","og_site_name":"ALSES TELEKOM","article_publisher":"https:\/\/www.facebook.com\/alsestelekomhaberlesme\/","article_modified_time":"2018-07-01T12:18:09+00:00","og_image":[{"width":600,"height":400,"url":"https:\/\/www.alsestelekom.com\/wp-content\/uploads\/2018\/07\/ms48ip_02_webopt_0.jpg","type":"image\/jpeg"}],"twitter_card":"summary_large_image","twitter_misc":{"Tahmini okuma s\u00fcresi":"2 dakika"},"schema":{"@context":"https:\/\/schema.org","@graph":[{"@type":"WebPage","@id":"https:\/\/www.alsestelekom.com\/index.php\/urun\/karel-ms48-serisi-telefon-santrallari\/","url":"https:\/\/www.alsestelekom.com\/index.php\/urun\/karel-ms48-serisi-telefon-santrallari\/","name":"Karel MS48 Serisi Telefon Santrallar\u0131 - ALSES TELEKOM","isPartOf":{"@id":"https:\/\/www.alsestelekom.com\/#website"},"primaryImageOfPage":{"@id":"https:\/\/www.alsestelekom.com\/index.php\/urun\/karel-ms48-serisi-telefon-santrallari\/#primaryimage"},"image":{"@id":"https:\/\/www.alsestelekom.com\/index.php\/urun\/karel-ms48-serisi-telefon-santrallari\/#primaryimage"},"thumbnailUrl":"https:\/\/www.alsestelekom.com\/wp-content\/uploads\/2018\/07\/ms48ip_02_webopt_0.jpg","datePublished":"2018-07-01T12:16:41+00:00","dateModified":"2018-07-01T12:18:09+00:00","breadcrumb":{"@id":"https:\/\/www.alsestelekom.com\/index.php\/urun\/karel-ms48-serisi-telefon-santrallari\/#breadcrumb"},"inLanguage":"tr","potentialAction":[{"@type":"ReadAction","target":["https:\/\/www.alsestelekom.com\/index.php\/urun\/karel-ms48-serisi-telefon-santrallari\/"]}]},{"@type":"ImageObject","inLanguage":"tr","@id":"https:\/\/www.alsestelekom.com\/index.php\/urun\/karel-ms48-serisi-telefon-santrallari\/#primaryimage","url":"https:\/\/www.alsestelekom.com\/wp-content\/uploads\/2018\/07\/ms48ip_02_webopt_0.jpg","contentUrl":"https:\/\/www.alsestelekom.com\/wp-content\/uploads\/2018\/07\/ms48ip_02_webopt_0.jpg","width":600,"height":400},{"@type":"BreadcrumbList","@id":"https:\/\/www.alsestelekom.com\/index.php\/urun\/karel-ms48-serisi-telefon-santrallari\/#breadcrumb","itemListElement":[{"@type":"ListItem","position":1,"name":"Ana sayfa","item":"https:\/\/www.alsestelekom.com\/"},{"@type":"ListItem","position":2,"name":"Ma\u011faza","item":"https:\/\/www.alsestelekom.com\/index.php\/magaza\/"},{"@type":"ListItem","position":3,"name":"Karel MS48 Serisi Telefon Santrallar\u0131"}]},{"@type":"WebSite","@id":"https:\/\/www.alsestelekom.com\/#website","url":"https:\/\/www.alsestelekom.com\/","name":"ALSES TELEKOM","description":"Telesis Karel Kurumsal \u00c7\u00f6z\u00fcmler Destek Ortakl\u0131\u011f\u0131","publisher":{"@id":"https:\/\/www.alsestelekom.com\/#organization"},"potentialAction":[{"@type":"SearchAction","target":{"@type":"EntryPoint","urlTemplate":"https:\/\/www.alsestelekom.com\/?s={search_term_string}"},"query-input":{"@type":"PropertyValueSpecification","valueRequired":true,"valueName":"search_term_string"}}],"inLanguage":"tr"},{"@type":"Organization","@id":"https:\/\/www.alsestelekom.com\/#organization","name":"Alses Telekom","url":"https:\/\/www.alsestelekom.com\/","logo":{"@type":"ImageObject","inLanguage":"tr","@id":"https:\/\/www.alsestelekom.com\/#\/schema\/logo\/image\/","url":"http:\/\/localhost\/wp\/wp-content\/uploads\/2019\/07\/logos.png","contentUrl":"http:\/\/localhost\/wp\/wp-content\/uploads\/2019\/07\/logos.png","width":475,"height":133,"caption":"Alses Telekom"},"image":{"@id":"https:\/\/www.alsestelekom.com\/#\/schema\/logo\/image\/"},"sameAs":["https:\/\/www.facebook.com\/alsestelekomhaberlesme\/","https:\/\/www.instagram.com\/alsestelekom\/"]}]}},"_links":{"self":[{"href":"https:\/\/www.alsestelekom.com\/index.php\/wp-json\/wp\/v2\/product\/216","targetHints":{"allow":["GET"]}}],"collection":[{"href":"https:\/\/www.alsestelekom.com\/index.php\/wp-json\/wp\/v2\/product"}],"about":[{"href":"https:\/\/www.alsestelekom.com\/index.php\/wp-json\/wp\/v2\/types\/product"}],"replies":[{"embeddable":true,"href":"https:\/\/www.alsestelekom.com\/index.php\/wp-json\/wp\/v2\/comments?post=216"}],"wp:featuredmedia":[{"embeddable":true,"href":"https:\/\/www.alsestelekom.com\/index.php\/wp-json\/wp\/v2\/media\/217"}],"wp:attachment":[{"href":"https:\/\/www.alsestelekom.com\/index.php\/wp-json\/wp\/v2\/media?parent=216"}],"wp:term":[{"taxonomy":"product_brand","embeddable":true,"href":"https:\/\/www.alsestelekom.com\/index.php\/wp-json\/wp\/v2\/product_brand?post=216"},{"taxonomy":"product_cat","embeddable":true,"href":"https:\/\/www.alsestelekom.com\/index.php\/wp-json\/wp\/v2\/product_cat?post=216"},{"taxonomy":"product_tag","embeddable":true,"href":"https:\/\/www.alsestelekom.com\/index.php\/wp-json\/wp\/v2\/product_tag?post=216"}],"curies":[{"name":"wp","href":"https:\/\/api.w.org\/{rel}","templated":true}]}}