{"id":220,"date":"2018-07-01T15:29:38","date_gmt":"2018-07-01T12:29:38","guid":{"rendered":"http:\/\/localhost\/wp\/?post_type=product&#038;p=220"},"modified":"2018-07-01T15:29:38","modified_gmt":"2018-07-01T12:29:38","slug":"karel-ms26-serisi-telefon-santrallari","status":"publish","type":"product","link":"https:\/\/www.alsestelekom.com\/index.php\/urun\/karel-ms26-serisi-telefon-santrallari\/","title":{"rendered":"Karel MS26 Serisi Telefon Santrallar\u0131"},"content":{"rendered":"<p><strong>MS26IP<\/strong><br>\nSantralla birlikte bedelsiz sunulan &ouml;zellikler;<\/p>\n<ul>\n<li>IP d&#305;&#351; hat ve IP aboneler<\/li>\n<li>Ses kay&#305;t sistemi<\/li>\n<li>Otomatik kar&#351;&#305;lama ve sesli mesaj<\/li>\n<li>Sesli mesajlar&#305;n ve ses kay&#305;tlar&#305;n&#305;n e-posta ile g&ouml;nderimi<\/li>\n<\/ul>\n<p><strong>MS26C<\/strong><\/p>\n<ul>\n<li>Arayan&#305;n numaras&#305;n&#305; veya ismini &ccedil;a&#287;r&#305; tan&#305;y&#305;c&#305;l&#305; (Caller ID) telefondan g&ouml;r&uuml;nt&uuml;leyebilme. (T&uuml;rk Telekom&rsquo;un destekledi&#287;i hatlarda)<\/li>\n<li>Sabit hattan, uyumlu telefonlara k&#305;sa mesaj (SMS) g&ouml;nderme\/alma. (T&uuml;rk Telekom&rsquo;un destekledi&#287;i hatlarda)<\/li>\n<li>En ucuz tarifeye y&ouml;nlendirme (LCR)<\/li>\n<li>Robot operat&ouml;r ve sesli mesaj kutusu ile telefon operat&ouml;r&uuml;n&uuml; me&#351;gul etmeden abonelere do&#287;rudan ula&#351;ma ve mesaj b&#305;rakabilme (opsiyonel)<\/li>\n<li>Net-CM raporlama yaz&#305;l&#305;m&#305; ile telefon trafi&#287;inin &uuml;cret ve s&uuml;relerine ili&#351;kin bilgilerin bilgisayar monit&ouml;r&uuml;nden takibi sayesinde, daha verimli ve ekonomik haberle&#351;me (opsiyonel)<\/li>\n<li>Net-Konsol (CTI) yaz&#305;l&#305;m&#305; ile kullan&#305;c&#305;n&#305;n telefon &uuml;zerinden numara tu&#351;layarak yapt&#305;&#287;&#305; i&#351;lemleri bilgisayar ekran&#305;ndan da izleyebilmesiyle bir&ccedil;ok santral &ouml;zelli&#287;inin h&#305;zl&#305; ve etkin kullan&#305;m&#305; (opsiyonel)<\/li>\n<li>Diyafon ba&#287;lant&#305; &uuml;nitesi ile i&#351;yerindeki t&uuml;m telefonlardan d&#305;&#351; kap&#305; ile g&ouml;r&uuml;&#351;ebilme ve telefonu tu&#351;layarak kap&#305; a&ccedil;abilme (opsiyonel)<\/li>\n<li>&Ouml;zel telefon seti ile santral&#305;n zengin &ouml;zelliklerini tek bir tu&#351;la kullanabilme (opsiyonel)<\/li>\n<li>Elektrik kesintilerinden etkilenmemesi i&ccedil;in ak&uuml; ba&#287;lant&#305;s&#305; sa&#287;layabilme<\/li>\n<\/ul>\n<p><strong>MS26S ve MS26C Ortak &Ouml;zellikleri<\/strong><\/p>\n<ul>\n<li>100&rsquo;&uuml;n &uuml;zerinde programlanabilir kullan&#305;m &ouml;zelli&#287;i<\/li>\n<li>Servis ve bak&#305;m hizmetlerinde uzaktan programlama kolayl&#305;&#287;&#305;<\/li>\n<li>&Ouml;zel telefon setleri ve standart telefonlarla uyumlu kullan&#305;m<\/li>\n<li>Otomatik faks y&ouml;nlendirme<\/li>\n<li>Kap&#305; a&ccedil;ma r&ouml;lesi ve diyafon ba&#287;lant&#305;s&#305;<\/li>\n<li>Polarize de&#287;i&#351;ikli&#287;ini ve &uuml;cretlendirme sinyalini alg&#305;lama &ouml;zelli&#287;i<\/li>\n<\/ul>\n","protected":false},"excerpt":{"rendered":"<div class=\"field field-name-body field-type-text-with-summary field-label-hidden\">\n<div class=\"field-items\">\n<div class=\"field-item even\">\n<p>2 d\u0131\u015f hat ve 6 dahili kullan\u0131c\u0131ya ek olarak\u00a0<strong>4 IP d\u0131\u015f hat<\/strong>\u00a0ve\u00a0<strong>24 IP abone<\/strong>\u00a0kapasitesine ula\u015fabilen telefon santrallar\u0131<\/p>\n<\/div>\n<\/div>\n<\/div>\n","protected":false},"featured_media":221,"comment_status":"closed","ping_status":"closed","template":"","meta":[],"product_brand":[],"product_cat":[17],"product_tag":[72,57,31,62,60,69,70,58,28,59,65,64,53,71,55,54,74,63,61,77,67,76,75,66,30,27,56,68,73],"class_list":{"0":"post-220","1":"product","2":"type-product","3":"status-publish","4":"has-post-thumbnail","6":"product_cat-analog-santraller","7":"product_tag-adsl-fiber","8":"product_tag-alcatel-santral-servisi","9":"product_tag-alses-telekom","10":"product_tag-bagcilar-santral-servisi","11":"product_tag-bulut-santral","12":"product_tag-gigaset-dect","13":"product_tag-gigaset-telsiz","14":"product_tag-ip-dect-sistemleri","15":"product_tag-ip-santral","16":"product_tag-ip-sistemler","17":"product_tag-ip-telefon","18":"product_tag-istanbul-santralci","19":"product_tag-istoc-santral-servisi","20":"product_tag-kablosuz-internet","21":"product_tag-karel-santral","22":"product_tag-karel-santral-servisi","23":"product_tag-kurumsal-cozumler","24":"product_tag-mahmutbey-santral-servisi","25":"product_tag-sanal-santral","26":"product_tag-santral-kurulumu","27":"product_tag-siemens-dect","28":"product_tag-teknik-servis","29":"product_tag-telesis-marmara-bolge-servisi","30":"product_tag-telesis-mr7-santral","31":"product_tag-telesis-nano","32":"product_tag-telesis-santral","33":"product_tag-telesis-santral-servisi","34":"product_tag-telsiz-telefon","35":"product_tag-yapisal-kablolama","37":"first","38":"instock","39":"taxable","40":"shipping-taxable","41":"product-type-simple"},"yoast_head":"<!-- This site is optimized with the Yoast SEO plugin v26.6 - https:\/\/yoast.com\/wordpress\/plugins\/seo\/ -->\n<title>Karel MS26 Serisi Telefon Santrallar\u0131 - ALSES TELEKOM<\/title>\n<meta name=\"robots\" content=\"index, follow, max-snippet:-1, max-image-preview:large, max-video-preview:-1\" \/>\n<link rel=\"canonical\" href=\"https:\/\/www.alsestelekom.com\/index.php\/urun\/karel-ms26-serisi-telefon-santrallari\/\" \/>\n<meta property=\"og:locale\" content=\"tr_TR\" \/>\n<meta property=\"og:type\" content=\"article\" \/>\n<meta property=\"og:title\" content=\"Karel MS26 Serisi Telefon Santrallar\u0131 - ALSES TELEKOM\" \/>\n<meta property=\"og:description\" content=\"2 d\u0131\u015f hat ve 6 dahili kullan\u0131c\u0131ya ek olarak\u00a04 IP d\u0131\u015f hat\u00a0ve\u00a024 IP abone\u00a0kapasitesine ula\u015fabilen telefon santrallar\u0131\" \/>\n<meta property=\"og:url\" content=\"https:\/\/www.alsestelekom.com\/index.php\/urun\/karel-ms26-serisi-telefon-santrallari\/\" \/>\n<meta property=\"og:site_name\" content=\"ALSES TELEKOM\" \/>\n<meta property=\"article:publisher\" content=\"https:\/\/www.facebook.com\/alsestelekomhaberlesme\/\" \/>\n<meta property=\"og:image\" content=\"https:\/\/www.alsestelekom.com\/wp-content\/uploads\/2018\/07\/ms26_0.jpg\" \/>\n\t<meta property=\"og:image:width\" content=\"600\" \/>\n\t<meta property=\"og:image:height\" content=\"400\" \/>\n\t<meta property=\"og:image:type\" content=\"image\/jpeg\" \/>\n<meta name=\"twitter:card\" content=\"summary_large_image\" \/>\n<meta name=\"twitter:label1\" content=\"Tahmini okuma s\u00fcresi\" \/>\n\t<meta name=\"twitter:data1\" content=\"1 dakika\" \/>\n<script type=\"application\/ld+json\" class=\"yoast-schema-graph\">{\"@context\":\"https:\/\/schema.org\",\"@graph\":[{\"@type\":\"WebPage\",\"@id\":\"https:\/\/www.alsestelekom.com\/index.php\/urun\/karel-ms26-serisi-telefon-santrallari\/\",\"url\":\"https:\/\/www.alsestelekom.com\/index.php\/urun\/karel-ms26-serisi-telefon-santrallari\/\",\"name\":\"Karel MS26 Serisi Telefon Santrallar\u0131 - ALSES TELEKOM\",\"isPartOf\":{\"@id\":\"https:\/\/www.alsestelekom.com\/#website\"},\"primaryImageOfPage\":{\"@id\":\"https:\/\/www.alsestelekom.com\/index.php\/urun\/karel-ms26-serisi-telefon-santrallari\/#primaryimage\"},\"image\":{\"@id\":\"https:\/\/www.alsestelekom.com\/index.php\/urun\/karel-ms26-serisi-telefon-santrallari\/#primaryimage\"},\"thumbnailUrl\":\"https:\/\/www.alsestelekom.com\/wp-content\/uploads\/2018\/07\/ms26_0.jpg\",\"datePublished\":\"2018-07-01T12:29:38+00:00\",\"breadcrumb\":{\"@id\":\"https:\/\/www.alsestelekom.com\/index.php\/urun\/karel-ms26-serisi-telefon-santrallari\/#breadcrumb\"},\"inLanguage\":\"tr\",\"potentialAction\":[{\"@type\":\"ReadAction\",\"target\":[\"https:\/\/www.alsestelekom.com\/index.php\/urun\/karel-ms26-serisi-telefon-santrallari\/\"]}]},{\"@type\":\"ImageObject\",\"inLanguage\":\"tr\",\"@id\":\"https:\/\/www.alsestelekom.com\/index.php\/urun\/karel-ms26-serisi-telefon-santrallari\/#primaryimage\",\"url\":\"https:\/\/www.alsestelekom.com\/wp-content\/uploads\/2018\/07\/ms26_0.jpg\",\"contentUrl\":\"https:\/\/www.alsestelekom.com\/wp-content\/uploads\/2018\/07\/ms26_0.jpg\",\"width\":600,\"height\":400},{\"@type\":\"BreadcrumbList\",\"@id\":\"https:\/\/www.alsestelekom.com\/index.php\/urun\/karel-ms26-serisi-telefon-santrallari\/#breadcrumb\",\"itemListElement\":[{\"@type\":\"ListItem\",\"position\":1,\"name\":\"Ana sayfa\",\"item\":\"https:\/\/www.alsestelekom.com\/\"},{\"@type\":\"ListItem\",\"position\":2,\"name\":\"Ma\u011faza\",\"item\":\"https:\/\/www.alsestelekom.com\/index.php\/magaza\/\"},{\"@type\":\"ListItem\",\"position\":3,\"name\":\"Karel MS26 Serisi Telefon Santrallar\u0131\"}]},{\"@type\":\"WebSite\",\"@id\":\"https:\/\/www.alsestelekom.com\/#website\",\"url\":\"https:\/\/www.alsestelekom.com\/\",\"name\":\"ALSES TELEKOM\",\"description\":\"Telesis Karel Kurumsal \u00c7\u00f6z\u00fcmler Destek Ortakl\u0131\u011f\u0131\",\"publisher\":{\"@id\":\"https:\/\/www.alsestelekom.com\/#organization\"},\"potentialAction\":[{\"@type\":\"SearchAction\",\"target\":{\"@type\":\"EntryPoint\",\"urlTemplate\":\"https:\/\/www.alsestelekom.com\/?s={search_term_string}\"},\"query-input\":{\"@type\":\"PropertyValueSpecification\",\"valueRequired\":true,\"valueName\":\"search_term_string\"}}],\"inLanguage\":\"tr\"},{\"@type\":\"Organization\",\"@id\":\"https:\/\/www.alsestelekom.com\/#organization\",\"name\":\"Alses Telekom\",\"url\":\"https:\/\/www.alsestelekom.com\/\",\"logo\":{\"@type\":\"ImageObject\",\"inLanguage\":\"tr\",\"@id\":\"https:\/\/www.alsestelekom.com\/#\/schema\/logo\/image\/\",\"url\":\"http:\/\/localhost\/wp\/wp-content\/uploads\/2019\/07\/logos.png\",\"contentUrl\":\"http:\/\/localhost\/wp\/wp-content\/uploads\/2019\/07\/logos.png\",\"width\":475,\"height\":133,\"caption\":\"Alses Telekom\"},\"image\":{\"@id\":\"https:\/\/www.alsestelekom.com\/#\/schema\/logo\/image\/\"},\"sameAs\":[\"https:\/\/www.facebook.com\/alsestelekomhaberlesme\/\",\"https:\/\/www.instagram.com\/alsestelekom\/\"]}]}<\/script>\n<!-- \/ Yoast SEO plugin. -->","yoast_head_json":{"title":"Karel MS26 Serisi Telefon Santrallar\u0131 - ALSES TELEKOM","robots":{"index":"index","follow":"follow","max-snippet":"max-snippet:-1","max-image-preview":"max-image-preview:large","max-video-preview":"max-video-preview:-1"},"canonical":"https:\/\/www.alsestelekom.com\/index.php\/urun\/karel-ms26-serisi-telefon-santrallari\/","og_locale":"tr_TR","og_type":"article","og_title":"Karel MS26 Serisi Telefon Santrallar\u0131 - ALSES TELEKOM","og_description":"2 d\u0131\u015f hat ve 6 dahili kullan\u0131c\u0131ya ek olarak\u00a04 IP d\u0131\u015f hat\u00a0ve\u00a024 IP abone\u00a0kapasitesine ula\u015fabilen telefon santrallar\u0131","og_url":"https:\/\/www.alsestelekom.com\/index.php\/urun\/karel-ms26-serisi-telefon-santrallari\/","og_site_name":"ALSES TELEKOM","article_publisher":"https:\/\/www.facebook.com\/alsestelekomhaberlesme\/","og_image":[{"width":600,"height":400,"url":"https:\/\/www.alsestelekom.com\/wp-content\/uploads\/2018\/07\/ms26_0.jpg","type":"image\/jpeg"}],"twitter_card":"summary_large_image","twitter_misc":{"Tahmini okuma s\u00fcresi":"1 dakika"},"schema":{"@context":"https:\/\/schema.org","@graph":[{"@type":"WebPage","@id":"https:\/\/www.alsestelekom.com\/index.php\/urun\/karel-ms26-serisi-telefon-santrallari\/","url":"https:\/\/www.alsestelekom.com\/index.php\/urun\/karel-ms26-serisi-telefon-santrallari\/","name":"Karel MS26 Serisi Telefon Santrallar\u0131 - ALSES TELEKOM","isPartOf":{"@id":"https:\/\/www.alsestelekom.com\/#website"},"primaryImageOfPage":{"@id":"https:\/\/www.alsestelekom.com\/index.php\/urun\/karel-ms26-serisi-telefon-santrallari\/#primaryimage"},"image":{"@id":"https:\/\/www.alsestelekom.com\/index.php\/urun\/karel-ms26-serisi-telefon-santrallari\/#primaryimage"},"thumbnailUrl":"https:\/\/www.alsestelekom.com\/wp-content\/uploads\/2018\/07\/ms26_0.jpg","datePublished":"2018-07-01T12:29:38+00:00","breadcrumb":{"@id":"https:\/\/www.alsestelekom.com\/index.php\/urun\/karel-ms26-serisi-telefon-santrallari\/#breadcrumb"},"inLanguage":"tr","potentialAction":[{"@type":"ReadAction","target":["https:\/\/www.alsestelekom.com\/index.php\/urun\/karel-ms26-serisi-telefon-santrallari\/"]}]},{"@type":"ImageObject","inLanguage":"tr","@id":"https:\/\/www.alsestelekom.com\/index.php\/urun\/karel-ms26-serisi-telefon-santrallari\/#primaryimage","url":"https:\/\/www.alsestelekom.com\/wp-content\/uploads\/2018\/07\/ms26_0.jpg","contentUrl":"https:\/\/www.alsestelekom.com\/wp-content\/uploads\/2018\/07\/ms26_0.jpg","width":600,"height":400},{"@type":"BreadcrumbList","@id":"https:\/\/www.alsestelekom.com\/index.php\/urun\/karel-ms26-serisi-telefon-santrallari\/#breadcrumb","itemListElement":[{"@type":"ListItem","position":1,"name":"Ana sayfa","item":"https:\/\/www.alsestelekom.com\/"},{"@type":"ListItem","position":2,"name":"Ma\u011faza","item":"https:\/\/www.alsestelekom.com\/index.php\/magaza\/"},{"@type":"ListItem","position":3,"name":"Karel MS26 Serisi Telefon Santrallar\u0131"}]},{"@type":"WebSite","@id":"https:\/\/www.alsestelekom.com\/#website","url":"https:\/\/www.alsestelekom.com\/","name":"ALSES TELEKOM","description":"Telesis Karel Kurumsal \u00c7\u00f6z\u00fcmler Destek Ortakl\u0131\u011f\u0131","publisher":{"@id":"https:\/\/www.alsestelekom.com\/#organization"},"potentialAction":[{"@type":"SearchAction","target":{"@type":"EntryPoint","urlTemplate":"https:\/\/www.alsestelekom.com\/?s={search_term_string}"},"query-input":{"@type":"PropertyValueSpecification","valueRequired":true,"valueName":"search_term_string"}}],"inLanguage":"tr"},{"@type":"Organization","@id":"https:\/\/www.alsestelekom.com\/#organization","name":"Alses Telekom","url":"https:\/\/www.alsestelekom.com\/","logo":{"@type":"ImageObject","inLanguage":"tr","@id":"https:\/\/www.alsestelekom.com\/#\/schema\/logo\/image\/","url":"http:\/\/localhost\/wp\/wp-content\/uploads\/2019\/07\/logos.png","contentUrl":"http:\/\/localhost\/wp\/wp-content\/uploads\/2019\/07\/logos.png","width":475,"height":133,"caption":"Alses Telekom"},"image":{"@id":"https:\/\/www.alsestelekom.com\/#\/schema\/logo\/image\/"},"sameAs":["https:\/\/www.facebook.com\/alsestelekomhaberlesme\/","https:\/\/www.instagram.com\/alsestelekom\/"]}]}},"_links":{"self":[{"href":"https:\/\/www.alsestelekom.com\/index.php\/wp-json\/wp\/v2\/product\/220","targetHints":{"allow":["GET"]}}],"collection":[{"href":"https:\/\/www.alsestelekom.com\/index.php\/wp-json\/wp\/v2\/product"}],"about":[{"href":"https:\/\/www.alsestelekom.com\/index.php\/wp-json\/wp\/v2\/types\/product"}],"replies":[{"embeddable":true,"href":"https:\/\/www.alsestelekom.com\/index.php\/wp-json\/wp\/v2\/comments?post=220"}],"wp:featuredmedia":[{"embeddable":true,"href":"https:\/\/www.alsestelekom.com\/index.php\/wp-json\/wp\/v2\/media\/221"}],"wp:attachment":[{"href":"https:\/\/www.alsestelekom.com\/index.php\/wp-json\/wp\/v2\/media?parent=220"}],"wp:term":[{"taxonomy":"product_brand","embeddable":true,"href":"https:\/\/www.alsestelekom.com\/index.php\/wp-json\/wp\/v2\/product_brand?post=220"},{"taxonomy":"product_cat","embeddable":true,"href":"https:\/\/www.alsestelekom.com\/index.php\/wp-json\/wp\/v2\/product_cat?post=220"},{"taxonomy":"product_tag","embeddable":true,"href":"https:\/\/www.alsestelekom.com\/index.php\/wp-json\/wp\/v2\/product_tag?post=220"}],"curies":[{"name":"wp","href":"https:\/\/api.w.org\/{rel}","templated":true}]}}