{"id":240,"date":"2018-07-01T23:05:10","date_gmt":"2018-07-01T20:05:10","guid":{"rendered":"http:\/\/localhost\/wp\/?post_type=product&#038;p=240"},"modified":"2018-07-02T10:57:37","modified_gmt":"2018-07-02T07:57:37","slug":"telesis-px24-xr6-ip-sayisal-hibrit-telefon-santrali","status":"publish","type":"product","link":"https:\/\/www.alsestelekom.com\/index.php\/urun\/telesis-px24-xr6-ip-sayisal-hibrit-telefon-santrali\/","title":{"rendered":"Telesis PX24 xr6 IP Say\u0131sal Hibrit Telefon Santrali"},"content":{"rendered":"<p>K&#305;saca PX24 xr6 Yetenekleri;<\/p>\n<p><img loading=\"lazy\" decoding=\"async\" src=\"http:\/\/telesis.com.tr\/wp-content\/uploads\/kok5.jpg\" alt=\"\" width=\"18\" height=\"19\"> <strong>Ses Kay&#305;t<\/strong> (Anl&#305;k ve Otomatik),<br>\n<img loading=\"lazy\" decoding=\"async\" src=\"http:\/\/telesis.com.tr\/wp-content\/uploads\/kok5.jpg\" alt=\"\" width=\"18\" height=\"19\"> T&uuml;m abonelerde <strong>Caller ID<\/strong> (Arayan Numaray&#305; G&ouml;sterme),<br>\n<img loading=\"lazy\" decoding=\"async\" src=\"http:\/\/telesis.com.tr\/wp-content\/uploads\/kok5.jpg\" alt=\"\" width=\"18\" height=\"19\"> Entegre Ethernet Donan&#305;m,<strong>Web Aray&uuml;z&uuml;<\/strong> (Uzaktan Eri&#351;im) ve <strong>VoIP<\/strong> deste&#287;i,<br>\n<img loading=\"lazy\" decoding=\"async\" src=\"http:\/\/telesis.com.tr\/wp-content\/uploads\/kok5.jpg\" alt=\"\" width=\"18\" height=\"19\"> Standart <strong>8 kanal kar&#351;&#305;lama, 8 kanal mesaj kay&#305;t \/ DVR<\/strong> Donan&#305;m&#305; (Sesli Yan&#305;t, Ses Kay&#305;t, Sesli Mesaj) (artt&#305;r&#305;labilir),<br>\n<img loading=\"lazy\" decoding=\"async\" src=\"http:\/\/telesis.com.tr\/wp-content\/uploads\/kok5.jpg\" alt=\"\" width=\"18\" height=\"19\"> <strong>Profesyonel<\/strong> <strong>Robot Operat&ouml;r<\/strong> (45 Alt Men&uuml;, 100 Farkl&#305; Senaryo, Zaman Kontrol&uuml;),<br>\n<img loading=\"lazy\" decoding=\"async\" src=\"http:\/\/telesis.com.tr\/wp-content\/uploads\/kok5.jpg\" alt=\"\" width=\"18\" height=\"19\"> Birden &ccedil;ok Lisanda ve Farkl&#305; Kar&#351;&#305;lama Mesajlar&#305; (Farkl&#305; D&#305;&#351; Hat Gruplar&#305; i&ccedil;in Farkl&#305; Kar&#351;&#305;lamalar),<br>\n<img loading=\"lazy\" decoding=\"async\" src=\"http:\/\/telesis.com.tr\/wp-content\/uploads\/kok5.jpg\" alt=\"\" width=\"18\" height=\"19\"> <strong>6000 Dakikadan<\/strong> ba&#351;layan <strong>Sesli Posta<\/strong> Kutusu,<br>\n<img loading=\"lazy\" decoding=\"async\" src=\"http:\/\/telesis.com.tr\/wp-content\/uploads\/kok5.jpg\" alt=\"\" width=\"18\" height=\"19\"> <strong>IP v6<\/strong> ve <strong>G&ouml;r&uuml;nt&uuml;l&uuml; g&ouml;r&uuml;&#351;me<\/strong> deste&#287;i,<br>\n<img loading=\"lazy\" decoding=\"async\" src=\"http:\/\/telesis.com.tr\/wp-content\/uploads\/kok5.jpg\" alt=\"\" width=\"18\" height=\"19\"> Entegre SIP Registrar \/ Proxy \/ Server,<br>\n<img loading=\"lazy\" decoding=\"async\" src=\"http:\/\/telesis.com.tr\/wp-content\/uploads\/kok5.jpg\" alt=\"\" width=\"18\" height=\"19\"> <strong>WebPhone<\/strong> (Webden T&#305;kla Konu&#351;) deste&#287;i,<br>\n<img loading=\"lazy\" decoding=\"async\" src=\"http:\/\/telesis.com.tr\/wp-content\/uploads\/kok5.jpg\" alt=\"\" width=\"18\" height=\"19\"> Say&#305;sal ve Analog &#304;&ccedil; Hat Abonelere <strong>PC Konsol<\/strong> deste&#287;i (XCom),<br>\n<img loading=\"lazy\" decoding=\"async\" src=\"http:\/\/telesis.com.tr\/wp-content\/uploads\/kok5.jpg\" alt=\"\" width=\"18\" height=\"19\"> Softphone <strong>PC Telefon<\/strong> (XPhone) ve <strong>Mobil SIP Abone<\/strong> deste&#287;i,<br>\n<img loading=\"lazy\" decoding=\"async\" src=\"http:\/\/telesis.com.tr\/wp-content\/uploads\/kok5.jpg\" alt=\"\" width=\"18\" height=\"19\"> <strong>Konferans<\/strong> deste&#287;i (Klasik ve Konferans Odas&#305;),<br>\n<img loading=\"lazy\" decoding=\"async\" src=\"http:\/\/telesis.com.tr\/wp-content\/uploads\/kok5.jpg\" alt=\"\" width=\"18\" height=\"19\"> &Ccedil;a&#287;r&#305; Kay&#305;t, &Uuml;cretlendirme ve <strong>Raporland&#305;rma Yaz&#305;l&#305;m&#305;<\/strong> (XTools),<br>\n<img loading=\"lazy\" decoding=\"async\" src=\"http:\/\/telesis.com.tr\/wp-content\/uploads\/kok5.jpg\" alt=\"\" width=\"18\" height=\"19\"> S&uuml;resiz D&#305;&#351; Hat &ndash; D&#305;&#351; Hat Ba&#287;lama ve &#304;&ccedil; Hatt&#305; Cep Telefonuna Y&ouml;nlendirme,<br>\n<img loading=\"lazy\" decoding=\"async\" src=\"http:\/\/telesis.com.tr\/wp-content\/uploads\/kok5.jpg\" alt=\"\" width=\"18\" height=\"19\"> D&#305;&#351; Hat Uygulamalar&#305;nda <strong>Geli&#351;mi&#351; S&uuml;re S&#305;n&#305;rland&#305;r&#305;lmas&#305; ve Y&ouml;nlendirmeler<\/strong>,<br>\n<img loading=\"lazy\" decoding=\"async\" src=\"http:\/\/telesis.com.tr\/wp-content\/uploads\/kok5.jpg\" alt=\"\" width=\"18\" height=\"19\"> <strong>SNMP<\/strong> ve <strong>TAPI<\/strong> Deste&#287;i,<br>\n<img loading=\"lazy\" decoding=\"async\" src=\"http:\/\/telesis.com.tr\/wp-content\/uploads\/kok5.jpg\" alt=\"\" width=\"18\" height=\"19\"> <strong>LDAP<\/strong> Deste&#287;i vb. pek &ccedil;ok &ouml;zellik&hellip;<\/p>\n","protected":false},"excerpt":{"rendered":"<p>Telesis PX24 xr6 IP Say\u0131sal Hibrit Telefon Santral\u0131, <strong>analog ve say\u0131sal abone ile d\u0131\u015f hatlar\u0131ndan olu\u015fan bloklarla 480 port, 512 adet SIP IP port deste\u011fi<\/strong>, PRI ISDN aray\u00fczleri, terminaller, gateway`ler, gatekeeper`lar, VoIP \u00e7a\u011fr\u0131lar\u0131 i\u00e7in registrar`lar, analog telefonlar ve fakslar, <strong>96 adet Telesis xSIP protokol deste\u011fi<\/strong> ile toplamda <strong>1.088 porta kadar b\u00fcy\u00fcyebilen profesyonel hibrit telefon santral\u0131d\u0131r. <\/strong><\/p>\n<p>Devlet kurulu\u015flar\u0131, hastaneler, \u00fcniversiteler, oteller, fabrikalar, \u00e7a\u011fr\u0131 merkezleri, genel merkezler, v.b pek \u00e7ok kurulu\u015f Telesis PX24 xr6`i tercih ederek, \u00fcst\u00fcn hibrit teknolojisi ve entegre donan\u0131mlar\u0131 sayesinde ileti\u015fimde <strong>kesintisiz konfor, kalite, tasarruf ve ileti\u015fim teknolojisini bir arada<\/strong> bulabilmektedirler.<\/p>\n<p>Telesis santrallar\u0131n\u0131n en \u00f6nemli \u00f6zelli\u011fi, herhangi bir donan\u0131ma gerek duymadan bir santraldan isteyebilece\u011finiz her \u015feyi i\u00e7inde bar\u0131nd\u0131rmas\u0131d\u0131r.<\/p>\n<p><strong>Telesis PX24 xr6, kendisinden \u00f6nceki revizyon \u00fcr\u00fcnlere g\u00f6re \u00e7ok daha y\u00fcksek trafik kald\u0131rma kapasitesi ve performansa sahiptir. <\/strong>PX24 xr6 lar, <em>Xymphony<\/em> i\u015fletim sistemi ile olan \u00fcst\u00fcn uyumu sayesinde VoIP, oto ses kay\u0131t, sesli mesaj, robot v.b. hizmetleri <strong>\u00e7ok daha fazla say\u0131da verebilmektedir.<\/strong><\/p>\n","protected":false},"featured_media":241,"comment_status":"closed","ping_status":"closed","template":"","meta":[],"product_brand":[],"product_cat":[25],"product_tag":[72,57,31,62,60,69,70,58,28,59,65,64,53,71,55,54,74,63,61,77,67,76,75,66,30,27,56,68,73],"class_list":{"0":"post-240","1":"product","2":"type-product","3":"status-publish","4":"has-post-thumbnail","6":"product_cat-telesis-santraller","7":"product_tag-adsl-fiber","8":"product_tag-alcatel-santral-servisi","9":"product_tag-alses-telekom","10":"product_tag-bagcilar-santral-servisi","11":"product_tag-bulut-santral","12":"product_tag-gigaset-dect","13":"product_tag-gigaset-telsiz","14":"product_tag-ip-dect-sistemleri","15":"product_tag-ip-santral","16":"product_tag-ip-sistemler","17":"product_tag-ip-telefon","18":"product_tag-istanbul-santralci","19":"product_tag-istoc-santral-servisi","20":"product_tag-kablosuz-internet","21":"product_tag-karel-santral","22":"product_tag-karel-santral-servisi","23":"product_tag-kurumsal-cozumler","24":"product_tag-mahmutbey-santral-servisi","25":"product_tag-sanal-santral","26":"product_tag-santral-kurulumu","27":"product_tag-siemens-dect","28":"product_tag-teknik-servis","29":"product_tag-telesis-marmara-bolge-servisi","30":"product_tag-telesis-mr7-santral","31":"product_tag-telesis-nano","32":"product_tag-telesis-santral","33":"product_tag-telesis-santral-servisi","34":"product_tag-telsiz-telefon","35":"product_tag-yapisal-kablolama","37":"first","38":"instock","39":"taxable","40":"shipping-taxable","41":"product-type-simple"},"yoast_head":"<!-- This site is optimized with the Yoast SEO plugin v26.6 - https:\/\/yoast.com\/wordpress\/plugins\/seo\/ -->\n<title>Telesis PX24 xr6 IP Say\u0131sal Hibrit Telefon Santrali - ALSES TELEKOM<\/title>\n<meta name=\"robots\" content=\"index, follow, max-snippet:-1, max-image-preview:large, max-video-preview:-1\" \/>\n<link rel=\"canonical\" href=\"https:\/\/www.alsestelekom.com\/index.php\/urun\/telesis-px24-xr6-ip-sayisal-hibrit-telefon-santrali\/\" \/>\n<meta property=\"og:locale\" content=\"tr_TR\" \/>\n<meta property=\"og:type\" content=\"article\" \/>\n<meta property=\"og:title\" content=\"Telesis PX24 xr6 IP Say\u0131sal Hibrit Telefon Santrali - ALSES TELEKOM\" \/>\n<meta property=\"og:description\" content=\"Telesis PX24 xr6 IP Say\u0131sal Hibrit Telefon Santral\u0131, analog ve say\u0131sal abone ile d\u0131\u015f hatlar\u0131ndan olu\u015fan bloklarla 480 port, 512 adet SIP IP port deste\u011fi, PRI ISDN aray\u00fczleri, terminaller, gateway`ler, gatekeeper`lar, VoIP \u00e7a\u011fr\u0131lar\u0131 i\u00e7in registrar`lar, analog telefonlar ve fakslar, 96 adet Telesis xSIP protokol deste\u011fi ile toplamda 1.088 porta kadar b\u00fcy\u00fcyebilen profesyonel hibrit telefon santral\u0131d\u0131r.   Devlet kurulu\u015flar\u0131, hastaneler, \u00fcniversiteler, oteller, fabrikalar, \u00e7a\u011fr\u0131 merkezleri, genel merkezler, v.b pek \u00e7ok kurulu\u015f Telesis PX24 xr6`i tercih ederek, \u00fcst\u00fcn hibrit teknolojisi ve entegre donan\u0131mlar\u0131 sayesinde ileti\u015fimde kesintisiz konfor, kalite, tasarruf ve ileti\u015fim teknolojisini bir arada bulabilmektedirler.  Telesis santrallar\u0131n\u0131n en \u00f6nemli \u00f6zelli\u011fi, herhangi bir donan\u0131ma gerek duymadan bir santraldan isteyebilece\u011finiz her \u015feyi i\u00e7inde bar\u0131nd\u0131rmas\u0131d\u0131r.  Telesis PX24 xr6, kendisinden \u00f6nceki revizyon \u00fcr\u00fcnlere g\u00f6re \u00e7ok daha y\u00fcksek trafik kald\u0131rma kapasitesi ve performansa sahiptir. PX24 xr6 lar, Xymphony i\u015fletim sistemi ile olan \u00fcst\u00fcn uyumu sayesinde VoIP, oto ses kay\u0131t, sesli mesaj, robot v.b. hizmetleri \u00e7ok daha fazla say\u0131da verebilmektedir.\" \/>\n<meta property=\"og:url\" content=\"https:\/\/www.alsestelekom.com\/index.php\/urun\/telesis-px24-xr6-ip-sayisal-hibrit-telefon-santrali\/\" \/>\n<meta property=\"og:site_name\" content=\"ALSES TELEKOM\" \/>\n<meta property=\"article:publisher\" content=\"https:\/\/www.facebook.com\/alsestelekomhaberlesme\/\" \/>\n<meta property=\"article:modified_time\" content=\"2018-07-02T07:57:37+00:00\" \/>\n<meta property=\"og:image\" content=\"https:\/\/www.alsestelekom.com\/wp-content\/uploads\/2018\/07\/PX24_tekli2.png\" \/>\n\t<meta property=\"og:image:width\" content=\"1024\" \/>\n\t<meta property=\"og:image:height\" content=\"998\" \/>\n\t<meta property=\"og:image:type\" content=\"image\/png\" \/>\n<meta name=\"twitter:card\" content=\"summary_large_image\" \/>\n<meta name=\"twitter:label1\" content=\"Tahmini okuma s\u00fcresi\" \/>\n\t<meta name=\"twitter:data1\" content=\"1 dakika\" \/>\n<script type=\"application\/ld+json\" class=\"yoast-schema-graph\">{\"@context\":\"https:\/\/schema.org\",\"@graph\":[{\"@type\":\"WebPage\",\"@id\":\"https:\/\/www.alsestelekom.com\/index.php\/urun\/telesis-px24-xr6-ip-sayisal-hibrit-telefon-santrali\/\",\"url\":\"https:\/\/www.alsestelekom.com\/index.php\/urun\/telesis-px24-xr6-ip-sayisal-hibrit-telefon-santrali\/\",\"name\":\"Telesis PX24 xr6 IP Say\u0131sal Hibrit Telefon Santrali - ALSES TELEKOM\",\"isPartOf\":{\"@id\":\"https:\/\/www.alsestelekom.com\/#website\"},\"primaryImageOfPage\":{\"@id\":\"https:\/\/www.alsestelekom.com\/index.php\/urun\/telesis-px24-xr6-ip-sayisal-hibrit-telefon-santrali\/#primaryimage\"},\"image\":{\"@id\":\"https:\/\/www.alsestelekom.com\/index.php\/urun\/telesis-px24-xr6-ip-sayisal-hibrit-telefon-santrali\/#primaryimage\"},\"thumbnailUrl\":\"https:\/\/www.alsestelekom.com\/wp-content\/uploads\/2018\/07\/PX24_tekli2.png\",\"datePublished\":\"2018-07-01T20:05:10+00:00\",\"dateModified\":\"2018-07-02T07:57:37+00:00\",\"breadcrumb\":{\"@id\":\"https:\/\/www.alsestelekom.com\/index.php\/urun\/telesis-px24-xr6-ip-sayisal-hibrit-telefon-santrali\/#breadcrumb\"},\"inLanguage\":\"tr\",\"potentialAction\":[{\"@type\":\"ReadAction\",\"target\":[\"https:\/\/www.alsestelekom.com\/index.php\/urun\/telesis-px24-xr6-ip-sayisal-hibrit-telefon-santrali\/\"]}]},{\"@type\":\"ImageObject\",\"inLanguage\":\"tr\",\"@id\":\"https:\/\/www.alsestelekom.com\/index.php\/urun\/telesis-px24-xr6-ip-sayisal-hibrit-telefon-santrali\/#primaryimage\",\"url\":\"https:\/\/www.alsestelekom.com\/wp-content\/uploads\/2018\/07\/PX24_tekli2.png\",\"contentUrl\":\"https:\/\/www.alsestelekom.com\/wp-content\/uploads\/2018\/07\/PX24_tekli2.png\",\"width\":1024,\"height\":998},{\"@type\":\"BreadcrumbList\",\"@id\":\"https:\/\/www.alsestelekom.com\/index.php\/urun\/telesis-px24-xr6-ip-sayisal-hibrit-telefon-santrali\/#breadcrumb\",\"itemListElement\":[{\"@type\":\"ListItem\",\"position\":1,\"name\":\"Ana sayfa\",\"item\":\"https:\/\/www.alsestelekom.com\/\"},{\"@type\":\"ListItem\",\"position\":2,\"name\":\"Ma\u011faza\",\"item\":\"https:\/\/www.alsestelekom.com\/index.php\/magaza\/\"},{\"@type\":\"ListItem\",\"position\":3,\"name\":\"Telesis PX24 xr6 IP Say\u0131sal Hibrit Telefon Santrali\"}]},{\"@type\":\"WebSite\",\"@id\":\"https:\/\/www.alsestelekom.com\/#website\",\"url\":\"https:\/\/www.alsestelekom.com\/\",\"name\":\"ALSES TELEKOM\",\"description\":\"Telesis Karel Kurumsal \u00c7\u00f6z\u00fcmler Destek Ortakl\u0131\u011f\u0131\",\"publisher\":{\"@id\":\"https:\/\/www.alsestelekom.com\/#organization\"},\"potentialAction\":[{\"@type\":\"SearchAction\",\"target\":{\"@type\":\"EntryPoint\",\"urlTemplate\":\"https:\/\/www.alsestelekom.com\/?s={search_term_string}\"},\"query-input\":{\"@type\":\"PropertyValueSpecification\",\"valueRequired\":true,\"valueName\":\"search_term_string\"}}],\"inLanguage\":\"tr\"},{\"@type\":\"Organization\",\"@id\":\"https:\/\/www.alsestelekom.com\/#organization\",\"name\":\"Alses Telekom\",\"url\":\"https:\/\/www.alsestelekom.com\/\",\"logo\":{\"@type\":\"ImageObject\",\"inLanguage\":\"tr\",\"@id\":\"https:\/\/www.alsestelekom.com\/#\/schema\/logo\/image\/\",\"url\":\"http:\/\/localhost\/wp\/wp-content\/uploads\/2019\/07\/logos.png\",\"contentUrl\":\"http:\/\/localhost\/wp\/wp-content\/uploads\/2019\/07\/logos.png\",\"width\":475,\"height\":133,\"caption\":\"Alses Telekom\"},\"image\":{\"@id\":\"https:\/\/www.alsestelekom.com\/#\/schema\/logo\/image\/\"},\"sameAs\":[\"https:\/\/www.facebook.com\/alsestelekomhaberlesme\/\",\"https:\/\/www.instagram.com\/alsestelekom\/\"]}]}<\/script>\n<!-- \/ Yoast SEO plugin. -->","yoast_head_json":{"title":"Telesis PX24 xr6 IP Say\u0131sal Hibrit Telefon Santrali - ALSES TELEKOM","robots":{"index":"index","follow":"follow","max-snippet":"max-snippet:-1","max-image-preview":"max-image-preview:large","max-video-preview":"max-video-preview:-1"},"canonical":"https:\/\/www.alsestelekom.com\/index.php\/urun\/telesis-px24-xr6-ip-sayisal-hibrit-telefon-santrali\/","og_locale":"tr_TR","og_type":"article","og_title":"Telesis PX24 xr6 IP Say\u0131sal Hibrit Telefon Santrali - ALSES TELEKOM","og_description":"Telesis PX24 xr6 IP Say\u0131sal Hibrit Telefon Santral\u0131, analog ve say\u0131sal abone ile d\u0131\u015f hatlar\u0131ndan olu\u015fan bloklarla 480 port, 512 adet SIP IP port deste\u011fi, PRI ISDN aray\u00fczleri, terminaller, gateway`ler, gatekeeper`lar, VoIP \u00e7a\u011fr\u0131lar\u0131 i\u00e7in registrar`lar, analog telefonlar ve fakslar, 96 adet Telesis xSIP protokol deste\u011fi ile toplamda 1.088 porta kadar b\u00fcy\u00fcyebilen profesyonel hibrit telefon santral\u0131d\u0131r.   Devlet kurulu\u015flar\u0131, hastaneler, \u00fcniversiteler, oteller, fabrikalar, \u00e7a\u011fr\u0131 merkezleri, genel merkezler, v.b pek \u00e7ok kurulu\u015f Telesis PX24 xr6`i tercih ederek, \u00fcst\u00fcn hibrit teknolojisi ve entegre donan\u0131mlar\u0131 sayesinde ileti\u015fimde kesintisiz konfor, kalite, tasarruf ve ileti\u015fim teknolojisini bir arada bulabilmektedirler.  Telesis santrallar\u0131n\u0131n en \u00f6nemli \u00f6zelli\u011fi, herhangi bir donan\u0131ma gerek duymadan bir santraldan isteyebilece\u011finiz her \u015feyi i\u00e7inde bar\u0131nd\u0131rmas\u0131d\u0131r.  Telesis PX24 xr6, kendisinden \u00f6nceki revizyon \u00fcr\u00fcnlere g\u00f6re \u00e7ok daha y\u00fcksek trafik kald\u0131rma kapasitesi ve performansa sahiptir. PX24 xr6 lar, Xymphony i\u015fletim sistemi ile olan \u00fcst\u00fcn uyumu sayesinde VoIP, oto ses kay\u0131t, sesli mesaj, robot v.b. hizmetleri \u00e7ok daha fazla say\u0131da verebilmektedir.","og_url":"https:\/\/www.alsestelekom.com\/index.php\/urun\/telesis-px24-xr6-ip-sayisal-hibrit-telefon-santrali\/","og_site_name":"ALSES TELEKOM","article_publisher":"https:\/\/www.facebook.com\/alsestelekomhaberlesme\/","article_modified_time":"2018-07-02T07:57:37+00:00","og_image":[{"width":1024,"height":998,"url":"https:\/\/www.alsestelekom.com\/wp-content\/uploads\/2018\/07\/PX24_tekli2.png","type":"image\/png"}],"twitter_card":"summary_large_image","twitter_misc":{"Tahmini okuma s\u00fcresi":"1 dakika"},"schema":{"@context":"https:\/\/schema.org","@graph":[{"@type":"WebPage","@id":"https:\/\/www.alsestelekom.com\/index.php\/urun\/telesis-px24-xr6-ip-sayisal-hibrit-telefon-santrali\/","url":"https:\/\/www.alsestelekom.com\/index.php\/urun\/telesis-px24-xr6-ip-sayisal-hibrit-telefon-santrali\/","name":"Telesis PX24 xr6 IP Say\u0131sal Hibrit Telefon Santrali - ALSES TELEKOM","isPartOf":{"@id":"https:\/\/www.alsestelekom.com\/#website"},"primaryImageOfPage":{"@id":"https:\/\/www.alsestelekom.com\/index.php\/urun\/telesis-px24-xr6-ip-sayisal-hibrit-telefon-santrali\/#primaryimage"},"image":{"@id":"https:\/\/www.alsestelekom.com\/index.php\/urun\/telesis-px24-xr6-ip-sayisal-hibrit-telefon-santrali\/#primaryimage"},"thumbnailUrl":"https:\/\/www.alsestelekom.com\/wp-content\/uploads\/2018\/07\/PX24_tekli2.png","datePublished":"2018-07-01T20:05:10+00:00","dateModified":"2018-07-02T07:57:37+00:00","breadcrumb":{"@id":"https:\/\/www.alsestelekom.com\/index.php\/urun\/telesis-px24-xr6-ip-sayisal-hibrit-telefon-santrali\/#breadcrumb"},"inLanguage":"tr","potentialAction":[{"@type":"ReadAction","target":["https:\/\/www.alsestelekom.com\/index.php\/urun\/telesis-px24-xr6-ip-sayisal-hibrit-telefon-santrali\/"]}]},{"@type":"ImageObject","inLanguage":"tr","@id":"https:\/\/www.alsestelekom.com\/index.php\/urun\/telesis-px24-xr6-ip-sayisal-hibrit-telefon-santrali\/#primaryimage","url":"https:\/\/www.alsestelekom.com\/wp-content\/uploads\/2018\/07\/PX24_tekli2.png","contentUrl":"https:\/\/www.alsestelekom.com\/wp-content\/uploads\/2018\/07\/PX24_tekli2.png","width":1024,"height":998},{"@type":"BreadcrumbList","@id":"https:\/\/www.alsestelekom.com\/index.php\/urun\/telesis-px24-xr6-ip-sayisal-hibrit-telefon-santrali\/#breadcrumb","itemListElement":[{"@type":"ListItem","position":1,"name":"Ana sayfa","item":"https:\/\/www.alsestelekom.com\/"},{"@type":"ListItem","position":2,"name":"Ma\u011faza","item":"https:\/\/www.alsestelekom.com\/index.php\/magaza\/"},{"@type":"ListItem","position":3,"name":"Telesis PX24 xr6 IP Say\u0131sal Hibrit Telefon Santrali"}]},{"@type":"WebSite","@id":"https:\/\/www.alsestelekom.com\/#website","url":"https:\/\/www.alsestelekom.com\/","name":"ALSES TELEKOM","description":"Telesis Karel Kurumsal \u00c7\u00f6z\u00fcmler Destek Ortakl\u0131\u011f\u0131","publisher":{"@id":"https:\/\/www.alsestelekom.com\/#organization"},"potentialAction":[{"@type":"SearchAction","target":{"@type":"EntryPoint","urlTemplate":"https:\/\/www.alsestelekom.com\/?s={search_term_string}"},"query-input":{"@type":"PropertyValueSpecification","valueRequired":true,"valueName":"search_term_string"}}],"inLanguage":"tr"},{"@type":"Organization","@id":"https:\/\/www.alsestelekom.com\/#organization","name":"Alses Telekom","url":"https:\/\/www.alsestelekom.com\/","logo":{"@type":"ImageObject","inLanguage":"tr","@id":"https:\/\/www.alsestelekom.com\/#\/schema\/logo\/image\/","url":"http:\/\/localhost\/wp\/wp-content\/uploads\/2019\/07\/logos.png","contentUrl":"http:\/\/localhost\/wp\/wp-content\/uploads\/2019\/07\/logos.png","width":475,"height":133,"caption":"Alses Telekom"},"image":{"@id":"https:\/\/www.alsestelekom.com\/#\/schema\/logo\/image\/"},"sameAs":["https:\/\/www.facebook.com\/alsestelekomhaberlesme\/","https:\/\/www.instagram.com\/alsestelekom\/"]}]}},"_links":{"self":[{"href":"https:\/\/www.alsestelekom.com\/index.php\/wp-json\/wp\/v2\/product\/240","targetHints":{"allow":["GET"]}}],"collection":[{"href":"https:\/\/www.alsestelekom.com\/index.php\/wp-json\/wp\/v2\/product"}],"about":[{"href":"https:\/\/www.alsestelekom.com\/index.php\/wp-json\/wp\/v2\/types\/product"}],"replies":[{"embeddable":true,"href":"https:\/\/www.alsestelekom.com\/index.php\/wp-json\/wp\/v2\/comments?post=240"}],"wp:featuredmedia":[{"embeddable":true,"href":"https:\/\/www.alsestelekom.com\/index.php\/wp-json\/wp\/v2\/media\/241"}],"wp:attachment":[{"href":"https:\/\/www.alsestelekom.com\/index.php\/wp-json\/wp\/v2\/media?parent=240"}],"wp:term":[{"taxonomy":"product_brand","embeddable":true,"href":"https:\/\/www.alsestelekom.com\/index.php\/wp-json\/wp\/v2\/product_brand?post=240"},{"taxonomy":"product_cat","embeddable":true,"href":"https:\/\/www.alsestelekom.com\/index.php\/wp-json\/wp\/v2\/product_cat?post=240"},{"taxonomy":"product_tag","embeddable":true,"href":"https:\/\/www.alsestelekom.com\/index.php\/wp-json\/wp\/v2\/product_tag?post=240"}],"curies":[{"name":"wp","href":"https:\/\/api.w.org\/{rel}","templated":true}]}}