{"id":285,"date":"2018-07-04T12:08:05","date_gmt":"2018-07-04T09:08:05","guid":{"rendered":"http:\/\/localhost\/wp\/?post_type=product&#038;p=285"},"modified":"2018-07-04T12:53:07","modified_gmt":"2018-07-04T09:53:07","slug":"gigaset-e630-telsiz-dect-telefon","status":"publish","type":"product","link":"https:\/\/www.alsestelekom.com\/index.php\/urun\/gigaset-e630-telsiz-dect-telefon\/","title":{"rendered":"Gigaset E630 Telsiz (Dect) Telefon"},"content":{"rendered":"<p><b>Gigaset&nbsp;<\/b>E630 L410 ta&#351;&#305;nabilir hoparl&ouml;r&uuml; destekler. Yan taraftaki d&uuml;&#287;mesi ile ses y&uuml;ksekli&#287;i kontrol&uuml;n&uuml; sa&#287;lar. 1.8 in&ccedil; TFT renkli ekran ile kolay okunabilir. 150 giri&#351; kapasiteli telefon rehberi ile ki&#351;ileri kaydedin.&nbsp;14 saate kadar uzun konu&#351;ma\/300 saate kadar bekleme s&uuml;resi. Ayr&#305;ca ECO Modu&rsquo;nu se&ccedil;erek Gigaset E630&rsquo;un baz istasyonu aktar&#305;m g&uuml;c&uuml;n&uuml; %80 azaltabilirsiniz. Ayr&#305;ca, radyasyon yaymayan ECO Mod Plus telefonunuz bekleme modundayken aktar&#305;m g&uuml;c&uuml;n&uuml; kapat&#305;r.<\/p>\n","protected":false},"excerpt":{"rendered":"<ul class=\"check-list\">\n<li>1.8&#8221; TFT renkli ekran<\/li>\n<li>14 saat konu\u015fma, 300 saat bekleme s\u00fcresi<\/li>\n<li>El feneri \u00f6zelli\u011fi<\/li>\n<li>Yan taraf\u0131ndaki d\u00fc\u011fme ile kolay ses seviyesi kontrol\u00fc<\/li>\n<\/ul>\n","protected":false},"featured_media":289,"comment_status":"closed","ping_status":"closed","template":"","meta":[],"product_brand":[],"product_cat":[97,19],"product_tag":[72,57,31,62,60,69,70,58,28,59,65,64,53,71,55,54,74,63,61,77,67,76,75,66,30,27,56,68,73],"class_list":{"0":"post-285","1":"product","2":"type-product","3":"status-publish","4":"has-post-thumbnail","6":"product_cat-gigaset","7":"product_cat-telsiz-telefonlar","8":"product_tag-adsl-fiber","9":"product_tag-alcatel-santral-servisi","10":"product_tag-alses-telekom","11":"product_tag-bagcilar-santral-servisi","12":"product_tag-bulut-santral","13":"product_tag-gigaset-dect","14":"product_tag-gigaset-telsiz","15":"product_tag-ip-dect-sistemleri","16":"product_tag-ip-santral","17":"product_tag-ip-sistemler","18":"product_tag-ip-telefon","19":"product_tag-istanbul-santralci","20":"product_tag-istoc-santral-servisi","21":"product_tag-kablosuz-internet","22":"product_tag-karel-santral","23":"product_tag-karel-santral-servisi","24":"product_tag-kurumsal-cozumler","25":"product_tag-mahmutbey-santral-servisi","26":"product_tag-sanal-santral","27":"product_tag-santral-kurulumu","28":"product_tag-siemens-dect","29":"product_tag-teknik-servis","30":"product_tag-telesis-marmara-bolge-servisi","31":"product_tag-telesis-mr7-santral","32":"product_tag-telesis-nano","33":"product_tag-telesis-santral","34":"product_tag-telesis-santral-servisi","35":"product_tag-telsiz-telefon","36":"product_tag-yapisal-kablolama","38":"first","39":"instock","40":"taxable","41":"shipping-taxable","42":"product-type-simple"},"yoast_head":"<!-- This site is optimized with the Yoast SEO plugin v26.6 - https:\/\/yoast.com\/wordpress\/plugins\/seo\/ -->\n<title>Gigaset E630 Telsiz (Dect) Telefon<\/title>\n<meta name=\"robots\" content=\"index, follow, max-snippet:-1, max-image-preview:large, max-video-preview:-1\" \/>\n<link rel=\"canonical\" href=\"https:\/\/www.alsestelekom.com\/index.php\/urun\/gigaset-e630-telsiz-dect-telefon\/\" \/>\n<meta property=\"og:locale\" content=\"tr_TR\" \/>\n<meta property=\"og:type\" content=\"article\" \/>\n<meta property=\"og:title\" content=\"Gigaset E630 Telsiz (Dect) Telefon\" \/>\n<meta property=\"og:description\" content=\"1.8&#039;&#039; TFT renkli ekran  14 saat konu\u015fma, 300 saat bekleme s\u00fcresi  El feneri \u00f6zelli\u011fi  Yan taraf\u0131ndaki d\u00fc\u011fme ile kolay ses seviyesi kontrol\u00fc\" \/>\n<meta property=\"og:url\" content=\"https:\/\/www.alsestelekom.com\/index.php\/urun\/gigaset-e630-telsiz-dect-telefon\/\" \/>\n<meta property=\"og:site_name\" content=\"ALSES TELEKOM\" \/>\n<meta property=\"article:publisher\" content=\"https:\/\/www.facebook.com\/alsestelekomhaberlesme\/\" \/>\n<meta property=\"article:modified_time\" content=\"2018-07-04T09:53:07+00:00\" \/>\n<meta property=\"og:image\" content=\"https:\/\/www.alsestelekom.com\/wp-content\/uploads\/2018\/07\/gigaset-e630-telsiz-dect-telefon-zoom-4.jpg\" \/>\n\t<meta property=\"og:image:width\" content=\"900\" \/>\n\t<meta property=\"og:image:height\" content=\"900\" \/>\n\t<meta property=\"og:image:type\" content=\"image\/jpeg\" \/>\n<meta name=\"twitter:card\" content=\"summary_large_image\" \/>\n<script type=\"application\/ld+json\" class=\"yoast-schema-graph\">{\"@context\":\"https:\/\/schema.org\",\"@graph\":[{\"@type\":\"WebPage\",\"@id\":\"https:\/\/www.alsestelekom.com\/index.php\/urun\/gigaset-e630-telsiz-dect-telefon\/\",\"url\":\"https:\/\/www.alsestelekom.com\/index.php\/urun\/gigaset-e630-telsiz-dect-telefon\/\",\"name\":\"Gigaset E630 Telsiz (Dect) Telefon\",\"isPartOf\":{\"@id\":\"https:\/\/www.alsestelekom.com\/#website\"},\"primaryImageOfPage\":{\"@id\":\"https:\/\/www.alsestelekom.com\/index.php\/urun\/gigaset-e630-telsiz-dect-telefon\/#primaryimage\"},\"image\":{\"@id\":\"https:\/\/www.alsestelekom.com\/index.php\/urun\/gigaset-e630-telsiz-dect-telefon\/#primaryimage\"},\"thumbnailUrl\":\"https:\/\/www.alsestelekom.com\/wp-content\/uploads\/2018\/07\/gigaset-e630-telsiz-dect-telefon-zoom-4.jpg\",\"datePublished\":\"2018-07-04T09:08:05+00:00\",\"dateModified\":\"2018-07-04T09:53:07+00:00\",\"breadcrumb\":{\"@id\":\"https:\/\/www.alsestelekom.com\/index.php\/urun\/gigaset-e630-telsiz-dect-telefon\/#breadcrumb\"},\"inLanguage\":\"tr\",\"potentialAction\":[{\"@type\":\"ReadAction\",\"target\":[\"https:\/\/www.alsestelekom.com\/index.php\/urun\/gigaset-e630-telsiz-dect-telefon\/\"]}]},{\"@type\":\"ImageObject\",\"inLanguage\":\"tr\",\"@id\":\"https:\/\/www.alsestelekom.com\/index.php\/urun\/gigaset-e630-telsiz-dect-telefon\/#primaryimage\",\"url\":\"https:\/\/www.alsestelekom.com\/wp-content\/uploads\/2018\/07\/gigaset-e630-telsiz-dect-telefon-zoom-4.jpg\",\"contentUrl\":\"https:\/\/www.alsestelekom.com\/wp-content\/uploads\/2018\/07\/gigaset-e630-telsiz-dect-telefon-zoom-4.jpg\",\"width\":900,\"height\":900},{\"@type\":\"BreadcrumbList\",\"@id\":\"https:\/\/www.alsestelekom.com\/index.php\/urun\/gigaset-e630-telsiz-dect-telefon\/#breadcrumb\",\"itemListElement\":[{\"@type\":\"ListItem\",\"position\":1,\"name\":\"Ana sayfa\",\"item\":\"https:\/\/www.alsestelekom.com\/\"},{\"@type\":\"ListItem\",\"position\":2,\"name\":\"Ma\u011faza\",\"item\":\"https:\/\/www.alsestelekom.com\/index.php\/magaza\/\"},{\"@type\":\"ListItem\",\"position\":3,\"name\":\"Gigaset E630 Telsiz (Dect) Telefon\"}]},{\"@type\":\"WebSite\",\"@id\":\"https:\/\/www.alsestelekom.com\/#website\",\"url\":\"https:\/\/www.alsestelekom.com\/\",\"name\":\"ALSES TELEKOM\",\"description\":\"Telesis Karel Kurumsal \u00c7\u00f6z\u00fcmler Destek Ortakl\u0131\u011f\u0131\",\"publisher\":{\"@id\":\"https:\/\/www.alsestelekom.com\/#organization\"},\"potentialAction\":[{\"@type\":\"SearchAction\",\"target\":{\"@type\":\"EntryPoint\",\"urlTemplate\":\"https:\/\/www.alsestelekom.com\/?s={search_term_string}\"},\"query-input\":{\"@type\":\"PropertyValueSpecification\",\"valueRequired\":true,\"valueName\":\"search_term_string\"}}],\"inLanguage\":\"tr\"},{\"@type\":\"Organization\",\"@id\":\"https:\/\/www.alsestelekom.com\/#organization\",\"name\":\"Alses Telekom\",\"url\":\"https:\/\/www.alsestelekom.com\/\",\"logo\":{\"@type\":\"ImageObject\",\"inLanguage\":\"tr\",\"@id\":\"https:\/\/www.alsestelekom.com\/#\/schema\/logo\/image\/\",\"url\":\"http:\/\/localhost\/wp\/wp-content\/uploads\/2019\/07\/logos.png\",\"contentUrl\":\"http:\/\/localhost\/wp\/wp-content\/uploads\/2019\/07\/logos.png\",\"width\":475,\"height\":133,\"caption\":\"Alses Telekom\"},\"image\":{\"@id\":\"https:\/\/www.alsestelekom.com\/#\/schema\/logo\/image\/\"},\"sameAs\":[\"https:\/\/www.facebook.com\/alsestelekomhaberlesme\/\",\"https:\/\/www.instagram.com\/alsestelekom\/\"]}]}<\/script>\n<!-- \/ Yoast SEO plugin. -->","yoast_head_json":{"title":"Gigaset E630 Telsiz (Dect) Telefon","robots":{"index":"index","follow":"follow","max-snippet":"max-snippet:-1","max-image-preview":"max-image-preview:large","max-video-preview":"max-video-preview:-1"},"canonical":"https:\/\/www.alsestelekom.com\/index.php\/urun\/gigaset-e630-telsiz-dect-telefon\/","og_locale":"tr_TR","og_type":"article","og_title":"Gigaset E630 Telsiz (Dect) Telefon","og_description":"1.8'' TFT renkli ekran  14 saat konu\u015fma, 300 saat bekleme s\u00fcresi  El feneri \u00f6zelli\u011fi  Yan taraf\u0131ndaki d\u00fc\u011fme ile kolay ses seviyesi kontrol\u00fc","og_url":"https:\/\/www.alsestelekom.com\/index.php\/urun\/gigaset-e630-telsiz-dect-telefon\/","og_site_name":"ALSES TELEKOM","article_publisher":"https:\/\/www.facebook.com\/alsestelekomhaberlesme\/","article_modified_time":"2018-07-04T09:53:07+00:00","og_image":[{"width":900,"height":900,"url":"https:\/\/www.alsestelekom.com\/wp-content\/uploads\/2018\/07\/gigaset-e630-telsiz-dect-telefon-zoom-4.jpg","type":"image\/jpeg"}],"twitter_card":"summary_large_image","schema":{"@context":"https:\/\/schema.org","@graph":[{"@type":"WebPage","@id":"https:\/\/www.alsestelekom.com\/index.php\/urun\/gigaset-e630-telsiz-dect-telefon\/","url":"https:\/\/www.alsestelekom.com\/index.php\/urun\/gigaset-e630-telsiz-dect-telefon\/","name":"Gigaset E630 Telsiz (Dect) Telefon","isPartOf":{"@id":"https:\/\/www.alsestelekom.com\/#website"},"primaryImageOfPage":{"@id":"https:\/\/www.alsestelekom.com\/index.php\/urun\/gigaset-e630-telsiz-dect-telefon\/#primaryimage"},"image":{"@id":"https:\/\/www.alsestelekom.com\/index.php\/urun\/gigaset-e630-telsiz-dect-telefon\/#primaryimage"},"thumbnailUrl":"https:\/\/www.alsestelekom.com\/wp-content\/uploads\/2018\/07\/gigaset-e630-telsiz-dect-telefon-zoom-4.jpg","datePublished":"2018-07-04T09:08:05+00:00","dateModified":"2018-07-04T09:53:07+00:00","breadcrumb":{"@id":"https:\/\/www.alsestelekom.com\/index.php\/urun\/gigaset-e630-telsiz-dect-telefon\/#breadcrumb"},"inLanguage":"tr","potentialAction":[{"@type":"ReadAction","target":["https:\/\/www.alsestelekom.com\/index.php\/urun\/gigaset-e630-telsiz-dect-telefon\/"]}]},{"@type":"ImageObject","inLanguage":"tr","@id":"https:\/\/www.alsestelekom.com\/index.php\/urun\/gigaset-e630-telsiz-dect-telefon\/#primaryimage","url":"https:\/\/www.alsestelekom.com\/wp-content\/uploads\/2018\/07\/gigaset-e630-telsiz-dect-telefon-zoom-4.jpg","contentUrl":"https:\/\/www.alsestelekom.com\/wp-content\/uploads\/2018\/07\/gigaset-e630-telsiz-dect-telefon-zoom-4.jpg","width":900,"height":900},{"@type":"BreadcrumbList","@id":"https:\/\/www.alsestelekom.com\/index.php\/urun\/gigaset-e630-telsiz-dect-telefon\/#breadcrumb","itemListElement":[{"@type":"ListItem","position":1,"name":"Ana sayfa","item":"https:\/\/www.alsestelekom.com\/"},{"@type":"ListItem","position":2,"name":"Ma\u011faza","item":"https:\/\/www.alsestelekom.com\/index.php\/magaza\/"},{"@type":"ListItem","position":3,"name":"Gigaset E630 Telsiz (Dect) Telefon"}]},{"@type":"WebSite","@id":"https:\/\/www.alsestelekom.com\/#website","url":"https:\/\/www.alsestelekom.com\/","name":"ALSES TELEKOM","description":"Telesis Karel Kurumsal \u00c7\u00f6z\u00fcmler Destek Ortakl\u0131\u011f\u0131","publisher":{"@id":"https:\/\/www.alsestelekom.com\/#organization"},"potentialAction":[{"@type":"SearchAction","target":{"@type":"EntryPoint","urlTemplate":"https:\/\/www.alsestelekom.com\/?s={search_term_string}"},"query-input":{"@type":"PropertyValueSpecification","valueRequired":true,"valueName":"search_term_string"}}],"inLanguage":"tr"},{"@type":"Organization","@id":"https:\/\/www.alsestelekom.com\/#organization","name":"Alses Telekom","url":"https:\/\/www.alsestelekom.com\/","logo":{"@type":"ImageObject","inLanguage":"tr","@id":"https:\/\/www.alsestelekom.com\/#\/schema\/logo\/image\/","url":"http:\/\/localhost\/wp\/wp-content\/uploads\/2019\/07\/logos.png","contentUrl":"http:\/\/localhost\/wp\/wp-content\/uploads\/2019\/07\/logos.png","width":475,"height":133,"caption":"Alses Telekom"},"image":{"@id":"https:\/\/www.alsestelekom.com\/#\/schema\/logo\/image\/"},"sameAs":["https:\/\/www.facebook.com\/alsestelekomhaberlesme\/","https:\/\/www.instagram.com\/alsestelekom\/"]}]}},"_links":{"self":[{"href":"https:\/\/www.alsestelekom.com\/index.php\/wp-json\/wp\/v2\/product\/285","targetHints":{"allow":["GET"]}}],"collection":[{"href":"https:\/\/www.alsestelekom.com\/index.php\/wp-json\/wp\/v2\/product"}],"about":[{"href":"https:\/\/www.alsestelekom.com\/index.php\/wp-json\/wp\/v2\/types\/product"}],"replies":[{"embeddable":true,"href":"https:\/\/www.alsestelekom.com\/index.php\/wp-json\/wp\/v2\/comments?post=285"}],"wp:featuredmedia":[{"embeddable":true,"href":"https:\/\/www.alsestelekom.com\/index.php\/wp-json\/wp\/v2\/media\/289"}],"wp:attachment":[{"href":"https:\/\/www.alsestelekom.com\/index.php\/wp-json\/wp\/v2\/media?parent=285"}],"wp:term":[{"taxonomy":"product_brand","embeddable":true,"href":"https:\/\/www.alsestelekom.com\/index.php\/wp-json\/wp\/v2\/product_brand?post=285"},{"taxonomy":"product_cat","embeddable":true,"href":"https:\/\/www.alsestelekom.com\/index.php\/wp-json\/wp\/v2\/product_cat?post=285"},{"taxonomy":"product_tag","embeddable":true,"href":"https:\/\/www.alsestelekom.com\/index.php\/wp-json\/wp\/v2\/product_tag?post=285"}],"curies":[{"name":"wp","href":"https:\/\/api.w.org\/{rel}","templated":true}]}}