{"id":290,"date":"2018-07-04T12:13:05","date_gmt":"2018-07-04T09:13:05","guid":{"rendered":"http:\/\/localhost\/wp\/?post_type=product&#038;p=290"},"modified":"2018-07-04T12:52:45","modified_gmt":"2018-07-04T09:52:45","slug":"gigaset-a270-telsiz-dect-telefon","status":"publish","type":"product","link":"https:\/\/www.alsestelekom.com\/index.php\/urun\/gigaset-a270-telsiz-dect-telefon\/","title":{"rendered":"Gigaset A270 Telsiz (Dect) Telefon"},"content":{"rendered":"<ul>\n<li>Eller serbest konu&#351;ma; &#305;&#351;&#305;kl&#305; eller serbest tu&#351;u<\/li>\n<li>Ayd&#305;nlatmal&#305;, grafik ekran (34 x 22 mm \/ 1.5&rdquo;)<\/li>\n<li>18\/200 saate kadar uzun g&ouml;r&uuml;&#351;me\/bekleme s&uuml;resi<\/li>\n<li>80 kayda kadar telefon rehberi<\/li>\n<li>25 kayda kadar arama listesi<\/li>\n<li>Tak ve &ccedil;al&#305;&#351;t&#305;r &ndash; &ccedil;ok kolay kurulum: paketi a&ccedil;, tak ve ara (ahizeye kay&#305;tl&#305; &ouml;nceki i&#351;ler)<\/li>\n<li>Son 10 numaray&#305; tekrar arama<\/li>\n<li>Tarih ve saate ek olarak alarm i&#351;levini g&ouml;sterme<\/li>\n<li>Hassas bas&#305;m noktal&#305; kullan&#305;c&#305; dostu tu&#351;lar<\/li>\n<li>Numara veya isim ile arama ekran&#305;<\/li>\n<li>ECO DECT &ouml;zelli&#287;i<\/li>\n<\/ul>\n","protected":false},"excerpt":{"rendered":"<ul class=\"check-list\">\n<li>Arayan numaray\u0131 g\u00f6sterme \u00f6zelli\u011fi<\/li>\n<li>1,5 in\u00e7 geni\u015fli\u011finde ayd\u0131nlatmal\u0131 ekran<\/li>\n<li>18 saate kadar konu\u015fma, 200 saat bekleme s\u00fcresi<\/li>\n<li>80 kayda kadar telefon rehberi<\/li>\n<\/ul>\n","protected":false},"featured_media":291,"comment_status":"closed","ping_status":"closed","template":"","meta":[],"product_brand":[],"product_cat":[97,19],"product_tag":[72,57,31,62,60,69,70,58,28,59,65,64,53,71,55,54,74,63,61,77,67,76,75,66,30,27,56,68,73],"class_list":{"0":"post-290","1":"product","2":"type-product","3":"status-publish","4":"has-post-thumbnail","6":"product_cat-gigaset","7":"product_cat-telsiz-telefonlar","8":"product_tag-adsl-fiber","9":"product_tag-alcatel-santral-servisi","10":"product_tag-alses-telekom","11":"product_tag-bagcilar-santral-servisi","12":"product_tag-bulut-santral","13":"product_tag-gigaset-dect","14":"product_tag-gigaset-telsiz","15":"product_tag-ip-dect-sistemleri","16":"product_tag-ip-santral","17":"product_tag-ip-sistemler","18":"product_tag-ip-telefon","19":"product_tag-istanbul-santralci","20":"product_tag-istoc-santral-servisi","21":"product_tag-kablosuz-internet","22":"product_tag-karel-santral","23":"product_tag-karel-santral-servisi","24":"product_tag-kurumsal-cozumler","25":"product_tag-mahmutbey-santral-servisi","26":"product_tag-sanal-santral","27":"product_tag-santral-kurulumu","28":"product_tag-siemens-dect","29":"product_tag-teknik-servis","30":"product_tag-telesis-marmara-bolge-servisi","31":"product_tag-telesis-mr7-santral","32":"product_tag-telesis-nano","33":"product_tag-telesis-santral","34":"product_tag-telesis-santral-servisi","35":"product_tag-telsiz-telefon","36":"product_tag-yapisal-kablolama","38":"first","39":"instock","40":"taxable","41":"shipping-taxable","42":"product-type-simple"},"yoast_head":"<!-- This site is optimized with the Yoast SEO plugin v26.6 - https:\/\/yoast.com\/wordpress\/plugins\/seo\/ -->\n<title>Gigaset A270 Telsiz (Dect) Telefon<\/title>\n<meta name=\"robots\" content=\"index, follow, max-snippet:-1, max-image-preview:large, max-video-preview:-1\" \/>\n<link rel=\"canonical\" href=\"https:\/\/www.alsestelekom.com\/index.php\/urun\/gigaset-a270-telsiz-dect-telefon\/\" \/>\n<meta property=\"og:locale\" content=\"tr_TR\" \/>\n<meta property=\"og:type\" content=\"article\" \/>\n<meta property=\"og:title\" content=\"Gigaset A270 Telsiz (Dect) Telefon\" \/>\n<meta property=\"og:description\" content=\"Arayan numaray\u0131 g\u00f6sterme \u00f6zelli\u011fi  1,5 in\u00e7 geni\u015fli\u011finde ayd\u0131nlatmal\u0131 ekran  18 saate kadar konu\u015fma, 200 saat bekleme s\u00fcresi  80 kayda kadar telefon rehberi\" \/>\n<meta property=\"og:url\" content=\"https:\/\/www.alsestelekom.com\/index.php\/urun\/gigaset-a270-telsiz-dect-telefon\/\" \/>\n<meta property=\"og:site_name\" content=\"ALSES TELEKOM\" \/>\n<meta property=\"article:publisher\" content=\"https:\/\/www.facebook.com\/alsestelekomhaberlesme\/\" \/>\n<meta property=\"article:modified_time\" content=\"2018-07-04T09:52:45+00:00\" \/>\n<meta property=\"og:image\" content=\"https:\/\/www.alsestelekom.com\/wp-content\/uploads\/2018\/07\/gigaset-a270-kablosuz-telefon-zoom-1.jpg\" \/>\n\t<meta property=\"og:image:width\" content=\"900\" \/>\n\t<meta property=\"og:image:height\" content=\"900\" \/>\n\t<meta property=\"og:image:type\" content=\"image\/jpeg\" \/>\n<meta name=\"twitter:card\" content=\"summary_large_image\" \/>\n<script type=\"application\/ld+json\" class=\"yoast-schema-graph\">{\"@context\":\"https:\/\/schema.org\",\"@graph\":[{\"@type\":\"WebPage\",\"@id\":\"https:\/\/www.alsestelekom.com\/index.php\/urun\/gigaset-a270-telsiz-dect-telefon\/\",\"url\":\"https:\/\/www.alsestelekom.com\/index.php\/urun\/gigaset-a270-telsiz-dect-telefon\/\",\"name\":\"Gigaset A270 Telsiz (Dect) Telefon\",\"isPartOf\":{\"@id\":\"https:\/\/www.alsestelekom.com\/#website\"},\"primaryImageOfPage\":{\"@id\":\"https:\/\/www.alsestelekom.com\/index.php\/urun\/gigaset-a270-telsiz-dect-telefon\/#primaryimage\"},\"image\":{\"@id\":\"https:\/\/www.alsestelekom.com\/index.php\/urun\/gigaset-a270-telsiz-dect-telefon\/#primaryimage\"},\"thumbnailUrl\":\"https:\/\/www.alsestelekom.com\/wp-content\/uploads\/2018\/07\/gigaset-a270-kablosuz-telefon-zoom-1.jpg\",\"datePublished\":\"2018-07-04T09:13:05+00:00\",\"dateModified\":\"2018-07-04T09:52:45+00:00\",\"breadcrumb\":{\"@id\":\"https:\/\/www.alsestelekom.com\/index.php\/urun\/gigaset-a270-telsiz-dect-telefon\/#breadcrumb\"},\"inLanguage\":\"tr\",\"potentialAction\":[{\"@type\":\"ReadAction\",\"target\":[\"https:\/\/www.alsestelekom.com\/index.php\/urun\/gigaset-a270-telsiz-dect-telefon\/\"]}]},{\"@type\":\"ImageObject\",\"inLanguage\":\"tr\",\"@id\":\"https:\/\/www.alsestelekom.com\/index.php\/urun\/gigaset-a270-telsiz-dect-telefon\/#primaryimage\",\"url\":\"https:\/\/www.alsestelekom.com\/wp-content\/uploads\/2018\/07\/gigaset-a270-kablosuz-telefon-zoom-1.jpg\",\"contentUrl\":\"https:\/\/www.alsestelekom.com\/wp-content\/uploads\/2018\/07\/gigaset-a270-kablosuz-telefon-zoom-1.jpg\",\"width\":900,\"height\":900},{\"@type\":\"BreadcrumbList\",\"@id\":\"https:\/\/www.alsestelekom.com\/index.php\/urun\/gigaset-a270-telsiz-dect-telefon\/#breadcrumb\",\"itemListElement\":[{\"@type\":\"ListItem\",\"position\":1,\"name\":\"Ana sayfa\",\"item\":\"https:\/\/www.alsestelekom.com\/\"},{\"@type\":\"ListItem\",\"position\":2,\"name\":\"Ma\u011faza\",\"item\":\"https:\/\/www.alsestelekom.com\/index.php\/magaza\/\"},{\"@type\":\"ListItem\",\"position\":3,\"name\":\"Gigaset A270 Telsiz (Dect) Telefon\"}]},{\"@type\":\"WebSite\",\"@id\":\"https:\/\/www.alsestelekom.com\/#website\",\"url\":\"https:\/\/www.alsestelekom.com\/\",\"name\":\"ALSES TELEKOM\",\"description\":\"Telesis Karel Kurumsal \u00c7\u00f6z\u00fcmler Destek Ortakl\u0131\u011f\u0131\",\"publisher\":{\"@id\":\"https:\/\/www.alsestelekom.com\/#organization\"},\"potentialAction\":[{\"@type\":\"SearchAction\",\"target\":{\"@type\":\"EntryPoint\",\"urlTemplate\":\"https:\/\/www.alsestelekom.com\/?s={search_term_string}\"},\"query-input\":{\"@type\":\"PropertyValueSpecification\",\"valueRequired\":true,\"valueName\":\"search_term_string\"}}],\"inLanguage\":\"tr\"},{\"@type\":\"Organization\",\"@id\":\"https:\/\/www.alsestelekom.com\/#organization\",\"name\":\"Alses Telekom\",\"url\":\"https:\/\/www.alsestelekom.com\/\",\"logo\":{\"@type\":\"ImageObject\",\"inLanguage\":\"tr\",\"@id\":\"https:\/\/www.alsestelekom.com\/#\/schema\/logo\/image\/\",\"url\":\"http:\/\/localhost\/wp\/wp-content\/uploads\/2019\/07\/logos.png\",\"contentUrl\":\"http:\/\/localhost\/wp\/wp-content\/uploads\/2019\/07\/logos.png\",\"width\":475,\"height\":133,\"caption\":\"Alses Telekom\"},\"image\":{\"@id\":\"https:\/\/www.alsestelekom.com\/#\/schema\/logo\/image\/\"},\"sameAs\":[\"https:\/\/www.facebook.com\/alsestelekomhaberlesme\/\",\"https:\/\/www.instagram.com\/alsestelekom\/\"]}]}<\/script>\n<!-- \/ Yoast SEO plugin. -->","yoast_head_json":{"title":"Gigaset A270 Telsiz (Dect) Telefon","robots":{"index":"index","follow":"follow","max-snippet":"max-snippet:-1","max-image-preview":"max-image-preview:large","max-video-preview":"max-video-preview:-1"},"canonical":"https:\/\/www.alsestelekom.com\/index.php\/urun\/gigaset-a270-telsiz-dect-telefon\/","og_locale":"tr_TR","og_type":"article","og_title":"Gigaset A270 Telsiz (Dect) Telefon","og_description":"Arayan numaray\u0131 g\u00f6sterme \u00f6zelli\u011fi  1,5 in\u00e7 geni\u015fli\u011finde ayd\u0131nlatmal\u0131 ekran  18 saate kadar konu\u015fma, 200 saat bekleme s\u00fcresi  80 kayda kadar telefon rehberi","og_url":"https:\/\/www.alsestelekom.com\/index.php\/urun\/gigaset-a270-telsiz-dect-telefon\/","og_site_name":"ALSES TELEKOM","article_publisher":"https:\/\/www.facebook.com\/alsestelekomhaberlesme\/","article_modified_time":"2018-07-04T09:52:45+00:00","og_image":[{"width":900,"height":900,"url":"https:\/\/www.alsestelekom.com\/wp-content\/uploads\/2018\/07\/gigaset-a270-kablosuz-telefon-zoom-1.jpg","type":"image\/jpeg"}],"twitter_card":"summary_large_image","schema":{"@context":"https:\/\/schema.org","@graph":[{"@type":"WebPage","@id":"https:\/\/www.alsestelekom.com\/index.php\/urun\/gigaset-a270-telsiz-dect-telefon\/","url":"https:\/\/www.alsestelekom.com\/index.php\/urun\/gigaset-a270-telsiz-dect-telefon\/","name":"Gigaset A270 Telsiz (Dect) Telefon","isPartOf":{"@id":"https:\/\/www.alsestelekom.com\/#website"},"primaryImageOfPage":{"@id":"https:\/\/www.alsestelekom.com\/index.php\/urun\/gigaset-a270-telsiz-dect-telefon\/#primaryimage"},"image":{"@id":"https:\/\/www.alsestelekom.com\/index.php\/urun\/gigaset-a270-telsiz-dect-telefon\/#primaryimage"},"thumbnailUrl":"https:\/\/www.alsestelekom.com\/wp-content\/uploads\/2018\/07\/gigaset-a270-kablosuz-telefon-zoom-1.jpg","datePublished":"2018-07-04T09:13:05+00:00","dateModified":"2018-07-04T09:52:45+00:00","breadcrumb":{"@id":"https:\/\/www.alsestelekom.com\/index.php\/urun\/gigaset-a270-telsiz-dect-telefon\/#breadcrumb"},"inLanguage":"tr","potentialAction":[{"@type":"ReadAction","target":["https:\/\/www.alsestelekom.com\/index.php\/urun\/gigaset-a270-telsiz-dect-telefon\/"]}]},{"@type":"ImageObject","inLanguage":"tr","@id":"https:\/\/www.alsestelekom.com\/index.php\/urun\/gigaset-a270-telsiz-dect-telefon\/#primaryimage","url":"https:\/\/www.alsestelekom.com\/wp-content\/uploads\/2018\/07\/gigaset-a270-kablosuz-telefon-zoom-1.jpg","contentUrl":"https:\/\/www.alsestelekom.com\/wp-content\/uploads\/2018\/07\/gigaset-a270-kablosuz-telefon-zoom-1.jpg","width":900,"height":900},{"@type":"BreadcrumbList","@id":"https:\/\/www.alsestelekom.com\/index.php\/urun\/gigaset-a270-telsiz-dect-telefon\/#breadcrumb","itemListElement":[{"@type":"ListItem","position":1,"name":"Ana sayfa","item":"https:\/\/www.alsestelekom.com\/"},{"@type":"ListItem","position":2,"name":"Ma\u011faza","item":"https:\/\/www.alsestelekom.com\/index.php\/magaza\/"},{"@type":"ListItem","position":3,"name":"Gigaset A270 Telsiz (Dect) Telefon"}]},{"@type":"WebSite","@id":"https:\/\/www.alsestelekom.com\/#website","url":"https:\/\/www.alsestelekom.com\/","name":"ALSES TELEKOM","description":"Telesis Karel Kurumsal \u00c7\u00f6z\u00fcmler Destek Ortakl\u0131\u011f\u0131","publisher":{"@id":"https:\/\/www.alsestelekom.com\/#organization"},"potentialAction":[{"@type":"SearchAction","target":{"@type":"EntryPoint","urlTemplate":"https:\/\/www.alsestelekom.com\/?s={search_term_string}"},"query-input":{"@type":"PropertyValueSpecification","valueRequired":true,"valueName":"search_term_string"}}],"inLanguage":"tr"},{"@type":"Organization","@id":"https:\/\/www.alsestelekom.com\/#organization","name":"Alses Telekom","url":"https:\/\/www.alsestelekom.com\/","logo":{"@type":"ImageObject","inLanguage":"tr","@id":"https:\/\/www.alsestelekom.com\/#\/schema\/logo\/image\/","url":"http:\/\/localhost\/wp\/wp-content\/uploads\/2019\/07\/logos.png","contentUrl":"http:\/\/localhost\/wp\/wp-content\/uploads\/2019\/07\/logos.png","width":475,"height":133,"caption":"Alses Telekom"},"image":{"@id":"https:\/\/www.alsestelekom.com\/#\/schema\/logo\/image\/"},"sameAs":["https:\/\/www.facebook.com\/alsestelekomhaberlesme\/","https:\/\/www.instagram.com\/alsestelekom\/"]}]}},"_links":{"self":[{"href":"https:\/\/www.alsestelekom.com\/index.php\/wp-json\/wp\/v2\/product\/290","targetHints":{"allow":["GET"]}}],"collection":[{"href":"https:\/\/www.alsestelekom.com\/index.php\/wp-json\/wp\/v2\/product"}],"about":[{"href":"https:\/\/www.alsestelekom.com\/index.php\/wp-json\/wp\/v2\/types\/product"}],"replies":[{"embeddable":true,"href":"https:\/\/www.alsestelekom.com\/index.php\/wp-json\/wp\/v2\/comments?post=290"}],"wp:featuredmedia":[{"embeddable":true,"href":"https:\/\/www.alsestelekom.com\/index.php\/wp-json\/wp\/v2\/media\/291"}],"wp:attachment":[{"href":"https:\/\/www.alsestelekom.com\/index.php\/wp-json\/wp\/v2\/media?parent=290"}],"wp:term":[{"taxonomy":"product_brand","embeddable":true,"href":"https:\/\/www.alsestelekom.com\/index.php\/wp-json\/wp\/v2\/product_brand?post=290"},{"taxonomy":"product_cat","embeddable":true,"href":"https:\/\/www.alsestelekom.com\/index.php\/wp-json\/wp\/v2\/product_cat?post=290"},{"taxonomy":"product_tag","embeddable":true,"href":"https:\/\/www.alsestelekom.com\/index.php\/wp-json\/wp\/v2\/product_tag?post=290"}],"curies":[{"name":"wp","href":"https:\/\/api.w.org\/{rel}","templated":true}]}}