{"id":295,"date":"2018-07-04T12:18:29","date_gmt":"2018-07-04T09:18:29","guid":{"rendered":"http:\/\/localhost\/wp\/?post_type=product&#038;p=295"},"modified":"2018-07-04T12:50:32","modified_gmt":"2018-07-04T09:50:32","slug":"gigaset-c530-telsiz-ip-dect-telefon-siyah","status":"publish","type":"product","link":"https:\/\/www.alsestelekom.com\/index.php\/urun\/gigaset-c530-telsiz-ip-dect-telefon-siyah\/","title":{"rendered":"Gigaset C530 Telsiz IP (Dect) Telefon Siyah"},"content":{"rendered":"<div>\n<div>ContactsPlush uygulamas&#305;<\/div>\n<\/div>\n<div>\n<div>ContactsPlush uygulamas&#305; uygulamas&#305; ile ak&#305;ll&#305; telefonunuzdaki ki&#351;ileri do&#287;rudan&nbsp;Gigaset C530 Telsiz IP (Dect) Telefon&rsquo;a aktarabilir siniz.<\/div>\n<\/div>\n<div><\/div>\n<div>3 aramaya kadar paralel arama<\/div>\n<div>\n<div>VoIP ve sabit hatli telefonda 3 aramaya kadar paralel arama yapabilirsiniz.<\/div>\n<div><\/div>\n<div>Kolay ki&#351;ile&#351;tirme<\/div>\n<div>Zil sesini, ekran koruyucuyu, ve ses profillerini diledi&#287;iniz gibi kolayca ki&#351;ile&#351;tirebilirsiniz.<\/div>\n<\/div>\n<div><\/div>\n<div>1.8 in&ccedil; 32 x 30 mm TFT ekran<\/div>\n<div>1.8 in&ccedil; 32 x 30 mm TFT ekran&#305; ile ba&#351;ta aramalar olmak &uuml;zere t&uuml;m i&#351;lemlerinizi kolay bir &#351;ekilde y&ouml;netirsiniz.<\/div>\n<div><\/div>\n<div>Uzun konu&#351;ma ve bekleme s&uuml;releri<\/div>\n<div>Gigaset C530&nbsp;&nbsp;14 saate kadar konusma s&uuml;resi, 320 saate kadar da bekleme s&uuml;resi sunmaktadir.<\/div>\n<div><\/div>\n<div>HDSP ses kalitesi<\/div>\n<div>HDSP ses kalitesi ile ahizesiz olsa bile yapt&#305;&#287;&#305;n&#305;z g&ouml;r&uuml;&#351;melerde net ve canl&#305; ses kalitesinin keyfini ya&#351;ayacaks&#305;n&#305;z.<\/div>\n<div><\/div>\n<div>Tamamen radyasyonsuz kullan&#305;m imkan&#305;<\/div>\n<div>\n<div>ECO Mode&rsquo;u &nbsp;se&ccedil;erek Gigaset Dune&rsquo;un baz istasyonu verici g&uuml;c&uuml;n&uuml; %80 oraninda azaltabilirsiniz. Dahasi, tamamen radyasyonsuz ECO Mode Plus &ouml;zelligi telefonunuz bekleme modundayken verici g&uuml;c&uuml;n&uuml; tamamen kapat&#305;r.<\/div>\n<\/div>\n<div><\/div>\n<div>3 y&ouml;n&uuml; telesekreter<\/div>\n<div>3 y&ouml;n&uuml; telesekreter&nbsp;g&ouml;nderilen mesajlarinizi 3 adet numaraya g&ouml;nderme imkani sa&#287;lar. 55 dakikal&#305;k kay&#305;t s&uuml;resi ile t&uuml;m mesajlar&#305;n&#305;z&#305; kendiniz m&uuml;sait oldu&#287;unuz i&ccedil;in dinleyebilir siniz.<\/div>\n","protected":false},"excerpt":{"rendered":"<ul class=\"check-list\">\n<li>3 y\u00f6n\u00fc telesekreter<\/li>\n<li>HDSP ses kalitesi<\/li>\n<li>2 y\u0131l garanti<\/li>\n<li>3 aramaya kadar paralel arama<\/li>\n<\/ul>\n","protected":false},"featured_media":296,"comment_status":"closed","ping_status":"closed","template":"","meta":[],"product_brand":[],"product_cat":[97,19],"product_tag":[72,57,31,62,60,69,70,58,28,59,65,64,53,71,55,54,74,63,61,77,67,76,75,66,30,27,56,68,73],"class_list":{"0":"post-295","1":"product","2":"type-product","3":"status-publish","4":"has-post-thumbnail","6":"product_cat-gigaset","7":"product_cat-telsiz-telefonlar","8":"product_tag-adsl-fiber","9":"product_tag-alcatel-santral-servisi","10":"product_tag-alses-telekom","11":"product_tag-bagcilar-santral-servisi","12":"product_tag-bulut-santral","13":"product_tag-gigaset-dect","14":"product_tag-gigaset-telsiz","15":"product_tag-ip-dect-sistemleri","16":"product_tag-ip-santral","17":"product_tag-ip-sistemler","18":"product_tag-ip-telefon","19":"product_tag-istanbul-santralci","20":"product_tag-istoc-santral-servisi","21":"product_tag-kablosuz-internet","22":"product_tag-karel-santral","23":"product_tag-karel-santral-servisi","24":"product_tag-kurumsal-cozumler","25":"product_tag-mahmutbey-santral-servisi","26":"product_tag-sanal-santral","27":"product_tag-santral-kurulumu","28":"product_tag-siemens-dect","29":"product_tag-teknik-servis","30":"product_tag-telesis-marmara-bolge-servisi","31":"product_tag-telesis-mr7-santral","32":"product_tag-telesis-nano","33":"product_tag-telesis-santral","34":"product_tag-telesis-santral-servisi","35":"product_tag-telsiz-telefon","36":"product_tag-yapisal-kablolama","38":"first","39":"instock","40":"taxable","41":"shipping-taxable","42":"product-type-simple"},"yoast_head":"<!-- This site is optimized with the Yoast SEO plugin v26.6 - https:\/\/yoast.com\/wordpress\/plugins\/seo\/ -->\n<title>Gigaset C530 Telsiz IP (Dect) Telefon Siyah<\/title>\n<meta name=\"robots\" content=\"index, follow, max-snippet:-1, max-image-preview:large, max-video-preview:-1\" \/>\n<link rel=\"canonical\" href=\"https:\/\/www.alsestelekom.com\/index.php\/urun\/gigaset-c530-telsiz-ip-dect-telefon-siyah\/\" \/>\n<meta property=\"og:locale\" content=\"tr_TR\" \/>\n<meta property=\"og:type\" content=\"article\" \/>\n<meta property=\"og:title\" content=\"Gigaset C530 Telsiz IP (Dect) Telefon Siyah\" \/>\n<meta property=\"og:description\" content=\"3 y\u00f6n\u00fc telesekreter  HDSP ses kalitesi  2 y\u0131l garanti  3 aramaya kadar paralel arama\" \/>\n<meta property=\"og:url\" content=\"https:\/\/www.alsestelekom.com\/index.php\/urun\/gigaset-c530-telsiz-ip-dect-telefon-siyah\/\" \/>\n<meta property=\"og:site_name\" content=\"ALSES TELEKOM\" \/>\n<meta property=\"article:publisher\" content=\"https:\/\/www.facebook.com\/alsestelekomhaberlesme\/\" \/>\n<meta property=\"article:modified_time\" content=\"2018-07-04T09:50:32+00:00\" \/>\n<meta property=\"og:image\" content=\"https:\/\/www.alsestelekom.com\/wp-content\/uploads\/2018\/07\/gigaset-c530-telsiz-ip-dect-telefon-siyah-zoom-1.jpg\" \/>\n\t<meta property=\"og:image:width\" content=\"900\" \/>\n\t<meta property=\"og:image:height\" content=\"900\" \/>\n\t<meta property=\"og:image:type\" content=\"image\/jpeg\" \/>\n<meta name=\"twitter:card\" content=\"summary_large_image\" \/>\n<meta name=\"twitter:label1\" content=\"Tahmini okuma s\u00fcresi\" \/>\n\t<meta name=\"twitter:data1\" content=\"1 dakika\" \/>\n<script type=\"application\/ld+json\" class=\"yoast-schema-graph\">{\"@context\":\"https:\/\/schema.org\",\"@graph\":[{\"@type\":\"WebPage\",\"@id\":\"https:\/\/www.alsestelekom.com\/index.php\/urun\/gigaset-c530-telsiz-ip-dect-telefon-siyah\/\",\"url\":\"https:\/\/www.alsestelekom.com\/index.php\/urun\/gigaset-c530-telsiz-ip-dect-telefon-siyah\/\",\"name\":\"Gigaset C530 Telsiz IP (Dect) Telefon Siyah\",\"isPartOf\":{\"@id\":\"https:\/\/www.alsestelekom.com\/#website\"},\"primaryImageOfPage\":{\"@id\":\"https:\/\/www.alsestelekom.com\/index.php\/urun\/gigaset-c530-telsiz-ip-dect-telefon-siyah\/#primaryimage\"},\"image\":{\"@id\":\"https:\/\/www.alsestelekom.com\/index.php\/urun\/gigaset-c530-telsiz-ip-dect-telefon-siyah\/#primaryimage\"},\"thumbnailUrl\":\"https:\/\/www.alsestelekom.com\/wp-content\/uploads\/2018\/07\/gigaset-c530-telsiz-ip-dect-telefon-siyah-zoom-1.jpg\",\"datePublished\":\"2018-07-04T09:18:29+00:00\",\"dateModified\":\"2018-07-04T09:50:32+00:00\",\"breadcrumb\":{\"@id\":\"https:\/\/www.alsestelekom.com\/index.php\/urun\/gigaset-c530-telsiz-ip-dect-telefon-siyah\/#breadcrumb\"},\"inLanguage\":\"tr\",\"potentialAction\":[{\"@type\":\"ReadAction\",\"target\":[\"https:\/\/www.alsestelekom.com\/index.php\/urun\/gigaset-c530-telsiz-ip-dect-telefon-siyah\/\"]}]},{\"@type\":\"ImageObject\",\"inLanguage\":\"tr\",\"@id\":\"https:\/\/www.alsestelekom.com\/index.php\/urun\/gigaset-c530-telsiz-ip-dect-telefon-siyah\/#primaryimage\",\"url\":\"https:\/\/www.alsestelekom.com\/wp-content\/uploads\/2018\/07\/gigaset-c530-telsiz-ip-dect-telefon-siyah-zoom-1.jpg\",\"contentUrl\":\"https:\/\/www.alsestelekom.com\/wp-content\/uploads\/2018\/07\/gigaset-c530-telsiz-ip-dect-telefon-siyah-zoom-1.jpg\",\"width\":900,\"height\":900},{\"@type\":\"BreadcrumbList\",\"@id\":\"https:\/\/www.alsestelekom.com\/index.php\/urun\/gigaset-c530-telsiz-ip-dect-telefon-siyah\/#breadcrumb\",\"itemListElement\":[{\"@type\":\"ListItem\",\"position\":1,\"name\":\"Ana sayfa\",\"item\":\"https:\/\/www.alsestelekom.com\/\"},{\"@type\":\"ListItem\",\"position\":2,\"name\":\"Ma\u011faza\",\"item\":\"https:\/\/www.alsestelekom.com\/index.php\/magaza\/\"},{\"@type\":\"ListItem\",\"position\":3,\"name\":\"Gigaset C530 Telsiz IP (Dect) Telefon Siyah\"}]},{\"@type\":\"WebSite\",\"@id\":\"https:\/\/www.alsestelekom.com\/#website\",\"url\":\"https:\/\/www.alsestelekom.com\/\",\"name\":\"ALSES TELEKOM\",\"description\":\"Telesis Karel Kurumsal \u00c7\u00f6z\u00fcmler Destek Ortakl\u0131\u011f\u0131\",\"publisher\":{\"@id\":\"https:\/\/www.alsestelekom.com\/#organization\"},\"potentialAction\":[{\"@type\":\"SearchAction\",\"target\":{\"@type\":\"EntryPoint\",\"urlTemplate\":\"https:\/\/www.alsestelekom.com\/?s={search_term_string}\"},\"query-input\":{\"@type\":\"PropertyValueSpecification\",\"valueRequired\":true,\"valueName\":\"search_term_string\"}}],\"inLanguage\":\"tr\"},{\"@type\":\"Organization\",\"@id\":\"https:\/\/www.alsestelekom.com\/#organization\",\"name\":\"Alses Telekom\",\"url\":\"https:\/\/www.alsestelekom.com\/\",\"logo\":{\"@type\":\"ImageObject\",\"inLanguage\":\"tr\",\"@id\":\"https:\/\/www.alsestelekom.com\/#\/schema\/logo\/image\/\",\"url\":\"http:\/\/localhost\/wp\/wp-content\/uploads\/2019\/07\/logos.png\",\"contentUrl\":\"http:\/\/localhost\/wp\/wp-content\/uploads\/2019\/07\/logos.png\",\"width\":475,\"height\":133,\"caption\":\"Alses Telekom\"},\"image\":{\"@id\":\"https:\/\/www.alsestelekom.com\/#\/schema\/logo\/image\/\"},\"sameAs\":[\"https:\/\/www.facebook.com\/alsestelekomhaberlesme\/\",\"https:\/\/www.instagram.com\/alsestelekom\/\"]}]}<\/script>\n<!-- \/ Yoast SEO plugin. -->","yoast_head_json":{"title":"Gigaset C530 Telsiz IP (Dect) Telefon Siyah","robots":{"index":"index","follow":"follow","max-snippet":"max-snippet:-1","max-image-preview":"max-image-preview:large","max-video-preview":"max-video-preview:-1"},"canonical":"https:\/\/www.alsestelekom.com\/index.php\/urun\/gigaset-c530-telsiz-ip-dect-telefon-siyah\/","og_locale":"tr_TR","og_type":"article","og_title":"Gigaset C530 Telsiz IP (Dect) Telefon Siyah","og_description":"3 y\u00f6n\u00fc telesekreter  HDSP ses kalitesi  2 y\u0131l garanti  3 aramaya kadar paralel arama","og_url":"https:\/\/www.alsestelekom.com\/index.php\/urun\/gigaset-c530-telsiz-ip-dect-telefon-siyah\/","og_site_name":"ALSES TELEKOM","article_publisher":"https:\/\/www.facebook.com\/alsestelekomhaberlesme\/","article_modified_time":"2018-07-04T09:50:32+00:00","og_image":[{"width":900,"height":900,"url":"https:\/\/www.alsestelekom.com\/wp-content\/uploads\/2018\/07\/gigaset-c530-telsiz-ip-dect-telefon-siyah-zoom-1.jpg","type":"image\/jpeg"}],"twitter_card":"summary_large_image","twitter_misc":{"Tahmini okuma s\u00fcresi":"1 dakika"},"schema":{"@context":"https:\/\/schema.org","@graph":[{"@type":"WebPage","@id":"https:\/\/www.alsestelekom.com\/index.php\/urun\/gigaset-c530-telsiz-ip-dect-telefon-siyah\/","url":"https:\/\/www.alsestelekom.com\/index.php\/urun\/gigaset-c530-telsiz-ip-dect-telefon-siyah\/","name":"Gigaset C530 Telsiz IP (Dect) Telefon Siyah","isPartOf":{"@id":"https:\/\/www.alsestelekom.com\/#website"},"primaryImageOfPage":{"@id":"https:\/\/www.alsestelekom.com\/index.php\/urun\/gigaset-c530-telsiz-ip-dect-telefon-siyah\/#primaryimage"},"image":{"@id":"https:\/\/www.alsestelekom.com\/index.php\/urun\/gigaset-c530-telsiz-ip-dect-telefon-siyah\/#primaryimage"},"thumbnailUrl":"https:\/\/www.alsestelekom.com\/wp-content\/uploads\/2018\/07\/gigaset-c530-telsiz-ip-dect-telefon-siyah-zoom-1.jpg","datePublished":"2018-07-04T09:18:29+00:00","dateModified":"2018-07-04T09:50:32+00:00","breadcrumb":{"@id":"https:\/\/www.alsestelekom.com\/index.php\/urun\/gigaset-c530-telsiz-ip-dect-telefon-siyah\/#breadcrumb"},"inLanguage":"tr","potentialAction":[{"@type":"ReadAction","target":["https:\/\/www.alsestelekom.com\/index.php\/urun\/gigaset-c530-telsiz-ip-dect-telefon-siyah\/"]}]},{"@type":"ImageObject","inLanguage":"tr","@id":"https:\/\/www.alsestelekom.com\/index.php\/urun\/gigaset-c530-telsiz-ip-dect-telefon-siyah\/#primaryimage","url":"https:\/\/www.alsestelekom.com\/wp-content\/uploads\/2018\/07\/gigaset-c530-telsiz-ip-dect-telefon-siyah-zoom-1.jpg","contentUrl":"https:\/\/www.alsestelekom.com\/wp-content\/uploads\/2018\/07\/gigaset-c530-telsiz-ip-dect-telefon-siyah-zoom-1.jpg","width":900,"height":900},{"@type":"BreadcrumbList","@id":"https:\/\/www.alsestelekom.com\/index.php\/urun\/gigaset-c530-telsiz-ip-dect-telefon-siyah\/#breadcrumb","itemListElement":[{"@type":"ListItem","position":1,"name":"Ana sayfa","item":"https:\/\/www.alsestelekom.com\/"},{"@type":"ListItem","position":2,"name":"Ma\u011faza","item":"https:\/\/www.alsestelekom.com\/index.php\/magaza\/"},{"@type":"ListItem","position":3,"name":"Gigaset C530 Telsiz IP (Dect) Telefon Siyah"}]},{"@type":"WebSite","@id":"https:\/\/www.alsestelekom.com\/#website","url":"https:\/\/www.alsestelekom.com\/","name":"ALSES TELEKOM","description":"Telesis Karel Kurumsal \u00c7\u00f6z\u00fcmler Destek Ortakl\u0131\u011f\u0131","publisher":{"@id":"https:\/\/www.alsestelekom.com\/#organization"},"potentialAction":[{"@type":"SearchAction","target":{"@type":"EntryPoint","urlTemplate":"https:\/\/www.alsestelekom.com\/?s={search_term_string}"},"query-input":{"@type":"PropertyValueSpecification","valueRequired":true,"valueName":"search_term_string"}}],"inLanguage":"tr"},{"@type":"Organization","@id":"https:\/\/www.alsestelekom.com\/#organization","name":"Alses Telekom","url":"https:\/\/www.alsestelekom.com\/","logo":{"@type":"ImageObject","inLanguage":"tr","@id":"https:\/\/www.alsestelekom.com\/#\/schema\/logo\/image\/","url":"http:\/\/localhost\/wp\/wp-content\/uploads\/2019\/07\/logos.png","contentUrl":"http:\/\/localhost\/wp\/wp-content\/uploads\/2019\/07\/logos.png","width":475,"height":133,"caption":"Alses Telekom"},"image":{"@id":"https:\/\/www.alsestelekom.com\/#\/schema\/logo\/image\/"},"sameAs":["https:\/\/www.facebook.com\/alsestelekomhaberlesme\/","https:\/\/www.instagram.com\/alsestelekom\/"]}]}},"_links":{"self":[{"href":"https:\/\/www.alsestelekom.com\/index.php\/wp-json\/wp\/v2\/product\/295","targetHints":{"allow":["GET"]}}],"collection":[{"href":"https:\/\/www.alsestelekom.com\/index.php\/wp-json\/wp\/v2\/product"}],"about":[{"href":"https:\/\/www.alsestelekom.com\/index.php\/wp-json\/wp\/v2\/types\/product"}],"replies":[{"embeddable":true,"href":"https:\/\/www.alsestelekom.com\/index.php\/wp-json\/wp\/v2\/comments?post=295"}],"wp:featuredmedia":[{"embeddable":true,"href":"https:\/\/www.alsestelekom.com\/index.php\/wp-json\/wp\/v2\/media\/296"}],"wp:attachment":[{"href":"https:\/\/www.alsestelekom.com\/index.php\/wp-json\/wp\/v2\/media?parent=295"}],"wp:term":[{"taxonomy":"product_brand","embeddable":true,"href":"https:\/\/www.alsestelekom.com\/index.php\/wp-json\/wp\/v2\/product_brand?post=295"},{"taxonomy":"product_cat","embeddable":true,"href":"https:\/\/www.alsestelekom.com\/index.php\/wp-json\/wp\/v2\/product_cat?post=295"},{"taxonomy":"product_tag","embeddable":true,"href":"https:\/\/www.alsestelekom.com\/index.php\/wp-json\/wp\/v2\/product_tag?post=295"}],"curies":[{"name":"wp","href":"https:\/\/api.w.org\/{rel}","templated":true}]}}