{"id":302,"date":"2018-07-04T12:25:50","date_gmt":"2018-07-04T09:25:50","guid":{"rendered":"http:\/\/localhost\/wp\/?post_type=product&#038;p=302"},"modified":"2018-07-04T12:49:43","modified_gmt":"2018-07-04T09:49:43","slug":"gigaset-a415-telsiz-dect-telefon","status":"publish","type":"product","link":"https:\/\/www.alsestelekom.com\/index.php\/urun\/gigaset-a415-telsiz-dect-telefon\/","title":{"rendered":"Gigaset A415 Telsiz (Dect) Telefon"},"content":{"rendered":"<p><span style=\"font-family: Arial, Verdana;\">Modern ve bir o kadar rahat kullanabilece&#287;iniz kablosuz telefon. Rehberinize 100 isim ve numara kaydedebilirsiniz. M&uuml;kemmel ses kalitesiyle konu&#351;malar&#305;n&#305;z&#305; g&ouml;n&uuml;l rahatl&#305;&#287;&#305;yla yapabilirsiniz. 1.8 in&ccedil; ekran ile d&uuml;&#351;&uuml;k &#305;&#351;&#305;kta bile m&uuml;kemmel okunurlu&#287;un keyfini &ccedil;&#305;kar&#305;n.&nbsp;G&uuml;nd&uuml;z\/Gece modunu se&ccedil;erek t&uuml;m istedi&#287;iniz &ccedil;a&#287;r&#305; seslerini ayarlayabilirsiniz. Bilinmeyen numaralardan gelen &ccedil;a&#287;r&#305;lar&#305; ise kendili&#287;inden sessize al&#305;r.<\/span><\/p>\n<div><\/div>\n<div>\n<div><span style=\"font-family: Arial, Verdana;\">Kolay gezinme ve okunabilirlik<\/span><\/div>\n<div><span style=\"font-family: Arial, Verdana;\">Gigaset A415 Duo kablosuz telefon konforunuz i&ccedil;in tasarland&#305;. &#304;yi kontrastlara sahip &#305;&#351;&#305;kland&#305;r&#305;lm&#305;&#351; 1.8 in&ccedil; ekran ile d&uuml;&#351;&uuml;k &#305;&#351;&#305;k seviyesinde bile m&uuml;kemmel okunurlu&#287;un keyfini &ccedil;&#305;kar&#305;n. Ye&#351;il &#305;&#351;&#305;kl&#305; tu&#351;u ile arama yap&#305;n ve eller serbest g&ouml;r&uuml;&#351;meyi ba&#351;lat&#305;n, k&#305;rm&#305;z&#305; &#305;&#351;&#305;kl&#305; tu&#351;u ile bir &ccedil;a&#287;r&#305; veya mesaj&#305;n&#305;z oldu&#287;unu anlay&#305;n.<\/span><\/div>\n<div><span style=\"font-family: Arial, Verdana;\">&nbsp;<\/span><\/div>\n<div><span style=\"font-family: Arial, Verdana;\">&#304;rtibatta kalman&#305;z i&ccedil;in yard&#305;mc&#305;&nbsp;<\/span><\/div>\n<div><span style=\"font-family: Arial, Verdana;\">100 kisilik rehberi ile t&uuml;m arkada&#351;lar&#305;n&#305;z ve ailenizin numaralar&#305; bir ka&ccedil; tik uzakta. Gigaset A415 Duo karasal hatl&#305; telefon 2-9 aras&#305; tu&#351;lar&#305; h&#305;zl&#305; arama tu&#351;u olarak ataman&#305;za olanak sa&#287;lar. Ayr&#305;ca caller ID ve cevaps&#305;z arama listesi ile her zaman sizleri kimin arad&#305;&#287;&#305;n&#305; bilebilirsiniz.<\/span><\/div>\n<div><span style=\"font-family: Arial, Verdana;\">&nbsp;<\/span><\/div>\n<div><span style=\"font-family: Arial, Verdana;\">Ayarlanabilir seviye ses tonlar&#305;<\/span><\/div>\n<div><span style=\"font-family: Arial, Verdana;\">&Ccedil;evreniz kadar benzersiz &ndash; Gigaset A415 Duo analog telefon de&#287;i&#351;ik ses profilleri sunuyor. G&uuml;nd&uuml;z\/Gece modunu se&ccedil;erek t&uuml;m istedi&#287;iniz zaman &ccedil;a&#287;r&#305; sesleri k&#305;salabilece&#287;iniz gibi bilinmeyen numaralardan gelen &ccedil;a&#287;r&#305;lar&#305; kendili&#287;inden sessize al&#305;r.&nbsp;<\/span><\/div>\n<div><span style=\"font-family: Arial, Verdana;\">&nbsp;<\/span><\/div>\n<div><span style=\"font-family: Arial, Verdana;\">Eco DECT: enerji tasarrufu sa&#287;layan<\/span><\/div>\n<div><span style=\"font-family: Arial, Verdana;\">Gigaset A415 &rsquo;in enerji tasarrufu sa&#287;layan g&uuml;&ccedil; kayna&#287;&#305; &ccedil;ok daha az elektrik t&uuml;ketir, bu sayede &ccedil;evre ile dosttur. T&uuml;m Gigaset telsiz telefonlar gibi ana &uuml;nite ile el cihaz&#305;n&#305;n aras&#305;ndaki mesafeye ba&#287;l&#305; olarak ileti&#351;im g&uuml;c&uuml;n&uuml; de&#287;i&#351;ken bi&ccedil;imde ayarlar. Ayr&#305;ca Gigaset A415&rsquo;in ana &uuml;nite iletim g&uuml;c&uuml;n&uuml; %80 azaltabilirsiniz. bunun i&ccedil;in yapman&#305;z gereken tek &#351;ey ECO Modunu se&ccedil;mektir. Bunun da &ouml;tesinde, radyasyonsuz ECO Mode Plus telefon bekleme modundayken iletim g&uuml;c&uuml;n&uuml; kapat&#305;r.<\/span><\/div>\n<\/div>\n","protected":false},"excerpt":{"rendered":"<ul class=\"check-list\">\n<li>100 numaraya kadar telefon rehberi<\/li>\n<li>Arayan isim ve zaman g\u00f6sterme<\/li>\n<li>Ayarlanabilir zil sesleri<\/li>\n<li>\u0130simsiz \u00e7a\u011fr\u0131 susturma<\/li>\n<li>H\u0131zl\u0131 arama tu\u015flar\u0131<\/li>\n<\/ul>\n","protected":false},"featured_media":299,"comment_status":"closed","ping_status":"closed","template":"","meta":[],"product_brand":[],"product_cat":[97,19],"product_tag":[72,57,31,62,60,69,70,58,28,59,65,64,53,71,55,54,74,63,61,77,67,76,75,66,30,27,56,68,73],"class_list":{"0":"post-302","1":"product","2":"type-product","3":"status-publish","4":"has-post-thumbnail","6":"product_cat-gigaset","7":"product_cat-telsiz-telefonlar","8":"product_tag-adsl-fiber","9":"product_tag-alcatel-santral-servisi","10":"product_tag-alses-telekom","11":"product_tag-bagcilar-santral-servisi","12":"product_tag-bulut-santral","13":"product_tag-gigaset-dect","14":"product_tag-gigaset-telsiz","15":"product_tag-ip-dect-sistemleri","16":"product_tag-ip-santral","17":"product_tag-ip-sistemler","18":"product_tag-ip-telefon","19":"product_tag-istanbul-santralci","20":"product_tag-istoc-santral-servisi","21":"product_tag-kablosuz-internet","22":"product_tag-karel-santral","23":"product_tag-karel-santral-servisi","24":"product_tag-kurumsal-cozumler","25":"product_tag-mahmutbey-santral-servisi","26":"product_tag-sanal-santral","27":"product_tag-santral-kurulumu","28":"product_tag-siemens-dect","29":"product_tag-teknik-servis","30":"product_tag-telesis-marmara-bolge-servisi","31":"product_tag-telesis-mr7-santral","32":"product_tag-telesis-nano","33":"product_tag-telesis-santral","34":"product_tag-telesis-santral-servisi","35":"product_tag-telsiz-telefon","36":"product_tag-yapisal-kablolama","38":"first","39":"instock","40":"taxable","41":"shipping-taxable","42":"product-type-simple"},"yoast_head":"<!-- This site is optimized with the Yoast SEO plugin v26.6 - https:\/\/yoast.com\/wordpress\/plugins\/seo\/ -->\n<title>Gigaset A415 Telsiz (Dect) Telefon<\/title>\n<meta name=\"robots\" content=\"index, follow, max-snippet:-1, max-image-preview:large, max-video-preview:-1\" \/>\n<link rel=\"canonical\" href=\"https:\/\/www.alsestelekom.com\/index.php\/urun\/gigaset-a415-telsiz-dect-telefon\/\" \/>\n<meta property=\"og:locale\" content=\"tr_TR\" \/>\n<meta property=\"og:type\" content=\"article\" \/>\n<meta property=\"og:title\" content=\"Gigaset A415 Telsiz (Dect) Telefon\" \/>\n<meta property=\"og:description\" content=\"100 numaraya kadar telefon rehberi  Arayan isim ve zaman g\u00f6sterme  Ayarlanabilir zil sesleri  \u0130simsiz \u00e7a\u011fr\u0131 susturma  H\u0131zl\u0131 arama tu\u015flar\u0131\" \/>\n<meta property=\"og:url\" content=\"https:\/\/www.alsestelekom.com\/index.php\/urun\/gigaset-a415-telsiz-dect-telefon\/\" \/>\n<meta property=\"og:site_name\" content=\"ALSES TELEKOM\" \/>\n<meta property=\"article:publisher\" content=\"https:\/\/www.facebook.com\/alsestelekomhaberlesme\/\" \/>\n<meta property=\"article:modified_time\" content=\"2018-07-04T09:49:43+00:00\" \/>\n<meta property=\"og:image\" content=\"https:\/\/www.alsestelekom.com\/wp-content\/uploads\/2018\/07\/gigaset-a415-telsiz-dect-telefon-zoom-1.jpg\" \/>\n\t<meta property=\"og:image:width\" content=\"900\" \/>\n\t<meta property=\"og:image:height\" content=\"900\" \/>\n\t<meta property=\"og:image:type\" content=\"image\/jpeg\" \/>\n<meta name=\"twitter:card\" content=\"summary_large_image\" \/>\n<meta name=\"twitter:label1\" content=\"Tahmini okuma s\u00fcresi\" \/>\n\t<meta name=\"twitter:data1\" content=\"2 dakika\" \/>\n<script type=\"application\/ld+json\" class=\"yoast-schema-graph\">{\"@context\":\"https:\/\/schema.org\",\"@graph\":[{\"@type\":\"WebPage\",\"@id\":\"https:\/\/www.alsestelekom.com\/index.php\/urun\/gigaset-a415-telsiz-dect-telefon\/\",\"url\":\"https:\/\/www.alsestelekom.com\/index.php\/urun\/gigaset-a415-telsiz-dect-telefon\/\",\"name\":\"Gigaset A415 Telsiz (Dect) Telefon\",\"isPartOf\":{\"@id\":\"https:\/\/www.alsestelekom.com\/#website\"},\"primaryImageOfPage\":{\"@id\":\"https:\/\/www.alsestelekom.com\/index.php\/urun\/gigaset-a415-telsiz-dect-telefon\/#primaryimage\"},\"image\":{\"@id\":\"https:\/\/www.alsestelekom.com\/index.php\/urun\/gigaset-a415-telsiz-dect-telefon\/#primaryimage\"},\"thumbnailUrl\":\"https:\/\/www.alsestelekom.com\/wp-content\/uploads\/2018\/07\/gigaset-a415-telsiz-dect-telefon-zoom-1.jpg\",\"datePublished\":\"2018-07-04T09:25:50+00:00\",\"dateModified\":\"2018-07-04T09:49:43+00:00\",\"breadcrumb\":{\"@id\":\"https:\/\/www.alsestelekom.com\/index.php\/urun\/gigaset-a415-telsiz-dect-telefon\/#breadcrumb\"},\"inLanguage\":\"tr\",\"potentialAction\":[{\"@type\":\"ReadAction\",\"target\":[\"https:\/\/www.alsestelekom.com\/index.php\/urun\/gigaset-a415-telsiz-dect-telefon\/\"]}]},{\"@type\":\"ImageObject\",\"inLanguage\":\"tr\",\"@id\":\"https:\/\/www.alsestelekom.com\/index.php\/urun\/gigaset-a415-telsiz-dect-telefon\/#primaryimage\",\"url\":\"https:\/\/www.alsestelekom.com\/wp-content\/uploads\/2018\/07\/gigaset-a415-telsiz-dect-telefon-zoom-1.jpg\",\"contentUrl\":\"https:\/\/www.alsestelekom.com\/wp-content\/uploads\/2018\/07\/gigaset-a415-telsiz-dect-telefon-zoom-1.jpg\",\"width\":900,\"height\":900},{\"@type\":\"BreadcrumbList\",\"@id\":\"https:\/\/www.alsestelekom.com\/index.php\/urun\/gigaset-a415-telsiz-dect-telefon\/#breadcrumb\",\"itemListElement\":[{\"@type\":\"ListItem\",\"position\":1,\"name\":\"Ana sayfa\",\"item\":\"https:\/\/www.alsestelekom.com\/\"},{\"@type\":\"ListItem\",\"position\":2,\"name\":\"Ma\u011faza\",\"item\":\"https:\/\/www.alsestelekom.com\/index.php\/magaza\/\"},{\"@type\":\"ListItem\",\"position\":3,\"name\":\"Gigaset A415 Telsiz (Dect) Telefon\"}]},{\"@type\":\"WebSite\",\"@id\":\"https:\/\/www.alsestelekom.com\/#website\",\"url\":\"https:\/\/www.alsestelekom.com\/\",\"name\":\"ALSES TELEKOM\",\"description\":\"Telesis Karel Kurumsal \u00c7\u00f6z\u00fcmler Destek Ortakl\u0131\u011f\u0131\",\"publisher\":{\"@id\":\"https:\/\/www.alsestelekom.com\/#organization\"},\"potentialAction\":[{\"@type\":\"SearchAction\",\"target\":{\"@type\":\"EntryPoint\",\"urlTemplate\":\"https:\/\/www.alsestelekom.com\/?s={search_term_string}\"},\"query-input\":{\"@type\":\"PropertyValueSpecification\",\"valueRequired\":true,\"valueName\":\"search_term_string\"}}],\"inLanguage\":\"tr\"},{\"@type\":\"Organization\",\"@id\":\"https:\/\/www.alsestelekom.com\/#organization\",\"name\":\"Alses Telekom\",\"url\":\"https:\/\/www.alsestelekom.com\/\",\"logo\":{\"@type\":\"ImageObject\",\"inLanguage\":\"tr\",\"@id\":\"https:\/\/www.alsestelekom.com\/#\/schema\/logo\/image\/\",\"url\":\"http:\/\/localhost\/wp\/wp-content\/uploads\/2019\/07\/logos.png\",\"contentUrl\":\"http:\/\/localhost\/wp\/wp-content\/uploads\/2019\/07\/logos.png\",\"width\":475,\"height\":133,\"caption\":\"Alses Telekom\"},\"image\":{\"@id\":\"https:\/\/www.alsestelekom.com\/#\/schema\/logo\/image\/\"},\"sameAs\":[\"https:\/\/www.facebook.com\/alsestelekomhaberlesme\/\",\"https:\/\/www.instagram.com\/alsestelekom\/\"]}]}<\/script>\n<!-- \/ Yoast SEO plugin. -->","yoast_head_json":{"title":"Gigaset A415 Telsiz (Dect) Telefon","robots":{"index":"index","follow":"follow","max-snippet":"max-snippet:-1","max-image-preview":"max-image-preview:large","max-video-preview":"max-video-preview:-1"},"canonical":"https:\/\/www.alsestelekom.com\/index.php\/urun\/gigaset-a415-telsiz-dect-telefon\/","og_locale":"tr_TR","og_type":"article","og_title":"Gigaset A415 Telsiz (Dect) Telefon","og_description":"100 numaraya kadar telefon rehberi  Arayan isim ve zaman g\u00f6sterme  Ayarlanabilir zil sesleri  \u0130simsiz \u00e7a\u011fr\u0131 susturma  H\u0131zl\u0131 arama tu\u015flar\u0131","og_url":"https:\/\/www.alsestelekom.com\/index.php\/urun\/gigaset-a415-telsiz-dect-telefon\/","og_site_name":"ALSES TELEKOM","article_publisher":"https:\/\/www.facebook.com\/alsestelekomhaberlesme\/","article_modified_time":"2018-07-04T09:49:43+00:00","og_image":[{"width":900,"height":900,"url":"https:\/\/www.alsestelekom.com\/wp-content\/uploads\/2018\/07\/gigaset-a415-telsiz-dect-telefon-zoom-1.jpg","type":"image\/jpeg"}],"twitter_card":"summary_large_image","twitter_misc":{"Tahmini okuma s\u00fcresi":"2 dakika"},"schema":{"@context":"https:\/\/schema.org","@graph":[{"@type":"WebPage","@id":"https:\/\/www.alsestelekom.com\/index.php\/urun\/gigaset-a415-telsiz-dect-telefon\/","url":"https:\/\/www.alsestelekom.com\/index.php\/urun\/gigaset-a415-telsiz-dect-telefon\/","name":"Gigaset A415 Telsiz (Dect) Telefon","isPartOf":{"@id":"https:\/\/www.alsestelekom.com\/#website"},"primaryImageOfPage":{"@id":"https:\/\/www.alsestelekom.com\/index.php\/urun\/gigaset-a415-telsiz-dect-telefon\/#primaryimage"},"image":{"@id":"https:\/\/www.alsestelekom.com\/index.php\/urun\/gigaset-a415-telsiz-dect-telefon\/#primaryimage"},"thumbnailUrl":"https:\/\/www.alsestelekom.com\/wp-content\/uploads\/2018\/07\/gigaset-a415-telsiz-dect-telefon-zoom-1.jpg","datePublished":"2018-07-04T09:25:50+00:00","dateModified":"2018-07-04T09:49:43+00:00","breadcrumb":{"@id":"https:\/\/www.alsestelekom.com\/index.php\/urun\/gigaset-a415-telsiz-dect-telefon\/#breadcrumb"},"inLanguage":"tr","potentialAction":[{"@type":"ReadAction","target":["https:\/\/www.alsestelekom.com\/index.php\/urun\/gigaset-a415-telsiz-dect-telefon\/"]}]},{"@type":"ImageObject","inLanguage":"tr","@id":"https:\/\/www.alsestelekom.com\/index.php\/urun\/gigaset-a415-telsiz-dect-telefon\/#primaryimage","url":"https:\/\/www.alsestelekom.com\/wp-content\/uploads\/2018\/07\/gigaset-a415-telsiz-dect-telefon-zoom-1.jpg","contentUrl":"https:\/\/www.alsestelekom.com\/wp-content\/uploads\/2018\/07\/gigaset-a415-telsiz-dect-telefon-zoom-1.jpg","width":900,"height":900},{"@type":"BreadcrumbList","@id":"https:\/\/www.alsestelekom.com\/index.php\/urun\/gigaset-a415-telsiz-dect-telefon\/#breadcrumb","itemListElement":[{"@type":"ListItem","position":1,"name":"Ana sayfa","item":"https:\/\/www.alsestelekom.com\/"},{"@type":"ListItem","position":2,"name":"Ma\u011faza","item":"https:\/\/www.alsestelekom.com\/index.php\/magaza\/"},{"@type":"ListItem","position":3,"name":"Gigaset A415 Telsiz (Dect) Telefon"}]},{"@type":"WebSite","@id":"https:\/\/www.alsestelekom.com\/#website","url":"https:\/\/www.alsestelekom.com\/","name":"ALSES TELEKOM","description":"Telesis Karel Kurumsal \u00c7\u00f6z\u00fcmler Destek Ortakl\u0131\u011f\u0131","publisher":{"@id":"https:\/\/www.alsestelekom.com\/#organization"},"potentialAction":[{"@type":"SearchAction","target":{"@type":"EntryPoint","urlTemplate":"https:\/\/www.alsestelekom.com\/?s={search_term_string}"},"query-input":{"@type":"PropertyValueSpecification","valueRequired":true,"valueName":"search_term_string"}}],"inLanguage":"tr"},{"@type":"Organization","@id":"https:\/\/www.alsestelekom.com\/#organization","name":"Alses Telekom","url":"https:\/\/www.alsestelekom.com\/","logo":{"@type":"ImageObject","inLanguage":"tr","@id":"https:\/\/www.alsestelekom.com\/#\/schema\/logo\/image\/","url":"http:\/\/localhost\/wp\/wp-content\/uploads\/2019\/07\/logos.png","contentUrl":"http:\/\/localhost\/wp\/wp-content\/uploads\/2019\/07\/logos.png","width":475,"height":133,"caption":"Alses Telekom"},"image":{"@id":"https:\/\/www.alsestelekom.com\/#\/schema\/logo\/image\/"},"sameAs":["https:\/\/www.facebook.com\/alsestelekomhaberlesme\/","https:\/\/www.instagram.com\/alsestelekom\/"]}]}},"_links":{"self":[{"href":"https:\/\/www.alsestelekom.com\/index.php\/wp-json\/wp\/v2\/product\/302","targetHints":{"allow":["GET"]}}],"collection":[{"href":"https:\/\/www.alsestelekom.com\/index.php\/wp-json\/wp\/v2\/product"}],"about":[{"href":"https:\/\/www.alsestelekom.com\/index.php\/wp-json\/wp\/v2\/types\/product"}],"replies":[{"embeddable":true,"href":"https:\/\/www.alsestelekom.com\/index.php\/wp-json\/wp\/v2\/comments?post=302"}],"wp:featuredmedia":[{"embeddable":true,"href":"https:\/\/www.alsestelekom.com\/index.php\/wp-json\/wp\/v2\/media\/299"}],"wp:attachment":[{"href":"https:\/\/www.alsestelekom.com\/index.php\/wp-json\/wp\/v2\/media?parent=302"}],"wp:term":[{"taxonomy":"product_brand","embeddable":true,"href":"https:\/\/www.alsestelekom.com\/index.php\/wp-json\/wp\/v2\/product_brand?post=302"},{"taxonomy":"product_cat","embeddable":true,"href":"https:\/\/www.alsestelekom.com\/index.php\/wp-json\/wp\/v2\/product_cat?post=302"},{"taxonomy":"product_tag","embeddable":true,"href":"https:\/\/www.alsestelekom.com\/index.php\/wp-json\/wp\/v2\/product_tag?post=302"}],"curies":[{"name":"wp","href":"https:\/\/api.w.org\/{rel}","templated":true}]}}