{"id":303,"date":"2018-07-04T12:36:30","date_gmt":"2018-07-04T09:36:30","guid":{"rendered":"http:\/\/localhost\/wp\/?post_type=product&#038;p=303"},"modified":"2018-07-04T12:49:07","modified_gmt":"2018-07-04T09:49:07","slug":"gigaset-sl450-go-telsiz-dect-ip-telefon","status":"publish","type":"product","link":"https:\/\/www.alsestelekom.com\/index.php\/urun\/gigaset-sl450-go-telsiz-dect-ip-telefon\/","title":{"rendered":"Gigaset SL450 GO Telsiz (Dect) IP Telefon"},"content":{"rendered":"<div>55 dakikaya kadar kay&#305;t s&uuml;resine sahip 3 adet entegre telesekreter<\/div>\n<div>\n<div>&bull;&nbsp;2,4 in&ccedil; geni&#351; renkli&nbsp;TFT&nbsp;ekran<\/div>\n<div>&bull;&nbsp;Her birine 3 telefon numaras&#305; kaydedilebilen 500 kontakl&#305; ekstra geni&#351; adres defteri<\/div>\n<div>&bull;&nbsp;Fonksiyon tu&#351;lar&#305; kullan&#305;larak kolayca ayarlanabilen ses profilleri ile m&uuml;kemmel akustik<\/div>\n<div>&bull;&nbsp;Bluetooth&reg; 2.0 ve micro USB ile Outlook kontaklar&#305;n&#305;z&#305;n senkronizasyonu<\/div>\n<\/div>\n<div>\n<div>&bull;&nbsp;Mikro USB\/Bluetooth &nbsp;ile PC ba&#287;lant&#305;s&#305;<\/div>\n<div>&bull;&nbsp;500 card giri&#351;li ekstra b&uuml;y&uuml;k telefon defteri (VIP aramal&#305; 3 numara ve do&#287;umg&uuml;n&uuml; hat&#305;rlat&#305;c&#305;)<\/div>\n<div>&bull;&nbsp;Titre&#351;imle uyar&#305; &ouml;zelli&#287;i<\/div>\n<div>&bull;&nbsp;Ekran mesaj&#305; ve &#305;&#351;&#305;kl&#305; tu&#351; ile cevaps&#305;z &ccedil;a&#287;r&#305; uyar&#305;s&#305;<\/div>\n<div>&bull;&nbsp;Bilinmeyen numara engelleme (CLIP bilgisi olmayan aramalar sadece g&ouml;rsel olarak bilgilendirilirler)<\/div>\n<div>&bull;&nbsp;Menzil uyar&#305; tonu<\/div>\n<\/div>\n<div><\/div>\n<div>Senkronize edilebilen kay&#305;t giri&#351;leri<\/div>\n<div>\n<div>Geni&#351; adres defteri sayesinde i&#351;yeri arkada&#351;lar&#305;n&#305;z&#305; ve yak&#305;n &ccedil;evrenizi kaydedip aramalar yapabilirsiniz.&nbsp;Her biri &uuml;&ccedil; numara i&ccedil;eren 500 kay&#305;t giri&#351;i &ouml;zelli&#287;i sunar. Bu kay&#305;t giri&#351;leri&nbsp;bilgisayar&#305;n&#305;zdaki Outlook ile Bluetooth &nbsp;veya micro USB arac&#305;l&#305;&#287;&#305; ile kolayl&#305;kla senkronize olur.<\/div>\n<\/div>\n<div>Kolay ta&#351;&#305;nabilir tasar&#305;m<\/div>\n<div>Kolay ta&#351;&#305;nabilir ergonomik &nbsp;tasar&#305;m&#305; ve kulakl&#305;k giri&#351;i ile&nbsp;Gigaset SL450 size m&uuml;kemmel bir hareket kabiliyeti sunar.<\/div>\n<div>Ki&#351;ile&#351;tirilmi&#351; kullan&#305;m<\/div>\n<div>Titre&#351;im uyar&#305; tonu, cevaps&#305;z aramalarda ekran mesaj&#305; ve tu&#351; &#305;&#351;&#305;&#287;&#305; ile bilgilendirme, bilinmeyen numaralar&#305; engelleme &ouml;zelli&#287;i&nbsp;&nbsp;Gigaset SL450 kullan&#305;c&#305;s&#305;na huzurlu bir kullan&#305;m olana&#287;&#305; sunar.<\/div>\n<div><\/div>\n<div><\/div>\n<div>Gereksiz sinyal yay&#305;l&#305;m&#305;ndan kurtulun<\/div>\n<div>Yeni Gigaset SL450A GO baz istasyonu ile el cihaz&#305; aras&#305;ndaki mesafeye g&ouml;re ileti&#351;im g&uuml;c&uuml;n&uuml; ayarlar. Eco modu ileti&#351;im g&uuml;c&uuml;n&uuml; %80 oran&#305;nda azalt&#305;r. Bu sayede evinizdeki gereksiz sinyal yay&#305;l&#305;m&#305;ndan kurtulmu&#351; olursunuz.<\/div>\n","protected":false},"excerpt":{"rendered":"<ul class=\"check-list\">\n<li>3 adet entegre telesekreter<\/li>\n<li>2.4 in\u00e7 renkli TFT ekran<\/li>\n<li>Mikro USB\/Bluetooth \u00a0ile PC ba\u011flant\u0131s\u0131<\/li>\n<li>2 y\u0131l garantili<\/li>\n<\/ul>\n","protected":false},"featured_media":307,"comment_status":"closed","ping_status":"closed","template":"","meta":[],"product_brand":[],"product_cat":[97,19],"product_tag":[72,57,31,62,60,69,70,58,28,59,65,64,53,71,55,54,74,63,61,77,67,76,75,66,30,27,56,68,73],"class_list":{"0":"post-303","1":"product","2":"type-product","3":"status-publish","4":"has-post-thumbnail","6":"product_cat-gigaset","7":"product_cat-telsiz-telefonlar","8":"product_tag-adsl-fiber","9":"product_tag-alcatel-santral-servisi","10":"product_tag-alses-telekom","11":"product_tag-bagcilar-santral-servisi","12":"product_tag-bulut-santral","13":"product_tag-gigaset-dect","14":"product_tag-gigaset-telsiz","15":"product_tag-ip-dect-sistemleri","16":"product_tag-ip-santral","17":"product_tag-ip-sistemler","18":"product_tag-ip-telefon","19":"product_tag-istanbul-santralci","20":"product_tag-istoc-santral-servisi","21":"product_tag-kablosuz-internet","22":"product_tag-karel-santral","23":"product_tag-karel-santral-servisi","24":"product_tag-kurumsal-cozumler","25":"product_tag-mahmutbey-santral-servisi","26":"product_tag-sanal-santral","27":"product_tag-santral-kurulumu","28":"product_tag-siemens-dect","29":"product_tag-teknik-servis","30":"product_tag-telesis-marmara-bolge-servisi","31":"product_tag-telesis-mr7-santral","32":"product_tag-telesis-nano","33":"product_tag-telesis-santral","34":"product_tag-telesis-santral-servisi","35":"product_tag-telsiz-telefon","36":"product_tag-yapisal-kablolama","38":"first","39":"instock","40":"taxable","41":"shipping-taxable","42":"product-type-simple"},"yoast_head":"<!-- This site is optimized with the Yoast SEO plugin v26.6 - https:\/\/yoast.com\/wordpress\/plugins\/seo\/ -->\n<title>Gigaset SL450 GO Telsiz (Dect) IP Telefon - ALSES TELEKOM<\/title>\n<meta name=\"robots\" content=\"index, follow, max-snippet:-1, max-image-preview:large, max-video-preview:-1\" \/>\n<link rel=\"canonical\" href=\"https:\/\/www.alsestelekom.com\/index.php\/urun\/gigaset-sl450-go-telsiz-dect-ip-telefon\/\" \/>\n<meta property=\"og:locale\" content=\"tr_TR\" \/>\n<meta property=\"og:type\" content=\"article\" \/>\n<meta property=\"og:title\" content=\"Gigaset SL450 GO Telsiz (Dect) IP Telefon - ALSES TELEKOM\" \/>\n<meta property=\"og:description\" content=\"3 adet entegre telesekreter  2.4 in\u00e7 renkli TFT ekran  Mikro USB\/Bluetooth \u00a0ile PC ba\u011flant\u0131s\u0131  2 y\u0131l garantili\" \/>\n<meta property=\"og:url\" content=\"https:\/\/www.alsestelekom.com\/index.php\/urun\/gigaset-sl450-go-telsiz-dect-ip-telefon\/\" \/>\n<meta property=\"og:site_name\" content=\"ALSES TELEKOM\" \/>\n<meta property=\"article:publisher\" content=\"https:\/\/www.facebook.com\/alsestelekomhaberlesme\/\" \/>\n<meta property=\"article:modified_time\" content=\"2018-07-04T09:49:07+00:00\" \/>\n<meta property=\"og:image\" content=\"https:\/\/www.alsestelekom.com\/wp-content\/uploads\/2018\/07\/gigaset-sl450-go-telsiz-dect-ip-telefon-zoom-1.jpg\" \/>\n\t<meta property=\"og:image:width\" content=\"900\" \/>\n\t<meta property=\"og:image:height\" content=\"900\" \/>\n\t<meta property=\"og:image:type\" content=\"image\/jpeg\" \/>\n<meta name=\"twitter:card\" content=\"summary_large_image\" \/>\n<meta name=\"twitter:label1\" content=\"Tahmini okuma s\u00fcresi\" \/>\n\t<meta name=\"twitter:data1\" content=\"1 dakika\" \/>\n<script type=\"application\/ld+json\" class=\"yoast-schema-graph\">{\"@context\":\"https:\/\/schema.org\",\"@graph\":[{\"@type\":\"WebPage\",\"@id\":\"https:\/\/www.alsestelekom.com\/index.php\/urun\/gigaset-sl450-go-telsiz-dect-ip-telefon\/\",\"url\":\"https:\/\/www.alsestelekom.com\/index.php\/urun\/gigaset-sl450-go-telsiz-dect-ip-telefon\/\",\"name\":\"Gigaset SL450 GO Telsiz (Dect) IP Telefon - ALSES TELEKOM\",\"isPartOf\":{\"@id\":\"https:\/\/www.alsestelekom.com\/#website\"},\"primaryImageOfPage\":{\"@id\":\"https:\/\/www.alsestelekom.com\/index.php\/urun\/gigaset-sl450-go-telsiz-dect-ip-telefon\/#primaryimage\"},\"image\":{\"@id\":\"https:\/\/www.alsestelekom.com\/index.php\/urun\/gigaset-sl450-go-telsiz-dect-ip-telefon\/#primaryimage\"},\"thumbnailUrl\":\"https:\/\/www.alsestelekom.com\/wp-content\/uploads\/2018\/07\/gigaset-sl450-go-telsiz-dect-ip-telefon-zoom-1.jpg\",\"datePublished\":\"2018-07-04T09:36:30+00:00\",\"dateModified\":\"2018-07-04T09:49:07+00:00\",\"breadcrumb\":{\"@id\":\"https:\/\/www.alsestelekom.com\/index.php\/urun\/gigaset-sl450-go-telsiz-dect-ip-telefon\/#breadcrumb\"},\"inLanguage\":\"tr\",\"potentialAction\":[{\"@type\":\"ReadAction\",\"target\":[\"https:\/\/www.alsestelekom.com\/index.php\/urun\/gigaset-sl450-go-telsiz-dect-ip-telefon\/\"]}]},{\"@type\":\"ImageObject\",\"inLanguage\":\"tr\",\"@id\":\"https:\/\/www.alsestelekom.com\/index.php\/urun\/gigaset-sl450-go-telsiz-dect-ip-telefon\/#primaryimage\",\"url\":\"https:\/\/www.alsestelekom.com\/wp-content\/uploads\/2018\/07\/gigaset-sl450-go-telsiz-dect-ip-telefon-zoom-1.jpg\",\"contentUrl\":\"https:\/\/www.alsestelekom.com\/wp-content\/uploads\/2018\/07\/gigaset-sl450-go-telsiz-dect-ip-telefon-zoom-1.jpg\",\"width\":900,\"height\":900},{\"@type\":\"BreadcrumbList\",\"@id\":\"https:\/\/www.alsestelekom.com\/index.php\/urun\/gigaset-sl450-go-telsiz-dect-ip-telefon\/#breadcrumb\",\"itemListElement\":[{\"@type\":\"ListItem\",\"position\":1,\"name\":\"Ana sayfa\",\"item\":\"https:\/\/www.alsestelekom.com\/\"},{\"@type\":\"ListItem\",\"position\":2,\"name\":\"Ma\u011faza\",\"item\":\"https:\/\/www.alsestelekom.com\/index.php\/magaza\/\"},{\"@type\":\"ListItem\",\"position\":3,\"name\":\"Gigaset SL450 GO Telsiz (Dect) IP Telefon\"}]},{\"@type\":\"WebSite\",\"@id\":\"https:\/\/www.alsestelekom.com\/#website\",\"url\":\"https:\/\/www.alsestelekom.com\/\",\"name\":\"ALSES TELEKOM\",\"description\":\"Telesis Karel Kurumsal \u00c7\u00f6z\u00fcmler Destek Ortakl\u0131\u011f\u0131\",\"publisher\":{\"@id\":\"https:\/\/www.alsestelekom.com\/#organization\"},\"potentialAction\":[{\"@type\":\"SearchAction\",\"target\":{\"@type\":\"EntryPoint\",\"urlTemplate\":\"https:\/\/www.alsestelekom.com\/?s={search_term_string}\"},\"query-input\":{\"@type\":\"PropertyValueSpecification\",\"valueRequired\":true,\"valueName\":\"search_term_string\"}}],\"inLanguage\":\"tr\"},{\"@type\":\"Organization\",\"@id\":\"https:\/\/www.alsestelekom.com\/#organization\",\"name\":\"Alses Telekom\",\"url\":\"https:\/\/www.alsestelekom.com\/\",\"logo\":{\"@type\":\"ImageObject\",\"inLanguage\":\"tr\",\"@id\":\"https:\/\/www.alsestelekom.com\/#\/schema\/logo\/image\/\",\"url\":\"http:\/\/localhost\/wp\/wp-content\/uploads\/2019\/07\/logos.png\",\"contentUrl\":\"http:\/\/localhost\/wp\/wp-content\/uploads\/2019\/07\/logos.png\",\"width\":475,\"height\":133,\"caption\":\"Alses Telekom\"},\"image\":{\"@id\":\"https:\/\/www.alsestelekom.com\/#\/schema\/logo\/image\/\"},\"sameAs\":[\"https:\/\/www.facebook.com\/alsestelekomhaberlesme\/\",\"https:\/\/www.instagram.com\/alsestelekom\/\"]}]}<\/script>\n<!-- \/ Yoast SEO plugin. -->","yoast_head_json":{"title":"Gigaset SL450 GO Telsiz (Dect) IP Telefon - ALSES TELEKOM","robots":{"index":"index","follow":"follow","max-snippet":"max-snippet:-1","max-image-preview":"max-image-preview:large","max-video-preview":"max-video-preview:-1"},"canonical":"https:\/\/www.alsestelekom.com\/index.php\/urun\/gigaset-sl450-go-telsiz-dect-ip-telefon\/","og_locale":"tr_TR","og_type":"article","og_title":"Gigaset SL450 GO Telsiz (Dect) IP Telefon - ALSES TELEKOM","og_description":"3 adet entegre telesekreter  2.4 in\u00e7 renkli TFT ekran  Mikro USB\/Bluetooth \u00a0ile PC ba\u011flant\u0131s\u0131  2 y\u0131l garantili","og_url":"https:\/\/www.alsestelekom.com\/index.php\/urun\/gigaset-sl450-go-telsiz-dect-ip-telefon\/","og_site_name":"ALSES TELEKOM","article_publisher":"https:\/\/www.facebook.com\/alsestelekomhaberlesme\/","article_modified_time":"2018-07-04T09:49:07+00:00","og_image":[{"width":900,"height":900,"url":"https:\/\/www.alsestelekom.com\/wp-content\/uploads\/2018\/07\/gigaset-sl450-go-telsiz-dect-ip-telefon-zoom-1.jpg","type":"image\/jpeg"}],"twitter_card":"summary_large_image","twitter_misc":{"Tahmini okuma s\u00fcresi":"1 dakika"},"schema":{"@context":"https:\/\/schema.org","@graph":[{"@type":"WebPage","@id":"https:\/\/www.alsestelekom.com\/index.php\/urun\/gigaset-sl450-go-telsiz-dect-ip-telefon\/","url":"https:\/\/www.alsestelekom.com\/index.php\/urun\/gigaset-sl450-go-telsiz-dect-ip-telefon\/","name":"Gigaset SL450 GO Telsiz (Dect) IP Telefon - ALSES TELEKOM","isPartOf":{"@id":"https:\/\/www.alsestelekom.com\/#website"},"primaryImageOfPage":{"@id":"https:\/\/www.alsestelekom.com\/index.php\/urun\/gigaset-sl450-go-telsiz-dect-ip-telefon\/#primaryimage"},"image":{"@id":"https:\/\/www.alsestelekom.com\/index.php\/urun\/gigaset-sl450-go-telsiz-dect-ip-telefon\/#primaryimage"},"thumbnailUrl":"https:\/\/www.alsestelekom.com\/wp-content\/uploads\/2018\/07\/gigaset-sl450-go-telsiz-dect-ip-telefon-zoom-1.jpg","datePublished":"2018-07-04T09:36:30+00:00","dateModified":"2018-07-04T09:49:07+00:00","breadcrumb":{"@id":"https:\/\/www.alsestelekom.com\/index.php\/urun\/gigaset-sl450-go-telsiz-dect-ip-telefon\/#breadcrumb"},"inLanguage":"tr","potentialAction":[{"@type":"ReadAction","target":["https:\/\/www.alsestelekom.com\/index.php\/urun\/gigaset-sl450-go-telsiz-dect-ip-telefon\/"]}]},{"@type":"ImageObject","inLanguage":"tr","@id":"https:\/\/www.alsestelekom.com\/index.php\/urun\/gigaset-sl450-go-telsiz-dect-ip-telefon\/#primaryimage","url":"https:\/\/www.alsestelekom.com\/wp-content\/uploads\/2018\/07\/gigaset-sl450-go-telsiz-dect-ip-telefon-zoom-1.jpg","contentUrl":"https:\/\/www.alsestelekom.com\/wp-content\/uploads\/2018\/07\/gigaset-sl450-go-telsiz-dect-ip-telefon-zoom-1.jpg","width":900,"height":900},{"@type":"BreadcrumbList","@id":"https:\/\/www.alsestelekom.com\/index.php\/urun\/gigaset-sl450-go-telsiz-dect-ip-telefon\/#breadcrumb","itemListElement":[{"@type":"ListItem","position":1,"name":"Ana sayfa","item":"https:\/\/www.alsestelekom.com\/"},{"@type":"ListItem","position":2,"name":"Ma\u011faza","item":"https:\/\/www.alsestelekom.com\/index.php\/magaza\/"},{"@type":"ListItem","position":3,"name":"Gigaset SL450 GO Telsiz (Dect) IP Telefon"}]},{"@type":"WebSite","@id":"https:\/\/www.alsestelekom.com\/#website","url":"https:\/\/www.alsestelekom.com\/","name":"ALSES TELEKOM","description":"Telesis Karel Kurumsal \u00c7\u00f6z\u00fcmler Destek Ortakl\u0131\u011f\u0131","publisher":{"@id":"https:\/\/www.alsestelekom.com\/#organization"},"potentialAction":[{"@type":"SearchAction","target":{"@type":"EntryPoint","urlTemplate":"https:\/\/www.alsestelekom.com\/?s={search_term_string}"},"query-input":{"@type":"PropertyValueSpecification","valueRequired":true,"valueName":"search_term_string"}}],"inLanguage":"tr"},{"@type":"Organization","@id":"https:\/\/www.alsestelekom.com\/#organization","name":"Alses Telekom","url":"https:\/\/www.alsestelekom.com\/","logo":{"@type":"ImageObject","inLanguage":"tr","@id":"https:\/\/www.alsestelekom.com\/#\/schema\/logo\/image\/","url":"http:\/\/localhost\/wp\/wp-content\/uploads\/2019\/07\/logos.png","contentUrl":"http:\/\/localhost\/wp\/wp-content\/uploads\/2019\/07\/logos.png","width":475,"height":133,"caption":"Alses Telekom"},"image":{"@id":"https:\/\/www.alsestelekom.com\/#\/schema\/logo\/image\/"},"sameAs":["https:\/\/www.facebook.com\/alsestelekomhaberlesme\/","https:\/\/www.instagram.com\/alsestelekom\/"]}]}},"_links":{"self":[{"href":"https:\/\/www.alsestelekom.com\/index.php\/wp-json\/wp\/v2\/product\/303","targetHints":{"allow":["GET"]}}],"collection":[{"href":"https:\/\/www.alsestelekom.com\/index.php\/wp-json\/wp\/v2\/product"}],"about":[{"href":"https:\/\/www.alsestelekom.com\/index.php\/wp-json\/wp\/v2\/types\/product"}],"replies":[{"embeddable":true,"href":"https:\/\/www.alsestelekom.com\/index.php\/wp-json\/wp\/v2\/comments?post=303"}],"wp:featuredmedia":[{"embeddable":true,"href":"https:\/\/www.alsestelekom.com\/index.php\/wp-json\/wp\/v2\/media\/307"}],"wp:attachment":[{"href":"https:\/\/www.alsestelekom.com\/index.php\/wp-json\/wp\/v2\/media?parent=303"}],"wp:term":[{"taxonomy":"product_brand","embeddable":true,"href":"https:\/\/www.alsestelekom.com\/index.php\/wp-json\/wp\/v2\/product_brand?post=303"},{"taxonomy":"product_cat","embeddable":true,"href":"https:\/\/www.alsestelekom.com\/index.php\/wp-json\/wp\/v2\/product_cat?post=303"},{"taxonomy":"product_tag","embeddable":true,"href":"https:\/\/www.alsestelekom.com\/index.php\/wp-json\/wp\/v2\/product_tag?post=303"}],"curies":[{"name":"wp","href":"https:\/\/api.w.org\/{rel}","templated":true}]}}