{"id":314,"date":"2018-07-04T14:09:57","date_gmt":"2018-07-04T11:09:57","guid":{"rendered":"http:\/\/localhost\/wp\/?post_type=product&#038;p=314"},"modified":"2018-07-04T14:09:58","modified_gmt":"2018-07-04T11:09:58","slug":"panasonic-kx-tg-1611-dect-telefon","status":"publish","type":"product","link":"https:\/\/www.alsestelekom.com\/index.php\/urun\/panasonic-kx-tg-1611-dect-telefon\/","title":{"rendered":"Panasonic KX-TG 1611 Dect Telefon"},"content":{"rendered":"<table class=\"tableizer-table\">\n<tbody>\n<tr>\n<td>Tek sat&#305;r arkadan ayd&#305;nlatmal&#305; LCD<\/td>\n<\/tr>\n<tr>\n<td>Ahizede parmak izi b&#305;rakmayan y&uuml;zey<\/td>\n<\/tr>\n<tr>\n<td>50 kapasiteli telefon rehberi<\/td>\n<\/tr>\n<tr>\n<td>Arayan numara g&ouml;sterme<\/td>\n<\/tr>\n<tr>\n<td>50 Haf&#305;zal&#305; Caller ID(Arayan Numaray&#305; G&ouml;sterme)<\/td>\n<\/tr>\n<tr>\n<td>Ahize &Uuml;zerinde Kolay Okunur, I&#351;&#305;kland&#305;rmal&#305; LCD<\/td>\n<\/tr>\n<tr>\n<td>Kolay Kullan&#305;m (Navigasyon Tu&#351;u)<\/td>\n<\/tr>\n<tr>\n<td>Y&uuml;ksek Kaliteli Materyal (Leke Tutmayan Ahize) 50 &#304;sim &amp; Numaral&#305; Rehber<\/td>\n<\/tr>\n<tr>\n<td>Tekrar Arama Haf&#305;zas&#305; (10 adede kadar)<\/td>\n<\/tr>\n<tr>\n<td>Ahizeden Se&ccedil;ilebilir Arama Melodileri<\/td>\n<\/tr>\n<tr>\n<td>Konferans Arama<\/td>\n<\/tr>\n<tr>\n<td>Intercom (Ahize &ndash; Ahize)<\/td>\n<\/tr>\n<tr>\n<td>Arama Payla&#351;ma<\/td>\n<\/tr>\n<tr>\n<td>Alarm &amp; Saat<\/td>\n<\/tr>\n<tr>\n<td>Her Tu&#351;la Cevaplama<\/td>\n<\/tr>\n<tr>\n<td>Ni-MH &#350;arj Edilebilir Batarya<\/td>\n<\/tr>\n<tr>\n<td>Duvara As&#305;labilir<\/td>\n<\/tr>\n<\/tbody>\n<\/table>\n","protected":false},"excerpt":{"rendered":"<ul class=\"check-list\">\n<li>50 ki\u015fi telefon rehberi<\/li>\n<li>Her tu\u015fla cevaplama<\/li>\n<li>Tekrar arama<\/li>\n<li>Arayan numara g\u00f6sterme<\/li>\n<\/ul>\n","protected":false},"featured_media":315,"comment_status":"closed","ping_status":"closed","template":"","meta":[],"product_brand":[],"product_cat":[98,19],"product_tag":[72,57,31,62,60,69,70,58,28,59,65,64,53,71,55,54,74,63,61,77,67,76,75,66,30,27,56,68,73],"class_list":{"0":"post-314","1":"product","2":"type-product","3":"status-publish","4":"has-post-thumbnail","6":"product_cat-panasonic","7":"product_cat-telsiz-telefonlar","8":"product_tag-adsl-fiber","9":"product_tag-alcatel-santral-servisi","10":"product_tag-alses-telekom","11":"product_tag-bagcilar-santral-servisi","12":"product_tag-bulut-santral","13":"product_tag-gigaset-dect","14":"product_tag-gigaset-telsiz","15":"product_tag-ip-dect-sistemleri","16":"product_tag-ip-santral","17":"product_tag-ip-sistemler","18":"product_tag-ip-telefon","19":"product_tag-istanbul-santralci","20":"product_tag-istoc-santral-servisi","21":"product_tag-kablosuz-internet","22":"product_tag-karel-santral","23":"product_tag-karel-santral-servisi","24":"product_tag-kurumsal-cozumler","25":"product_tag-mahmutbey-santral-servisi","26":"product_tag-sanal-santral","27":"product_tag-santral-kurulumu","28":"product_tag-siemens-dect","29":"product_tag-teknik-servis","30":"product_tag-telesis-marmara-bolge-servisi","31":"product_tag-telesis-mr7-santral","32":"product_tag-telesis-nano","33":"product_tag-telesis-santral","34":"product_tag-telesis-santral-servisi","35":"product_tag-telsiz-telefon","36":"product_tag-yapisal-kablolama","38":"first","39":"instock","40":"taxable","41":"shipping-taxable","42":"product-type-simple"},"yoast_head":"<!-- This site is optimized with the Yoast SEO plugin v26.6 - https:\/\/yoast.com\/wordpress\/plugins\/seo\/ -->\n<title>Panasonic KX-TG 1611 Dect Telefon - ALSES TELEKOM<\/title>\n<meta name=\"robots\" content=\"index, follow, max-snippet:-1, max-image-preview:large, max-video-preview:-1\" \/>\n<link rel=\"canonical\" href=\"https:\/\/www.alsestelekom.com\/index.php\/urun\/panasonic-kx-tg-1611-dect-telefon\/\" \/>\n<meta property=\"og:locale\" content=\"tr_TR\" \/>\n<meta property=\"og:type\" content=\"article\" \/>\n<meta property=\"og:title\" content=\"Panasonic KX-TG 1611 Dect Telefon - ALSES TELEKOM\" \/>\n<meta property=\"og:description\" content=\"50 ki\u015fi telefon rehberi  Her tu\u015fla cevaplama  Tekrar arama  Arayan numara g\u00f6sterme\" \/>\n<meta property=\"og:url\" content=\"https:\/\/www.alsestelekom.com\/index.php\/urun\/panasonic-kx-tg-1611-dect-telefon\/\" \/>\n<meta property=\"og:site_name\" content=\"ALSES TELEKOM\" \/>\n<meta property=\"article:publisher\" content=\"https:\/\/www.facebook.com\/alsestelekomhaberlesme\/\" \/>\n<meta property=\"article:modified_time\" content=\"2018-07-04T11:09:58+00:00\" \/>\n<meta property=\"og:image\" content=\"https:\/\/www.alsestelekom.com\/wp-content\/uploads\/2018\/07\/panasonic-kx-tg-1611-dect-telefon-zoom-1.jpg\" \/>\n\t<meta property=\"og:image:width\" content=\"900\" \/>\n\t<meta property=\"og:image:height\" content=\"900\" \/>\n\t<meta property=\"og:image:type\" content=\"image\/jpeg\" \/>\n<meta name=\"twitter:card\" content=\"summary_large_image\" \/>\n<script type=\"application\/ld+json\" class=\"yoast-schema-graph\">{\"@context\":\"https:\/\/schema.org\",\"@graph\":[{\"@type\":\"WebPage\",\"@id\":\"https:\/\/www.alsestelekom.com\/index.php\/urun\/panasonic-kx-tg-1611-dect-telefon\/\",\"url\":\"https:\/\/www.alsestelekom.com\/index.php\/urun\/panasonic-kx-tg-1611-dect-telefon\/\",\"name\":\"Panasonic KX-TG 1611 Dect Telefon - ALSES TELEKOM\",\"isPartOf\":{\"@id\":\"https:\/\/www.alsestelekom.com\/#website\"},\"primaryImageOfPage\":{\"@id\":\"https:\/\/www.alsestelekom.com\/index.php\/urun\/panasonic-kx-tg-1611-dect-telefon\/#primaryimage\"},\"image\":{\"@id\":\"https:\/\/www.alsestelekom.com\/index.php\/urun\/panasonic-kx-tg-1611-dect-telefon\/#primaryimage\"},\"thumbnailUrl\":\"https:\/\/www.alsestelekom.com\/wp-content\/uploads\/2018\/07\/panasonic-kx-tg-1611-dect-telefon-zoom-1.jpg\",\"datePublished\":\"2018-07-04T11:09:57+00:00\",\"dateModified\":\"2018-07-04T11:09:58+00:00\",\"breadcrumb\":{\"@id\":\"https:\/\/www.alsestelekom.com\/index.php\/urun\/panasonic-kx-tg-1611-dect-telefon\/#breadcrumb\"},\"inLanguage\":\"tr\",\"potentialAction\":[{\"@type\":\"ReadAction\",\"target\":[\"https:\/\/www.alsestelekom.com\/index.php\/urun\/panasonic-kx-tg-1611-dect-telefon\/\"]}]},{\"@type\":\"ImageObject\",\"inLanguage\":\"tr\",\"@id\":\"https:\/\/www.alsestelekom.com\/index.php\/urun\/panasonic-kx-tg-1611-dect-telefon\/#primaryimage\",\"url\":\"https:\/\/www.alsestelekom.com\/wp-content\/uploads\/2018\/07\/panasonic-kx-tg-1611-dect-telefon-zoom-1.jpg\",\"contentUrl\":\"https:\/\/www.alsestelekom.com\/wp-content\/uploads\/2018\/07\/panasonic-kx-tg-1611-dect-telefon-zoom-1.jpg\",\"width\":900,\"height\":900},{\"@type\":\"BreadcrumbList\",\"@id\":\"https:\/\/www.alsestelekom.com\/index.php\/urun\/panasonic-kx-tg-1611-dect-telefon\/#breadcrumb\",\"itemListElement\":[{\"@type\":\"ListItem\",\"position\":1,\"name\":\"Ana sayfa\",\"item\":\"https:\/\/www.alsestelekom.com\/\"},{\"@type\":\"ListItem\",\"position\":2,\"name\":\"Ma\u011faza\",\"item\":\"https:\/\/www.alsestelekom.com\/index.php\/magaza\/\"},{\"@type\":\"ListItem\",\"position\":3,\"name\":\"Panasonic KX-TG 1611 Dect Telefon\"}]},{\"@type\":\"WebSite\",\"@id\":\"https:\/\/www.alsestelekom.com\/#website\",\"url\":\"https:\/\/www.alsestelekom.com\/\",\"name\":\"ALSES TELEKOM\",\"description\":\"Telesis Karel Kurumsal \u00c7\u00f6z\u00fcmler Destek Ortakl\u0131\u011f\u0131\",\"publisher\":{\"@id\":\"https:\/\/www.alsestelekom.com\/#organization\"},\"potentialAction\":[{\"@type\":\"SearchAction\",\"target\":{\"@type\":\"EntryPoint\",\"urlTemplate\":\"https:\/\/www.alsestelekom.com\/?s={search_term_string}\"},\"query-input\":{\"@type\":\"PropertyValueSpecification\",\"valueRequired\":true,\"valueName\":\"search_term_string\"}}],\"inLanguage\":\"tr\"},{\"@type\":\"Organization\",\"@id\":\"https:\/\/www.alsestelekom.com\/#organization\",\"name\":\"Alses Telekom\",\"url\":\"https:\/\/www.alsestelekom.com\/\",\"logo\":{\"@type\":\"ImageObject\",\"inLanguage\":\"tr\",\"@id\":\"https:\/\/www.alsestelekom.com\/#\/schema\/logo\/image\/\",\"url\":\"http:\/\/localhost\/wp\/wp-content\/uploads\/2019\/07\/logos.png\",\"contentUrl\":\"http:\/\/localhost\/wp\/wp-content\/uploads\/2019\/07\/logos.png\",\"width\":475,\"height\":133,\"caption\":\"Alses Telekom\"},\"image\":{\"@id\":\"https:\/\/www.alsestelekom.com\/#\/schema\/logo\/image\/\"},\"sameAs\":[\"https:\/\/www.facebook.com\/alsestelekomhaberlesme\/\",\"https:\/\/www.instagram.com\/alsestelekom\/\"]}]}<\/script>\n<!-- \/ Yoast SEO plugin. -->","yoast_head_json":{"title":"Panasonic KX-TG 1611 Dect Telefon - ALSES TELEKOM","robots":{"index":"index","follow":"follow","max-snippet":"max-snippet:-1","max-image-preview":"max-image-preview:large","max-video-preview":"max-video-preview:-1"},"canonical":"https:\/\/www.alsestelekom.com\/index.php\/urun\/panasonic-kx-tg-1611-dect-telefon\/","og_locale":"tr_TR","og_type":"article","og_title":"Panasonic KX-TG 1611 Dect Telefon - ALSES TELEKOM","og_description":"50 ki\u015fi telefon rehberi  Her tu\u015fla cevaplama  Tekrar arama  Arayan numara g\u00f6sterme","og_url":"https:\/\/www.alsestelekom.com\/index.php\/urun\/panasonic-kx-tg-1611-dect-telefon\/","og_site_name":"ALSES TELEKOM","article_publisher":"https:\/\/www.facebook.com\/alsestelekomhaberlesme\/","article_modified_time":"2018-07-04T11:09:58+00:00","og_image":[{"width":900,"height":900,"url":"https:\/\/www.alsestelekom.com\/wp-content\/uploads\/2018\/07\/panasonic-kx-tg-1611-dect-telefon-zoom-1.jpg","type":"image\/jpeg"}],"twitter_card":"summary_large_image","schema":{"@context":"https:\/\/schema.org","@graph":[{"@type":"WebPage","@id":"https:\/\/www.alsestelekom.com\/index.php\/urun\/panasonic-kx-tg-1611-dect-telefon\/","url":"https:\/\/www.alsestelekom.com\/index.php\/urun\/panasonic-kx-tg-1611-dect-telefon\/","name":"Panasonic KX-TG 1611 Dect Telefon - ALSES TELEKOM","isPartOf":{"@id":"https:\/\/www.alsestelekom.com\/#website"},"primaryImageOfPage":{"@id":"https:\/\/www.alsestelekom.com\/index.php\/urun\/panasonic-kx-tg-1611-dect-telefon\/#primaryimage"},"image":{"@id":"https:\/\/www.alsestelekom.com\/index.php\/urun\/panasonic-kx-tg-1611-dect-telefon\/#primaryimage"},"thumbnailUrl":"https:\/\/www.alsestelekom.com\/wp-content\/uploads\/2018\/07\/panasonic-kx-tg-1611-dect-telefon-zoom-1.jpg","datePublished":"2018-07-04T11:09:57+00:00","dateModified":"2018-07-04T11:09:58+00:00","breadcrumb":{"@id":"https:\/\/www.alsestelekom.com\/index.php\/urun\/panasonic-kx-tg-1611-dect-telefon\/#breadcrumb"},"inLanguage":"tr","potentialAction":[{"@type":"ReadAction","target":["https:\/\/www.alsestelekom.com\/index.php\/urun\/panasonic-kx-tg-1611-dect-telefon\/"]}]},{"@type":"ImageObject","inLanguage":"tr","@id":"https:\/\/www.alsestelekom.com\/index.php\/urun\/panasonic-kx-tg-1611-dect-telefon\/#primaryimage","url":"https:\/\/www.alsestelekom.com\/wp-content\/uploads\/2018\/07\/panasonic-kx-tg-1611-dect-telefon-zoom-1.jpg","contentUrl":"https:\/\/www.alsestelekom.com\/wp-content\/uploads\/2018\/07\/panasonic-kx-tg-1611-dect-telefon-zoom-1.jpg","width":900,"height":900},{"@type":"BreadcrumbList","@id":"https:\/\/www.alsestelekom.com\/index.php\/urun\/panasonic-kx-tg-1611-dect-telefon\/#breadcrumb","itemListElement":[{"@type":"ListItem","position":1,"name":"Ana sayfa","item":"https:\/\/www.alsestelekom.com\/"},{"@type":"ListItem","position":2,"name":"Ma\u011faza","item":"https:\/\/www.alsestelekom.com\/index.php\/magaza\/"},{"@type":"ListItem","position":3,"name":"Panasonic KX-TG 1611 Dect Telefon"}]},{"@type":"WebSite","@id":"https:\/\/www.alsestelekom.com\/#website","url":"https:\/\/www.alsestelekom.com\/","name":"ALSES TELEKOM","description":"Telesis Karel Kurumsal \u00c7\u00f6z\u00fcmler Destek Ortakl\u0131\u011f\u0131","publisher":{"@id":"https:\/\/www.alsestelekom.com\/#organization"},"potentialAction":[{"@type":"SearchAction","target":{"@type":"EntryPoint","urlTemplate":"https:\/\/www.alsestelekom.com\/?s={search_term_string}"},"query-input":{"@type":"PropertyValueSpecification","valueRequired":true,"valueName":"search_term_string"}}],"inLanguage":"tr"},{"@type":"Organization","@id":"https:\/\/www.alsestelekom.com\/#organization","name":"Alses Telekom","url":"https:\/\/www.alsestelekom.com\/","logo":{"@type":"ImageObject","inLanguage":"tr","@id":"https:\/\/www.alsestelekom.com\/#\/schema\/logo\/image\/","url":"http:\/\/localhost\/wp\/wp-content\/uploads\/2019\/07\/logos.png","contentUrl":"http:\/\/localhost\/wp\/wp-content\/uploads\/2019\/07\/logos.png","width":475,"height":133,"caption":"Alses Telekom"},"image":{"@id":"https:\/\/www.alsestelekom.com\/#\/schema\/logo\/image\/"},"sameAs":["https:\/\/www.facebook.com\/alsestelekomhaberlesme\/","https:\/\/www.instagram.com\/alsestelekom\/"]}]}},"_links":{"self":[{"href":"https:\/\/www.alsestelekom.com\/index.php\/wp-json\/wp\/v2\/product\/314","targetHints":{"allow":["GET"]}}],"collection":[{"href":"https:\/\/www.alsestelekom.com\/index.php\/wp-json\/wp\/v2\/product"}],"about":[{"href":"https:\/\/www.alsestelekom.com\/index.php\/wp-json\/wp\/v2\/types\/product"}],"replies":[{"embeddable":true,"href":"https:\/\/www.alsestelekom.com\/index.php\/wp-json\/wp\/v2\/comments?post=314"}],"wp:featuredmedia":[{"embeddable":true,"href":"https:\/\/www.alsestelekom.com\/index.php\/wp-json\/wp\/v2\/media\/315"}],"wp:attachment":[{"href":"https:\/\/www.alsestelekom.com\/index.php\/wp-json\/wp\/v2\/media?parent=314"}],"wp:term":[{"taxonomy":"product_brand","embeddable":true,"href":"https:\/\/www.alsestelekom.com\/index.php\/wp-json\/wp\/v2\/product_brand?post=314"},{"taxonomy":"product_cat","embeddable":true,"href":"https:\/\/www.alsestelekom.com\/index.php\/wp-json\/wp\/v2\/product_cat?post=314"},{"taxonomy":"product_tag","embeddable":true,"href":"https:\/\/www.alsestelekom.com\/index.php\/wp-json\/wp\/v2\/product_tag?post=314"}],"curies":[{"name":"wp","href":"https:\/\/api.w.org\/{rel}","templated":true}]}}