{"id":318,"date":"2018-07-04T14:19:28","date_gmt":"2018-07-04T11:19:28","guid":{"rendered":"http:\/\/localhost\/wp\/?post_type=product&#038;p=318"},"modified":"2018-07-04T14:19:29","modified_gmt":"2018-07-04T11:19:29","slug":"panasonic-kx-tg-6811-dect-telefon-siyah","status":"publish","type":"product","link":"https:\/\/www.alsestelekom.com\/index.php\/urun\/panasonic-kx-tg-6811-dect-telefon-siyah\/","title":{"rendered":"Panasonic KX-TG 6811 Dect Telefon Siyah"},"content":{"rendered":"<table class=\"tableizer-table\">\n<tbody>\n<tr>\n<td>120 giri&#351; kapasiteli telefon rehberi<\/td>\n<\/tr>\n<tr>\n<td>170 saate kadar bekleme s&uuml;resi<\/td>\n<\/tr>\n<tr>\n<td>15 saate kadar konu&#351;ma s&uuml;resi<\/td>\n<\/tr>\n<tr>\n<td>Tu&#351; Kilidi, Konferans Arama<\/td>\n<\/tr>\n<tr>\n<td>G&uuml;r&uuml;lt&uuml; Azaltma Anahtar bulucu uyumlu<\/td>\n<\/tr>\n<tr>\n<td>Gece Modu, Saat&amp;Tarih ve Alarm<\/td>\n<\/tr>\n<tr>\n<td>Arkadan ayd&#305;nlatmal&#305; 1 sat&#305;rl&#305;k LCD<\/td>\n<\/tr>\n<tr>\n<td>&Ccedil;a&#287;r&#305; yasaklama \/ k&#305;s&#305;tlama<\/td>\n<\/tr>\n<tr>\n<td>50 &#304;stasyon Arayan Numara Kayd&#305; ile Arayan Numaray&#305; G&ouml;sterme<\/td>\n<\/tr>\n<tr>\n<td>Zil sesi ve ahize sesi kademe ayar&#305;<\/td>\n<\/tr>\n<\/tbody>\n<\/table>\n<p>&nbsp;<\/p>\n","protected":false},"excerpt":{"rendered":"<ul class=\"check-list\">\n<li>Tek dokunu\u015fla eco mod<\/li>\n<li>G\u00fcr\u00fclt\u00fc azaltma, anahtar bulucu<\/li>\n<li>15 saat konu\u015fma s\u00fcresi<\/li>\n<li>\u00c7a\u011fr\u0131 yasaklama-Tu\u015f kilidi<\/li>\n<\/ul>\n","protected":false},"featured_media":320,"comment_status":"closed","ping_status":"closed","template":"","meta":[],"product_brand":[],"product_cat":[98,19],"product_tag":[72,57,31,62,60,69,70,58,28,59,65,64,53,71,55,54,74,63,61,77,67,76,75,66,30,27,56,68,73],"class_list":{"0":"post-318","1":"product","2":"type-product","3":"status-publish","4":"has-post-thumbnail","6":"product_cat-panasonic","7":"product_cat-telsiz-telefonlar","8":"product_tag-adsl-fiber","9":"product_tag-alcatel-santral-servisi","10":"product_tag-alses-telekom","11":"product_tag-bagcilar-santral-servisi","12":"product_tag-bulut-santral","13":"product_tag-gigaset-dect","14":"product_tag-gigaset-telsiz","15":"product_tag-ip-dect-sistemleri","16":"product_tag-ip-santral","17":"product_tag-ip-sistemler","18":"product_tag-ip-telefon","19":"product_tag-istanbul-santralci","20":"product_tag-istoc-santral-servisi","21":"product_tag-kablosuz-internet","22":"product_tag-karel-santral","23":"product_tag-karel-santral-servisi","24":"product_tag-kurumsal-cozumler","25":"product_tag-mahmutbey-santral-servisi","26":"product_tag-sanal-santral","27":"product_tag-santral-kurulumu","28":"product_tag-siemens-dect","29":"product_tag-teknik-servis","30":"product_tag-telesis-marmara-bolge-servisi","31":"product_tag-telesis-mr7-santral","32":"product_tag-telesis-nano","33":"product_tag-telesis-santral","34":"product_tag-telesis-santral-servisi","35":"product_tag-telsiz-telefon","36":"product_tag-yapisal-kablolama","38":"first","39":"instock","40":"taxable","41":"shipping-taxable","42":"product-type-simple"},"yoast_head":"<!-- This site is optimized with the Yoast SEO plugin v26.6 - https:\/\/yoast.com\/wordpress\/plugins\/seo\/ -->\n<title>Panasonic KX-TG 6811 Dect Telefon Siyah - ALSES TELEKOM<\/title>\n<meta name=\"robots\" content=\"index, follow, max-snippet:-1, max-image-preview:large, max-video-preview:-1\" \/>\n<link rel=\"canonical\" href=\"https:\/\/www.alsestelekom.com\/index.php\/urun\/panasonic-kx-tg-6811-dect-telefon-siyah\/\" \/>\n<meta property=\"og:locale\" content=\"tr_TR\" \/>\n<meta property=\"og:type\" content=\"article\" \/>\n<meta property=\"og:title\" content=\"Panasonic KX-TG 6811 Dect Telefon Siyah - ALSES TELEKOM\" \/>\n<meta property=\"og:description\" content=\"Tek dokunu\u015fla eco mod  G\u00fcr\u00fclt\u00fc azaltma, anahtar bulucu  15 saat konu\u015fma s\u00fcresi  \u00c7a\u011fr\u0131 yasaklama-Tu\u015f kilidi\" \/>\n<meta property=\"og:url\" content=\"https:\/\/www.alsestelekom.com\/index.php\/urun\/panasonic-kx-tg-6811-dect-telefon-siyah\/\" \/>\n<meta property=\"og:site_name\" content=\"ALSES TELEKOM\" \/>\n<meta property=\"article:publisher\" content=\"https:\/\/www.facebook.com\/alsestelekomhaberlesme\/\" \/>\n<meta property=\"article:modified_time\" content=\"2018-07-04T11:19:29+00:00\" \/>\n<meta property=\"og:image\" content=\"https:\/\/www.alsestelekom.com\/wp-content\/uploads\/2018\/07\/panasonic-kx-tg-6811-dect-telefon-siyah-zoom-1.jpg\" \/>\n\t<meta property=\"og:image:width\" content=\"900\" \/>\n\t<meta property=\"og:image:height\" content=\"900\" \/>\n\t<meta property=\"og:image:type\" content=\"image\/jpeg\" \/>\n<meta name=\"twitter:card\" content=\"summary_large_image\" \/>\n<script type=\"application\/ld+json\" class=\"yoast-schema-graph\">{\"@context\":\"https:\/\/schema.org\",\"@graph\":[{\"@type\":\"WebPage\",\"@id\":\"https:\/\/www.alsestelekom.com\/index.php\/urun\/panasonic-kx-tg-6811-dect-telefon-siyah\/\",\"url\":\"https:\/\/www.alsestelekom.com\/index.php\/urun\/panasonic-kx-tg-6811-dect-telefon-siyah\/\",\"name\":\"Panasonic KX-TG 6811 Dect Telefon Siyah - ALSES TELEKOM\",\"isPartOf\":{\"@id\":\"https:\/\/www.alsestelekom.com\/#website\"},\"primaryImageOfPage\":{\"@id\":\"https:\/\/www.alsestelekom.com\/index.php\/urun\/panasonic-kx-tg-6811-dect-telefon-siyah\/#primaryimage\"},\"image\":{\"@id\":\"https:\/\/www.alsestelekom.com\/index.php\/urun\/panasonic-kx-tg-6811-dect-telefon-siyah\/#primaryimage\"},\"thumbnailUrl\":\"https:\/\/www.alsestelekom.com\/wp-content\/uploads\/2018\/07\/panasonic-kx-tg-6811-dect-telefon-siyah-zoom-1.jpg\",\"datePublished\":\"2018-07-04T11:19:28+00:00\",\"dateModified\":\"2018-07-04T11:19:29+00:00\",\"breadcrumb\":{\"@id\":\"https:\/\/www.alsestelekom.com\/index.php\/urun\/panasonic-kx-tg-6811-dect-telefon-siyah\/#breadcrumb\"},\"inLanguage\":\"tr\",\"potentialAction\":[{\"@type\":\"ReadAction\",\"target\":[\"https:\/\/www.alsestelekom.com\/index.php\/urun\/panasonic-kx-tg-6811-dect-telefon-siyah\/\"]}]},{\"@type\":\"ImageObject\",\"inLanguage\":\"tr\",\"@id\":\"https:\/\/www.alsestelekom.com\/index.php\/urun\/panasonic-kx-tg-6811-dect-telefon-siyah\/#primaryimage\",\"url\":\"https:\/\/www.alsestelekom.com\/wp-content\/uploads\/2018\/07\/panasonic-kx-tg-6811-dect-telefon-siyah-zoom-1.jpg\",\"contentUrl\":\"https:\/\/www.alsestelekom.com\/wp-content\/uploads\/2018\/07\/panasonic-kx-tg-6811-dect-telefon-siyah-zoom-1.jpg\",\"width\":900,\"height\":900},{\"@type\":\"BreadcrumbList\",\"@id\":\"https:\/\/www.alsestelekom.com\/index.php\/urun\/panasonic-kx-tg-6811-dect-telefon-siyah\/#breadcrumb\",\"itemListElement\":[{\"@type\":\"ListItem\",\"position\":1,\"name\":\"Ana sayfa\",\"item\":\"https:\/\/www.alsestelekom.com\/\"},{\"@type\":\"ListItem\",\"position\":2,\"name\":\"Ma\u011faza\",\"item\":\"https:\/\/www.alsestelekom.com\/index.php\/magaza\/\"},{\"@type\":\"ListItem\",\"position\":3,\"name\":\"Panasonic KX-TG 6811 Dect Telefon Siyah\"}]},{\"@type\":\"WebSite\",\"@id\":\"https:\/\/www.alsestelekom.com\/#website\",\"url\":\"https:\/\/www.alsestelekom.com\/\",\"name\":\"ALSES TELEKOM\",\"description\":\"Telesis Karel Kurumsal \u00c7\u00f6z\u00fcmler Destek Ortakl\u0131\u011f\u0131\",\"publisher\":{\"@id\":\"https:\/\/www.alsestelekom.com\/#organization\"},\"potentialAction\":[{\"@type\":\"SearchAction\",\"target\":{\"@type\":\"EntryPoint\",\"urlTemplate\":\"https:\/\/www.alsestelekom.com\/?s={search_term_string}\"},\"query-input\":{\"@type\":\"PropertyValueSpecification\",\"valueRequired\":true,\"valueName\":\"search_term_string\"}}],\"inLanguage\":\"tr\"},{\"@type\":\"Organization\",\"@id\":\"https:\/\/www.alsestelekom.com\/#organization\",\"name\":\"Alses Telekom\",\"url\":\"https:\/\/www.alsestelekom.com\/\",\"logo\":{\"@type\":\"ImageObject\",\"inLanguage\":\"tr\",\"@id\":\"https:\/\/www.alsestelekom.com\/#\/schema\/logo\/image\/\",\"url\":\"http:\/\/localhost\/wp\/wp-content\/uploads\/2019\/07\/logos.png\",\"contentUrl\":\"http:\/\/localhost\/wp\/wp-content\/uploads\/2019\/07\/logos.png\",\"width\":475,\"height\":133,\"caption\":\"Alses Telekom\"},\"image\":{\"@id\":\"https:\/\/www.alsestelekom.com\/#\/schema\/logo\/image\/\"},\"sameAs\":[\"https:\/\/www.facebook.com\/alsestelekomhaberlesme\/\",\"https:\/\/www.instagram.com\/alsestelekom\/\"]}]}<\/script>\n<!-- \/ Yoast SEO plugin. -->","yoast_head_json":{"title":"Panasonic KX-TG 6811 Dect Telefon Siyah - ALSES TELEKOM","robots":{"index":"index","follow":"follow","max-snippet":"max-snippet:-1","max-image-preview":"max-image-preview:large","max-video-preview":"max-video-preview:-1"},"canonical":"https:\/\/www.alsestelekom.com\/index.php\/urun\/panasonic-kx-tg-6811-dect-telefon-siyah\/","og_locale":"tr_TR","og_type":"article","og_title":"Panasonic KX-TG 6811 Dect Telefon Siyah - ALSES TELEKOM","og_description":"Tek dokunu\u015fla eco mod  G\u00fcr\u00fclt\u00fc azaltma, anahtar bulucu  15 saat konu\u015fma s\u00fcresi  \u00c7a\u011fr\u0131 yasaklama-Tu\u015f kilidi","og_url":"https:\/\/www.alsestelekom.com\/index.php\/urun\/panasonic-kx-tg-6811-dect-telefon-siyah\/","og_site_name":"ALSES TELEKOM","article_publisher":"https:\/\/www.facebook.com\/alsestelekomhaberlesme\/","article_modified_time":"2018-07-04T11:19:29+00:00","og_image":[{"width":900,"height":900,"url":"https:\/\/www.alsestelekom.com\/wp-content\/uploads\/2018\/07\/panasonic-kx-tg-6811-dect-telefon-siyah-zoom-1.jpg","type":"image\/jpeg"}],"twitter_card":"summary_large_image","schema":{"@context":"https:\/\/schema.org","@graph":[{"@type":"WebPage","@id":"https:\/\/www.alsestelekom.com\/index.php\/urun\/panasonic-kx-tg-6811-dect-telefon-siyah\/","url":"https:\/\/www.alsestelekom.com\/index.php\/urun\/panasonic-kx-tg-6811-dect-telefon-siyah\/","name":"Panasonic KX-TG 6811 Dect Telefon Siyah - ALSES TELEKOM","isPartOf":{"@id":"https:\/\/www.alsestelekom.com\/#website"},"primaryImageOfPage":{"@id":"https:\/\/www.alsestelekom.com\/index.php\/urun\/panasonic-kx-tg-6811-dect-telefon-siyah\/#primaryimage"},"image":{"@id":"https:\/\/www.alsestelekom.com\/index.php\/urun\/panasonic-kx-tg-6811-dect-telefon-siyah\/#primaryimage"},"thumbnailUrl":"https:\/\/www.alsestelekom.com\/wp-content\/uploads\/2018\/07\/panasonic-kx-tg-6811-dect-telefon-siyah-zoom-1.jpg","datePublished":"2018-07-04T11:19:28+00:00","dateModified":"2018-07-04T11:19:29+00:00","breadcrumb":{"@id":"https:\/\/www.alsestelekom.com\/index.php\/urun\/panasonic-kx-tg-6811-dect-telefon-siyah\/#breadcrumb"},"inLanguage":"tr","potentialAction":[{"@type":"ReadAction","target":["https:\/\/www.alsestelekom.com\/index.php\/urun\/panasonic-kx-tg-6811-dect-telefon-siyah\/"]}]},{"@type":"ImageObject","inLanguage":"tr","@id":"https:\/\/www.alsestelekom.com\/index.php\/urun\/panasonic-kx-tg-6811-dect-telefon-siyah\/#primaryimage","url":"https:\/\/www.alsestelekom.com\/wp-content\/uploads\/2018\/07\/panasonic-kx-tg-6811-dect-telefon-siyah-zoom-1.jpg","contentUrl":"https:\/\/www.alsestelekom.com\/wp-content\/uploads\/2018\/07\/panasonic-kx-tg-6811-dect-telefon-siyah-zoom-1.jpg","width":900,"height":900},{"@type":"BreadcrumbList","@id":"https:\/\/www.alsestelekom.com\/index.php\/urun\/panasonic-kx-tg-6811-dect-telefon-siyah\/#breadcrumb","itemListElement":[{"@type":"ListItem","position":1,"name":"Ana sayfa","item":"https:\/\/www.alsestelekom.com\/"},{"@type":"ListItem","position":2,"name":"Ma\u011faza","item":"https:\/\/www.alsestelekom.com\/index.php\/magaza\/"},{"@type":"ListItem","position":3,"name":"Panasonic KX-TG 6811 Dect Telefon Siyah"}]},{"@type":"WebSite","@id":"https:\/\/www.alsestelekom.com\/#website","url":"https:\/\/www.alsestelekom.com\/","name":"ALSES TELEKOM","description":"Telesis Karel Kurumsal \u00c7\u00f6z\u00fcmler Destek Ortakl\u0131\u011f\u0131","publisher":{"@id":"https:\/\/www.alsestelekom.com\/#organization"},"potentialAction":[{"@type":"SearchAction","target":{"@type":"EntryPoint","urlTemplate":"https:\/\/www.alsestelekom.com\/?s={search_term_string}"},"query-input":{"@type":"PropertyValueSpecification","valueRequired":true,"valueName":"search_term_string"}}],"inLanguage":"tr"},{"@type":"Organization","@id":"https:\/\/www.alsestelekom.com\/#organization","name":"Alses Telekom","url":"https:\/\/www.alsestelekom.com\/","logo":{"@type":"ImageObject","inLanguage":"tr","@id":"https:\/\/www.alsestelekom.com\/#\/schema\/logo\/image\/","url":"http:\/\/localhost\/wp\/wp-content\/uploads\/2019\/07\/logos.png","contentUrl":"http:\/\/localhost\/wp\/wp-content\/uploads\/2019\/07\/logos.png","width":475,"height":133,"caption":"Alses Telekom"},"image":{"@id":"https:\/\/www.alsestelekom.com\/#\/schema\/logo\/image\/"},"sameAs":["https:\/\/www.facebook.com\/alsestelekomhaberlesme\/","https:\/\/www.instagram.com\/alsestelekom\/"]}]}},"_links":{"self":[{"href":"https:\/\/www.alsestelekom.com\/index.php\/wp-json\/wp\/v2\/product\/318","targetHints":{"allow":["GET"]}}],"collection":[{"href":"https:\/\/www.alsestelekom.com\/index.php\/wp-json\/wp\/v2\/product"}],"about":[{"href":"https:\/\/www.alsestelekom.com\/index.php\/wp-json\/wp\/v2\/types\/product"}],"replies":[{"embeddable":true,"href":"https:\/\/www.alsestelekom.com\/index.php\/wp-json\/wp\/v2\/comments?post=318"}],"wp:featuredmedia":[{"embeddable":true,"href":"https:\/\/www.alsestelekom.com\/index.php\/wp-json\/wp\/v2\/media\/320"}],"wp:attachment":[{"href":"https:\/\/www.alsestelekom.com\/index.php\/wp-json\/wp\/v2\/media?parent=318"}],"wp:term":[{"taxonomy":"product_brand","embeddable":true,"href":"https:\/\/www.alsestelekom.com\/index.php\/wp-json\/wp\/v2\/product_brand?post=318"},{"taxonomy":"product_cat","embeddable":true,"href":"https:\/\/www.alsestelekom.com\/index.php\/wp-json\/wp\/v2\/product_cat?post=318"},{"taxonomy":"product_tag","embeddable":true,"href":"https:\/\/www.alsestelekom.com\/index.php\/wp-json\/wp\/v2\/product_tag?post=318"}],"curies":[{"name":"wp","href":"https:\/\/api.w.org\/{rel}","templated":true}]}}