{"id":699,"date":"2019-07-17T00:08:08","date_gmt":"2019-07-16T21:08:08","guid":{"rendered":"http:\/\/localhost\/wp\/?post_type=product&#038;p=699"},"modified":"2023-09-12T17:52:11","modified_gmt":"2023-09-12T14:52:11","slug":"gigaset-n870-ip-pro","status":"publish","type":"product","link":"https:\/\/www.alsestelekom.com\/index.php\/urun\/gigaset-n870-ip-pro\/","title":{"rendered":"Gigaset N870 IP PRO"},"content":{"rendered":"<p><span style=\"color: #222222; font-family: arial, sans-serif; font-size: 14px;\">Gigaset N870 IP PRO Baz &#304;stasyonu Gigaset N870 IP PRO &Ouml;l&ccedil;eklendirilebilir olarak tasarlanm&#305;&#351; g&uuml;venilir ve b&uuml;y&uuml;meye a&ccedil;&#305;k &ccedil;ok h&uuml;creli sistem. Gigaset N870 &Ccedil;ok H&uuml;creli Sistem, her bi&ccedil;im ve boyuttaki yerlerde garantili mobil ileti&#351;ime ihtiya&ccedil; duyan kurulu&#351;lara y&uuml;ksek oranda &ouml;l&ccedil;eklenebilir ve g&uuml;venilir bir &ccedil;&ouml;z&uuml;m sa&#287;lamak i&ccedil;in ana DECT baz istasyonu ve &ccedil;a&#287;r&#305; y&ouml;neticisini bir araya getiren yenilik&ccedil;i ve &ccedil;&#305;&#287;&#305;r a&ccedil;&#305;c&#305; bir &ccedil;&ouml;z&uuml;md&uuml;r.<\/span><\/p>\n","protected":false},"excerpt":{"rendered":"<p>Gigaset N870 IP PRO Baz \u0130stasyonu Gigaset N870 IP PRO \u00d6l\u00e7eklendirilebilir olarak tasarlanm\u0131\u015f g\u00fcvenilir ve b\u00fcy\u00fcmeye a\u00e7\u0131k \u00e7ok h\u00fccreli sistem. Gigaset N870 \u00c7ok H\u00fccreli Sistem, her bi\u00e7im ve boyuttaki yerlerde garantili mobil ileti\u015fime ihtiya\u00e7 duyan kurulu\u015flara y\u00fcksek oranda \u00f6l\u00e7eklenebilir ve g\u00fcvenilir bir \u00e7\u00f6z\u00fcm sa\u011flamak i\u00e7in ana DECT baz istasyonu ve \u00e7a\u011fr\u0131 y\u00f6neticisini bir araya getiren [&hellip;]<\/p>\n","protected":false},"featured_media":701,"comment_status":"closed","ping_status":"closed","template":"","meta":[],"product_brand":[],"product_cat":[97],"product_tag":[72,57,31,69,58,65,64,53,63,76,66],"class_list":{"0":"post-699","1":"product","2":"type-product","3":"status-publish","4":"has-post-thumbnail","6":"product_cat-gigaset","7":"product_tag-adsl-fiber","8":"product_tag-alcatel-santral-servisi","9":"product_tag-alses-telekom","10":"product_tag-gigaset-dect","11":"product_tag-ip-dect-sistemleri","12":"product_tag-ip-telefon","13":"product_tag-istanbul-santralci","14":"product_tag-istoc-santral-servisi","15":"product_tag-mahmutbey-santral-servisi","16":"product_tag-teknik-servis","17":"product_tag-telesis-mr7-santral","19":"first","20":"instock","21":"taxable","22":"shipping-taxable","23":"product-type-simple"},"yoast_head":"<!-- This site is optimized with the Yoast SEO plugin v26.6 - https:\/\/yoast.com\/wordpress\/plugins\/seo\/ -->\n<title>Gigaset N870 IP PRO - ALSES TELEKOM<\/title>\n<meta name=\"description\" content=\"Gigaset N870 IP PRO Baz \u0130stasyonu Gigaset N870 IP PRO \u00d6l\u00e7eklendirilebilir olarak tasarlanm\u0131\u015f g\u00fcvenilir ve b\u00fcy\u00fcmeye a\u00e7\u0131k \u00e7ok h\u00fccreli sistem. Gigaset N870 \u00c7ok H\u00fccreli Sistem, her bi\u00e7im ve boyuttaki yerlerde garantili mobil ileti\u015fime ihtiya\u00e7 duyan kurulu\u015flara y\u00fcksek oranda \u00f6l\u00e7eklenebilir ve g\u00fcvenilir bir \u00e7\u00f6z\u00fcm sa\u011flamak i\u00e7in ana DECT baz istasyonu ve \u00e7a\u011fr\u0131 y\u00f6neticisini bir araya getiren yenilik\u00e7i ve \u00e7\u0131\u011f\u0131r a\u00e7\u0131c\u0131 bir \u00e7\u00f6z\u00fcmd\u00fcr.\" \/>\n<meta name=\"robots\" content=\"index, follow, max-snippet:-1, max-image-preview:large, max-video-preview:-1\" \/>\n<link rel=\"canonical\" href=\"https:\/\/www.alsestelekom.com\/index.php\/urun\/gigaset-n870-ip-pro\/\" \/>\n<meta property=\"og:locale\" content=\"tr_TR\" \/>\n<meta property=\"og:type\" content=\"article\" \/>\n<meta property=\"og:title\" content=\"Gigaset N870 IP PRO - ALSES TELEKOM\" \/>\n<meta property=\"og:description\" content=\"Gigaset N870 IP PRO Baz \u0130stasyonu Gigaset N870 IP PRO \u00d6l\u00e7eklendirilebilir olarak tasarlanm\u0131\u015f g\u00fcvenilir ve b\u00fcy\u00fcmeye a\u00e7\u0131k \u00e7ok h\u00fccreli sistem. Gigaset N870 \u00c7ok H\u00fccreli Sistem, her bi\u00e7im ve boyuttaki yerlerde garantili mobil ileti\u015fime ihtiya\u00e7 duyan kurulu\u015flara y\u00fcksek oranda \u00f6l\u00e7eklenebilir ve g\u00fcvenilir bir \u00e7\u00f6z\u00fcm sa\u011flamak i\u00e7in ana DECT baz istasyonu ve \u00e7a\u011fr\u0131 y\u00f6neticisini bir araya getiren yenilik\u00e7i ve \u00e7\u0131\u011f\u0131r a\u00e7\u0131c\u0131 bir \u00e7\u00f6z\u00fcmd\u00fcr.\" \/>\n<meta property=\"og:url\" content=\"https:\/\/www.alsestelekom.com\/index.php\/urun\/gigaset-n870-ip-pro\/\" \/>\n<meta property=\"og:site_name\" content=\"ALSES TELEKOM\" \/>\n<meta property=\"article:publisher\" content=\"https:\/\/www.facebook.com\/alsestelekomhaberlesme\/\" \/>\n<meta property=\"article:modified_time\" content=\"2023-09-12T14:52:11+00:00\" \/>\n<meta property=\"og:image\" content=\"https:\/\/www.alsestelekom.com\/wp-content\/uploads\/2019\/07\/N870IP.jpg\" \/>\n\t<meta property=\"og:image:width\" content=\"1000\" \/>\n\t<meta property=\"og:image:height\" content=\"1000\" \/>\n\t<meta property=\"og:image:type\" content=\"image\/jpeg\" \/>\n<meta name=\"twitter:card\" content=\"summary_large_image\" \/>\n<script type=\"application\/ld+json\" class=\"yoast-schema-graph\">{\"@context\":\"https:\/\/schema.org\",\"@graph\":[{\"@type\":\"WebPage\",\"@id\":\"https:\/\/www.alsestelekom.com\/index.php\/urun\/gigaset-n870-ip-pro\/\",\"url\":\"https:\/\/www.alsestelekom.com\/index.php\/urun\/gigaset-n870-ip-pro\/\",\"name\":\"Gigaset N870 IP PRO - ALSES TELEKOM\",\"isPartOf\":{\"@id\":\"https:\/\/www.alsestelekom.com\/#website\"},\"primaryImageOfPage\":{\"@id\":\"https:\/\/www.alsestelekom.com\/index.php\/urun\/gigaset-n870-ip-pro\/#primaryimage\"},\"image\":{\"@id\":\"https:\/\/www.alsestelekom.com\/index.php\/urun\/gigaset-n870-ip-pro\/#primaryimage\"},\"thumbnailUrl\":\"https:\/\/www.alsestelekom.com\/wp-content\/uploads\/2019\/07\/N870IP.jpg\",\"datePublished\":\"2019-07-16T21:08:08+00:00\",\"dateModified\":\"2023-09-12T14:52:11+00:00\",\"description\":\"Gigaset N870 IP PRO Baz \u0130stasyonu Gigaset N870 IP PRO \u00d6l\u00e7eklendirilebilir olarak tasarlanm\u0131\u015f g\u00fcvenilir ve b\u00fcy\u00fcmeye a\u00e7\u0131k \u00e7ok h\u00fccreli sistem. Gigaset N870 \u00c7ok H\u00fccreli Sistem, her bi\u00e7im ve boyuttaki yerlerde garantili mobil ileti\u015fime ihtiya\u00e7 duyan kurulu\u015flara y\u00fcksek oranda \u00f6l\u00e7eklenebilir ve g\u00fcvenilir bir \u00e7\u00f6z\u00fcm sa\u011flamak i\u00e7in ana DECT baz istasyonu ve \u00e7a\u011fr\u0131 y\u00f6neticisini bir araya getiren yenilik\u00e7i ve \u00e7\u0131\u011f\u0131r a\u00e7\u0131c\u0131 bir \u00e7\u00f6z\u00fcmd\u00fcr.\",\"breadcrumb\":{\"@id\":\"https:\/\/www.alsestelekom.com\/index.php\/urun\/gigaset-n870-ip-pro\/#breadcrumb\"},\"inLanguage\":\"tr\",\"potentialAction\":[{\"@type\":\"ReadAction\",\"target\":[\"https:\/\/www.alsestelekom.com\/index.php\/urun\/gigaset-n870-ip-pro\/\"]}]},{\"@type\":\"ImageObject\",\"inLanguage\":\"tr\",\"@id\":\"https:\/\/www.alsestelekom.com\/index.php\/urun\/gigaset-n870-ip-pro\/#primaryimage\",\"url\":\"https:\/\/www.alsestelekom.com\/wp-content\/uploads\/2019\/07\/N870IP.jpg\",\"contentUrl\":\"https:\/\/www.alsestelekom.com\/wp-content\/uploads\/2019\/07\/N870IP.jpg\",\"width\":1000,\"height\":1000},{\"@type\":\"BreadcrumbList\",\"@id\":\"https:\/\/www.alsestelekom.com\/index.php\/urun\/gigaset-n870-ip-pro\/#breadcrumb\",\"itemListElement\":[{\"@type\":\"ListItem\",\"position\":1,\"name\":\"Ana sayfa\",\"item\":\"https:\/\/www.alsestelekom.com\/\"},{\"@type\":\"ListItem\",\"position\":2,\"name\":\"Ma\u011faza\",\"item\":\"https:\/\/www.alsestelekom.com\/index.php\/magaza\/\"},{\"@type\":\"ListItem\",\"position\":3,\"name\":\"Gigaset N870 IP PRO\"}]},{\"@type\":\"WebSite\",\"@id\":\"https:\/\/www.alsestelekom.com\/#website\",\"url\":\"https:\/\/www.alsestelekom.com\/\",\"name\":\"ALSES TELEKOM\",\"description\":\"Telesis Karel Kurumsal \u00c7\u00f6z\u00fcmler Destek Ortakl\u0131\u011f\u0131\",\"publisher\":{\"@id\":\"https:\/\/www.alsestelekom.com\/#organization\"},\"potentialAction\":[{\"@type\":\"SearchAction\",\"target\":{\"@type\":\"EntryPoint\",\"urlTemplate\":\"https:\/\/www.alsestelekom.com\/?s={search_term_string}\"},\"query-input\":{\"@type\":\"PropertyValueSpecification\",\"valueRequired\":true,\"valueName\":\"search_term_string\"}}],\"inLanguage\":\"tr\"},{\"@type\":\"Organization\",\"@id\":\"https:\/\/www.alsestelekom.com\/#organization\",\"name\":\"Alses Telekom\",\"url\":\"https:\/\/www.alsestelekom.com\/\",\"logo\":{\"@type\":\"ImageObject\",\"inLanguage\":\"tr\",\"@id\":\"https:\/\/www.alsestelekom.com\/#\/schema\/logo\/image\/\",\"url\":\"http:\/\/localhost\/wp\/wp-content\/uploads\/2019\/07\/logos.png\",\"contentUrl\":\"http:\/\/localhost\/wp\/wp-content\/uploads\/2019\/07\/logos.png\",\"width\":475,\"height\":133,\"caption\":\"Alses Telekom\"},\"image\":{\"@id\":\"https:\/\/www.alsestelekom.com\/#\/schema\/logo\/image\/\"},\"sameAs\":[\"https:\/\/www.facebook.com\/alsestelekomhaberlesme\/\",\"https:\/\/www.instagram.com\/alsestelekom\/\"]}]}<\/script>\n<!-- \/ Yoast SEO plugin. -->","yoast_head_json":{"title":"Gigaset N870 IP PRO - ALSES TELEKOM","description":"Gigaset N870 IP PRO Baz \u0130stasyonu Gigaset N870 IP PRO \u00d6l\u00e7eklendirilebilir olarak tasarlanm\u0131\u015f g\u00fcvenilir ve b\u00fcy\u00fcmeye a\u00e7\u0131k \u00e7ok h\u00fccreli sistem. Gigaset N870 \u00c7ok H\u00fccreli Sistem, her bi\u00e7im ve boyuttaki yerlerde garantili mobil ileti\u015fime ihtiya\u00e7 duyan kurulu\u015flara y\u00fcksek oranda \u00f6l\u00e7eklenebilir ve g\u00fcvenilir bir \u00e7\u00f6z\u00fcm sa\u011flamak i\u00e7in ana DECT baz istasyonu ve \u00e7a\u011fr\u0131 y\u00f6neticisini bir araya getiren yenilik\u00e7i ve \u00e7\u0131\u011f\u0131r a\u00e7\u0131c\u0131 bir \u00e7\u00f6z\u00fcmd\u00fcr.","robots":{"index":"index","follow":"follow","max-snippet":"max-snippet:-1","max-image-preview":"max-image-preview:large","max-video-preview":"max-video-preview:-1"},"canonical":"https:\/\/www.alsestelekom.com\/index.php\/urun\/gigaset-n870-ip-pro\/","og_locale":"tr_TR","og_type":"article","og_title":"Gigaset N870 IP PRO - ALSES TELEKOM","og_description":"Gigaset N870 IP PRO Baz \u0130stasyonu Gigaset N870 IP PRO \u00d6l\u00e7eklendirilebilir olarak tasarlanm\u0131\u015f g\u00fcvenilir ve b\u00fcy\u00fcmeye a\u00e7\u0131k \u00e7ok h\u00fccreli sistem. Gigaset N870 \u00c7ok H\u00fccreli Sistem, her bi\u00e7im ve boyuttaki yerlerde garantili mobil ileti\u015fime ihtiya\u00e7 duyan kurulu\u015flara y\u00fcksek oranda \u00f6l\u00e7eklenebilir ve g\u00fcvenilir bir \u00e7\u00f6z\u00fcm sa\u011flamak i\u00e7in ana DECT baz istasyonu ve \u00e7a\u011fr\u0131 y\u00f6neticisini bir araya getiren yenilik\u00e7i ve \u00e7\u0131\u011f\u0131r a\u00e7\u0131c\u0131 bir \u00e7\u00f6z\u00fcmd\u00fcr.","og_url":"https:\/\/www.alsestelekom.com\/index.php\/urun\/gigaset-n870-ip-pro\/","og_site_name":"ALSES TELEKOM","article_publisher":"https:\/\/www.facebook.com\/alsestelekomhaberlesme\/","article_modified_time":"2023-09-12T14:52:11+00:00","og_image":[{"width":1000,"height":1000,"url":"https:\/\/www.alsestelekom.com\/wp-content\/uploads\/2019\/07\/N870IP.jpg","type":"image\/jpeg"}],"twitter_card":"summary_large_image","schema":{"@context":"https:\/\/schema.org","@graph":[{"@type":"WebPage","@id":"https:\/\/www.alsestelekom.com\/index.php\/urun\/gigaset-n870-ip-pro\/","url":"https:\/\/www.alsestelekom.com\/index.php\/urun\/gigaset-n870-ip-pro\/","name":"Gigaset N870 IP PRO - ALSES TELEKOM","isPartOf":{"@id":"https:\/\/www.alsestelekom.com\/#website"},"primaryImageOfPage":{"@id":"https:\/\/www.alsestelekom.com\/index.php\/urun\/gigaset-n870-ip-pro\/#primaryimage"},"image":{"@id":"https:\/\/www.alsestelekom.com\/index.php\/urun\/gigaset-n870-ip-pro\/#primaryimage"},"thumbnailUrl":"https:\/\/www.alsestelekom.com\/wp-content\/uploads\/2019\/07\/N870IP.jpg","datePublished":"2019-07-16T21:08:08+00:00","dateModified":"2023-09-12T14:52:11+00:00","description":"Gigaset N870 IP PRO Baz \u0130stasyonu Gigaset N870 IP PRO \u00d6l\u00e7eklendirilebilir olarak tasarlanm\u0131\u015f g\u00fcvenilir ve b\u00fcy\u00fcmeye a\u00e7\u0131k \u00e7ok h\u00fccreli sistem. Gigaset N870 \u00c7ok H\u00fccreli Sistem, her bi\u00e7im ve boyuttaki yerlerde garantili mobil ileti\u015fime ihtiya\u00e7 duyan kurulu\u015flara y\u00fcksek oranda \u00f6l\u00e7eklenebilir ve g\u00fcvenilir bir \u00e7\u00f6z\u00fcm sa\u011flamak i\u00e7in ana DECT baz istasyonu ve \u00e7a\u011fr\u0131 y\u00f6neticisini bir araya getiren yenilik\u00e7i ve \u00e7\u0131\u011f\u0131r a\u00e7\u0131c\u0131 bir \u00e7\u00f6z\u00fcmd\u00fcr.","breadcrumb":{"@id":"https:\/\/www.alsestelekom.com\/index.php\/urun\/gigaset-n870-ip-pro\/#breadcrumb"},"inLanguage":"tr","potentialAction":[{"@type":"ReadAction","target":["https:\/\/www.alsestelekom.com\/index.php\/urun\/gigaset-n870-ip-pro\/"]}]},{"@type":"ImageObject","inLanguage":"tr","@id":"https:\/\/www.alsestelekom.com\/index.php\/urun\/gigaset-n870-ip-pro\/#primaryimage","url":"https:\/\/www.alsestelekom.com\/wp-content\/uploads\/2019\/07\/N870IP.jpg","contentUrl":"https:\/\/www.alsestelekom.com\/wp-content\/uploads\/2019\/07\/N870IP.jpg","width":1000,"height":1000},{"@type":"BreadcrumbList","@id":"https:\/\/www.alsestelekom.com\/index.php\/urun\/gigaset-n870-ip-pro\/#breadcrumb","itemListElement":[{"@type":"ListItem","position":1,"name":"Ana sayfa","item":"https:\/\/www.alsestelekom.com\/"},{"@type":"ListItem","position":2,"name":"Ma\u011faza","item":"https:\/\/www.alsestelekom.com\/index.php\/magaza\/"},{"@type":"ListItem","position":3,"name":"Gigaset N870 IP PRO"}]},{"@type":"WebSite","@id":"https:\/\/www.alsestelekom.com\/#website","url":"https:\/\/www.alsestelekom.com\/","name":"ALSES TELEKOM","description":"Telesis Karel Kurumsal \u00c7\u00f6z\u00fcmler Destek Ortakl\u0131\u011f\u0131","publisher":{"@id":"https:\/\/www.alsestelekom.com\/#organization"},"potentialAction":[{"@type":"SearchAction","target":{"@type":"EntryPoint","urlTemplate":"https:\/\/www.alsestelekom.com\/?s={search_term_string}"},"query-input":{"@type":"PropertyValueSpecification","valueRequired":true,"valueName":"search_term_string"}}],"inLanguage":"tr"},{"@type":"Organization","@id":"https:\/\/www.alsestelekom.com\/#organization","name":"Alses Telekom","url":"https:\/\/www.alsestelekom.com\/","logo":{"@type":"ImageObject","inLanguage":"tr","@id":"https:\/\/www.alsestelekom.com\/#\/schema\/logo\/image\/","url":"http:\/\/localhost\/wp\/wp-content\/uploads\/2019\/07\/logos.png","contentUrl":"http:\/\/localhost\/wp\/wp-content\/uploads\/2019\/07\/logos.png","width":475,"height":133,"caption":"Alses Telekom"},"image":{"@id":"https:\/\/www.alsestelekom.com\/#\/schema\/logo\/image\/"},"sameAs":["https:\/\/www.facebook.com\/alsestelekomhaberlesme\/","https:\/\/www.instagram.com\/alsestelekom\/"]}]}},"_links":{"self":[{"href":"https:\/\/www.alsestelekom.com\/index.php\/wp-json\/wp\/v2\/product\/699","targetHints":{"allow":["GET"]}}],"collection":[{"href":"https:\/\/www.alsestelekom.com\/index.php\/wp-json\/wp\/v2\/product"}],"about":[{"href":"https:\/\/www.alsestelekom.com\/index.php\/wp-json\/wp\/v2\/types\/product"}],"replies":[{"embeddable":true,"href":"https:\/\/www.alsestelekom.com\/index.php\/wp-json\/wp\/v2\/comments?post=699"}],"wp:featuredmedia":[{"embeddable":true,"href":"https:\/\/www.alsestelekom.com\/index.php\/wp-json\/wp\/v2\/media\/701"}],"wp:attachment":[{"href":"https:\/\/www.alsestelekom.com\/index.php\/wp-json\/wp\/v2\/media?parent=699"}],"wp:term":[{"taxonomy":"product_brand","embeddable":true,"href":"https:\/\/www.alsestelekom.com\/index.php\/wp-json\/wp\/v2\/product_brand?post=699"},{"taxonomy":"product_cat","embeddable":true,"href":"https:\/\/www.alsestelekom.com\/index.php\/wp-json\/wp\/v2\/product_cat?post=699"},{"taxonomy":"product_tag","embeddable":true,"href":"https:\/\/www.alsestelekom.com\/index.php\/wp-json\/wp\/v2\/product_tag?post=699"}],"curies":[{"name":"wp","href":"https:\/\/api.w.org\/{rel}","templated":true}]}}