{"id":756,"date":"2019-08-07T22:18:53","date_gmt":"2019-08-07T19:18:53","guid":{"rendered":"http:\/\/localhost\/wp\/?post_type=product&#038;p=756"},"modified":"2023-09-12T17:52:10","modified_gmt":"2023-09-12T14:52:10","slug":"gigaset-s650-hsb-pro-telefon","status":"publish","type":"product","link":"https:\/\/www.alsestelekom.com\/index.php\/urun\/gigaset-s650-hsb-pro-telefon\/","title":{"rendered":"Gigaset S650 Hsb Pro Telefon"},"content":{"rendered":"<h1 class=\"proName\">Gigaset S650 Pro<\/h1>\n<p>1.8&rdquo; Renkli Tft Ekran,<br>\n12 Saate Kadar Konu&#351;ma Zaman&#305;,<br>\nSimgeler, Ekran Tu&#351;lar&#305;, Be&#351; Y&ouml;nl&uuml; Gezinti Tu&#351;u, &#304;&#351;lev Tu&#351;lar&#305;<br>\nVe Yan Tu&#351;lara Sahip Sezgisel, Modern Kullan&#305;c&#305; Arabirimi,<br>\nGirilen En Son 20 Numaras&#305;n&#305;n Yeniden Aranmas&#305;,<br>\nN510 Ip Pro Ve N720 Dect Ip Multicell &#304;le Tam Uyumluluk,<br>\nHdsp\/Cat-Iq 2.0 Ses Kalitesi,<br>\nEller Serbest Konu&#351;ma,<br>\nLokal 500 Vcard \/ Pabx (Xml, Ldap) &Uuml;st&uuml;nden Merkezi Rehber,<br>\nEn Fazla 500 Kartvizit Giri&#351;ine Sahip Adres Defteri,<br>\nTitre&#351;im, Bt Ve 2.5 Mm Jack &#304;le Kulakl&#305;k, P&#305;n Korumal&#305; Tu&#351; Kilidi,<br>\n&Ccedil;izilmeye Kar&#351;&#305; &Ouml;zel Cila.<br>\n&bull; 12 Saate Kadar Konu&#351;ma S&uuml;resi<br>\n&bull; 300 Saate Kadar Bekleme S&uuml;resi,<br>\nEk &Ouml;zellikler<br>\n&bull; Takvim Ve An&#305;msat&#305;c&#305; &#304;&#351;levlerine Sahip Ajanda<br>\n&bull; E-Posta Okuyucusu<br>\n&bull; Bilgi Servisleri<br>\n&bull; Ekran Koruyucu (Resim, Slayt G&ouml;sterisi, Saat, Bilgi Servisi)<br>\n&bull; G&uuml;&ccedil; Kapal&#305; Durumda Da Pil &#350;arj&#305;<br>\n&bull; Dect Mesafesi D&#305;&#351;&#305;na &Ccedil;&#305;k&#305;ld&#305;&#287;&#305;nda Ve &#304;&ccedil;ine Girildi&#287;inde<br>\nUyar&#305; Tonlar&#305;<br>\n&bull; Ayn&#305; Kullan&#305;c&#305;ya Kay&#305;tl&#305; Di&#287;er Telefonda Paralel Zil &Ccedil;alarken<br>\nSessiz &#350;arj Modu<br>\nGigaset Quicksync&lsquo; Yaz&#305;l&#305;m&#305;<br>\nWindows Ve Osx &#304;&ccedil;in Kar&#351;&#305;dan Y&uuml;klenen &Uuml;cretsiz Yaz&#305;l&#305;m.<\/p>\n<p>Gigaset S650 Pro Ambalaj &#304;&ccedil;eri&#287;i<br>\n&bull; Telefon Cihaz&#305;<br>\n&bull; Pil Kapa&#287;&#305;<br>\n&bull; 2 Adet Aaa Pil (Nimh)<br>\n&bull; Kemer Klipsi<br>\n&bull; &#350;arj Cihaz&#305;<br>\n&bull; &#350;arj Cihaz&#305; &#304;&ccedil;in G&uuml;&ccedil; Adapt&ouml;r&uuml;<br>\n&bull; G&uuml;venlik Bro&#351;&uuml;r&uuml;<\/p>\n","protected":false},"excerpt":{"rendered":"<p>Gigaset S650 Pro 1.8\u201d Renkli Tft Ekran, 12 Saate Kadar Konu\u015fma Zaman\u0131, Simgeler, Ekran Tu\u015flar\u0131, Be\u015f Y\u00f6nl\u00fc Gezinti Tu\u015fu, \u0130\u015flev Tu\u015flar\u0131 Ve Yan Tu\u015flara Sahip Sezgisel, Modern Kullan\u0131c\u0131 Arabirimi, Girilen En Son 20 Numaras\u0131n\u0131n Yeniden Aranmas\u0131, N510 Ip Pro Ve N720 Dect Ip Multicell \u0130le Tam Uyumluluk, Hdsp\/Cat-Iq 2.0 Ses Kalitesi, Eller Serbest Konu\u015fma, Lokal [&hellip;]<\/p>\n","protected":false},"featured_media":758,"comment_status":"closed","ping_status":"closed","template":"","meta":[],"product_brand":[],"product_cat":[97,19],"product_tag":[72,57,31,62,58,65,53,67,75,29,33,32,68],"class_list":{"0":"post-756","1":"product","2":"type-product","3":"status-publish","4":"has-post-thumbnail","6":"product_cat-gigaset","7":"product_cat-telsiz-telefonlar","8":"product_tag-adsl-fiber","9":"product_tag-alcatel-santral-servisi","10":"product_tag-alses-telekom","11":"product_tag-bagcilar-santral-servisi","12":"product_tag-ip-dect-sistemleri","13":"product_tag-ip-telefon","14":"product_tag-istoc-santral-servisi","15":"product_tag-siemens-dect","16":"product_tag-telesis-marmara-bolge-servisi","17":"product_tag-telesis-mr7","18":"product_tag-telesis-servisi","19":"product_tag-telesis-teknik-servis","20":"product_tag-telsiz-telefon","22":"first","23":"instock","24":"taxable","25":"shipping-taxable","26":"product-type-simple"},"yoast_head":"<!-- This site is optimized with the Yoast SEO plugin v26.6 - https:\/\/yoast.com\/wordpress\/plugins\/seo\/ -->\n<title>Gigaset S650 Hsb Pro Telefon - ALSES TELEKOM<\/title>\n<meta name=\"description\" content=\"1.8\u201d Renkli Tft Ekran,12 Saate Kadar Konu\u015fma Zaman\u0131,Simgeler, Ekran Tu\u015flar\u0131, Be\u015f Y\u00f6nl\u00fc Gezinti Tu\u015fu, \u0130\u015flev Tu\u015flar\u0131Ve Yan Tu\u015flara Sahip Sezgisel, Modern Kullan\u0131c\u0131 Arabirimi,Girilen En Son 20 Numaras\u0131n\u0131n Yeniden Aranmas\u0131,N510 Ip Pro Ve N720 Dect Ip Multicell \u0130le Tam Uyumluluk,Hdsp\/Cat-Iq 2.0 Ses Kalitesi,Eller Serbest Konu\u015fma,Lokal 500 Vcard \/ Pabx (Xml, Ldap) \u00dcst\u00fcnden Merkezi Rehber,En Fazla 500 Kartvizit Giri\u015fine Sahip Adres Defteri,Titre\u015fim, Bt Ve 2.5 Mm Jack \u0130le Kulakl\u0131k, P\u0131n Korumal\u0131 Tu\u015f Kilidi,\u00c7izilmeye Kar\u015f\u0131 \u00d6zel Cila.\u2022 12 Saate Kadar Konu\u015fma S\u00fcresi\u2022 300 Saate Kadar Bekleme S\u00fcresi,\" \/>\n<meta name=\"robots\" content=\"index, follow, max-snippet:-1, max-image-preview:large, max-video-preview:-1\" \/>\n<link rel=\"canonical\" href=\"https:\/\/www.alsestelekom.com\/index.php\/urun\/gigaset-s650-hsb-pro-telefon\/\" \/>\n<meta property=\"og:locale\" content=\"tr_TR\" \/>\n<meta property=\"og:type\" content=\"article\" \/>\n<meta property=\"og:title\" content=\"Gigaset S650 Hsb Pro Telefon - ALSES TELEKOM\" \/>\n<meta property=\"og:description\" content=\"1.8\u201d Renkli Tft Ekran,12 Saate Kadar Konu\u015fma Zaman\u0131,Simgeler, Ekran Tu\u015flar\u0131, Be\u015f Y\u00f6nl\u00fc Gezinti Tu\u015fu, \u0130\u015flev Tu\u015flar\u0131Ve Yan Tu\u015flara Sahip Sezgisel, Modern Kullan\u0131c\u0131 Arabirimi,Girilen En Son 20 Numaras\u0131n\u0131n Yeniden Aranmas\u0131,N510 Ip Pro Ve N720 Dect Ip Multicell \u0130le Tam Uyumluluk,Hdsp\/Cat-Iq 2.0 Ses Kalitesi,Eller Serbest Konu\u015fma,Lokal 500 Vcard \/ Pabx (Xml, Ldap) \u00dcst\u00fcnden Merkezi Rehber,En Fazla 500 Kartvizit Giri\u015fine Sahip Adres Defteri,Titre\u015fim, Bt Ve 2.5 Mm Jack \u0130le Kulakl\u0131k, P\u0131n Korumal\u0131 Tu\u015f Kilidi,\u00c7izilmeye Kar\u015f\u0131 \u00d6zel Cila.\u2022 12 Saate Kadar Konu\u015fma S\u00fcresi\u2022 300 Saate Kadar Bekleme S\u00fcresi,\" \/>\n<meta property=\"og:url\" content=\"https:\/\/www.alsestelekom.com\/index.php\/urun\/gigaset-s650-hsb-pro-telefon\/\" \/>\n<meta property=\"og:site_name\" content=\"ALSES TELEKOM\" \/>\n<meta property=\"article:publisher\" content=\"https:\/\/www.facebook.com\/alsestelekomhaberlesme\/\" \/>\n<meta property=\"article:modified_time\" content=\"2023-09-12T14:52:10+00:00\" \/>\n<meta property=\"og:image\" content=\"https:\/\/www.alsestelekom.com\/wp-content\/uploads\/2019\/08\/9582576795698.jpg\" \/>\n\t<meta property=\"og:image:width\" content=\"432\" \/>\n\t<meta property=\"og:image:height\" content=\"432\" \/>\n\t<meta property=\"og:image:type\" content=\"image\/jpeg\" \/>\n<meta name=\"twitter:card\" content=\"summary_large_image\" \/>\n<meta name=\"twitter:label1\" content=\"Tahmini okuma s\u00fcresi\" \/>\n\t<meta name=\"twitter:data1\" content=\"1 dakika\" \/>\n<script type=\"application\/ld+json\" class=\"yoast-schema-graph\">{\"@context\":\"https:\/\/schema.org\",\"@graph\":[{\"@type\":\"WebPage\",\"@id\":\"https:\/\/www.alsestelekom.com\/index.php\/urun\/gigaset-s650-hsb-pro-telefon\/\",\"url\":\"https:\/\/www.alsestelekom.com\/index.php\/urun\/gigaset-s650-hsb-pro-telefon\/\",\"name\":\"Gigaset S650 Hsb Pro Telefon - ALSES TELEKOM\",\"isPartOf\":{\"@id\":\"https:\/\/www.alsestelekom.com\/#website\"},\"primaryImageOfPage\":{\"@id\":\"https:\/\/www.alsestelekom.com\/index.php\/urun\/gigaset-s650-hsb-pro-telefon\/#primaryimage\"},\"image\":{\"@id\":\"https:\/\/www.alsestelekom.com\/index.php\/urun\/gigaset-s650-hsb-pro-telefon\/#primaryimage\"},\"thumbnailUrl\":\"https:\/\/www.alsestelekom.com\/wp-content\/uploads\/2019\/08\/9582576795698.jpg\",\"datePublished\":\"2019-08-07T19:18:53+00:00\",\"dateModified\":\"2023-09-12T14:52:10+00:00\",\"description\":\"1.8\u201d Renkli Tft Ekran,12 Saate Kadar Konu\u015fma Zaman\u0131,Simgeler, Ekran Tu\u015flar\u0131, Be\u015f Y\u00f6nl\u00fc Gezinti Tu\u015fu, \u0130\u015flev Tu\u015flar\u0131Ve Yan Tu\u015flara Sahip Sezgisel, Modern Kullan\u0131c\u0131 Arabirimi,Girilen En Son 20 Numaras\u0131n\u0131n Yeniden Aranmas\u0131,N510 Ip Pro Ve N720 Dect Ip Multicell \u0130le Tam Uyumluluk,Hdsp\/Cat-Iq 2.0 Ses Kalitesi,Eller Serbest Konu\u015fma,Lokal 500 Vcard \/ Pabx (Xml, Ldap) \u00dcst\u00fcnden Merkezi Rehber,En Fazla 500 Kartvizit Giri\u015fine Sahip Adres Defteri,Titre\u015fim, Bt Ve 2.5 Mm Jack \u0130le Kulakl\u0131k, P\u0131n Korumal\u0131 Tu\u015f Kilidi,\u00c7izilmeye Kar\u015f\u0131 \u00d6zel Cila.\u2022 12 Saate Kadar Konu\u015fma S\u00fcresi\u2022 300 Saate Kadar Bekleme S\u00fcresi,\",\"breadcrumb\":{\"@id\":\"https:\/\/www.alsestelekom.com\/index.php\/urun\/gigaset-s650-hsb-pro-telefon\/#breadcrumb\"},\"inLanguage\":\"tr\",\"potentialAction\":[{\"@type\":\"ReadAction\",\"target\":[\"https:\/\/www.alsestelekom.com\/index.php\/urun\/gigaset-s650-hsb-pro-telefon\/\"]}]},{\"@type\":\"ImageObject\",\"inLanguage\":\"tr\",\"@id\":\"https:\/\/www.alsestelekom.com\/index.php\/urun\/gigaset-s650-hsb-pro-telefon\/#primaryimage\",\"url\":\"https:\/\/www.alsestelekom.com\/wp-content\/uploads\/2019\/08\/9582576795698.jpg\",\"contentUrl\":\"https:\/\/www.alsestelekom.com\/wp-content\/uploads\/2019\/08\/9582576795698.jpg\",\"width\":432,\"height\":432},{\"@type\":\"BreadcrumbList\",\"@id\":\"https:\/\/www.alsestelekom.com\/index.php\/urun\/gigaset-s650-hsb-pro-telefon\/#breadcrumb\",\"itemListElement\":[{\"@type\":\"ListItem\",\"position\":1,\"name\":\"Ana sayfa\",\"item\":\"https:\/\/www.alsestelekom.com\/\"},{\"@type\":\"ListItem\",\"position\":2,\"name\":\"Ma\u011faza\",\"item\":\"https:\/\/www.alsestelekom.com\/index.php\/magaza\/\"},{\"@type\":\"ListItem\",\"position\":3,\"name\":\"Gigaset S650 Hsb Pro Telefon\"}]},{\"@type\":\"WebSite\",\"@id\":\"https:\/\/www.alsestelekom.com\/#website\",\"url\":\"https:\/\/www.alsestelekom.com\/\",\"name\":\"ALSES TELEKOM\",\"description\":\"Telesis Karel Kurumsal \u00c7\u00f6z\u00fcmler Destek Ortakl\u0131\u011f\u0131\",\"publisher\":{\"@id\":\"https:\/\/www.alsestelekom.com\/#organization\"},\"potentialAction\":[{\"@type\":\"SearchAction\",\"target\":{\"@type\":\"EntryPoint\",\"urlTemplate\":\"https:\/\/www.alsestelekom.com\/?s={search_term_string}\"},\"query-input\":{\"@type\":\"PropertyValueSpecification\",\"valueRequired\":true,\"valueName\":\"search_term_string\"}}],\"inLanguage\":\"tr\"},{\"@type\":\"Organization\",\"@id\":\"https:\/\/www.alsestelekom.com\/#organization\",\"name\":\"Alses Telekom\",\"url\":\"https:\/\/www.alsestelekom.com\/\",\"logo\":{\"@type\":\"ImageObject\",\"inLanguage\":\"tr\",\"@id\":\"https:\/\/www.alsestelekom.com\/#\/schema\/logo\/image\/\",\"url\":\"http:\/\/localhost\/wp\/wp-content\/uploads\/2019\/07\/logos.png\",\"contentUrl\":\"http:\/\/localhost\/wp\/wp-content\/uploads\/2019\/07\/logos.png\",\"width\":475,\"height\":133,\"caption\":\"Alses Telekom\"},\"image\":{\"@id\":\"https:\/\/www.alsestelekom.com\/#\/schema\/logo\/image\/\"},\"sameAs\":[\"https:\/\/www.facebook.com\/alsestelekomhaberlesme\/\",\"https:\/\/www.instagram.com\/alsestelekom\/\"]}]}<\/script>\n<!-- \/ Yoast SEO plugin. -->","yoast_head_json":{"title":"Gigaset S650 Hsb Pro Telefon - ALSES TELEKOM","description":"1.8\u201d Renkli Tft Ekran,12 Saate Kadar Konu\u015fma Zaman\u0131,Simgeler, Ekran Tu\u015flar\u0131, Be\u015f Y\u00f6nl\u00fc Gezinti Tu\u015fu, \u0130\u015flev Tu\u015flar\u0131Ve Yan Tu\u015flara Sahip Sezgisel, Modern Kullan\u0131c\u0131 Arabirimi,Girilen En Son 20 Numaras\u0131n\u0131n Yeniden Aranmas\u0131,N510 Ip Pro Ve N720 Dect Ip Multicell \u0130le Tam Uyumluluk,Hdsp\/Cat-Iq 2.0 Ses Kalitesi,Eller Serbest Konu\u015fma,Lokal 500 Vcard \/ Pabx (Xml, Ldap) \u00dcst\u00fcnden Merkezi Rehber,En Fazla 500 Kartvizit Giri\u015fine Sahip Adres Defteri,Titre\u015fim, Bt Ve 2.5 Mm Jack \u0130le Kulakl\u0131k, P\u0131n Korumal\u0131 Tu\u015f Kilidi,\u00c7izilmeye Kar\u015f\u0131 \u00d6zel Cila.\u2022 12 Saate Kadar Konu\u015fma S\u00fcresi\u2022 300 Saate Kadar Bekleme S\u00fcresi,","robots":{"index":"index","follow":"follow","max-snippet":"max-snippet:-1","max-image-preview":"max-image-preview:large","max-video-preview":"max-video-preview:-1"},"canonical":"https:\/\/www.alsestelekom.com\/index.php\/urun\/gigaset-s650-hsb-pro-telefon\/","og_locale":"tr_TR","og_type":"article","og_title":"Gigaset S650 Hsb Pro Telefon - ALSES TELEKOM","og_description":"1.8\u201d Renkli Tft Ekran,12 Saate Kadar Konu\u015fma Zaman\u0131,Simgeler, Ekran Tu\u015flar\u0131, Be\u015f Y\u00f6nl\u00fc Gezinti Tu\u015fu, \u0130\u015flev Tu\u015flar\u0131Ve Yan Tu\u015flara Sahip Sezgisel, Modern Kullan\u0131c\u0131 Arabirimi,Girilen En Son 20 Numaras\u0131n\u0131n Yeniden Aranmas\u0131,N510 Ip Pro Ve N720 Dect Ip Multicell \u0130le Tam Uyumluluk,Hdsp\/Cat-Iq 2.0 Ses Kalitesi,Eller Serbest Konu\u015fma,Lokal 500 Vcard \/ Pabx (Xml, Ldap) \u00dcst\u00fcnden Merkezi Rehber,En Fazla 500 Kartvizit Giri\u015fine Sahip Adres Defteri,Titre\u015fim, Bt Ve 2.5 Mm Jack \u0130le Kulakl\u0131k, P\u0131n Korumal\u0131 Tu\u015f Kilidi,\u00c7izilmeye Kar\u015f\u0131 \u00d6zel Cila.\u2022 12 Saate Kadar Konu\u015fma S\u00fcresi\u2022 300 Saate Kadar Bekleme S\u00fcresi,","og_url":"https:\/\/www.alsestelekom.com\/index.php\/urun\/gigaset-s650-hsb-pro-telefon\/","og_site_name":"ALSES TELEKOM","article_publisher":"https:\/\/www.facebook.com\/alsestelekomhaberlesme\/","article_modified_time":"2023-09-12T14:52:10+00:00","og_image":[{"width":432,"height":432,"url":"https:\/\/www.alsestelekom.com\/wp-content\/uploads\/2019\/08\/9582576795698.jpg","type":"image\/jpeg"}],"twitter_card":"summary_large_image","twitter_misc":{"Tahmini okuma s\u00fcresi":"1 dakika"},"schema":{"@context":"https:\/\/schema.org","@graph":[{"@type":"WebPage","@id":"https:\/\/www.alsestelekom.com\/index.php\/urun\/gigaset-s650-hsb-pro-telefon\/","url":"https:\/\/www.alsestelekom.com\/index.php\/urun\/gigaset-s650-hsb-pro-telefon\/","name":"Gigaset S650 Hsb Pro Telefon - ALSES TELEKOM","isPartOf":{"@id":"https:\/\/www.alsestelekom.com\/#website"},"primaryImageOfPage":{"@id":"https:\/\/www.alsestelekom.com\/index.php\/urun\/gigaset-s650-hsb-pro-telefon\/#primaryimage"},"image":{"@id":"https:\/\/www.alsestelekom.com\/index.php\/urun\/gigaset-s650-hsb-pro-telefon\/#primaryimage"},"thumbnailUrl":"https:\/\/www.alsestelekom.com\/wp-content\/uploads\/2019\/08\/9582576795698.jpg","datePublished":"2019-08-07T19:18:53+00:00","dateModified":"2023-09-12T14:52:10+00:00","description":"1.8\u201d Renkli Tft Ekran,12 Saate Kadar Konu\u015fma Zaman\u0131,Simgeler, Ekran Tu\u015flar\u0131, Be\u015f Y\u00f6nl\u00fc Gezinti Tu\u015fu, \u0130\u015flev Tu\u015flar\u0131Ve Yan Tu\u015flara Sahip Sezgisel, Modern Kullan\u0131c\u0131 Arabirimi,Girilen En Son 20 Numaras\u0131n\u0131n Yeniden Aranmas\u0131,N510 Ip Pro Ve N720 Dect Ip Multicell \u0130le Tam Uyumluluk,Hdsp\/Cat-Iq 2.0 Ses Kalitesi,Eller Serbest Konu\u015fma,Lokal 500 Vcard \/ Pabx (Xml, Ldap) \u00dcst\u00fcnden Merkezi Rehber,En Fazla 500 Kartvizit Giri\u015fine Sahip Adres Defteri,Titre\u015fim, Bt Ve 2.5 Mm Jack \u0130le Kulakl\u0131k, P\u0131n Korumal\u0131 Tu\u015f Kilidi,\u00c7izilmeye Kar\u015f\u0131 \u00d6zel Cila.\u2022 12 Saate Kadar Konu\u015fma S\u00fcresi\u2022 300 Saate Kadar Bekleme S\u00fcresi,","breadcrumb":{"@id":"https:\/\/www.alsestelekom.com\/index.php\/urun\/gigaset-s650-hsb-pro-telefon\/#breadcrumb"},"inLanguage":"tr","potentialAction":[{"@type":"ReadAction","target":["https:\/\/www.alsestelekom.com\/index.php\/urun\/gigaset-s650-hsb-pro-telefon\/"]}]},{"@type":"ImageObject","inLanguage":"tr","@id":"https:\/\/www.alsestelekom.com\/index.php\/urun\/gigaset-s650-hsb-pro-telefon\/#primaryimage","url":"https:\/\/www.alsestelekom.com\/wp-content\/uploads\/2019\/08\/9582576795698.jpg","contentUrl":"https:\/\/www.alsestelekom.com\/wp-content\/uploads\/2019\/08\/9582576795698.jpg","width":432,"height":432},{"@type":"BreadcrumbList","@id":"https:\/\/www.alsestelekom.com\/index.php\/urun\/gigaset-s650-hsb-pro-telefon\/#breadcrumb","itemListElement":[{"@type":"ListItem","position":1,"name":"Ana sayfa","item":"https:\/\/www.alsestelekom.com\/"},{"@type":"ListItem","position":2,"name":"Ma\u011faza","item":"https:\/\/www.alsestelekom.com\/index.php\/magaza\/"},{"@type":"ListItem","position":3,"name":"Gigaset S650 Hsb Pro Telefon"}]},{"@type":"WebSite","@id":"https:\/\/www.alsestelekom.com\/#website","url":"https:\/\/www.alsestelekom.com\/","name":"ALSES TELEKOM","description":"Telesis Karel Kurumsal \u00c7\u00f6z\u00fcmler Destek Ortakl\u0131\u011f\u0131","publisher":{"@id":"https:\/\/www.alsestelekom.com\/#organization"},"potentialAction":[{"@type":"SearchAction","target":{"@type":"EntryPoint","urlTemplate":"https:\/\/www.alsestelekom.com\/?s={search_term_string}"},"query-input":{"@type":"PropertyValueSpecification","valueRequired":true,"valueName":"search_term_string"}}],"inLanguage":"tr"},{"@type":"Organization","@id":"https:\/\/www.alsestelekom.com\/#organization","name":"Alses Telekom","url":"https:\/\/www.alsestelekom.com\/","logo":{"@type":"ImageObject","inLanguage":"tr","@id":"https:\/\/www.alsestelekom.com\/#\/schema\/logo\/image\/","url":"http:\/\/localhost\/wp\/wp-content\/uploads\/2019\/07\/logos.png","contentUrl":"http:\/\/localhost\/wp\/wp-content\/uploads\/2019\/07\/logos.png","width":475,"height":133,"caption":"Alses Telekom"},"image":{"@id":"https:\/\/www.alsestelekom.com\/#\/schema\/logo\/image\/"},"sameAs":["https:\/\/www.facebook.com\/alsestelekomhaberlesme\/","https:\/\/www.instagram.com\/alsestelekom\/"]}]}},"_links":{"self":[{"href":"https:\/\/www.alsestelekom.com\/index.php\/wp-json\/wp\/v2\/product\/756","targetHints":{"allow":["GET"]}}],"collection":[{"href":"https:\/\/www.alsestelekom.com\/index.php\/wp-json\/wp\/v2\/product"}],"about":[{"href":"https:\/\/www.alsestelekom.com\/index.php\/wp-json\/wp\/v2\/types\/product"}],"replies":[{"embeddable":true,"href":"https:\/\/www.alsestelekom.com\/index.php\/wp-json\/wp\/v2\/comments?post=756"}],"wp:featuredmedia":[{"embeddable":true,"href":"https:\/\/www.alsestelekom.com\/index.php\/wp-json\/wp\/v2\/media\/758"}],"wp:attachment":[{"href":"https:\/\/www.alsestelekom.com\/index.php\/wp-json\/wp\/v2\/media?parent=756"}],"wp:term":[{"taxonomy":"product_brand","embeddable":true,"href":"https:\/\/www.alsestelekom.com\/index.php\/wp-json\/wp\/v2\/product_brand?post=756"},{"taxonomy":"product_cat","embeddable":true,"href":"https:\/\/www.alsestelekom.com\/index.php\/wp-json\/wp\/v2\/product_cat?post=756"},{"taxonomy":"product_tag","embeddable":true,"href":"https:\/\/www.alsestelekom.com\/index.php\/wp-json\/wp\/v2\/product_tag?post=756"}],"curies":[{"name":"wp","href":"https:\/\/api.w.org\/{rel}","templated":true}]}}