{"id":759,"date":"2019-08-07T22:27:33","date_gmt":"2019-08-07T19:27:33","guid":{"rendered":"http:\/\/localhost\/wp\/?post_type=product&#038;p=759"},"modified":"2023-09-12T17:52:09","modified_gmt":"2023-09-12T14:52:09","slug":"gigaset-n510-ip-pro-baz-unitesi","status":"publish","type":"product","link":"https:\/\/www.alsestelekom.com\/index.php\/urun\/gigaset-n510-ip-pro-baz-unitesi\/","title":{"rendered":"Gigaset N510 Ip Pro Baz \u00dcnitesi"},"content":{"rendered":"<p>GIGASET N510 IP PRO BAZ &Uuml;nitesi<\/p>\n<p>G&uuml;venilir ve b&uuml;y&uuml;meye a&ccedil;&#305;k<\/p>\n<p>Verimli k&uuml;&ccedil;&uuml;k ofislerin ihtiya&ccedil;lar&#305;na y&ouml;nelik olarak tasarlanm&#305;&#351; g&uuml;&ccedil;l&uuml; bir ileti&#351;im baz istasyonudur. GIGASET N510 IP PRO BAZ &Uuml;nitesi, bir&ccedil;ok i&#351; ileti&#351;imi &ouml;zellikleriyle, 6&rsquo;ya kadar SIP hesab&#305;, 6&rsquo;ya kadar el cihaz&#305;n&#305; ve 4&rsquo;e kadar e&#351; zamanl&#305; &ccedil;a&#287;r&#305;y&#305; destekleyebilir.<\/p>\n<p>4 adete kadar e&#351; zamanl&#305; &ccedil;a&#287;r&#305; destekleme<br>\nUzaktan otomatik yap&#305;land&#305;rma deste&#287;i<br>\nGeni&#351;letilmi&#351; kablosuz aral&#305;&#287;&#305;<br>\nStandart IP telefonlar ile tam uyumluluk<br>\nYo&#287;un , k&uuml;&ccedil;&uuml;k ofisler i&ccedil;in ideal<\/p>\n","protected":false},"excerpt":{"rendered":"<p>GIGASET N510 IP PRO BAZ \u00dcnitesi G\u00fcvenilir ve b\u00fcy\u00fcmeye a\u00e7\u0131k Verimli k\u00fc\u00e7\u00fck ofislerin ihtiya\u00e7lar\u0131na y\u00f6nelik olarak tasarlanm\u0131\u015f g\u00fc\u00e7l\u00fc bir ileti\u015fim baz istasyonudur. GIGASET N510 IP PRO BAZ \u00dcnitesi, bir\u00e7ok i\u015f ileti\u015fimi \u00f6zellikleriyle, 6&#8217;ya kadar SIP hesab\u0131, 6&#8217;ya kadar el cihaz\u0131n\u0131 ve 4&#8217;e kadar e\u015f zamanl\u0131 \u00e7a\u011fr\u0131y\u0131 destekleyebilir. 4 adete kadar e\u015f zamanl\u0131 \u00e7a\u011fr\u0131 destekleme Uzaktan [&hellip;]<\/p>\n","protected":false},"featured_media":761,"comment_status":"closed","ping_status":"closed","template":"","meta":[],"product_brand":[],"product_cat":[97,19],"product_tag":[31,69,140,70,64,53,55,74,63,61,67,76,141,29,66,56,142,68],"class_list":{"0":"post-759","1":"product","2":"type-product","3":"status-publish","4":"has-post-thumbnail","6":"product_cat-gigaset","7":"product_cat-telsiz-telefonlar","8":"product_tag-alses-telekom","9":"product_tag-gigaset-dect","10":"product_tag-gigaset-n510-ip-pro-baz-unitesi","11":"product_tag-gigaset-telsiz","12":"product_tag-istanbul-santralci","13":"product_tag-istoc-santral-servisi","14":"product_tag-karel-santral","15":"product_tag-kurumsal-cozumler","16":"product_tag-mahmutbey-santral-servisi","17":"product_tag-sanal-santral","18":"product_tag-siemens-dect","19":"product_tag-teknik-servis","20":"product_tag-telesis-hizmeti","21":"product_tag-telesis-mr7","22":"product_tag-telesis-mr7-santral","23":"product_tag-telesis-santral-servisi","24":"product_tag-telesis-servis-teknikleri","25":"product_tag-telsiz-telefon","27":"first","28":"instock","29":"taxable","30":"shipping-taxable","31":"product-type-simple"},"yoast_head":"<!-- This site is optimized with the Yoast SEO plugin v26.6 - https:\/\/yoast.com\/wordpress\/plugins\/seo\/ -->\n<title>Gigaset N510 Ip Pro Baz \u00dcnitesi - ALSES TELEKOM<\/title>\n<meta name=\"description\" content=\"Verimli k\u00fc\u00e7\u00fck ofislerin ihtiya\u00e7lar\u0131na y\u00f6nelik olarak tasarlanm\u0131\u015f g\u00fc\u00e7l\u00fc bir ileti\u015fim baz istasyonudur. GIGASET N510 IP PRO BAZ \u00dcnitesi, bir\u00e7ok i\u015f ileti\u015fimi \u00f6zellikleriyle, 6&#039;ya kadar SIP hesab\u0131, 6&#039;ya kadar el cihaz\u0131n\u0131 ve 4&#039;e kadar e\u015f zamanl\u0131 \u00e7a\u011fr\u0131y\u0131 destekleyebilir.\" \/>\n<meta name=\"robots\" content=\"index, follow, max-snippet:-1, max-image-preview:large, max-video-preview:-1\" \/>\n<link rel=\"canonical\" href=\"https:\/\/www.alsestelekom.com\/index.php\/urun\/gigaset-n510-ip-pro-baz-unitesi\/\" \/>\n<meta property=\"og:locale\" content=\"tr_TR\" \/>\n<meta property=\"og:type\" content=\"article\" \/>\n<meta property=\"og:title\" content=\"Gigaset N510 Ip Pro Baz \u00dcnitesi - ALSES TELEKOM\" \/>\n<meta property=\"og:description\" content=\"Verimli k\u00fc\u00e7\u00fck ofislerin ihtiya\u00e7lar\u0131na y\u00f6nelik olarak tasarlanm\u0131\u015f g\u00fc\u00e7l\u00fc bir ileti\u015fim baz istasyonudur. GIGASET N510 IP PRO BAZ \u00dcnitesi, bir\u00e7ok i\u015f ileti\u015fimi \u00f6zellikleriyle, 6&#039;ya kadar SIP hesab\u0131, 6&#039;ya kadar el cihaz\u0131n\u0131 ve 4&#039;e kadar e\u015f zamanl\u0131 \u00e7a\u011fr\u0131y\u0131 destekleyebilir.\" \/>\n<meta property=\"og:url\" content=\"https:\/\/www.alsestelekom.com\/index.php\/urun\/gigaset-n510-ip-pro-baz-unitesi\/\" \/>\n<meta property=\"og:site_name\" content=\"ALSES TELEKOM\" \/>\n<meta property=\"article:publisher\" content=\"https:\/\/www.facebook.com\/alsestelekomhaberlesme\/\" \/>\n<meta property=\"article:modified_time\" content=\"2023-09-12T14:52:09+00:00\" \/>\n<meta property=\"og:image\" content=\"https:\/\/www.alsestelekom.com\/wp-content\/uploads\/2019\/08\/9634019016754.jpg\" \/>\n\t<meta property=\"og:image:width\" content=\"432\" \/>\n\t<meta property=\"og:image:height\" content=\"432\" \/>\n\t<meta property=\"og:image:type\" content=\"image\/jpeg\" \/>\n<meta name=\"twitter:card\" content=\"summary_large_image\" \/>\n<script type=\"application\/ld+json\" class=\"yoast-schema-graph\">{\"@context\":\"https:\/\/schema.org\",\"@graph\":[{\"@type\":\"WebPage\",\"@id\":\"https:\/\/www.alsestelekom.com\/index.php\/urun\/gigaset-n510-ip-pro-baz-unitesi\/\",\"url\":\"https:\/\/www.alsestelekom.com\/index.php\/urun\/gigaset-n510-ip-pro-baz-unitesi\/\",\"name\":\"Gigaset N510 Ip Pro Baz \u00dcnitesi - ALSES TELEKOM\",\"isPartOf\":{\"@id\":\"https:\/\/www.alsestelekom.com\/#website\"},\"primaryImageOfPage\":{\"@id\":\"https:\/\/www.alsestelekom.com\/index.php\/urun\/gigaset-n510-ip-pro-baz-unitesi\/#primaryimage\"},\"image\":{\"@id\":\"https:\/\/www.alsestelekom.com\/index.php\/urun\/gigaset-n510-ip-pro-baz-unitesi\/#primaryimage\"},\"thumbnailUrl\":\"https:\/\/www.alsestelekom.com\/wp-content\/uploads\/2019\/08\/9634019016754.jpg\",\"datePublished\":\"2019-08-07T19:27:33+00:00\",\"dateModified\":\"2023-09-12T14:52:09+00:00\",\"description\":\"Verimli k\u00fc\u00e7\u00fck ofislerin ihtiya\u00e7lar\u0131na y\u00f6nelik olarak tasarlanm\u0131\u015f g\u00fc\u00e7l\u00fc bir ileti\u015fim baz istasyonudur. GIGASET N510 IP PRO BAZ \u00dcnitesi, bir\u00e7ok i\u015f ileti\u015fimi \u00f6zellikleriyle, 6'ya kadar SIP hesab\u0131, 6'ya kadar el cihaz\u0131n\u0131 ve 4'e kadar e\u015f zamanl\u0131 \u00e7a\u011fr\u0131y\u0131 destekleyebilir.\",\"breadcrumb\":{\"@id\":\"https:\/\/www.alsestelekom.com\/index.php\/urun\/gigaset-n510-ip-pro-baz-unitesi\/#breadcrumb\"},\"inLanguage\":\"tr\",\"potentialAction\":[{\"@type\":\"ReadAction\",\"target\":[\"https:\/\/www.alsestelekom.com\/index.php\/urun\/gigaset-n510-ip-pro-baz-unitesi\/\"]}]},{\"@type\":\"ImageObject\",\"inLanguage\":\"tr\",\"@id\":\"https:\/\/www.alsestelekom.com\/index.php\/urun\/gigaset-n510-ip-pro-baz-unitesi\/#primaryimage\",\"url\":\"https:\/\/www.alsestelekom.com\/wp-content\/uploads\/2019\/08\/9634019016754.jpg\",\"contentUrl\":\"https:\/\/www.alsestelekom.com\/wp-content\/uploads\/2019\/08\/9634019016754.jpg\",\"width\":432,\"height\":432},{\"@type\":\"BreadcrumbList\",\"@id\":\"https:\/\/www.alsestelekom.com\/index.php\/urun\/gigaset-n510-ip-pro-baz-unitesi\/#breadcrumb\",\"itemListElement\":[{\"@type\":\"ListItem\",\"position\":1,\"name\":\"Ana sayfa\",\"item\":\"https:\/\/www.alsestelekom.com\/\"},{\"@type\":\"ListItem\",\"position\":2,\"name\":\"Ma\u011faza\",\"item\":\"https:\/\/www.alsestelekom.com\/index.php\/magaza\/\"},{\"@type\":\"ListItem\",\"position\":3,\"name\":\"Gigaset N510 Ip Pro Baz \u00dcnitesi\"}]},{\"@type\":\"WebSite\",\"@id\":\"https:\/\/www.alsestelekom.com\/#website\",\"url\":\"https:\/\/www.alsestelekom.com\/\",\"name\":\"ALSES TELEKOM\",\"description\":\"Telesis Karel Kurumsal \u00c7\u00f6z\u00fcmler Destek Ortakl\u0131\u011f\u0131\",\"publisher\":{\"@id\":\"https:\/\/www.alsestelekom.com\/#organization\"},\"potentialAction\":[{\"@type\":\"SearchAction\",\"target\":{\"@type\":\"EntryPoint\",\"urlTemplate\":\"https:\/\/www.alsestelekom.com\/?s={search_term_string}\"},\"query-input\":{\"@type\":\"PropertyValueSpecification\",\"valueRequired\":true,\"valueName\":\"search_term_string\"}}],\"inLanguage\":\"tr\"},{\"@type\":\"Organization\",\"@id\":\"https:\/\/www.alsestelekom.com\/#organization\",\"name\":\"Alses Telekom\",\"url\":\"https:\/\/www.alsestelekom.com\/\",\"logo\":{\"@type\":\"ImageObject\",\"inLanguage\":\"tr\",\"@id\":\"https:\/\/www.alsestelekom.com\/#\/schema\/logo\/image\/\",\"url\":\"http:\/\/localhost\/wp\/wp-content\/uploads\/2019\/07\/logos.png\",\"contentUrl\":\"http:\/\/localhost\/wp\/wp-content\/uploads\/2019\/07\/logos.png\",\"width\":475,\"height\":133,\"caption\":\"Alses Telekom\"},\"image\":{\"@id\":\"https:\/\/www.alsestelekom.com\/#\/schema\/logo\/image\/\"},\"sameAs\":[\"https:\/\/www.facebook.com\/alsestelekomhaberlesme\/\",\"https:\/\/www.instagram.com\/alsestelekom\/\"]}]}<\/script>\n<!-- \/ Yoast SEO plugin. -->","yoast_head_json":{"title":"Gigaset N510 Ip Pro Baz \u00dcnitesi - ALSES TELEKOM","description":"Verimli k\u00fc\u00e7\u00fck ofislerin ihtiya\u00e7lar\u0131na y\u00f6nelik olarak tasarlanm\u0131\u015f g\u00fc\u00e7l\u00fc bir ileti\u015fim baz istasyonudur. GIGASET N510 IP PRO BAZ \u00dcnitesi, bir\u00e7ok i\u015f ileti\u015fimi \u00f6zellikleriyle, 6'ya kadar SIP hesab\u0131, 6'ya kadar el cihaz\u0131n\u0131 ve 4'e kadar e\u015f zamanl\u0131 \u00e7a\u011fr\u0131y\u0131 destekleyebilir.","robots":{"index":"index","follow":"follow","max-snippet":"max-snippet:-1","max-image-preview":"max-image-preview:large","max-video-preview":"max-video-preview:-1"},"canonical":"https:\/\/www.alsestelekom.com\/index.php\/urun\/gigaset-n510-ip-pro-baz-unitesi\/","og_locale":"tr_TR","og_type":"article","og_title":"Gigaset N510 Ip Pro Baz \u00dcnitesi - ALSES TELEKOM","og_description":"Verimli k\u00fc\u00e7\u00fck ofislerin ihtiya\u00e7lar\u0131na y\u00f6nelik olarak tasarlanm\u0131\u015f g\u00fc\u00e7l\u00fc bir ileti\u015fim baz istasyonudur. GIGASET N510 IP PRO BAZ \u00dcnitesi, bir\u00e7ok i\u015f ileti\u015fimi \u00f6zellikleriyle, 6'ya kadar SIP hesab\u0131, 6'ya kadar el cihaz\u0131n\u0131 ve 4'e kadar e\u015f zamanl\u0131 \u00e7a\u011fr\u0131y\u0131 destekleyebilir.","og_url":"https:\/\/www.alsestelekom.com\/index.php\/urun\/gigaset-n510-ip-pro-baz-unitesi\/","og_site_name":"ALSES TELEKOM","article_publisher":"https:\/\/www.facebook.com\/alsestelekomhaberlesme\/","article_modified_time":"2023-09-12T14:52:09+00:00","og_image":[{"width":432,"height":432,"url":"https:\/\/www.alsestelekom.com\/wp-content\/uploads\/2019\/08\/9634019016754.jpg","type":"image\/jpeg"}],"twitter_card":"summary_large_image","schema":{"@context":"https:\/\/schema.org","@graph":[{"@type":"WebPage","@id":"https:\/\/www.alsestelekom.com\/index.php\/urun\/gigaset-n510-ip-pro-baz-unitesi\/","url":"https:\/\/www.alsestelekom.com\/index.php\/urun\/gigaset-n510-ip-pro-baz-unitesi\/","name":"Gigaset N510 Ip Pro Baz \u00dcnitesi - ALSES TELEKOM","isPartOf":{"@id":"https:\/\/www.alsestelekom.com\/#website"},"primaryImageOfPage":{"@id":"https:\/\/www.alsestelekom.com\/index.php\/urun\/gigaset-n510-ip-pro-baz-unitesi\/#primaryimage"},"image":{"@id":"https:\/\/www.alsestelekom.com\/index.php\/urun\/gigaset-n510-ip-pro-baz-unitesi\/#primaryimage"},"thumbnailUrl":"https:\/\/www.alsestelekom.com\/wp-content\/uploads\/2019\/08\/9634019016754.jpg","datePublished":"2019-08-07T19:27:33+00:00","dateModified":"2023-09-12T14:52:09+00:00","description":"Verimli k\u00fc\u00e7\u00fck ofislerin ihtiya\u00e7lar\u0131na y\u00f6nelik olarak tasarlanm\u0131\u015f g\u00fc\u00e7l\u00fc bir ileti\u015fim baz istasyonudur. GIGASET N510 IP PRO BAZ \u00dcnitesi, bir\u00e7ok i\u015f ileti\u015fimi \u00f6zellikleriyle, 6'ya kadar SIP hesab\u0131, 6'ya kadar el cihaz\u0131n\u0131 ve 4'e kadar e\u015f zamanl\u0131 \u00e7a\u011fr\u0131y\u0131 destekleyebilir.","breadcrumb":{"@id":"https:\/\/www.alsestelekom.com\/index.php\/urun\/gigaset-n510-ip-pro-baz-unitesi\/#breadcrumb"},"inLanguage":"tr","potentialAction":[{"@type":"ReadAction","target":["https:\/\/www.alsestelekom.com\/index.php\/urun\/gigaset-n510-ip-pro-baz-unitesi\/"]}]},{"@type":"ImageObject","inLanguage":"tr","@id":"https:\/\/www.alsestelekom.com\/index.php\/urun\/gigaset-n510-ip-pro-baz-unitesi\/#primaryimage","url":"https:\/\/www.alsestelekom.com\/wp-content\/uploads\/2019\/08\/9634019016754.jpg","contentUrl":"https:\/\/www.alsestelekom.com\/wp-content\/uploads\/2019\/08\/9634019016754.jpg","width":432,"height":432},{"@type":"BreadcrumbList","@id":"https:\/\/www.alsestelekom.com\/index.php\/urun\/gigaset-n510-ip-pro-baz-unitesi\/#breadcrumb","itemListElement":[{"@type":"ListItem","position":1,"name":"Ana sayfa","item":"https:\/\/www.alsestelekom.com\/"},{"@type":"ListItem","position":2,"name":"Ma\u011faza","item":"https:\/\/www.alsestelekom.com\/index.php\/magaza\/"},{"@type":"ListItem","position":3,"name":"Gigaset N510 Ip Pro Baz \u00dcnitesi"}]},{"@type":"WebSite","@id":"https:\/\/www.alsestelekom.com\/#website","url":"https:\/\/www.alsestelekom.com\/","name":"ALSES TELEKOM","description":"Telesis Karel Kurumsal \u00c7\u00f6z\u00fcmler Destek Ortakl\u0131\u011f\u0131","publisher":{"@id":"https:\/\/www.alsestelekom.com\/#organization"},"potentialAction":[{"@type":"SearchAction","target":{"@type":"EntryPoint","urlTemplate":"https:\/\/www.alsestelekom.com\/?s={search_term_string}"},"query-input":{"@type":"PropertyValueSpecification","valueRequired":true,"valueName":"search_term_string"}}],"inLanguage":"tr"},{"@type":"Organization","@id":"https:\/\/www.alsestelekom.com\/#organization","name":"Alses Telekom","url":"https:\/\/www.alsestelekom.com\/","logo":{"@type":"ImageObject","inLanguage":"tr","@id":"https:\/\/www.alsestelekom.com\/#\/schema\/logo\/image\/","url":"http:\/\/localhost\/wp\/wp-content\/uploads\/2019\/07\/logos.png","contentUrl":"http:\/\/localhost\/wp\/wp-content\/uploads\/2019\/07\/logos.png","width":475,"height":133,"caption":"Alses Telekom"},"image":{"@id":"https:\/\/www.alsestelekom.com\/#\/schema\/logo\/image\/"},"sameAs":["https:\/\/www.facebook.com\/alsestelekomhaberlesme\/","https:\/\/www.instagram.com\/alsestelekom\/"]}]}},"_links":{"self":[{"href":"https:\/\/www.alsestelekom.com\/index.php\/wp-json\/wp\/v2\/product\/759","targetHints":{"allow":["GET"]}}],"collection":[{"href":"https:\/\/www.alsestelekom.com\/index.php\/wp-json\/wp\/v2\/product"}],"about":[{"href":"https:\/\/www.alsestelekom.com\/index.php\/wp-json\/wp\/v2\/types\/product"}],"replies":[{"embeddable":true,"href":"https:\/\/www.alsestelekom.com\/index.php\/wp-json\/wp\/v2\/comments?post=759"}],"wp:featuredmedia":[{"embeddable":true,"href":"https:\/\/www.alsestelekom.com\/index.php\/wp-json\/wp\/v2\/media\/761"}],"wp:attachment":[{"href":"https:\/\/www.alsestelekom.com\/index.php\/wp-json\/wp\/v2\/media?parent=759"}],"wp:term":[{"taxonomy":"product_brand","embeddable":true,"href":"https:\/\/www.alsestelekom.com\/index.php\/wp-json\/wp\/v2\/product_brand?post=759"},{"taxonomy":"product_cat","embeddable":true,"href":"https:\/\/www.alsestelekom.com\/index.php\/wp-json\/wp\/v2\/product_cat?post=759"},{"taxonomy":"product_tag","embeddable":true,"href":"https:\/\/www.alsestelekom.com\/index.php\/wp-json\/wp\/v2\/product_tag?post=759"}],"curies":[{"name":"wp","href":"https:\/\/api.w.org\/{rel}","templated":true}]}}