{"id":829,"date":"2019-08-08T14:00:07","date_gmt":"2019-08-08T11:00:07","guid":{"rendered":"http:\/\/localhost\/wp\/?post_type=product&#038;p=829"},"modified":"2023-09-12T17:52:05","modified_gmt":"2023-09-12T14:52:05","slug":"telesis-px24-arx-brx-pure-ip-telefon-santrali","status":"publish","type":"product","link":"https:\/\/www.alsestelekom.com\/index.php\/urun\/telesis-px24-arx-brx-pure-ip-telefon-santrali\/","title":{"rendered":"Telesis PX24 arX-brX Pure IP Telefon Santrali"},"content":{"rendered":"<p>Telesis PX24 arX-brX Pure IP Telefon Santrali<\/p>\n<p class=\"vspace\">Telesis&nbsp;<strong>PX24 arX<\/strong>&nbsp;ve&nbsp;<strong>PX24 brX<\/strong>&nbsp;onlarca sip abone ve d&#305;&#351; hat (trunk) destekleyen Pure IP PBX sistemlerdir.<\/p>\n<div class=\"vspace\"><\/div>\n<ul>\n<li>Telesis santral ailesinde onuncu nesil PX24 sistemleridir,<\/li>\n<li>Kendilerine &ouml;zel tasarlanm&#305;&#351;&nbsp;<strong>Xymphony<\/strong> i&#351;letim sistemi ile &ccedil;ok y&uuml;ksek trafik kald&#305;rma kapasitesi ve performansa sahiptirler.<\/li>\n<\/ul>\n<p>Telesis PX24 arX-brX Pure IP Telefon Santrali Ortak &Ouml;zellikleri<\/p>\n<table border=\"1\" width=\"80%\">\n<tbody>\n<tr>\n<td><strong>arX<\/strong><\/td>\n<td><strong>brX<\/strong><\/td>\n<\/tr>\n<tr>\n<td>&#304;&#351;letim Sistemi<\/td>\n<td><a class=\"wikilink\" href=\"http:\/\/wiki.telesis.com.tr\/index.php?n=Main.Xymphony\">Xymphony<\/a>&nbsp;mrX<\/td>\n<td><a class=\"wikilink\" href=\"http:\/\/wiki.telesis.com.tr\/index.php?n=Main.Xymphony\">Xymphony<\/a>&nbsp;mrX<\/td>\n<\/tr>\n<tr>\n<td>CPU Tipi<\/td>\n<td>Yeni nesil&nbsp;<a class=\"wikilink\" href=\"http:\/\/wiki.telesis.com.tr\/index.php?n=Main.DSP\">DSP<\/a><\/td>\n<td>Yeni nesil&nbsp;<a class=\"wikilink\" href=\"http:\/\/wiki.telesis.com.tr\/index.php?n=Main.DSP\">DSP<\/a><\/td>\n<\/tr>\n<tr>\n<td>Sip abone-D&#305;&#351; hat say&#305;s&#305;<\/td>\n<td align=\"left\">40<\/td>\n<td>70<\/td>\n<\/tr>\n<tr>\n<td><a class=\"wikilink\" href=\"http:\/\/wiki.telesis.com.tr\/index.php?n=Main.XSip\">xSip<\/a>&nbsp;abone say&#305;s&#305;<\/td>\n<td align=\"left\">4<\/td>\n<td>4<\/td>\n<\/tr>\n<tr>\n<td>VOIP-TDM lisans&#305;<\/td>\n<td align=\"left\">8<\/td>\n<td>12<\/td>\n<\/tr>\n<tr>\n<td><a class=\"wikilink\" href=\"http:\/\/wiki.telesis.com.tr\/index.php?n=Main.DVR\">DVR<\/a>&nbsp;kanal say&#305;s&#305;<\/td>\n<td align=\"left\">4<\/td>\n<td>8<\/td>\n<\/tr>\n<tr>\n<td><a class=\"wikilink\" href=\"http:\/\/wiki.telesis.com.tr\/index.php?n=Main.SNMP\">SNMP<\/a>&nbsp;Y&ouml;netimi<\/td>\n<td>Var<\/td>\n<td>Var<\/td>\n<\/tr>\n<tr>\n<td>Entergre&nbsp;<a class=\"wikilink\" href=\"http:\/\/wiki.telesis.com.tr\/index.php?n=Main.LDAP\">LDAP<\/a>&nbsp;sunucu<\/td>\n<td>Var<\/td>\n<td>Var<\/td>\n<\/tr>\n<tr>\n<td>Entegre&nbsp;<a class=\"wikilink\" href=\"http:\/\/wiki.telesis.com.tr\/index.php?n=Main.RoleCalistir\">R&ouml;le<\/a><\/td>\n<td>1<\/td>\n<td>1<\/td>\n<\/tr>\n<tr>\n<td>API (Application Program Interface), Telesis&nbsp;<a class=\"wikilink\" href=\"http:\/\/wiki.telesis.com.tr\/index.php?n=Main.XAPI\">XAPI<\/a>,&nbsp;<a class=\"wikilink\" href=\"http:\/\/wiki.telesis.com.tr\/index.php?n=Main.TAPI\">TAPI<\/a>&nbsp;2.1<\/td>\n<td>Var<\/td>\n<td>Var<\/td>\n<\/tr>\n<tr>\n<td>SIP sinyalle&#351;me protokolleri&nbsp;<a class=\"wikilink\" href=\"http:\/\/wiki.telesis.com.tr\/index.php?n=Main.UDP\">UDP<\/a>,&nbsp;<a class=\"wikilink\" href=\"http:\/\/wiki.telesis.com.tr\/index.php?n=Main.TCP\">TCP<\/a>,&nbsp;<a class=\"wikilink\" href=\"http:\/\/wiki.telesis.com.tr\/index.php?n=Main.TLS\">TLS<\/a><\/td>\n<td>Var<\/td>\n<td>Var<\/td>\n<\/tr>\n<tr>\n<td><a class=\"wikilink\" href=\"http:\/\/wiki.telesis.com.tr\/index.php?n=Main.SRTP\">SRTP<\/a>&nbsp;ses paketleri kriptolama<\/td>\n<td>Var<\/td>\n<td>Var<\/td>\n<\/tr>\n<tr>\n<td>Entegre otomatik ses kay&#305;tlar&#305; i&ccedil;in yedekli FTP server<\/td>\n<td>Var<\/td>\n<td>Var<\/td>\n<\/tr>\n<tr>\n<td>LCD Bilgi ekran&#305;<\/td>\n<td>Yok<\/td>\n<td>Var<\/td>\n<\/tr>\n<\/tbody>\n<\/table>\n","protected":false},"excerpt":{"rendered":"<p>Telesis PX24 arX-brX Pure IP Telefon Santrali Telesis\u00a0PX24 arX\u00a0ve\u00a0PX24 brX\u00a0onlarca sip abone ve d\u0131\u015f hat (trunk) destekleyen Pure IP PBX sistemlerdir. Telesis santral ailesinde onuncu nesil PX24 sistemleridir, Kendilerine \u00f6zel tasarlanm\u0131\u015f\u00a0Xymphony i\u015fletim sistemi ile \u00e7ok y\u00fcksek trafik kald\u0131rma kapasitesi ve performansa sahiptirler. Telesis PX24 arX-brX Pure IP Telefon Santrali Ortak \u00d6zellikleri arX brX \u0130\u015fletim Sistemi [&hellip;]<\/p>\n","protected":false},"featured_media":834,"comment_status":"closed","ping_status":"closed","template":"","meta":[],"product_brand":[],"product_cat":[18,25],"product_tag":[72,57,31,62,60,69,140,143,70,58,28,59,64,53,63,61,75,29,66,27],"class_list":{"0":"post-829","1":"product","2":"type-product","3":"status-publish","4":"has-post-thumbnail","6":"product_cat-ip-hybrid-santraller","7":"product_cat-telesis-santraller","8":"product_tag-adsl-fiber","9":"product_tag-alcatel-santral-servisi","10":"product_tag-alses-telekom","11":"product_tag-bagcilar-santral-servisi","12":"product_tag-bulut-santral","13":"product_tag-gigaset-dect","14":"product_tag-gigaset-n510-ip-pro-baz-unitesi","15":"product_tag-gigaset-n720-ip-pro","16":"product_tag-gigaset-telsiz","17":"product_tag-ip-dect-sistemleri","18":"product_tag-ip-santral","19":"product_tag-ip-sistemler","20":"product_tag-istanbul-santralci","21":"product_tag-istoc-santral-servisi","22":"product_tag-mahmutbey-santral-servisi","23":"product_tag-sanal-santral","24":"product_tag-telesis-marmara-bolge-servisi","25":"product_tag-telesis-mr7","26":"product_tag-telesis-mr7-santral","27":"product_tag-telesis-santral","29":"first","30":"instock","31":"taxable","32":"shipping-taxable","33":"product-type-simple"},"yoast_head":"<!-- This site is optimized with the Yoast SEO plugin v26.6 - https:\/\/yoast.com\/wordpress\/plugins\/seo\/ -->\n<title>Telesis PX24 arX-brX Pure IP Telefon Santrali - ALSES TELEKOM<\/title>\n<meta name=\"description\" content=\"Telesis PX24 arX ve PX24 brX onlarca sip abone ve d\u0131\u015f hat (trunk) destekleyen Pure IP PBX sistemlerdir.Telesis santral ailesinde onuncu nesil PX24 sistemleridir,Kendilerine \u00f6zel tasarlanm\u0131\u015f Xymphony i\u015fletim sistemi ile \u00e7ok y\u00fcksek trafik kald\u0131rma kapasitesi ve performansa sahiptirler\" \/>\n<meta name=\"robots\" content=\"index, follow, max-snippet:-1, max-image-preview:large, max-video-preview:-1\" \/>\n<link rel=\"canonical\" href=\"https:\/\/www.alsestelekom.com\/index.php\/urun\/telesis-px24-arx-brx-pure-ip-telefon-santrali\/\" \/>\n<meta property=\"og:locale\" content=\"tr_TR\" \/>\n<meta property=\"og:type\" content=\"article\" \/>\n<meta property=\"og:title\" content=\"Telesis PX24 arX-brX Pure IP Telefon Santrali - ALSES TELEKOM\" \/>\n<meta property=\"og:description\" content=\"Telesis PX24 arX ve PX24 brX onlarca sip abone ve d\u0131\u015f hat (trunk) destekleyen Pure IP PBX sistemlerdir.Telesis santral ailesinde onuncu nesil PX24 sistemleridir,Kendilerine \u00f6zel tasarlanm\u0131\u015f Xymphony i\u015fletim sistemi ile \u00e7ok y\u00fcksek trafik kald\u0131rma kapasitesi ve performansa sahiptirler\" \/>\n<meta property=\"og:url\" content=\"https:\/\/www.alsestelekom.com\/index.php\/urun\/telesis-px24-arx-brx-pure-ip-telefon-santrali\/\" \/>\n<meta property=\"og:site_name\" content=\"ALSES TELEKOM\" \/>\n<meta property=\"article:publisher\" content=\"https:\/\/www.facebook.com\/alsestelekomhaberlesme\/\" \/>\n<meta property=\"article:modified_time\" content=\"2023-09-12T14:52:05+00:00\" \/>\n<meta property=\"og:image\" content=\"https:\/\/www.alsestelekom.com\/wp-content\/uploads\/2019\/08\/a1.jpg\" \/>\n\t<meta property=\"og:image:width\" content=\"309\" \/>\n\t<meta property=\"og:image:height\" content=\"372\" \/>\n\t<meta property=\"og:image:type\" content=\"image\/jpeg\" \/>\n<meta name=\"twitter:card\" content=\"summary_large_image\" \/>\n<meta name=\"twitter:label1\" content=\"Tahmini okuma s\u00fcresi\" \/>\n\t<meta name=\"twitter:data1\" content=\"1 dakika\" \/>\n<script type=\"application\/ld+json\" class=\"yoast-schema-graph\">{\"@context\":\"https:\/\/schema.org\",\"@graph\":[{\"@type\":\"WebPage\",\"@id\":\"https:\/\/www.alsestelekom.com\/index.php\/urun\/telesis-px24-arx-brx-pure-ip-telefon-santrali\/\",\"url\":\"https:\/\/www.alsestelekom.com\/index.php\/urun\/telesis-px24-arx-brx-pure-ip-telefon-santrali\/\",\"name\":\"Telesis PX24 arX-brX Pure IP Telefon Santrali - ALSES TELEKOM\",\"isPartOf\":{\"@id\":\"https:\/\/www.alsestelekom.com\/#website\"},\"primaryImageOfPage\":{\"@id\":\"https:\/\/www.alsestelekom.com\/index.php\/urun\/telesis-px24-arx-brx-pure-ip-telefon-santrali\/#primaryimage\"},\"image\":{\"@id\":\"https:\/\/www.alsestelekom.com\/index.php\/urun\/telesis-px24-arx-brx-pure-ip-telefon-santrali\/#primaryimage\"},\"thumbnailUrl\":\"https:\/\/www.alsestelekom.com\/wp-content\/uploads\/2019\/08\/a1.jpg\",\"datePublished\":\"2019-08-08T11:00:07+00:00\",\"dateModified\":\"2023-09-12T14:52:05+00:00\",\"description\":\"Telesis PX24 arX ve PX24 brX onlarca sip abone ve d\u0131\u015f hat (trunk) destekleyen Pure IP PBX sistemlerdir.Telesis santral ailesinde onuncu nesil PX24 sistemleridir,Kendilerine \u00f6zel tasarlanm\u0131\u015f Xymphony i\u015fletim sistemi ile \u00e7ok y\u00fcksek trafik kald\u0131rma kapasitesi ve performansa sahiptirler\",\"breadcrumb\":{\"@id\":\"https:\/\/www.alsestelekom.com\/index.php\/urun\/telesis-px24-arx-brx-pure-ip-telefon-santrali\/#breadcrumb\"},\"inLanguage\":\"tr\",\"potentialAction\":[{\"@type\":\"ReadAction\",\"target\":[\"https:\/\/www.alsestelekom.com\/index.php\/urun\/telesis-px24-arx-brx-pure-ip-telefon-santrali\/\"]}]},{\"@type\":\"ImageObject\",\"inLanguage\":\"tr\",\"@id\":\"https:\/\/www.alsestelekom.com\/index.php\/urun\/telesis-px24-arx-brx-pure-ip-telefon-santrali\/#primaryimage\",\"url\":\"https:\/\/www.alsestelekom.com\/wp-content\/uploads\/2019\/08\/a1.jpg\",\"contentUrl\":\"https:\/\/www.alsestelekom.com\/wp-content\/uploads\/2019\/08\/a1.jpg\",\"width\":309,\"height\":372,\"caption\":\"Telesis arX\"},{\"@type\":\"BreadcrumbList\",\"@id\":\"https:\/\/www.alsestelekom.com\/index.php\/urun\/telesis-px24-arx-brx-pure-ip-telefon-santrali\/#breadcrumb\",\"itemListElement\":[{\"@type\":\"ListItem\",\"position\":1,\"name\":\"Ana sayfa\",\"item\":\"https:\/\/www.alsestelekom.com\/\"},{\"@type\":\"ListItem\",\"position\":2,\"name\":\"Ma\u011faza\",\"item\":\"https:\/\/www.alsestelekom.com\/index.php\/magaza\/\"},{\"@type\":\"ListItem\",\"position\":3,\"name\":\"Telesis PX24 arX-brX Pure IP Telefon Santrali\"}]},{\"@type\":\"WebSite\",\"@id\":\"https:\/\/www.alsestelekom.com\/#website\",\"url\":\"https:\/\/www.alsestelekom.com\/\",\"name\":\"ALSES TELEKOM\",\"description\":\"Telesis Karel Kurumsal \u00c7\u00f6z\u00fcmler Destek Ortakl\u0131\u011f\u0131\",\"publisher\":{\"@id\":\"https:\/\/www.alsestelekom.com\/#organization\"},\"potentialAction\":[{\"@type\":\"SearchAction\",\"target\":{\"@type\":\"EntryPoint\",\"urlTemplate\":\"https:\/\/www.alsestelekom.com\/?s={search_term_string}\"},\"query-input\":{\"@type\":\"PropertyValueSpecification\",\"valueRequired\":true,\"valueName\":\"search_term_string\"}}],\"inLanguage\":\"tr\"},{\"@type\":\"Organization\",\"@id\":\"https:\/\/www.alsestelekom.com\/#organization\",\"name\":\"Alses Telekom\",\"url\":\"https:\/\/www.alsestelekom.com\/\",\"logo\":{\"@type\":\"ImageObject\",\"inLanguage\":\"tr\",\"@id\":\"https:\/\/www.alsestelekom.com\/#\/schema\/logo\/image\/\",\"url\":\"http:\/\/localhost\/wp\/wp-content\/uploads\/2019\/07\/logos.png\",\"contentUrl\":\"http:\/\/localhost\/wp\/wp-content\/uploads\/2019\/07\/logos.png\",\"width\":475,\"height\":133,\"caption\":\"Alses Telekom\"},\"image\":{\"@id\":\"https:\/\/www.alsestelekom.com\/#\/schema\/logo\/image\/\"},\"sameAs\":[\"https:\/\/www.facebook.com\/alsestelekomhaberlesme\/\",\"https:\/\/www.instagram.com\/alsestelekom\/\"]}]}<\/script>\n<!-- \/ Yoast SEO plugin. -->","yoast_head_json":{"title":"Telesis PX24 arX-brX Pure IP Telefon Santrali - ALSES TELEKOM","description":"Telesis PX24 arX ve PX24 brX onlarca sip abone ve d\u0131\u015f hat (trunk) destekleyen Pure IP PBX sistemlerdir.Telesis santral ailesinde onuncu nesil PX24 sistemleridir,Kendilerine \u00f6zel tasarlanm\u0131\u015f Xymphony i\u015fletim sistemi ile \u00e7ok y\u00fcksek trafik kald\u0131rma kapasitesi ve performansa sahiptirler","robots":{"index":"index","follow":"follow","max-snippet":"max-snippet:-1","max-image-preview":"max-image-preview:large","max-video-preview":"max-video-preview:-1"},"canonical":"https:\/\/www.alsestelekom.com\/index.php\/urun\/telesis-px24-arx-brx-pure-ip-telefon-santrali\/","og_locale":"tr_TR","og_type":"article","og_title":"Telesis PX24 arX-brX Pure IP Telefon Santrali - ALSES TELEKOM","og_description":"Telesis PX24 arX ve PX24 brX onlarca sip abone ve d\u0131\u015f hat (trunk) destekleyen Pure IP PBX sistemlerdir.Telesis santral ailesinde onuncu nesil PX24 sistemleridir,Kendilerine \u00f6zel tasarlanm\u0131\u015f Xymphony i\u015fletim sistemi ile \u00e7ok y\u00fcksek trafik kald\u0131rma kapasitesi ve performansa sahiptirler","og_url":"https:\/\/www.alsestelekom.com\/index.php\/urun\/telesis-px24-arx-brx-pure-ip-telefon-santrali\/","og_site_name":"ALSES TELEKOM","article_publisher":"https:\/\/www.facebook.com\/alsestelekomhaberlesme\/","article_modified_time":"2023-09-12T14:52:05+00:00","og_image":[{"width":309,"height":372,"url":"https:\/\/www.alsestelekom.com\/wp-content\/uploads\/2019\/08\/a1.jpg","type":"image\/jpeg"}],"twitter_card":"summary_large_image","twitter_misc":{"Tahmini okuma s\u00fcresi":"1 dakika"},"schema":{"@context":"https:\/\/schema.org","@graph":[{"@type":"WebPage","@id":"https:\/\/www.alsestelekom.com\/index.php\/urun\/telesis-px24-arx-brx-pure-ip-telefon-santrali\/","url":"https:\/\/www.alsestelekom.com\/index.php\/urun\/telesis-px24-arx-brx-pure-ip-telefon-santrali\/","name":"Telesis PX24 arX-brX Pure IP Telefon Santrali - ALSES TELEKOM","isPartOf":{"@id":"https:\/\/www.alsestelekom.com\/#website"},"primaryImageOfPage":{"@id":"https:\/\/www.alsestelekom.com\/index.php\/urun\/telesis-px24-arx-brx-pure-ip-telefon-santrali\/#primaryimage"},"image":{"@id":"https:\/\/www.alsestelekom.com\/index.php\/urun\/telesis-px24-arx-brx-pure-ip-telefon-santrali\/#primaryimage"},"thumbnailUrl":"https:\/\/www.alsestelekom.com\/wp-content\/uploads\/2019\/08\/a1.jpg","datePublished":"2019-08-08T11:00:07+00:00","dateModified":"2023-09-12T14:52:05+00:00","description":"Telesis PX24 arX ve PX24 brX onlarca sip abone ve d\u0131\u015f hat (trunk) destekleyen Pure IP PBX sistemlerdir.Telesis santral ailesinde onuncu nesil PX24 sistemleridir,Kendilerine \u00f6zel tasarlanm\u0131\u015f Xymphony i\u015fletim sistemi ile \u00e7ok y\u00fcksek trafik kald\u0131rma kapasitesi ve performansa sahiptirler","breadcrumb":{"@id":"https:\/\/www.alsestelekom.com\/index.php\/urun\/telesis-px24-arx-brx-pure-ip-telefon-santrali\/#breadcrumb"},"inLanguage":"tr","potentialAction":[{"@type":"ReadAction","target":["https:\/\/www.alsestelekom.com\/index.php\/urun\/telesis-px24-arx-brx-pure-ip-telefon-santrali\/"]}]},{"@type":"ImageObject","inLanguage":"tr","@id":"https:\/\/www.alsestelekom.com\/index.php\/urun\/telesis-px24-arx-brx-pure-ip-telefon-santrali\/#primaryimage","url":"https:\/\/www.alsestelekom.com\/wp-content\/uploads\/2019\/08\/a1.jpg","contentUrl":"https:\/\/www.alsestelekom.com\/wp-content\/uploads\/2019\/08\/a1.jpg","width":309,"height":372,"caption":"Telesis arX"},{"@type":"BreadcrumbList","@id":"https:\/\/www.alsestelekom.com\/index.php\/urun\/telesis-px24-arx-brx-pure-ip-telefon-santrali\/#breadcrumb","itemListElement":[{"@type":"ListItem","position":1,"name":"Ana sayfa","item":"https:\/\/www.alsestelekom.com\/"},{"@type":"ListItem","position":2,"name":"Ma\u011faza","item":"https:\/\/www.alsestelekom.com\/index.php\/magaza\/"},{"@type":"ListItem","position":3,"name":"Telesis PX24 arX-brX Pure IP Telefon Santrali"}]},{"@type":"WebSite","@id":"https:\/\/www.alsestelekom.com\/#website","url":"https:\/\/www.alsestelekom.com\/","name":"ALSES TELEKOM","description":"Telesis Karel Kurumsal \u00c7\u00f6z\u00fcmler Destek Ortakl\u0131\u011f\u0131","publisher":{"@id":"https:\/\/www.alsestelekom.com\/#organization"},"potentialAction":[{"@type":"SearchAction","target":{"@type":"EntryPoint","urlTemplate":"https:\/\/www.alsestelekom.com\/?s={search_term_string}"},"query-input":{"@type":"PropertyValueSpecification","valueRequired":true,"valueName":"search_term_string"}}],"inLanguage":"tr"},{"@type":"Organization","@id":"https:\/\/www.alsestelekom.com\/#organization","name":"Alses Telekom","url":"https:\/\/www.alsestelekom.com\/","logo":{"@type":"ImageObject","inLanguage":"tr","@id":"https:\/\/www.alsestelekom.com\/#\/schema\/logo\/image\/","url":"http:\/\/localhost\/wp\/wp-content\/uploads\/2019\/07\/logos.png","contentUrl":"http:\/\/localhost\/wp\/wp-content\/uploads\/2019\/07\/logos.png","width":475,"height":133,"caption":"Alses Telekom"},"image":{"@id":"https:\/\/www.alsestelekom.com\/#\/schema\/logo\/image\/"},"sameAs":["https:\/\/www.facebook.com\/alsestelekomhaberlesme\/","https:\/\/www.instagram.com\/alsestelekom\/"]}]}},"_links":{"self":[{"href":"https:\/\/www.alsestelekom.com\/index.php\/wp-json\/wp\/v2\/product\/829","targetHints":{"allow":["GET"]}}],"collection":[{"href":"https:\/\/www.alsestelekom.com\/index.php\/wp-json\/wp\/v2\/product"}],"about":[{"href":"https:\/\/www.alsestelekom.com\/index.php\/wp-json\/wp\/v2\/types\/product"}],"replies":[{"embeddable":true,"href":"https:\/\/www.alsestelekom.com\/index.php\/wp-json\/wp\/v2\/comments?post=829"}],"wp:featuredmedia":[{"embeddable":true,"href":"https:\/\/www.alsestelekom.com\/index.php\/wp-json\/wp\/v2\/media\/834"}],"wp:attachment":[{"href":"https:\/\/www.alsestelekom.com\/index.php\/wp-json\/wp\/v2\/media?parent=829"}],"wp:term":[{"taxonomy":"product_brand","embeddable":true,"href":"https:\/\/www.alsestelekom.com\/index.php\/wp-json\/wp\/v2\/product_brand?post=829"},{"taxonomy":"product_cat","embeddable":true,"href":"https:\/\/www.alsestelekom.com\/index.php\/wp-json\/wp\/v2\/product_cat?post=829"},{"taxonomy":"product_tag","embeddable":true,"href":"https:\/\/www.alsestelekom.com\/index.php\/wp-json\/wp\/v2\/product_tag?post=829"}],"curies":[{"name":"wp","href":"https:\/\/api.w.org\/{rel}","templated":true}]}}