{"id":882,"date":"2022-12-11T00:20:56","date_gmt":"2022-12-10T21:20:56","guid":{"rendered":"http:\/\/localhost\/wp\/?post_type=product&#038;p=882"},"modified":"2023-09-12T17:52:04","modified_gmt":"2023-09-12T14:52:04","slug":"telesis-ipt241-ip-telefon-seti","status":"publish","type":"product","link":"https:\/\/www.alsestelekom.com\/index.php\/urun\/telesis-ipt241-ip-telefon-seti\/","title":{"rendered":"Telesis IPT241 IP Telefon Seti"},"content":{"rendered":"<p><strong>128*48 pixel ekran&#305;<\/strong>,&nbsp;<strong>e&#351;siz HD ses kalitesi<\/strong>, men&uuml; navigasyon tu&#351;lar&#305;, zil melodi se&ccedil;enekleri, handsfree yetene&#287;i ve de pek &ccedil;ok kullan&#305;m &ouml;zelli&#287;i ile&nbsp;<strong>IPT241P model SIP IP telefon seti<\/strong>, kullan&#305;c&#305;lar&#305;na e&#351;siz ileti&#351;im olanaklar&#305; sunmaktad&#305;r.<\/p>\n<p><strong>Genel &Ouml;zellikler<\/strong><\/p>\n<ul>\n<li>2 SIP Hatt&#305;<\/li>\n<li>HD Ses<\/li>\n<li>PoE<\/li>\n<li>Handsfree deste&#287;i<\/li>\n<li>Duvara monte edilebilir (Opsiyonel)<\/li>\n<\/ul>\n<p><strong>&Ccedil;a&#287;r&#305; &Ouml;zellikleri<\/strong><\/p>\n<ul>\n<li>Sessize Alma (Mute)<\/li>\n<li>&Ccedil;a&#287;r&#305; Bekletme \/ Geri Alma<\/li>\n<li>Beklemede &Ccedil;a&#287;r&#305;<\/li>\n<li>Interkom<\/li>\n<li>Arayan Numaray&#305; G&ouml;sterme (CID)<\/li>\n<li>Gizli &Ccedil;a&#287;r&#305; (CID Saklama)<\/li>\n<li>&Ccedil;a&#287;r&#305; Y&ouml;nlendirme (Her Zaman \/ Me&#351;gulde \/ Cevaps&#305;zda Y&ouml;nlendirme)<\/li>\n<li>&Ccedil;a&#287;r&#305; Aktarma (K&ouml;r \/ Ak&#305;ll&#305; Aktarma)<\/li>\n<li>&Ccedil;a&#287;r&#305; Park Etme \/ &Ccedil;a&#287;r&#305; Yakalama (Santral Entegrasyonu)<\/li>\n<li>Tekrar Arama<\/li>\n<li>Rahats&#305;z Edilmeme<\/li>\n<li>Otomatik Yan&#305;tlama<\/li>\n<li>Sesli Mesaj (Santral entegrasyonu)<\/li>\n<li>3 y&ouml;nl&uuml; Konferans<\/li>\n<li>Acil Hat (hotline)<\/li>\n<li>Ortak Masa (Hot Desking)<\/li>\n<\/ul>\n<div><strong>Telefon &Ouml;zellikleri<\/strong><\/div>\n<ul>\n<li>Telefon Rehberi (500 giri&#351;)<\/li>\n<li>XML \/ LDAP Uzak Rehber<\/li>\n<li>&Ccedil;a&#287;r&#305; Ge&ccedil;mi&#351;i (600 adet, gelen \/ aranan \/ cevaps&#305;z)<\/li>\n<li>Ak&#305;ll&#305; (Kara\/Beyaz Liste) Numara Filtreleme<\/li>\n<li>Bekleyen Mesaj G&ouml;stergesi (VMWI)<\/li>\n<li>Programlanabilir Esnek Tu&#351;lar<\/li>\n<li>Network Tarih\/Saat Senkronizasyonu<\/li>\n<li>Kablosuz Kulakl&#305;k Deste&#287;i ( Plantronics APD-80 EHS Kablosu ile \/ Jabra EHS20 EHS Kablosu ile)<\/li>\n<li>Kay&#305;t Deste&#287;i ( Flash Bellek veya Sunucu Kay&#305;t Deste&#287;i ile)<\/li>\n<li>Action URL \/ Active URL<\/li>\n<li>uaCSTA<\/li>\n<\/ul>\n<div>&nbsp;<strong>Ses &Ouml;zellikleri<\/strong><\/div>\n<ul>\n<li>HD Mikrofon \/ Hoparl&ouml;r (Ahize \/ Hands-free, 0 ~ 7KHz Frekans Tepkisi)<\/li>\n<li>HAC Ahize<\/li>\n<li>Geni&#351; Bantl&#305; ADC \/ DAC 16KHz &Ouml;rnekleme<\/li>\n<li>Kodekler: G.711a \/ u, G.726-32K, G.729A, iLBC<\/li>\n<li>Geni&#351; Bantl&#305; Kodek: G.722, Opus<\/li>\n<li>Full-duplex Akustik Eko Engelleyicisi (AEC)<\/li>\n<li>Ses Etkinli&#287;i Alg&#305;lama (VAD) \/ Suni G&uuml;r&uuml;lt&uuml; &Uuml;retme(CNG) \/ Arka Plan G&uuml;r&uuml;lt&uuml; Tahmini (BNE) \/ G&uuml;r&uuml;lt&uuml; Azaltma (NR)<\/li>\n<li>Paket Kayb&#305; Gizleme (PLC)<\/li>\n<li>Dinamik Adaptif Jitter Buffer<\/li>\n<li>DTMF: In-Band , Out-of-Band , DTMFRelay (RFC2833) \/ SIP INFO<\/li>\n<\/ul>\n<div><strong>Network<\/strong><\/div>\n<ul>\n<li>Fiziksel: 2 adet 10 \/ 100Mbps Ethernet Portu<\/li>\n<li>IP Mod:IPv4\/IPv6\/IPv4&amp;IPv6<\/li>\n<li>IP Konfig&uuml;rasyonu: Statik \/ DHCP \/ PPPoE<\/li>\n<li>Network Eri&#351;im Kontrol&uuml;: 802.1x<\/li>\n<li>VPN: L2TP (&#350;ifrelenmemi&#351;) \/ OpenVPN<\/li>\n<li>VLAN<\/li>\n<li>LLDP<\/li>\n<li>QoS<\/li>\n<li>RTCP-XR(RFC3611),VQRTCPXR (RFC6035)<\/li>\n<\/ul>\n<div><strong>Protokoller<\/strong><\/div>\n<ul>\n<li>UDP \/ TCP \/ TLS &uuml;zerinden SIP2.0<\/li>\n<li>RTP \/ RTCP \/ SRTP<\/li>\n<li>STUN<\/li>\n<li>DHCP<\/li>\n<li>IPv6<\/li>\n<li>LLDP<\/li>\n<li>PPPoE<\/li>\n<li>802.1x<\/li>\n<li>L2TP<\/li>\n<li>OpenVPN<\/li>\n<li>SNTP<\/li>\n<li>FTP \/ TFTP<\/li>\n<li>HTTP \/ HTTPS<\/li>\n<li>TR069<\/li>\n<\/ul>\n<div><strong>Y&ouml;netim<\/strong><\/div>\n<ul>\n<li>FTP \/ TFTP \/ HTTP \/ HTTPS \/ DHCP OPT66 \/ SIP PNP \/ TR069 ile Otomatik G&uuml;ncelleme (Auto-Provisioning)<\/li>\n<li>Web Y&ouml;netimi Portal&#305;<\/li>\n<li>Web Tabanl&#305; Paket Yedekleme<\/li>\n<li>Konfig&uuml;rasyon Y&uuml;kleme\/D&#305;&#351;a Aktarma<\/li>\n<li>Rehber Y&uuml;kleme\/D&#305;&#351;a Aktarma<\/li>\n<li>Yaz&#305;l&#305;m G&uuml;ncelleme<\/li>\n<li>Syslog<\/li>\n<\/ul>\n<div><strong>Fiziksel &Ouml;zellikler<\/strong><\/div>\n<ul>\n<li>LCD: 128&times;48 Arkadan Ayd&#305;nlatmal&#305; Nokta Vuru&#351;lu Ekran<\/li>\n<li>Tu&#351; Tak&#305;m&#305;: 31 Tu&#351;, 4 Esnek Tu&#351;, 4 &Ouml;zellik Tu&#351;u (Rehber, MWI, Kulakl&#305;k, Yeniden Arama), 4 Navigasyon Tu&#351;u, LED&rsquo;li 2 Hat Tu&#351;u, 1 OK Tu&#351;u, 12 Standart Telefon Tu&#351; Tak&#305;m&#305;, 3 Ses Kontrol Tu&#351;u (Y&uuml;kselt\/Azalt\/Mute), 1 Hands-free Tu&#351;u<\/li>\n<li>HD Ahize (RJ9) x1<\/li>\n<li>Standart RJ9 Ahize Kablosu x1<\/li>\n<li>1.5M CAT5 Ethernet Kablosu x1<\/li>\n<li>Durum G&ouml;sterge I&#351;&#305;&#287;&#305; (K&#305;rm&#305;z&#305;)<\/li>\n<li>2 adet RJ9 Portu: Ahize ve Kulakl&#305;k<\/li>\n<li>2 adet RJ45 Ethernet &Ccedil;&#305;k&#305;&#351;&#305;: Network, PC (Bridge)<\/li>\n<li>G&uuml;venlik Anahtar Deli&#287;i<\/li>\n<li>DC G&uuml;&ccedil; Giri&#351;i: 5V \/ 600mA<\/li>\n<li>G&uuml;&ccedil; T&uuml;ketimi: Bo&#351;ta &ndash; ~ 0.9~1.65 W, Tepe &ndash; 1.8~2.95W<\/li>\n<li>&Ccedil;al&#305;&#351;ma S&#305;cakl&#305;&#287;&#305;: 0 ~ 45<\/li>\n<li>&Ccedil;al&#305;&#351;ma Nemi: % 10-%95<\/li>\n<li>&#304;ki &#304;&#351;levli Ayak: Masa &Uuml;st&uuml; \/ Duvara Montaj (Opsiyonel)<\/li>\n<li>Cihaz Boyutlar&#305;: 205x181x47mm (G x Y x Z)<\/li>\n<\/ul>\n","protected":false},"excerpt":{"rendered":"<p>128*48 pixel ekran\u0131,\u00a0e\u015fsiz HD ses kalitesi, men\u00fc navigasyon tu\u015flar\u0131, zil melodi se\u00e7enekleri, handsfree yetene\u011fi ve de pek \u00e7ok kullan\u0131m \u00f6zelli\u011fi ile\u00a0IPT241P model SIP IP telefon seti, kullan\u0131c\u0131lar\u0131na e\u015fsiz ileti\u015fim olanaklar\u0131 sunmaktad\u0131r. Genel \u00d6zellikler 2 SIP Hatt\u0131 HD Ses PoE Handsfree deste\u011fi Duvara monte edilebilir (Opsiyonel) \u00c7a\u011fr\u0131 \u00d6zellikleri Sessize Alma (Mute) \u00c7a\u011fr\u0131 Bekletme \/ Geri Alma [&hellip;]<\/p>\n","protected":false},"featured_media":894,"comment_status":"closed","ping_status":"closed","template":"","meta":[],"product_brand":[],"product_cat":[99],"product_tag":[57,31,62,60,140,143,58,65,64,53,55,63,61,77,141,75,56,142,33,32],"class_list":{"0":"post-882","1":"product","2":"type-product","3":"status-publish","4":"has-post-thumbnail","6":"product_cat-ip-telefonlar","7":"product_tag-alcatel-santral-servisi","8":"product_tag-alses-telekom","9":"product_tag-bagcilar-santral-servisi","10":"product_tag-bulut-santral","11":"product_tag-gigaset-n510-ip-pro-baz-unitesi","12":"product_tag-gigaset-n720-ip-pro","13":"product_tag-ip-dect-sistemleri","14":"product_tag-ip-telefon","15":"product_tag-istanbul-santralci","16":"product_tag-istoc-santral-servisi","17":"product_tag-karel-santral","18":"product_tag-mahmutbey-santral-servisi","19":"product_tag-sanal-santral","20":"product_tag-santral-kurulumu","21":"product_tag-telesis-hizmeti","22":"product_tag-telesis-marmara-bolge-servisi","23":"product_tag-telesis-santral-servisi","24":"product_tag-telesis-servis-teknikleri","25":"product_tag-telesis-servisi","26":"product_tag-telesis-teknik-servis","28":"first","29":"instock","30":"taxable","31":"shipping-taxable","32":"product-type-simple"},"yoast_head":"<!-- This site is optimized with the Yoast SEO plugin v26.6 - https:\/\/yoast.com\/wordpress\/plugins\/seo\/ -->\n<title>Telesis IPT241 IP Telefon Seti - ALSES TELEKOM<\/title>\n<meta name=\"description\" content=\"128*48 pixel ekran\u0131,\u00a0e\u015fsiz HD ses kalitesi, men\u00fc navigasyon tu\u015flar\u0131, zil melodi se\u00e7enekleri, handsfree yetene\u011fi ve de pek \u00e7ok kullan\u0131m \u00f6zelli\u011fi ile\u00a0IPT241P model SIP IP telefon seti, kullan\u0131c\u0131lar\u0131na e\u015fsiz ileti\u015fim olanaklar\u0131 sunmaktad\u0131r.\" \/>\n<meta name=\"robots\" content=\"index, follow, max-snippet:-1, max-image-preview:large, max-video-preview:-1\" \/>\n<link rel=\"canonical\" href=\"https:\/\/www.alsestelekom.com\/index.php\/urun\/telesis-ipt241-ip-telefon-seti\/\" \/>\n<meta property=\"og:locale\" content=\"tr_TR\" \/>\n<meta property=\"og:type\" content=\"article\" \/>\n<meta property=\"og:title\" content=\"Telesis IPT241 IP Telefon Seti - ALSES TELEKOM\" \/>\n<meta property=\"og:description\" content=\"128*48 pixel ekran\u0131,\u00a0e\u015fsiz HD ses kalitesi, men\u00fc navigasyon tu\u015flar\u0131, zil melodi se\u00e7enekleri, handsfree yetene\u011fi ve de pek \u00e7ok kullan\u0131m \u00f6zelli\u011fi ile\u00a0IPT241P model SIP IP telefon seti, kullan\u0131c\u0131lar\u0131na e\u015fsiz ileti\u015fim olanaklar\u0131 sunmaktad\u0131r.\" \/>\n<meta property=\"og:url\" content=\"https:\/\/www.alsestelekom.com\/index.php\/urun\/telesis-ipt241-ip-telefon-seti\/\" \/>\n<meta property=\"og:site_name\" content=\"ALSES TELEKOM\" \/>\n<meta property=\"article:publisher\" content=\"https:\/\/www.facebook.com\/alsestelekomhaberlesme\/\" \/>\n<meta property=\"article:modified_time\" content=\"2023-09-12T14:52:04+00:00\" \/>\n<meta property=\"og:image\" content=\"https:\/\/www.alsestelekom.com\/wp-content\/uploads\/2022\/12\/IPT241P-500x413-1.png\" \/>\n\t<meta property=\"og:image:width\" content=\"500\" \/>\n\t<meta property=\"og:image:height\" content=\"413\" \/>\n\t<meta property=\"og:image:type\" content=\"image\/png\" \/>\n<meta name=\"twitter:card\" content=\"summary_large_image\" \/>\n<meta name=\"twitter:label1\" content=\"Tahmini okuma s\u00fcresi\" \/>\n\t<meta name=\"twitter:data1\" content=\"3 dakika\" \/>\n<script type=\"application\/ld+json\" class=\"yoast-schema-graph\">{\"@context\":\"https:\/\/schema.org\",\"@graph\":[{\"@type\":\"WebPage\",\"@id\":\"https:\/\/www.alsestelekom.com\/index.php\/urun\/telesis-ipt241-ip-telefon-seti\/\",\"url\":\"https:\/\/www.alsestelekom.com\/index.php\/urun\/telesis-ipt241-ip-telefon-seti\/\",\"name\":\"Telesis IPT241 IP Telefon Seti - ALSES TELEKOM\",\"isPartOf\":{\"@id\":\"https:\/\/www.alsestelekom.com\/#website\"},\"primaryImageOfPage\":{\"@id\":\"https:\/\/www.alsestelekom.com\/index.php\/urun\/telesis-ipt241-ip-telefon-seti\/#primaryimage\"},\"image\":{\"@id\":\"https:\/\/www.alsestelekom.com\/index.php\/urun\/telesis-ipt241-ip-telefon-seti\/#primaryimage\"},\"thumbnailUrl\":\"https:\/\/www.alsestelekom.com\/wp-content\/uploads\/2022\/12\/IPT241P-500x413-1.png\",\"datePublished\":\"2022-12-10T21:20:56+00:00\",\"dateModified\":\"2023-09-12T14:52:04+00:00\",\"description\":\"128*48 pixel ekran\u0131,\u00a0e\u015fsiz HD ses kalitesi, men\u00fc navigasyon tu\u015flar\u0131, zil melodi se\u00e7enekleri, handsfree yetene\u011fi ve de pek \u00e7ok kullan\u0131m \u00f6zelli\u011fi ile\u00a0IPT241P model SIP IP telefon seti, kullan\u0131c\u0131lar\u0131na e\u015fsiz ileti\u015fim olanaklar\u0131 sunmaktad\u0131r.\",\"breadcrumb\":{\"@id\":\"https:\/\/www.alsestelekom.com\/index.php\/urun\/telesis-ipt241-ip-telefon-seti\/#breadcrumb\"},\"inLanguage\":\"tr\",\"potentialAction\":[{\"@type\":\"ReadAction\",\"target\":[\"https:\/\/www.alsestelekom.com\/index.php\/urun\/telesis-ipt241-ip-telefon-seti\/\"]}]},{\"@type\":\"ImageObject\",\"inLanguage\":\"tr\",\"@id\":\"https:\/\/www.alsestelekom.com\/index.php\/urun\/telesis-ipt241-ip-telefon-seti\/#primaryimage\",\"url\":\"https:\/\/www.alsestelekom.com\/wp-content\/uploads\/2022\/12\/IPT241P-500x413-1.png\",\"contentUrl\":\"https:\/\/www.alsestelekom.com\/wp-content\/uploads\/2022\/12\/IPT241P-500x413-1.png\",\"width\":500,\"height\":413},{\"@type\":\"BreadcrumbList\",\"@id\":\"https:\/\/www.alsestelekom.com\/index.php\/urun\/telesis-ipt241-ip-telefon-seti\/#breadcrumb\",\"itemListElement\":[{\"@type\":\"ListItem\",\"position\":1,\"name\":\"Ana sayfa\",\"item\":\"https:\/\/www.alsestelekom.com\/\"},{\"@type\":\"ListItem\",\"position\":2,\"name\":\"Ma\u011faza\",\"item\":\"https:\/\/www.alsestelekom.com\/index.php\/magaza\/\"},{\"@type\":\"ListItem\",\"position\":3,\"name\":\"Telesis IPT241 IP Telefon Seti\"}]},{\"@type\":\"WebSite\",\"@id\":\"https:\/\/www.alsestelekom.com\/#website\",\"url\":\"https:\/\/www.alsestelekom.com\/\",\"name\":\"ALSES TELEKOM\",\"description\":\"Telesis Karel Kurumsal \u00c7\u00f6z\u00fcmler Destek Ortakl\u0131\u011f\u0131\",\"publisher\":{\"@id\":\"https:\/\/www.alsestelekom.com\/#organization\"},\"potentialAction\":[{\"@type\":\"SearchAction\",\"target\":{\"@type\":\"EntryPoint\",\"urlTemplate\":\"https:\/\/www.alsestelekom.com\/?s={search_term_string}\"},\"query-input\":{\"@type\":\"PropertyValueSpecification\",\"valueRequired\":true,\"valueName\":\"search_term_string\"}}],\"inLanguage\":\"tr\"},{\"@type\":\"Organization\",\"@id\":\"https:\/\/www.alsestelekom.com\/#organization\",\"name\":\"Alses Telekom\",\"url\":\"https:\/\/www.alsestelekom.com\/\",\"logo\":{\"@type\":\"ImageObject\",\"inLanguage\":\"tr\",\"@id\":\"https:\/\/www.alsestelekom.com\/#\/schema\/logo\/image\/\",\"url\":\"http:\/\/localhost\/wp\/wp-content\/uploads\/2019\/07\/logos.png\",\"contentUrl\":\"http:\/\/localhost\/wp\/wp-content\/uploads\/2019\/07\/logos.png\",\"width\":475,\"height\":133,\"caption\":\"Alses Telekom\"},\"image\":{\"@id\":\"https:\/\/www.alsestelekom.com\/#\/schema\/logo\/image\/\"},\"sameAs\":[\"https:\/\/www.facebook.com\/alsestelekomhaberlesme\/\",\"https:\/\/www.instagram.com\/alsestelekom\/\"]}]}<\/script>\n<!-- \/ Yoast SEO plugin. -->","yoast_head_json":{"title":"Telesis IPT241 IP Telefon Seti - ALSES TELEKOM","description":"128*48 pixel ekran\u0131,\u00a0e\u015fsiz HD ses kalitesi, men\u00fc navigasyon tu\u015flar\u0131, zil melodi se\u00e7enekleri, handsfree yetene\u011fi ve de pek \u00e7ok kullan\u0131m \u00f6zelli\u011fi ile\u00a0IPT241P model SIP IP telefon seti, kullan\u0131c\u0131lar\u0131na e\u015fsiz ileti\u015fim olanaklar\u0131 sunmaktad\u0131r.","robots":{"index":"index","follow":"follow","max-snippet":"max-snippet:-1","max-image-preview":"max-image-preview:large","max-video-preview":"max-video-preview:-1"},"canonical":"https:\/\/www.alsestelekom.com\/index.php\/urun\/telesis-ipt241-ip-telefon-seti\/","og_locale":"tr_TR","og_type":"article","og_title":"Telesis IPT241 IP Telefon Seti - ALSES TELEKOM","og_description":"128*48 pixel ekran\u0131,\u00a0e\u015fsiz HD ses kalitesi, men\u00fc navigasyon tu\u015flar\u0131, zil melodi se\u00e7enekleri, handsfree yetene\u011fi ve de pek \u00e7ok kullan\u0131m \u00f6zelli\u011fi ile\u00a0IPT241P model SIP IP telefon seti, kullan\u0131c\u0131lar\u0131na e\u015fsiz ileti\u015fim olanaklar\u0131 sunmaktad\u0131r.","og_url":"https:\/\/www.alsestelekom.com\/index.php\/urun\/telesis-ipt241-ip-telefon-seti\/","og_site_name":"ALSES TELEKOM","article_publisher":"https:\/\/www.facebook.com\/alsestelekomhaberlesme\/","article_modified_time":"2023-09-12T14:52:04+00:00","og_image":[{"width":500,"height":413,"url":"https:\/\/www.alsestelekom.com\/wp-content\/uploads\/2022\/12\/IPT241P-500x413-1.png","type":"image\/png"}],"twitter_card":"summary_large_image","twitter_misc":{"Tahmini okuma s\u00fcresi":"3 dakika"},"schema":{"@context":"https:\/\/schema.org","@graph":[{"@type":"WebPage","@id":"https:\/\/www.alsestelekom.com\/index.php\/urun\/telesis-ipt241-ip-telefon-seti\/","url":"https:\/\/www.alsestelekom.com\/index.php\/urun\/telesis-ipt241-ip-telefon-seti\/","name":"Telesis IPT241 IP Telefon Seti - ALSES TELEKOM","isPartOf":{"@id":"https:\/\/www.alsestelekom.com\/#website"},"primaryImageOfPage":{"@id":"https:\/\/www.alsestelekom.com\/index.php\/urun\/telesis-ipt241-ip-telefon-seti\/#primaryimage"},"image":{"@id":"https:\/\/www.alsestelekom.com\/index.php\/urun\/telesis-ipt241-ip-telefon-seti\/#primaryimage"},"thumbnailUrl":"https:\/\/www.alsestelekom.com\/wp-content\/uploads\/2022\/12\/IPT241P-500x413-1.png","datePublished":"2022-12-10T21:20:56+00:00","dateModified":"2023-09-12T14:52:04+00:00","description":"128*48 pixel ekran\u0131,\u00a0e\u015fsiz HD ses kalitesi, men\u00fc navigasyon tu\u015flar\u0131, zil melodi se\u00e7enekleri, handsfree yetene\u011fi ve de pek \u00e7ok kullan\u0131m \u00f6zelli\u011fi ile\u00a0IPT241P model SIP IP telefon seti, kullan\u0131c\u0131lar\u0131na e\u015fsiz ileti\u015fim olanaklar\u0131 sunmaktad\u0131r.","breadcrumb":{"@id":"https:\/\/www.alsestelekom.com\/index.php\/urun\/telesis-ipt241-ip-telefon-seti\/#breadcrumb"},"inLanguage":"tr","potentialAction":[{"@type":"ReadAction","target":["https:\/\/www.alsestelekom.com\/index.php\/urun\/telesis-ipt241-ip-telefon-seti\/"]}]},{"@type":"ImageObject","inLanguage":"tr","@id":"https:\/\/www.alsestelekom.com\/index.php\/urun\/telesis-ipt241-ip-telefon-seti\/#primaryimage","url":"https:\/\/www.alsestelekom.com\/wp-content\/uploads\/2022\/12\/IPT241P-500x413-1.png","contentUrl":"https:\/\/www.alsestelekom.com\/wp-content\/uploads\/2022\/12\/IPT241P-500x413-1.png","width":500,"height":413},{"@type":"BreadcrumbList","@id":"https:\/\/www.alsestelekom.com\/index.php\/urun\/telesis-ipt241-ip-telefon-seti\/#breadcrumb","itemListElement":[{"@type":"ListItem","position":1,"name":"Ana sayfa","item":"https:\/\/www.alsestelekom.com\/"},{"@type":"ListItem","position":2,"name":"Ma\u011faza","item":"https:\/\/www.alsestelekom.com\/index.php\/magaza\/"},{"@type":"ListItem","position":3,"name":"Telesis IPT241 IP Telefon Seti"}]},{"@type":"WebSite","@id":"https:\/\/www.alsestelekom.com\/#website","url":"https:\/\/www.alsestelekom.com\/","name":"ALSES TELEKOM","description":"Telesis Karel Kurumsal \u00c7\u00f6z\u00fcmler Destek Ortakl\u0131\u011f\u0131","publisher":{"@id":"https:\/\/www.alsestelekom.com\/#organization"},"potentialAction":[{"@type":"SearchAction","target":{"@type":"EntryPoint","urlTemplate":"https:\/\/www.alsestelekom.com\/?s={search_term_string}"},"query-input":{"@type":"PropertyValueSpecification","valueRequired":true,"valueName":"search_term_string"}}],"inLanguage":"tr"},{"@type":"Organization","@id":"https:\/\/www.alsestelekom.com\/#organization","name":"Alses Telekom","url":"https:\/\/www.alsestelekom.com\/","logo":{"@type":"ImageObject","inLanguage":"tr","@id":"https:\/\/www.alsestelekom.com\/#\/schema\/logo\/image\/","url":"http:\/\/localhost\/wp\/wp-content\/uploads\/2019\/07\/logos.png","contentUrl":"http:\/\/localhost\/wp\/wp-content\/uploads\/2019\/07\/logos.png","width":475,"height":133,"caption":"Alses Telekom"},"image":{"@id":"https:\/\/www.alsestelekom.com\/#\/schema\/logo\/image\/"},"sameAs":["https:\/\/www.facebook.com\/alsestelekomhaberlesme\/","https:\/\/www.instagram.com\/alsestelekom\/"]}]}},"_links":{"self":[{"href":"https:\/\/www.alsestelekom.com\/index.php\/wp-json\/wp\/v2\/product\/882","targetHints":{"allow":["GET"]}}],"collection":[{"href":"https:\/\/www.alsestelekom.com\/index.php\/wp-json\/wp\/v2\/product"}],"about":[{"href":"https:\/\/www.alsestelekom.com\/index.php\/wp-json\/wp\/v2\/types\/product"}],"replies":[{"embeddable":true,"href":"https:\/\/www.alsestelekom.com\/index.php\/wp-json\/wp\/v2\/comments?post=882"}],"wp:featuredmedia":[{"embeddable":true,"href":"https:\/\/www.alsestelekom.com\/index.php\/wp-json\/wp\/v2\/media\/894"}],"wp:attachment":[{"href":"https:\/\/www.alsestelekom.com\/index.php\/wp-json\/wp\/v2\/media?parent=882"}],"wp:term":[{"taxonomy":"product_brand","embeddable":true,"href":"https:\/\/www.alsestelekom.com\/index.php\/wp-json\/wp\/v2\/product_brand?post=882"},{"taxonomy":"product_cat","embeddable":true,"href":"https:\/\/www.alsestelekom.com\/index.php\/wp-json\/wp\/v2\/product_cat?post=882"},{"taxonomy":"product_tag","embeddable":true,"href":"https:\/\/www.alsestelekom.com\/index.php\/wp-json\/wp\/v2\/product_tag?post=882"}],"curies":[{"name":"wp","href":"https:\/\/api.w.org\/{rel}","templated":true}]}}