{"id":915,"date":"2023-09-12T18:13:33","date_gmt":"2023-09-12T15:13:33","guid":{"rendered":"http:\/\/localhost\/wp\/?post_type=product&#038;p=915"},"modified":"2023-09-12T18:43:53","modified_gmt":"2023-09-12T15:43:53","slug":"db263-ip-dect-baz-istasyonu","status":"publish","type":"product","link":"https:\/\/www.alsestelekom.com\/index.php\/urun\/db263-ip-dect-baz-istasyonu\/","title":{"rendered":"DB263 IP DECT Baz \u0130stasyonu"},"content":{"rendered":"<p>Karel DB263 IP-DECT baz istasyonu, IP santrallara IP standard&#305;yla ba&#287;lan&#305;r. Santralla el &uuml;niteleri aras&#305;ndaki kablosuz haberle&#351;me ise DECT standard&#305;nda yay&#305;n yap&#305;larak sa&#287;lan&#305;r. DB263&rsquo;e, herhangi bir internet taray&#305;c&#305; ile IP eri&#351;imi olan her yerden eri&#351;mek ve gerekli yap&#305;land&#305;rmalar&#305; uygulamak m&uuml;mk&uuml;nd&uuml;r.<\/p>\n<p>Karel DB263, LAN &uuml;zerinden IP PBX ba&#287;lant&#305;s&#305;, SIP protokol deste&#287;i, havadan senkronizasyon &ouml;zelli&#287;i, handover ve roaming deste&#287;i gibi &ouml;zellikleri, az yer kaplayan estetik tasar&#305;m&#305;yla DECT sistem konforunu kesintisiz sunar.<\/p>\n<ul>\n<li>LAN &uuml;zerinden IP PBX ba&#287;lant&#305;s&#305;<\/li>\n<li>DECT CAT&ndash;iq teknolojisi<\/li>\n<li>SIP protokol deste&#287;i<\/li>\n<li>Tak ve &Ccedil;al&#305;&#351;t&#305;r Kurulumu<\/li>\n<li>Havadan senkronizasyon<\/li>\n<li>Yaz&#305;l&#305;m y&uuml;kseltilmesi ve konfig&uuml;rasyon i&ccedil;in web aray&uuml;z&uuml;<\/li>\n<li>Ethernet &uuml;zerinden g&uuml;&ccedil; deste&#287;i (PoE, Power Over Ethernet)<\/li>\n<li>Az yer kaplayan, hafif tasar&#305;m<\/li>\n<li>Handover ve Roaming deste&#287;i<\/li>\n<li>LDAP veya XML merkezi rehber deste&#287;i<\/li>\n<li>Baz istasyonu bas&#305;na 8 g&ouml;r&uuml;&#351;me kanal&#305;<\/li>\n<\/ul>\n<p><strong>DECT<\/strong><\/p>\n<ul>\n<li>1880-1930 Mhz frekanslar&#305;nda DECT ile kullan&#305;mda IPBS standard&#305;<\/li>\n<li>4 g&uuml;&ccedil; seviyesi (14, 17, 20 ve 24 dBm)<\/li>\n<li>Geni&#351; bant ses (HDSP)<\/li>\n<li>Baz ve El &uuml;nitesi i&ccedil;in kimlik denetimi \/ &#351;ifreleme<\/li>\n<li>Handover ba&#287;lant&#305; deste&#287;i<\/li>\n<li>Birlikte &ccedil;al&#305;&#351;abilirlik, Faz 1 (CAT-iq 1.0)<\/li>\n<li>CAT-iq 2.0 security<\/li>\n<li>DECT ULE<\/li>\n<\/ul>\n<p>&nbsp;<\/p>\n<p><strong>Ses<\/strong><\/p>\n<ul>\n<li>G.726\/G.711 kodek kullanarak 10 ses kanal&#305;<\/li>\n<li>G.722 kodek kullanarak 5 CAT-iq geni&#351; bant ses kanal&#305;<\/li>\n<li>RFC3711 sRTP<\/li>\n<\/ul>\n<p>&nbsp;<\/p>\n<p><strong>Sistem<\/strong><\/p>\n<ul>\n<li>16000 kullan&#305;c&#305; (16000 el &uuml;nitesi kaydolabilir)<\/li>\n<li>1 PBX sisteme 4000 baz ba&#287;lanabilir<\/li>\n<\/ul>\n<p>&nbsp;<\/p>\n<p><strong>Ethernet<\/strong><\/p>\n<ul>\n<li>Ba&#287;lant&#305;: RJ45<\/li>\n<li>10\/100 Base-T aray&uuml;z&uuml; (IEEE802.3)<\/li>\n<\/ul>\n<p>&nbsp;<\/p>\n<p><strong>Anten<\/strong><\/p>\n<ul>\n<li>Dahili &ccedil;ok-y&ouml;nl&uuml; anten<\/li>\n<li>Menzil: &#304;&ccedil; mekanda 50 m, d&#305;&#351; mekanda 300 m<\/li>\n<li>H&#305;zl&#305; anten de&#287;i&#351;tirme<\/li>\n<\/ul>\n<p>&nbsp;<\/p>\n<p><strong>Fiziksel<\/strong><\/p>\n<ul>\n<li>IP20 Koruma S&#305;n&#305;f&#305;<\/li>\n<li>Boyutlar (y x g x d): 144 x 140 x 35 mm<\/li>\n<li>&Ccedil;al&#305;&#351;ma S&#305;cakl&#305;&#287;&#305;: -10&deg;C ile +50&deg;C aras&#305;<\/li>\n<\/ul>\n<p><strong>A&#287;<\/strong><\/p>\n<ul>\n<li>TFTP, HTTP, HTTPS Uzaktan konfig&uuml;rasyon ve yaz&#305;l&#305;m indirme i&ccedil;in<\/li>\n<li>DHCP options 66 ve custom<\/li>\n<li>HTTPS veya HTTP g&ouml;m&uuml;l&uuml; web sunucusu<\/li>\n<li>IPV6<\/li>\n<li>TLS 1.2<\/li>\n<li>SNTP<\/li>\n<li>LLDP-MED<\/li>\n<li>IEEE 802.1Q VLAN<\/li>\n<li>TOS \/ QOS<\/li>\n<li>802.11<\/li>\n<\/ul>\n<p>&nbsp;<\/p>\n<p><strong>G&uuml;&ccedil;<\/strong><\/p>\n<ul>\n<li>Ethernet &uuml;zerinden g&uuml;&ccedil; deste&#287;i (PoE) 37-57 V &ndash; IEEE802.3af (Class 2)<\/li>\n<li>DC G&uuml;&ccedil; Giri&#351;i: 5V &ndash; 2A<\/li>\n<\/ul>\n<p>&nbsp;<\/p>\n<p><strong>&Ouml;zellikler<\/strong><\/p>\n<ul>\n<li>TR069<\/li>\n<li>Uzaktan Kurulum<\/li>\n<li>Sistem g&uuml;nl&uuml;&#287;&uuml; (RFC3164 ve RFC5424)<\/li>\n<li>LDAP(s)<\/li>\n<li>UASCTA<\/li>\n<li>CTI<\/li>\n<li>Arayan&#305;n resmini g&ouml;sterme (Picture CLIP)<\/li>\n<li>Bas Konu&#351; (&lt;250 ms gecikme ile)<\/li>\n<li>&#304;nterkom<\/li>\n<li>Sistem izleme<\/li>\n<li>Ger&ccedil;ek zamanl&#305; kontroller<\/li>\n<li>Yerle&#351;ik Sertifikalar<\/li>\n<li>Eylem URL&rsquo;leri<\/li>\n<li>Acil Arama &Ouml;nceli&#287;i<\/li>\n<li>Kulakl&#305;k ve ahize e&#351;le&#351;tirme<\/li>\n<li>GDPR Uyumlu<\/li>\n<li>SIP Yedeklili&#287;i<\/li>\n<li>Arama plan&#305;<\/li>\n<li>Mesajla&#351;ma<\/li>\n<li>Alarm Sunucusu deste&#287;i<\/li>\n<li>Yaz&#305;l&#305;m g&uuml;ncelleme<\/li>\n<li>LED durum g&ouml;stergesi<\/li>\n<\/ul>\n<p>&nbsp;<\/p>\n<p><strong>Avrupa Reg&uuml;lasyon ve Standartlar&#305;na Uygunluk<\/strong><\/p>\n<ul>\n<li>EN 301406 (TBR6)<\/li>\n<li>EN 30176 &ndash; 2 (TBR10)<\/li>\n<li>EN 60950 &ndash; 1 (G&uuml;venlik)\n<ul>\n<li>IEC60950 -1<\/li>\n<li>CSA c-CSA-us veya UL60950 -1<\/li>\n<\/ul>\n<\/li>\n<li>EN 301489 (EMC, ESD)<\/li>\n<li>FCC k&#305;s&#305;m 15D, iletim &amp; yay&#305;l&#305;m<\/li>\n<li>RSS213<\/li>\n<li>EN62311 (SAR)<\/li>\n<\/ul>\n<p>&nbsp;<\/p>\n<p><strong>Protokoller<\/strong><\/p>\n<ul>\n<li>SDP (Session Description Protocol) &ndash; RFC2327<\/li>\n<li>SIP (Session Initiation Protocol) (HOLD Se&ccedil;ene&#287;i) &ndash; RFC2543<\/li>\n<li>In-band DTMF &ndash; RFC2833<\/li>\n<li>SIP INFO &ndash; RFC2976<\/li>\n<li>SIP 2.0 &ndash; RFC3261<\/li>\n<li>PRACK &ndash; RFC3262<\/li>\n<li>DNS SRV, yedek sunucu deste&#287;i &ndash; RFC3263<\/li>\n<li>HTTP ve AKA &ndash; RFC3310<\/li>\n<li>SIP Protokol&uuml; UPDATE Methodu &ndash; RFC3311<\/li>\n<li>SIP i&ccedil;in G&uuml;venlik Mekanizmas&#305; &ndash; RFC3323<\/li>\n<li>P-Asserted Kimli&#287;i &ndash; RFC3325<\/li>\n<li>SIP Sunucular i&ccedil;in DHCP-for-IPv4 &ndash; RFC3361<\/li>\n<li>STUN &ndash; RFC3489<\/li>\n<li>REFER &ndash; RFC3515<\/li>\n<li>RTP &ndash; RFC3550<\/li>\n<li>HTTP Digest ve HTTPS (sunucu\/ kullan&#305;c&#305;) &ndash; RFC3711<\/li>\n<li>Beklemede Mesaj I&#351;&#305;&#287;&#305; &ndash; RFC3842<\/li>\n<li>Early Media ve &Ccedil;alma Tonu &Uuml;retme &ndash; RFC3960<\/li>\n<li>Telefon Numaralar&#305; i&ccedil;in URI &ndash; RFC3966<\/li>\n<li>RTP Payload (DTMF Dijitleri, Telefon Tonu ve Sinyali i&ccedil;in) &ndash; RFC4733<\/li>\n<li>RTP Payload (G.729.1 Ses Kode&#287;i i&ccedil;in)\n<ul>\n<li>RFC4749<\/li>\n<\/ul>\n<\/li>\n<li>Simetrik RTP \/ RTCP &ndash; RFC4961<\/li>\n<\/ul>\n","protected":false},"excerpt":{"rendered":"<p>Karel DB263 IP-DECT baz istasyonu, IP santrallara IP standard\u0131yla ba\u011flan\u0131r. Santralla el \u00fcniteleri aras\u0131ndaki kablosuz haberle\u015fme ise DECT standard\u0131nda yay\u0131n yap\u0131larak sa\u011flan\u0131r. DB263\u2019e, herhangi bir internet taray\u0131c\u0131 ile IP eri\u015fimi olan her yerden eri\u015fmek ve gerekli yap\u0131land\u0131rmalar\u0131 uygulamak m\u00fcmk\u00fcnd\u00fcr. Karel DB263, LAN \u00fczerinden IP PBX ba\u011flant\u0131s\u0131, SIP protokol deste\u011fi, havadan senkronizasyon \u00f6zelli\u011fi, handover ve roaming [&hellip;]<\/p>\n","protected":false},"featured_media":916,"comment_status":"closed","ping_status":"closed","template":"","meta":[],"product_brand":[],"product_cat":[147],"product_tag":[31,62,60,58,28,59,65,64,55,54,63,61,77,75,66,56,32],"class_list":{"0":"post-915","1":"product","2":"type-product","3":"status-publish","4":"has-post-thumbnail","6":"product_cat-kablosuz-dect-sistemler","7":"product_tag-alses-telekom","8":"product_tag-bagcilar-santral-servisi","9":"product_tag-bulut-santral","10":"product_tag-ip-dect-sistemleri","11":"product_tag-ip-santral","12":"product_tag-ip-sistemler","13":"product_tag-ip-telefon","14":"product_tag-istanbul-santralci","15":"product_tag-karel-santral","16":"product_tag-karel-santral-servisi","17":"product_tag-mahmutbey-santral-servisi","18":"product_tag-sanal-santral","19":"product_tag-santral-kurulumu","20":"product_tag-telesis-marmara-bolge-servisi","21":"product_tag-telesis-mr7-santral","22":"product_tag-telesis-santral-servisi","23":"product_tag-telesis-teknik-servis","25":"first","26":"instock","27":"taxable","28":"shipping-taxable","29":"product-type-simple"},"yoast_head":"<!-- This site is optimized with the Yoast SEO plugin v26.6 - https:\/\/yoast.com\/wordpress\/plugins\/seo\/ -->\n<title>DB263 IP DECT Baz \u0130stasyonu - ALSES TELEKOM<\/title>\n<meta name=\"description\" content=\"ALSES TELEKOM DB263 IP DECT Baz \u0130stasyonu Karel DB263 IP DECT Baz \u0130stasyonu, geli\u015fmi\u015f \u00f6zellikleri ve az yer kaplayan estetik tasar\u0131m\u0131yla IP DECT sistem konforunu kesintisiz sunar.\" \/>\n<meta name=\"robots\" content=\"index, follow, max-snippet:-1, max-image-preview:large, max-video-preview:-1\" \/>\n<link rel=\"canonical\" href=\"https:\/\/www.alsestelekom.com\/index.php\/urun\/db263-ip-dect-baz-istasyonu\/\" \/>\n<meta property=\"og:locale\" content=\"tr_TR\" \/>\n<meta property=\"og:type\" content=\"article\" \/>\n<meta property=\"og:title\" content=\"DB263 IP DECT Baz \u0130stasyonu - ALSES TELEKOM\" \/>\n<meta property=\"og:description\" content=\"ALSES TELEKOM DB263 IP DECT Baz \u0130stasyonu Karel DB263 IP DECT Baz \u0130stasyonu, geli\u015fmi\u015f \u00f6zellikleri ve az yer kaplayan estetik tasar\u0131m\u0131yla IP DECT sistem konforunu kesintisiz sunar.\" \/>\n<meta property=\"og:url\" content=\"https:\/\/www.alsestelekom.com\/index.php\/urun\/db263-ip-dect-baz-istasyonu\/\" \/>\n<meta property=\"og:site_name\" content=\"ALSES TELEKOM\" \/>\n<meta property=\"article:publisher\" content=\"https:\/\/www.facebook.com\/alsestelekomhaberlesme\/\" \/>\n<meta property=\"article:modified_time\" content=\"2023-09-12T15:43:53+00:00\" \/>\n<meta property=\"og:image\" content=\"https:\/\/www.alsestelekom.com\/wp-content\/uploads\/2023\/09\/karel-db263-ip-dect-baz-istasyonu.png\" \/>\n\t<meta property=\"og:image:width\" content=\"600\" \/>\n\t<meta property=\"og:image:height\" content=\"400\" \/>\n\t<meta property=\"og:image:type\" content=\"image\/png\" \/>\n<meta name=\"twitter:card\" content=\"summary_large_image\" \/>\n<meta name=\"twitter:label1\" content=\"Tahmini okuma s\u00fcresi\" \/>\n\t<meta name=\"twitter:data1\" content=\"3 dakika\" \/>\n<script type=\"application\/ld+json\" class=\"yoast-schema-graph\">{\"@context\":\"https:\/\/schema.org\",\"@graph\":[{\"@type\":\"WebPage\",\"@id\":\"https:\/\/www.alsestelekom.com\/index.php\/urun\/db263-ip-dect-baz-istasyonu\/\",\"url\":\"https:\/\/www.alsestelekom.com\/index.php\/urun\/db263-ip-dect-baz-istasyonu\/\",\"name\":\"DB263 IP DECT Baz \u0130stasyonu - ALSES TELEKOM\",\"isPartOf\":{\"@id\":\"https:\/\/www.alsestelekom.com\/#website\"},\"primaryImageOfPage\":{\"@id\":\"https:\/\/www.alsestelekom.com\/index.php\/urun\/db263-ip-dect-baz-istasyonu\/#primaryimage\"},\"image\":{\"@id\":\"https:\/\/www.alsestelekom.com\/index.php\/urun\/db263-ip-dect-baz-istasyonu\/#primaryimage\"},\"thumbnailUrl\":\"https:\/\/www.alsestelekom.com\/wp-content\/uploads\/2023\/09\/karel-db263-ip-dect-baz-istasyonu.png\",\"datePublished\":\"2023-09-12T15:13:33+00:00\",\"dateModified\":\"2023-09-12T15:43:53+00:00\",\"description\":\"ALSES TELEKOM DB263 IP DECT Baz \u0130stasyonu Karel DB263 IP DECT Baz \u0130stasyonu, geli\u015fmi\u015f \u00f6zellikleri ve az yer kaplayan estetik tasar\u0131m\u0131yla IP DECT sistem konforunu kesintisiz sunar.\",\"breadcrumb\":{\"@id\":\"https:\/\/www.alsestelekom.com\/index.php\/urun\/db263-ip-dect-baz-istasyonu\/#breadcrumb\"},\"inLanguage\":\"tr\",\"potentialAction\":[{\"@type\":\"ReadAction\",\"target\":[\"https:\/\/www.alsestelekom.com\/index.php\/urun\/db263-ip-dect-baz-istasyonu\/\"]}]},{\"@type\":\"ImageObject\",\"inLanguage\":\"tr\",\"@id\":\"https:\/\/www.alsestelekom.com\/index.php\/urun\/db263-ip-dect-baz-istasyonu\/#primaryimage\",\"url\":\"https:\/\/www.alsestelekom.com\/wp-content\/uploads\/2023\/09\/karel-db263-ip-dect-baz-istasyonu.png\",\"contentUrl\":\"https:\/\/www.alsestelekom.com\/wp-content\/uploads\/2023\/09\/karel-db263-ip-dect-baz-istasyonu.png\",\"width\":600,\"height\":400},{\"@type\":\"BreadcrumbList\",\"@id\":\"https:\/\/www.alsestelekom.com\/index.php\/urun\/db263-ip-dect-baz-istasyonu\/#breadcrumb\",\"itemListElement\":[{\"@type\":\"ListItem\",\"position\":1,\"name\":\"Ana sayfa\",\"item\":\"https:\/\/www.alsestelekom.com\/\"},{\"@type\":\"ListItem\",\"position\":2,\"name\":\"Ma\u011faza\",\"item\":\"https:\/\/www.alsestelekom.com\/index.php\/magaza\/\"},{\"@type\":\"ListItem\",\"position\":3,\"name\":\"DB263 IP DECT Baz \u0130stasyonu\"}]},{\"@type\":\"WebSite\",\"@id\":\"https:\/\/www.alsestelekom.com\/#website\",\"url\":\"https:\/\/www.alsestelekom.com\/\",\"name\":\"ALSES TELEKOM\",\"description\":\"Telesis Karel Kurumsal \u00c7\u00f6z\u00fcmler Destek Ortakl\u0131\u011f\u0131\",\"publisher\":{\"@id\":\"https:\/\/www.alsestelekom.com\/#organization\"},\"potentialAction\":[{\"@type\":\"SearchAction\",\"target\":{\"@type\":\"EntryPoint\",\"urlTemplate\":\"https:\/\/www.alsestelekom.com\/?s={search_term_string}\"},\"query-input\":{\"@type\":\"PropertyValueSpecification\",\"valueRequired\":true,\"valueName\":\"search_term_string\"}}],\"inLanguage\":\"tr\"},{\"@type\":\"Organization\",\"@id\":\"https:\/\/www.alsestelekom.com\/#organization\",\"name\":\"Alses Telekom\",\"url\":\"https:\/\/www.alsestelekom.com\/\",\"logo\":{\"@type\":\"ImageObject\",\"inLanguage\":\"tr\",\"@id\":\"https:\/\/www.alsestelekom.com\/#\/schema\/logo\/image\/\",\"url\":\"http:\/\/localhost\/wp\/wp-content\/uploads\/2019\/07\/logos.png\",\"contentUrl\":\"http:\/\/localhost\/wp\/wp-content\/uploads\/2019\/07\/logos.png\",\"width\":475,\"height\":133,\"caption\":\"Alses Telekom\"},\"image\":{\"@id\":\"https:\/\/www.alsestelekom.com\/#\/schema\/logo\/image\/\"},\"sameAs\":[\"https:\/\/www.facebook.com\/alsestelekomhaberlesme\/\",\"https:\/\/www.instagram.com\/alsestelekom\/\"]}]}<\/script>\n<!-- \/ Yoast SEO plugin. -->","yoast_head_json":{"title":"DB263 IP DECT Baz \u0130stasyonu - ALSES TELEKOM","description":"ALSES TELEKOM DB263 IP DECT Baz \u0130stasyonu Karel DB263 IP DECT Baz \u0130stasyonu, geli\u015fmi\u015f \u00f6zellikleri ve az yer kaplayan estetik tasar\u0131m\u0131yla IP DECT sistem konforunu kesintisiz sunar.","robots":{"index":"index","follow":"follow","max-snippet":"max-snippet:-1","max-image-preview":"max-image-preview:large","max-video-preview":"max-video-preview:-1"},"canonical":"https:\/\/www.alsestelekom.com\/index.php\/urun\/db263-ip-dect-baz-istasyonu\/","og_locale":"tr_TR","og_type":"article","og_title":"DB263 IP DECT Baz \u0130stasyonu - ALSES TELEKOM","og_description":"ALSES TELEKOM DB263 IP DECT Baz \u0130stasyonu Karel DB263 IP DECT Baz \u0130stasyonu, geli\u015fmi\u015f \u00f6zellikleri ve az yer kaplayan estetik tasar\u0131m\u0131yla IP DECT sistem konforunu kesintisiz sunar.","og_url":"https:\/\/www.alsestelekom.com\/index.php\/urun\/db263-ip-dect-baz-istasyonu\/","og_site_name":"ALSES TELEKOM","article_publisher":"https:\/\/www.facebook.com\/alsestelekomhaberlesme\/","article_modified_time":"2023-09-12T15:43:53+00:00","og_image":[{"width":600,"height":400,"url":"https:\/\/www.alsestelekom.com\/wp-content\/uploads\/2023\/09\/karel-db263-ip-dect-baz-istasyonu.png","type":"image\/png"}],"twitter_card":"summary_large_image","twitter_misc":{"Tahmini okuma s\u00fcresi":"3 dakika"},"schema":{"@context":"https:\/\/schema.org","@graph":[{"@type":"WebPage","@id":"https:\/\/www.alsestelekom.com\/index.php\/urun\/db263-ip-dect-baz-istasyonu\/","url":"https:\/\/www.alsestelekom.com\/index.php\/urun\/db263-ip-dect-baz-istasyonu\/","name":"DB263 IP DECT Baz \u0130stasyonu - ALSES TELEKOM","isPartOf":{"@id":"https:\/\/www.alsestelekom.com\/#website"},"primaryImageOfPage":{"@id":"https:\/\/www.alsestelekom.com\/index.php\/urun\/db263-ip-dect-baz-istasyonu\/#primaryimage"},"image":{"@id":"https:\/\/www.alsestelekom.com\/index.php\/urun\/db263-ip-dect-baz-istasyonu\/#primaryimage"},"thumbnailUrl":"https:\/\/www.alsestelekom.com\/wp-content\/uploads\/2023\/09\/karel-db263-ip-dect-baz-istasyonu.png","datePublished":"2023-09-12T15:13:33+00:00","dateModified":"2023-09-12T15:43:53+00:00","description":"ALSES TELEKOM DB263 IP DECT Baz \u0130stasyonu Karel DB263 IP DECT Baz \u0130stasyonu, geli\u015fmi\u015f \u00f6zellikleri ve az yer kaplayan estetik tasar\u0131m\u0131yla IP DECT sistem konforunu kesintisiz sunar.","breadcrumb":{"@id":"https:\/\/www.alsestelekom.com\/index.php\/urun\/db263-ip-dect-baz-istasyonu\/#breadcrumb"},"inLanguage":"tr","potentialAction":[{"@type":"ReadAction","target":["https:\/\/www.alsestelekom.com\/index.php\/urun\/db263-ip-dect-baz-istasyonu\/"]}]},{"@type":"ImageObject","inLanguage":"tr","@id":"https:\/\/www.alsestelekom.com\/index.php\/urun\/db263-ip-dect-baz-istasyonu\/#primaryimage","url":"https:\/\/www.alsestelekom.com\/wp-content\/uploads\/2023\/09\/karel-db263-ip-dect-baz-istasyonu.png","contentUrl":"https:\/\/www.alsestelekom.com\/wp-content\/uploads\/2023\/09\/karel-db263-ip-dect-baz-istasyonu.png","width":600,"height":400},{"@type":"BreadcrumbList","@id":"https:\/\/www.alsestelekom.com\/index.php\/urun\/db263-ip-dect-baz-istasyonu\/#breadcrumb","itemListElement":[{"@type":"ListItem","position":1,"name":"Ana sayfa","item":"https:\/\/www.alsestelekom.com\/"},{"@type":"ListItem","position":2,"name":"Ma\u011faza","item":"https:\/\/www.alsestelekom.com\/index.php\/magaza\/"},{"@type":"ListItem","position":3,"name":"DB263 IP DECT Baz \u0130stasyonu"}]},{"@type":"WebSite","@id":"https:\/\/www.alsestelekom.com\/#website","url":"https:\/\/www.alsestelekom.com\/","name":"ALSES TELEKOM","description":"Telesis Karel Kurumsal \u00c7\u00f6z\u00fcmler Destek Ortakl\u0131\u011f\u0131","publisher":{"@id":"https:\/\/www.alsestelekom.com\/#organization"},"potentialAction":[{"@type":"SearchAction","target":{"@type":"EntryPoint","urlTemplate":"https:\/\/www.alsestelekom.com\/?s={search_term_string}"},"query-input":{"@type":"PropertyValueSpecification","valueRequired":true,"valueName":"search_term_string"}}],"inLanguage":"tr"},{"@type":"Organization","@id":"https:\/\/www.alsestelekom.com\/#organization","name":"Alses Telekom","url":"https:\/\/www.alsestelekom.com\/","logo":{"@type":"ImageObject","inLanguage":"tr","@id":"https:\/\/www.alsestelekom.com\/#\/schema\/logo\/image\/","url":"http:\/\/localhost\/wp\/wp-content\/uploads\/2019\/07\/logos.png","contentUrl":"http:\/\/localhost\/wp\/wp-content\/uploads\/2019\/07\/logos.png","width":475,"height":133,"caption":"Alses Telekom"},"image":{"@id":"https:\/\/www.alsestelekom.com\/#\/schema\/logo\/image\/"},"sameAs":["https:\/\/www.facebook.com\/alsestelekomhaberlesme\/","https:\/\/www.instagram.com\/alsestelekom\/"]}]}},"_links":{"self":[{"href":"https:\/\/www.alsestelekom.com\/index.php\/wp-json\/wp\/v2\/product\/915","targetHints":{"allow":["GET"]}}],"collection":[{"href":"https:\/\/www.alsestelekom.com\/index.php\/wp-json\/wp\/v2\/product"}],"about":[{"href":"https:\/\/www.alsestelekom.com\/index.php\/wp-json\/wp\/v2\/types\/product"}],"replies":[{"embeddable":true,"href":"https:\/\/www.alsestelekom.com\/index.php\/wp-json\/wp\/v2\/comments?post=915"}],"wp:featuredmedia":[{"embeddable":true,"href":"https:\/\/www.alsestelekom.com\/index.php\/wp-json\/wp\/v2\/media\/916"}],"wp:attachment":[{"href":"https:\/\/www.alsestelekom.com\/index.php\/wp-json\/wp\/v2\/media?parent=915"}],"wp:term":[{"taxonomy":"product_brand","embeddable":true,"href":"https:\/\/www.alsestelekom.com\/index.php\/wp-json\/wp\/v2\/product_brand?post=915"},{"taxonomy":"product_cat","embeddable":true,"href":"https:\/\/www.alsestelekom.com\/index.php\/wp-json\/wp\/v2\/product_cat?post=915"},{"taxonomy":"product_tag","embeddable":true,"href":"https:\/\/www.alsestelekom.com\/index.php\/wp-json\/wp\/v2\/product_tag?post=915"}],"curies":[{"name":"wp","href":"https:\/\/api.w.org\/{rel}","templated":true}]}}