{"id":919,"date":"2023-09-12T19:02:11","date_gmt":"2023-09-12T16:02:11","guid":{"rendered":"http:\/\/localhost\/wp\/?post_type=product&#038;p=919"},"modified":"2023-09-12T19:02:12","modified_gmt":"2023-09-12T16:02:12","slug":"de260-dect-el-unitesi","status":"publish","type":"product","link":"https:\/\/www.alsestelekom.com\/index.php\/urun\/de260-dect-el-unitesi\/","title":{"rendered":"DE260 DECT El \u00dcnitesi"},"content":{"rendered":"<ul>\n<li>GAP uyumlu<\/li>\n<li>Renkli ekran<\/li>\n<li>Titre&#351;im<\/li>\n<li>Geni&#351;bant ses kalitesi (G.722)<\/li>\n<li>Polifonik zil sesleri<\/li>\n<li>Hoparl&ouml;r(Full-dublex handsfree)<\/li>\n<li>Baz istasyonu &uuml;zerinden kablosuz yaz&#305;l&#305;m g&uuml;ncelleme<\/li>\n<li>20 farkl&#305; dil se&ccedil;ene&#287;i<\/li>\n<li>3.5mm kulakl&#305;k &ccedil;&#305;k&#305;&#351;&#305;<\/li>\n<li>Geli&#351;mi&#351; multi medya aray&uuml;z&uuml;<\/li>\n<li>T&uuml;rk&ccedil;e dil deste&#287;i<\/li>\n<\/ul>\n<p><strong>Ses<\/strong><\/p>\n<ul>\n<li>HD kodek (G722 ), Standart kodek (G726)<\/li>\n<li>HD hoparl&ouml;r<\/li>\n<li>HAC uyumu<\/li>\n<\/ul>\n<p><strong>Ekran<\/strong><\/p>\n<ul>\n<li>&bull; 2&rdquo; TFT renkli ekran<\/li>\n<li>&bull; 176 x 220 piksel<\/li>\n<\/ul>\n<p><strong>Tu&#351; Tak&#305;m&#305;<\/strong><\/p>\n<ul>\n<li>Toplam 27 Tus<\/li>\n<li>3 adet programlanabilir tu&#351;<\/li>\n<li>3 adet yan tu&#351; ((vol+, vol-, mute)<\/li>\n<li>5 eksenli y&ouml;n tu&#351;u<\/li>\n<li>Telefon a&ccedil;ma-kapama, hoparl&ouml;r, men&uuml; tu&#351;lar&#305;<\/li>\n<li>Tu&#351; kilidi ve sessize alma tu&#351;lar&#305;<\/li>\n<\/ul>\n<p><strong>DECT<\/strong><\/p>\n<ul>\n<li>1880-1900 Mhz frekanslar&#305;nda DECT ile kullan&#305;mda IPBS standard&#305;<\/li>\n<li>4 g&uuml;&ccedil; seviyesi<\/li>\n<li>2 antenli<\/li>\n<li>&#350;ifreleme deste&#287;i<\/li>\n<li>10 sistem kayd&#305;<\/li>\n<li>&Ccedil;ekim alan&#305;: &#304;&ccedil; mekan: 50m,<\/li>\n<li>D&#305;&#351; mekan: 300m<\/li>\n<\/ul>\n<p><strong>Zil Sesi<\/strong><\/p>\n<ul>\n<li>6 farkl&#305; melodi, 6 ses seviyesi<\/li>\n<li>Sessiz modu<\/li>\n<li>Ses kontrol&uuml;<\/li>\n<li>Ayarlanabilir uyar&#305; tonlar&#305; (D&uuml;s&uuml;k pil seviyesi vb.)<\/li>\n<li>Titre&#351;im<\/li>\n<\/ul>\n<p><strong>Arama &Ouml;zellikleri<\/strong><\/p>\n<ul>\n<li>Son 50 arama kayd&#305; (T&uuml;m aramalar, gelen aramalar, giden aramalar, cevaps&#305;z aramalar)<\/li>\n<li>Arama listesinden geri arama<\/li>\n<li>H&#305;zl&#305; arama tu&#351;u tan&#305;mlama<\/li>\n<li>Merkezi rehber destegi (LDAP veya XML)<\/li>\n<li>100 Kay&#305;t Destekleyen Dahili Rehber (3 numara\/isim)<\/li>\n<li>Bekleme ekran&#305;nda tarih ve saat g&ouml;r&uuml;nt&uuml;leme<\/li>\n<li>DND deste&#287;i<\/li>\n<li>CFU\/CFB\/CFx deste&#287;i<\/li>\n<li>&Ccedil;a&#287;r&#305; bekletme<\/li>\n<li>Konferans &ouml;zelli&#287;i<\/li>\n<\/ul>\n<p><strong>Fiziksel &Ouml;zellikler<\/strong><\/p>\n<ul>\n<li>Boyutlar: 140 x 48 x 25mm<\/li>\n<li>A&#287;&#305;rl&#305;k: 136 gr<\/li>\n<\/ul>\n<p><strong>&Ccedil;al&#305;&#351;ma Performans&#305;<\/strong><\/p>\n<ul>\n<li>Konu&#351;ma s&uuml;resi: 18 saat<\/li>\n<li>Bekleme s&uuml;resi: 200 saat<\/li>\n<li>Batarya tipi: 1100mAh Li-Ion<\/li>\n<\/ul>\n<p><strong>&Ccedil;evresel Ko&#351;ullar<\/strong><\/p>\n<ul>\n<li>Koruma s&#305;n&#305;f&#305;: IP20<\/li>\n<li>&Ccedil;al&#305;&#351;ma s&#305;cakl&#305;&#287;&#305;: -10&deg;C ile +50&deg;C<\/li>\n<\/ul>\n<p><strong>Dayan&#305;kl&#305;l&#305;k<\/strong><\/p>\n<ul>\n<li>D&uuml;&#351;me: 1,6 metre (Ah&#351;ap zemin)<\/li>\n<li>Tu&#351; tak&#305;m&#305; &ouml;mr&uuml;: 100.000 bas&#305;m<\/li>\n<\/ul>\n<p><strong>&#350;arj<\/strong><\/p>\n<ul>\n<li>&#350;arj s&uuml;resi: 5 saat<\/li>\n<li>EU\/US\/AUS\/UK priz deste&#287;i<\/li>\n<li>Masa &uuml;st&uuml; &#351;arj &uuml;nitesi<\/li>\n<li>&#350;arj etme ortam&#305;: +5&deg; ile 45&deg;C<\/li>\n<\/ul>\n<p><strong>Avrupa Reg&uuml;lasyon Ve Standartlar&#305;na Uygunluk<\/strong><\/p>\n<ul>\n<li>Radyo: EN 301 406<\/li>\n<li>EMC: EN 301 489-1, EN 301 489-6<\/li>\n<li>G&uuml;venlik: EN 60950-1<\/li>\n<li>FCC k&#305;s&#305;m 15<\/li>\n<li>\n<\/ul>\n","protected":false},"excerpt":{"rendered":"<p>GAP uyumlu Renkli ekran Titre\u015fim Geni\u015fbant ses kalitesi (G.722) Polifonik zil sesleri Hoparl\u00f6r(Full-dublex handsfree) Baz istasyonu \u00fczerinden kablosuz yaz\u0131l\u0131m g\u00fcncelleme 20 farkl\u0131 dil se\u00e7ene\u011fi 3.5mm kulakl\u0131k \u00e7\u0131k\u0131\u015f\u0131 Geli\u015fmi\u015f multi medya aray\u00fcz\u00fc T\u00fcrk\u00e7e dil deste\u011fi Ses HD kodek (G722 ), Standart kodek (G726) HD hoparl\u00f6r HAC uyumu Ekran \u2022 2\u201d TFT renkli ekran \u2022 176 x [&hellip;]<\/p>\n","protected":false},"featured_media":906,"comment_status":"closed","ping_status":"closed","template":"","meta":[],"product_brand":[],"product_cat":[147],"product_tag":[31,62,58,28,59,65,64,55,54,63,77,76,75,56,142,33,32],"class_list":{"0":"post-919","1":"product","2":"type-product","3":"status-publish","4":"has-post-thumbnail","6":"product_cat-kablosuz-dect-sistemler","7":"product_tag-alses-telekom","8":"product_tag-bagcilar-santral-servisi","9":"product_tag-ip-dect-sistemleri","10":"product_tag-ip-santral","11":"product_tag-ip-sistemler","12":"product_tag-ip-telefon","13":"product_tag-istanbul-santralci","14":"product_tag-karel-santral","15":"product_tag-karel-santral-servisi","16":"product_tag-mahmutbey-santral-servisi","17":"product_tag-santral-kurulumu","18":"product_tag-teknik-servis","19":"product_tag-telesis-marmara-bolge-servisi","20":"product_tag-telesis-santral-servisi","21":"product_tag-telesis-servis-teknikleri","22":"product_tag-telesis-servisi","23":"product_tag-telesis-teknik-servis","25":"first","26":"instock","27":"taxable","28":"shipping-taxable","29":"product-type-simple"},"yoast_head":"<!-- This site is optimized with the Yoast SEO plugin v26.6 - https:\/\/yoast.com\/wordpress\/plugins\/seo\/ -->\n<title>DE260 DECT El \u00dcnitesi - ALSES TELEKOM<\/title>\n<meta name=\"description\" content=\"ALSES TELEKOM DE260 DECT El \u00dcnitesi - Kullan\u0131c\u0131 dostu aray\u00fcz\u00fc, y\u00fcksek ses kalitesi ile y\u00fcksek performans arayan kullan\u0131c\u0131lar i\u00e7in geli\u015ftirilmi\u015ftir\" \/>\n<meta name=\"robots\" content=\"index, follow, max-snippet:-1, max-image-preview:large, max-video-preview:-1\" \/>\n<link rel=\"canonical\" href=\"https:\/\/www.alsestelekom.com\/index.php\/urun\/de260-dect-el-unitesi\/\" \/>\n<meta property=\"og:locale\" content=\"tr_TR\" \/>\n<meta property=\"og:type\" content=\"article\" \/>\n<meta property=\"og:title\" content=\"DE260 DECT El \u00dcnitesi - ALSES TELEKOM\" \/>\n<meta property=\"og:description\" content=\"ALSES TELEKOM DE260 DECT El \u00dcnitesi - Kullan\u0131c\u0131 dostu aray\u00fcz\u00fc, y\u00fcksek ses kalitesi ile y\u00fcksek performans arayan kullan\u0131c\u0131lar i\u00e7in geli\u015ftirilmi\u015ftir\" \/>\n<meta property=\"og:url\" content=\"https:\/\/www.alsestelekom.com\/index.php\/urun\/de260-dect-el-unitesi\/\" \/>\n<meta property=\"og:site_name\" content=\"ALSES TELEKOM\" \/>\n<meta property=\"article:publisher\" content=\"https:\/\/www.facebook.com\/alsestelekomhaberlesme\/\" \/>\n<meta property=\"article:modified_time\" content=\"2023-09-12T16:02:12+00:00\" \/>\n<meta property=\"og:image\" content=\"https:\/\/www.alsestelekom.com\/wp-content\/uploads\/2023\/09\/de260.jpg\" \/>\n\t<meta property=\"og:image:width\" content=\"600\" \/>\n\t<meta property=\"og:image:height\" content=\"400\" \/>\n\t<meta property=\"og:image:type\" content=\"image\/jpeg\" \/>\n<meta name=\"twitter:card\" content=\"summary_large_image\" \/>\n<meta name=\"twitter:label1\" content=\"Tahmini okuma s\u00fcresi\" \/>\n\t<meta name=\"twitter:data1\" content=\"2 dakika\" \/>\n<script type=\"application\/ld+json\" class=\"yoast-schema-graph\">{\"@context\":\"https:\/\/schema.org\",\"@graph\":[{\"@type\":\"WebPage\",\"@id\":\"https:\/\/www.alsestelekom.com\/index.php\/urun\/de260-dect-el-unitesi\/\",\"url\":\"https:\/\/www.alsestelekom.com\/index.php\/urun\/de260-dect-el-unitesi\/\",\"name\":\"DE260 DECT El \u00dcnitesi - ALSES TELEKOM\",\"isPartOf\":{\"@id\":\"https:\/\/www.alsestelekom.com\/#website\"},\"primaryImageOfPage\":{\"@id\":\"https:\/\/www.alsestelekom.com\/index.php\/urun\/de260-dect-el-unitesi\/#primaryimage\"},\"image\":{\"@id\":\"https:\/\/www.alsestelekom.com\/index.php\/urun\/de260-dect-el-unitesi\/#primaryimage\"},\"thumbnailUrl\":\"https:\/\/www.alsestelekom.com\/wp-content\/uploads\/2023\/09\/de260.jpg\",\"datePublished\":\"2023-09-12T16:02:11+00:00\",\"dateModified\":\"2023-09-12T16:02:12+00:00\",\"description\":\"ALSES TELEKOM DE260 DECT El \u00dcnitesi - Kullan\u0131c\u0131 dostu aray\u00fcz\u00fc, y\u00fcksek ses kalitesi ile y\u00fcksek performans arayan kullan\u0131c\u0131lar i\u00e7in geli\u015ftirilmi\u015ftir\",\"breadcrumb\":{\"@id\":\"https:\/\/www.alsestelekom.com\/index.php\/urun\/de260-dect-el-unitesi\/#breadcrumb\"},\"inLanguage\":\"tr\",\"potentialAction\":[{\"@type\":\"ReadAction\",\"target\":[\"https:\/\/www.alsestelekom.com\/index.php\/urun\/de260-dect-el-unitesi\/\"]}]},{\"@type\":\"ImageObject\",\"inLanguage\":\"tr\",\"@id\":\"https:\/\/www.alsestelekom.com\/index.php\/urun\/de260-dect-el-unitesi\/#primaryimage\",\"url\":\"https:\/\/www.alsestelekom.com\/wp-content\/uploads\/2023\/09\/de260.jpg\",\"contentUrl\":\"https:\/\/www.alsestelekom.com\/wp-content\/uploads\/2023\/09\/de260.jpg\",\"width\":600,\"height\":400},{\"@type\":\"BreadcrumbList\",\"@id\":\"https:\/\/www.alsestelekom.com\/index.php\/urun\/de260-dect-el-unitesi\/#breadcrumb\",\"itemListElement\":[{\"@type\":\"ListItem\",\"position\":1,\"name\":\"Ana sayfa\",\"item\":\"https:\/\/www.alsestelekom.com\/\"},{\"@type\":\"ListItem\",\"position\":2,\"name\":\"Ma\u011faza\",\"item\":\"https:\/\/www.alsestelekom.com\/index.php\/magaza\/\"},{\"@type\":\"ListItem\",\"position\":3,\"name\":\"DE260 DECT El \u00dcnitesi\"}]},{\"@type\":\"WebSite\",\"@id\":\"https:\/\/www.alsestelekom.com\/#website\",\"url\":\"https:\/\/www.alsestelekom.com\/\",\"name\":\"ALSES TELEKOM\",\"description\":\"Telesis Karel Kurumsal \u00c7\u00f6z\u00fcmler Destek Ortakl\u0131\u011f\u0131\",\"publisher\":{\"@id\":\"https:\/\/www.alsestelekom.com\/#organization\"},\"potentialAction\":[{\"@type\":\"SearchAction\",\"target\":{\"@type\":\"EntryPoint\",\"urlTemplate\":\"https:\/\/www.alsestelekom.com\/?s={search_term_string}\"},\"query-input\":{\"@type\":\"PropertyValueSpecification\",\"valueRequired\":true,\"valueName\":\"search_term_string\"}}],\"inLanguage\":\"tr\"},{\"@type\":\"Organization\",\"@id\":\"https:\/\/www.alsestelekom.com\/#organization\",\"name\":\"Alses Telekom\",\"url\":\"https:\/\/www.alsestelekom.com\/\",\"logo\":{\"@type\":\"ImageObject\",\"inLanguage\":\"tr\",\"@id\":\"https:\/\/www.alsestelekom.com\/#\/schema\/logo\/image\/\",\"url\":\"http:\/\/localhost\/wp\/wp-content\/uploads\/2019\/07\/logos.png\",\"contentUrl\":\"http:\/\/localhost\/wp\/wp-content\/uploads\/2019\/07\/logos.png\",\"width\":475,\"height\":133,\"caption\":\"Alses Telekom\"},\"image\":{\"@id\":\"https:\/\/www.alsestelekom.com\/#\/schema\/logo\/image\/\"},\"sameAs\":[\"https:\/\/www.facebook.com\/alsestelekomhaberlesme\/\",\"https:\/\/www.instagram.com\/alsestelekom\/\"]}]}<\/script>\n<!-- \/ Yoast SEO plugin. -->","yoast_head_json":{"title":"DE260 DECT El \u00dcnitesi - ALSES TELEKOM","description":"ALSES TELEKOM DE260 DECT El \u00dcnitesi - Kullan\u0131c\u0131 dostu aray\u00fcz\u00fc, y\u00fcksek ses kalitesi ile y\u00fcksek performans arayan kullan\u0131c\u0131lar i\u00e7in geli\u015ftirilmi\u015ftir","robots":{"index":"index","follow":"follow","max-snippet":"max-snippet:-1","max-image-preview":"max-image-preview:large","max-video-preview":"max-video-preview:-1"},"canonical":"https:\/\/www.alsestelekom.com\/index.php\/urun\/de260-dect-el-unitesi\/","og_locale":"tr_TR","og_type":"article","og_title":"DE260 DECT El \u00dcnitesi - ALSES TELEKOM","og_description":"ALSES TELEKOM DE260 DECT El \u00dcnitesi - Kullan\u0131c\u0131 dostu aray\u00fcz\u00fc, y\u00fcksek ses kalitesi ile y\u00fcksek performans arayan kullan\u0131c\u0131lar i\u00e7in geli\u015ftirilmi\u015ftir","og_url":"https:\/\/www.alsestelekom.com\/index.php\/urun\/de260-dect-el-unitesi\/","og_site_name":"ALSES TELEKOM","article_publisher":"https:\/\/www.facebook.com\/alsestelekomhaberlesme\/","article_modified_time":"2023-09-12T16:02:12+00:00","og_image":[{"width":600,"height":400,"url":"https:\/\/www.alsestelekom.com\/wp-content\/uploads\/2023\/09\/de260.jpg","type":"image\/jpeg"}],"twitter_card":"summary_large_image","twitter_misc":{"Tahmini okuma s\u00fcresi":"2 dakika"},"schema":{"@context":"https:\/\/schema.org","@graph":[{"@type":"WebPage","@id":"https:\/\/www.alsestelekom.com\/index.php\/urun\/de260-dect-el-unitesi\/","url":"https:\/\/www.alsestelekom.com\/index.php\/urun\/de260-dect-el-unitesi\/","name":"DE260 DECT El \u00dcnitesi - ALSES TELEKOM","isPartOf":{"@id":"https:\/\/www.alsestelekom.com\/#website"},"primaryImageOfPage":{"@id":"https:\/\/www.alsestelekom.com\/index.php\/urun\/de260-dect-el-unitesi\/#primaryimage"},"image":{"@id":"https:\/\/www.alsestelekom.com\/index.php\/urun\/de260-dect-el-unitesi\/#primaryimage"},"thumbnailUrl":"https:\/\/www.alsestelekom.com\/wp-content\/uploads\/2023\/09\/de260.jpg","datePublished":"2023-09-12T16:02:11+00:00","dateModified":"2023-09-12T16:02:12+00:00","description":"ALSES TELEKOM DE260 DECT El \u00dcnitesi - Kullan\u0131c\u0131 dostu aray\u00fcz\u00fc, y\u00fcksek ses kalitesi ile y\u00fcksek performans arayan kullan\u0131c\u0131lar i\u00e7in geli\u015ftirilmi\u015ftir","breadcrumb":{"@id":"https:\/\/www.alsestelekom.com\/index.php\/urun\/de260-dect-el-unitesi\/#breadcrumb"},"inLanguage":"tr","potentialAction":[{"@type":"ReadAction","target":["https:\/\/www.alsestelekom.com\/index.php\/urun\/de260-dect-el-unitesi\/"]}]},{"@type":"ImageObject","inLanguage":"tr","@id":"https:\/\/www.alsestelekom.com\/index.php\/urun\/de260-dect-el-unitesi\/#primaryimage","url":"https:\/\/www.alsestelekom.com\/wp-content\/uploads\/2023\/09\/de260.jpg","contentUrl":"https:\/\/www.alsestelekom.com\/wp-content\/uploads\/2023\/09\/de260.jpg","width":600,"height":400},{"@type":"BreadcrumbList","@id":"https:\/\/www.alsestelekom.com\/index.php\/urun\/de260-dect-el-unitesi\/#breadcrumb","itemListElement":[{"@type":"ListItem","position":1,"name":"Ana sayfa","item":"https:\/\/www.alsestelekom.com\/"},{"@type":"ListItem","position":2,"name":"Ma\u011faza","item":"https:\/\/www.alsestelekom.com\/index.php\/magaza\/"},{"@type":"ListItem","position":3,"name":"DE260 DECT El \u00dcnitesi"}]},{"@type":"WebSite","@id":"https:\/\/www.alsestelekom.com\/#website","url":"https:\/\/www.alsestelekom.com\/","name":"ALSES TELEKOM","description":"Telesis Karel Kurumsal \u00c7\u00f6z\u00fcmler Destek Ortakl\u0131\u011f\u0131","publisher":{"@id":"https:\/\/www.alsestelekom.com\/#organization"},"potentialAction":[{"@type":"SearchAction","target":{"@type":"EntryPoint","urlTemplate":"https:\/\/www.alsestelekom.com\/?s={search_term_string}"},"query-input":{"@type":"PropertyValueSpecification","valueRequired":true,"valueName":"search_term_string"}}],"inLanguage":"tr"},{"@type":"Organization","@id":"https:\/\/www.alsestelekom.com\/#organization","name":"Alses Telekom","url":"https:\/\/www.alsestelekom.com\/","logo":{"@type":"ImageObject","inLanguage":"tr","@id":"https:\/\/www.alsestelekom.com\/#\/schema\/logo\/image\/","url":"http:\/\/localhost\/wp\/wp-content\/uploads\/2019\/07\/logos.png","contentUrl":"http:\/\/localhost\/wp\/wp-content\/uploads\/2019\/07\/logos.png","width":475,"height":133,"caption":"Alses Telekom"},"image":{"@id":"https:\/\/www.alsestelekom.com\/#\/schema\/logo\/image\/"},"sameAs":["https:\/\/www.facebook.com\/alsestelekomhaberlesme\/","https:\/\/www.instagram.com\/alsestelekom\/"]}]}},"_links":{"self":[{"href":"https:\/\/www.alsestelekom.com\/index.php\/wp-json\/wp\/v2\/product\/919","targetHints":{"allow":["GET"]}}],"collection":[{"href":"https:\/\/www.alsestelekom.com\/index.php\/wp-json\/wp\/v2\/product"}],"about":[{"href":"https:\/\/www.alsestelekom.com\/index.php\/wp-json\/wp\/v2\/types\/product"}],"replies":[{"embeddable":true,"href":"https:\/\/www.alsestelekom.com\/index.php\/wp-json\/wp\/v2\/comments?post=919"}],"wp:featuredmedia":[{"embeddable":true,"href":"https:\/\/www.alsestelekom.com\/index.php\/wp-json\/wp\/v2\/media\/906"}],"wp:attachment":[{"href":"https:\/\/www.alsestelekom.com\/index.php\/wp-json\/wp\/v2\/media?parent=919"}],"wp:term":[{"taxonomy":"product_brand","embeddable":true,"href":"https:\/\/www.alsestelekom.com\/index.php\/wp-json\/wp\/v2\/product_brand?post=919"},{"taxonomy":"product_cat","embeddable":true,"href":"https:\/\/www.alsestelekom.com\/index.php\/wp-json\/wp\/v2\/product_cat?post=919"},{"taxonomy":"product_tag","embeddable":true,"href":"https:\/\/www.alsestelekom.com\/index.php\/wp-json\/wp\/v2\/product_tag?post=919"}],"curies":[{"name":"wp","href":"https:\/\/api.w.org\/{rel}","templated":true}]}}